{"id":4941,"date":"2026-02-02T18:45:03","date_gmt":"2026-02-02T17:45:03","guid":{"rendered":"https:\/\/halnoel1234-kmnuz.wpcomstaging.com\/?page_id=4941"},"modified":"2026-02-26T17:49:17","modified_gmt":"2026-02-26T16:49:17","slug":"informationen-zur-datenverwaltung","status":"publish","type":"page","link":"https:\/\/kromiker.hu\/de\/adatkezelesi-tajekoztato\/","title":{"rendered":"Hinweis zum Datenschutz"},"content":{"rendered":"<style>.wp-block-kadence-advancedheading.kt-adv-heading4941_ceb285-e7, .wp-block-kadence-advancedheading.kt-adv-heading4941_ceb285-e7[data-kb-block=\"kb-adv-heading4941_ceb285-e7\"]{font-style:normal;}.wp-block-kadence-advancedheading.kt-adv-heading4941_ceb285-e7 mark.kt-highlight, .wp-block-kadence-advancedheading.kt-adv-heading4941_ceb285-e7[data-kb-block=\"kb-adv-heading4941_ceb285-e7\"] mark.kt-highlight{font-style:normal;color:#f76a0c;-webkit-box-decoration-break:clone;box-decoration-break:clone;padding-top:0px;padding-right:0px;padding-bottom:0px;padding-left:0px;}.wp-block-kadence-advancedheading.kt-adv-heading4941_ceb285-e7 img.kb-inline-image, .wp-block-kadence-advancedheading.kt-adv-heading4941_ceb285-e7[data-kb-block=\"kb-adv-heading4941_ceb285-e7\"] img.kb-inline-image{width:150px;vertical-align:baseline;}<\/style>\n<h4 class=\"kt-adv-heading4941_ceb285-e7 wp-block-kadence-advancedheading has-theme-palette-3-color has-text-color\" data-kb-block=\"kb-adv-heading4941_ceb285-e7\">A teljes adatkezel\u00e9si t\u00e1j\u00e9koztat\u00f3 \u00e9s az \u0171rlap az al\u00e1bbi ablakban olvashat\u00f3. A dokumentum kit\u00f6lt\u00e9s\u00e9hez k\u00e9rj\u00fck, t\u00f6ltse le a f\u00e1jlt a sz\u00e1m\u00edt\u00f3g\u00e9p\u00e9re a lenti <strong><em>Let\u00f6lt\u00e9s<\/em><\/strong> gomb seg\u00edts\u00e9g\u00e9vel, nyissa meg egy PDF olvas\u00f3ban (pl. Adobe Acrobat Reader), majd a kit\u00f6lt\u00e9s \u00e9s ment\u00e9s ut\u00e1n k\u00fcldje el r\u00e9sz\u00fcnkre a megadott el\u00e9rhet\u0151s\u00e9geken.<\/h4>\n\n\n\n<div data-wp-interactive=\"core\/file\" class=\"wp-block-file\"><object data-wp-bind--hidden=\"!state.hasPdfPreview\" hidden class=\"wp-block-file__embed\" data=\"https:\/\/kromiker.hu\/wp-content\/uploads\/2026\/02\/ADATKEZELESI-TAJEKOZTATO_KROMIKER-Kft_2026.pdf\" type=\"application\/pdf\" style=\"width:100%;height:600px\" aria-label=\"Einbettung von ADATKEZEL\u00c9SI T\u00c1J\u00c9KOZTAT\u00d3_KROMIKER Kft_2026.\"><\/object><a id=\"wp-block-file--media-0c247318-c0c9-4d4b-85cc-0e0a4a45f880\" href=\"https:\/\/kromiker.hu\/wp-content\/uploads\/2026\/02\/ADATKEZELESI-TAJEKOZTATO_KROMIKER-Kft_2026.pdf\">ADATKEZEL\u00c9SI T\u00c1J\u00c9KOZTAT\u00d3_KROMIKER Kft_2026<\/a><a href=\"https:\/\/kromiker.hu\/wp-content\/uploads\/2026\/02\/ADATKEZELESI-TAJEKOZTATO_KROMIKER-Kft_2026.pdf\" class=\"wp-block-file__button wp-element-button\" download aria-describedby=\"wp-block-file--media-0c247318-c0c9-4d4b-85cc-0e0a4a45f880\">Download<\/a><\/div>\n\n\n<style>.kb-row-layout-id4941_9b3663-33 > .kt-row-column-wrap{align-content:start;}:where(.kb-row-layout-id4941_9b3663-33 > .kt-row-column-wrap) > .wp-block-kadence-column{justify-content:start;}.kb-row-layout-id4941_9b3663-33 > .kt-row-column-wrap{column-gap:var(--global-kb-gap-md, 2rem);row-gap:var(--global-kb-gap-md, 2rem);padding-top:var(--global-kb-spacing-sm, 1.5rem);padding-bottom:var(--global-kb-spacing-sm, 1.5rem);grid-template-columns:repeat(2, minmax(0, 1fr));}.kb-row-layout-id4941_9b3663-33 > .kt-row-layout-overlay{opacity:0.30;}@media all and (max-width: 1024px){.kb-row-layout-id4941_9b3663-33 > .kt-row-column-wrap{grid-template-columns:repeat(2, minmax(0, 1fr));}}@media all and (max-width: 767px){.kb-row-layout-id4941_9b3663-33 > .kt-row-column-wrap{grid-template-columns:minmax(0, 1fr);}}<\/style><div class=\"kb-row-layout-wrap kb-row-layout-id4941_9b3663-33 alignnone wp-block-kadence-rowlayout\"><div class=\"kt-row-column-wrap kt-has-2-columns kt-row-layout-equal kt-tab-layout-inherit kt-mobile-layout-row kt-row-valign-top\">\n<style>.kadence-column4941_eeefcb-8a > .kt-inside-inner-col,.kadence-column4941_eeefcb-8a > .kt-inside-inner-col:before{border-top-left-radius:0px;border-top-right-radius:0px;border-bottom-right-radius:0px;border-bottom-left-radius:0px;}.kadence-column4941_eeefcb-8a > .kt-inside-inner-col{column-gap:var(--global-kb-gap-sm, 1rem);}.kadence-column4941_eeefcb-8a > .kt-inside-inner-col{flex-direction:column;}.kadence-column4941_eeefcb-8a > .kt-inside-inner-col > .aligncenter{width:100%;}.kadence-column4941_eeefcb-8a > .kt-inside-inner-col:before{opacity:0.3;}.kadence-column4941_eeefcb-8a{position:relative;}@media all and (max-width: 1024px){.kadence-column4941_eeefcb-8a > .kt-inside-inner-col{flex-direction:column;justify-content:center;}}@media all and (max-width: 767px){.kadence-column4941_eeefcb-8a > .kt-inside-inner-col{flex-direction:column;justify-content:center;}}<\/style>\n<div class=\"wp-block-kadence-column kadence-column4941_eeefcb-8a\"><div class=\"kt-inside-inner-col\">\n<h2 class=\"wp-block-heading alignfull has-text-align-center has-theme-palette-4-color has-text-color has-link-color wp-elements-79a7125f743b2b56a2d30ff8fe7c3574\">El\u00e9rhet\u0151s\u00e9gek<\/h2>\n\n\n<style>.wp-block-kadence-advancedheading.kt-adv-heading4941_ee8fdb-5e, .wp-block-kadence-advancedheading.kt-adv-heading4941_ee8fdb-5e[data-kb-block=\"kb-adv-heading4941_ee8fdb-5e\"]{font-style:normal;}.wp-block-kadence-advancedheading.kt-adv-heading4941_ee8fdb-5e[data-kb-block=\"kb-adv-heading4941_ee8fdb-5e\"]{display:flex;gap:0.25em;align-items:center;}.wp-block-kadence-advancedheading.kt-adv-heading4941_ee8fdb-5e[data-kb-block=\"kb-adv-heading4941_ee8fdb-5e\"] .kb-adv-heading-icon svg{width:1em;height:1em;}.wp-block-kadence-advancedheading.kt-adv-heading4941_ee8fdb-5e[data-kb-block=\"kb-adv-heading4941_ee8fdb-5e\"] .kb-adv-heading-icon{font-size:40px;}.wp-block-kadence-advancedheading.kt-adv-heading4941_ee8fdb-5e mark.kt-highlight, .wp-block-kadence-advancedheading.kt-adv-heading4941_ee8fdb-5e[data-kb-block=\"kb-adv-heading4941_ee8fdb-5e\"] mark.kt-highlight{font-style:normal;color:#f76a0c;-webkit-box-decoration-break:clone;box-decoration-break:clone;padding-top:0px;padding-right:0px;padding-bottom:0px;padding-left:0px;}.wp-block-kadence-advancedheading.kt-adv-heading4941_ee8fdb-5e img.kb-inline-image, .wp-block-kadence-advancedheading.kt-adv-heading4941_ee8fdb-5e[data-kb-block=\"kb-adv-heading4941_ee8fdb-5e\"] img.kb-inline-image{width:150px;vertical-align:baseline;}<\/style><h5 class=\"kt-adv-heading4941_ee8fdb-5e wp-block-kadence-advancedheading kt-adv-heading-has-icon has-theme-palette3-color has-text-color\" data-kb-block=\"kb-adv-heading4941_ee8fdb-5e\"><span class=\"kb-svg-icon-wrap kb-adv-heading-icon kb-svg-icon-fe_mapPin kb-adv-heading-icon-side-left\"><svg viewBox=\"0 0 24 24\"  fill=\"none\" stroke=\"currentColor\" stroke-width=\"2\" stroke-linecap=\"round\" stroke-linejoin=\"round\" xmlns=\"http:\/\/www.w3.org\/2000\/svg\"  aria-hidden=\"true\"><path d=\"M21 10c0 7-9 13-9 13s-9-6-9-13a9 9 0 0 1 18 0z\"\/><circle cx=\"12\" cy=\"10\" r=\"3\"\/><\/svg><\/span><span class=\"kb-adv-text-inner\"><a href=\"https:\/\/www.google.de\/maps\/place\/B%C3%A9k%C3%A9sszentandr%C3%A1s,+Hunyadi+u.+62,+5561\/@46.8775999,20.4723878,17z\/data=!3m1!4b1!4m6!3m5!1s0x4746aa1f3fd2ad75:0xb31de9c4478d7746!8m2!3d46.8775963!4d20.4749627!16s%2Fg%2F11rqtpgvz2?entry=ttu&amp;g_ep=EgoyMDI1MTAxOS4wIKXMDSoASAFQAw%3D%3D\" data-type=\"link\" data-id=\"https:\/\/www.google.de\/maps\/place\/B%C3%A9k%C3%A9sszentandr%C3%A1s,+Hunyadi+u.+62,+5561\/@46.8775999,20.4723878,17z\/data=!3m1!4b1!4m6!3m5!1s0x4746aa1f3fd2ad75:0xb31de9c4478d7746!8m2!3d46.8775963!4d20.4749627!16s%2Fg%2F11rqtpgvz2?entry=ttu&amp;g_ep=EgoyMDI1MTAxOS4wIKXMDSoASAFQAw%3D%3D\">5561 B\u00e9k\u00e9sszentandr\u00e1s, Hunyadi utca 62.<\/a><\/span><\/h5>\n\n<style>.wp-block-kadence-advancedheading.kt-adv-heading4941_e6f70e-67, .wp-block-kadence-advancedheading.kt-adv-heading4941_e6f70e-67[data-kb-block=\"kb-adv-heading4941_e6f70e-67\"]{font-style:normal;}.wp-block-kadence-advancedheading.kt-adv-heading4941_e6f70e-67[data-kb-block=\"kb-adv-heading4941_e6f70e-67\"]{display:flex;gap:0.25em;align-items:center;}.wp-block-kadence-advancedheading.kt-adv-heading4941_e6f70e-67[data-kb-block=\"kb-adv-heading4941_e6f70e-67\"] .kb-adv-heading-icon svg{width:1em;height:1em;}.wp-block-kadence-advancedheading.kt-adv-heading4941_e6f70e-67[data-kb-block=\"kb-adv-heading4941_e6f70e-67\"] .kb-adv-heading-icon{font-size:40px;}.wp-block-kadence-advancedheading.kt-adv-heading4941_e6f70e-67 mark.kt-highlight, .wp-block-kadence-advancedheading.kt-adv-heading4941_e6f70e-67[data-kb-block=\"kb-adv-heading4941_e6f70e-67\"] mark.kt-highlight{font-style:normal;color:#f76a0c;-webkit-box-decoration-break:clone;box-decoration-break:clone;padding-top:0px;padding-right:0px;padding-bottom:0px;padding-left:0px;}.wp-block-kadence-advancedheading.kt-adv-heading4941_e6f70e-67 img.kb-inline-image, .wp-block-kadence-advancedheading.kt-adv-heading4941_e6f70e-67[data-kb-block=\"kb-adv-heading4941_e6f70e-67\"] img.kb-inline-image{width:150px;vertical-align:baseline;}<\/style><h5 class=\"kt-adv-heading4941_e6f70e-67 wp-block-kadence-advancedheading kt-adv-heading-has-icon has-theme-palette3-color has-text-color\" data-kb-block=\"kb-adv-heading4941_e6f70e-67\"><span class=\"kb-svg-icon-wrap kb-adv-heading-icon kb-svg-icon-fe_mail kb-adv-heading-icon-side-left\"><svg viewBox=\"0 0 24 24\"  fill=\"none\" stroke=\"currentColor\" stroke-width=\"2\" stroke-linecap=\"round\" stroke-linejoin=\"round\" xmlns=\"http:\/\/www.w3.org\/2000\/svg\"  aria-hidden=\"true\"><path d=\"M4 4h16c1.1 0 2 .9 2 2v12c0 1.1-.9 2-2 2H4c-1.1 0-2-.9-2-2V6c0-1.1.9-2 2-2z\"\/><polyline points=\"22,6 12,13 2,6\"\/><\/svg><\/span><span class=\"kb-adv-text-inner\"><a href=\"mailto:info@kromiker.hu\">info@kromiker.hu<\/a><\/span><\/h5>\n\n<style>.wp-block-kadence-advancedheading.kt-adv-heading4941_21bea7-68, .wp-block-kadence-advancedheading.kt-adv-heading4941_21bea7-68[data-kb-block=\"kb-adv-heading4941_21bea7-68\"]{font-style:normal;}.wp-block-kadence-advancedheading.kt-adv-heading4941_21bea7-68[data-kb-block=\"kb-adv-heading4941_21bea7-68\"]{display:flex;gap:0.25em;align-items:center;}.wp-block-kadence-advancedheading.kt-adv-heading4941_21bea7-68[data-kb-block=\"kb-adv-heading4941_21bea7-68\"] .kb-adv-heading-icon svg{width:1em;height:1em;}.wp-block-kadence-advancedheading.kt-adv-heading4941_21bea7-68[data-kb-block=\"kb-adv-heading4941_21bea7-68\"] .kb-adv-heading-icon{font-size:40px;}.wp-block-kadence-advancedheading.kt-adv-heading4941_21bea7-68 mark.kt-highlight, .wp-block-kadence-advancedheading.kt-adv-heading4941_21bea7-68[data-kb-block=\"kb-adv-heading4941_21bea7-68\"] mark.kt-highlight{font-style:normal;color:#f76a0c;-webkit-box-decoration-break:clone;box-decoration-break:clone;padding-top:0px;padding-right:0px;padding-bottom:0px;padding-left:0px;}.wp-block-kadence-advancedheading.kt-adv-heading4941_21bea7-68 img.kb-inline-image, .wp-block-kadence-advancedheading.kt-adv-heading4941_21bea7-68[data-kb-block=\"kb-adv-heading4941_21bea7-68\"] img.kb-inline-image{width:150px;vertical-align:baseline;}<\/style><h5 class=\"kt-adv-heading4941_21bea7-68 wp-block-kadence-advancedheading kt-adv-heading-has-icon has-theme-palette3-color has-text-color\" data-kb-block=\"kb-adv-heading4941_21bea7-68\"><span class=\"kb-svg-icon-wrap kb-adv-heading-icon kb-svg-icon-fe_phone kb-adv-heading-icon-side-left\"><svg viewBox=\"0 0 24 24\"  fill=\"none\" stroke=\"currentColor\" stroke-width=\"2\" stroke-linecap=\"round\" stroke-linejoin=\"round\" xmlns=\"http:\/\/www.w3.org\/2000\/svg\"  aria-hidden=\"true\"><path d=\"M22 16.92v3a2 2 0 0 1-2.18 2 19.79 19.79 0 0 1-8.63-3.07 19.5 19.5 0 0 1-6-6 19.79 19.79 0 0 1-3.07-8.67A2 2 0 0 1 4.11 2h3a2 2 0 0 1 2 1.72 12.84 12.84 0 0 0 .7 2.81 2 2 0 0 1-.45 2.11L8.09 9.91a16 16 0 0 0 6 6l1.27-1.27a2 2 0 0 1 2.11-.45 12.84 12.84 0 0 0 2.81.7A2 2 0 0 1 22 16.92z\"\/><\/svg><\/span><span class=\"kb-adv-text-inner\"><a href=\"tel:36203524288\" data-type=\"tel\" data-id=\"tel:36203524288\">Kereskedelmi \u00e9s m\u0171szaki \u00fcgyint\u00e9z\u0151: +36203524288<\/a><\/span><\/h5>\n\n<style>.wp-block-kadence-advancedheading.kt-adv-heading4941_228d98-7b, .wp-block-kadence-advancedheading.kt-adv-heading4941_228d98-7b[data-kb-block=\"kb-adv-heading4941_228d98-7b\"]{font-style:normal;}.wp-block-kadence-advancedheading.kt-adv-heading4941_228d98-7b[data-kb-block=\"kb-adv-heading4941_228d98-7b\"]{display:flex;gap:0.25em;align-items:center;}.wp-block-kadence-advancedheading.kt-adv-heading4941_228d98-7b[data-kb-block=\"kb-adv-heading4941_228d98-7b\"] .kb-adv-heading-icon svg{width:1em;height:1em;}.wp-block-kadence-advancedheading.kt-adv-heading4941_228d98-7b[data-kb-block=\"kb-adv-heading4941_228d98-7b\"] .kb-adv-heading-icon{font-size:40px;}.wp-block-kadence-advancedheading.kt-adv-heading4941_228d98-7b mark.kt-highlight, .wp-block-kadence-advancedheading.kt-adv-heading4941_228d98-7b[data-kb-block=\"kb-adv-heading4941_228d98-7b\"] mark.kt-highlight{font-style:normal;color:#f76a0c;-webkit-box-decoration-break:clone;box-decoration-break:clone;padding-top:0px;padding-right:0px;padding-bottom:0px;padding-left:0px;}.wp-block-kadence-advancedheading.kt-adv-heading4941_228d98-7b img.kb-inline-image, .wp-block-kadence-advancedheading.kt-adv-heading4941_228d98-7b[data-kb-block=\"kb-adv-heading4941_228d98-7b\"] img.kb-inline-image{width:150px;vertical-align:baseline;}<\/style><h5 class=\"kt-adv-heading4941_228d98-7b wp-block-kadence-advancedheading kt-adv-heading-has-icon has-theme-palette3-color has-text-color\" data-kb-block=\"kb-adv-heading4941_228d98-7b\"><span class=\"kb-svg-icon-wrap kb-adv-heading-icon kb-svg-icon-fe_phone kb-adv-heading-icon-side-left\"><svg viewBox=\"0 0 24 24\"  fill=\"none\" stroke=\"currentColor\" stroke-width=\"2\" stroke-linecap=\"round\" stroke-linejoin=\"round\" xmlns=\"http:\/\/www.w3.org\/2000\/svg\"  aria-hidden=\"true\"><path d=\"M22 16.92v3a2 2 0 0 1-2.18 2 19.79 19.79 0 0 1-8.63-3.07 19.5 19.5 0 0 1-6-6 19.79 19.79 0 0 1-3.07-8.67A2 2 0 0 1 4.11 2h3a2 2 0 0 1 2 1.72 12.84 12.84 0 0 0 .7 2.81 2 2 0 0 1-.45 2.11L8.09 9.91a16 16 0 0 0 6 6l1.27-1.27a2 2 0 0 1 2.11-.45 12.84 12.84 0 0 0 2.81.7A2 2 0 0 1 22 16.92z\"\/><\/svg><\/span><span class=\"kb-adv-text-inner\"><a href=\"tel:36204293221\" data-type=\"tel\" data-id=\"tel:36204293221\">\u00dcgyvezet\u0151: +36204293221<\/a><\/span><\/h5><\/div><\/div>\n\n\n<style>.kadence-column4941_dab45d-0c > .kt-inside-inner-col,.kadence-column4941_dab45d-0c > .kt-inside-inner-col:before{border-top-left-radius:0px;border-top-right-radius:0px;border-bottom-right-radius:0px;border-bottom-left-radius:0px;}.kadence-column4941_dab45d-0c > .kt-inside-inner-col{column-gap:var(--global-kb-gap-sm, 1rem);}.kadence-column4941_dab45d-0c > .kt-inside-inner-col{flex-direction:column;}.kadence-column4941_dab45d-0c > .kt-inside-inner-col > .aligncenter{width:100%;}.kadence-column4941_dab45d-0c > .kt-inside-inner-col:before{opacity:0.3;}.kadence-column4941_dab45d-0c{position:relative;}@media all and (max-width: 1024px){.kadence-column4941_dab45d-0c > .kt-inside-inner-col{flex-direction:column;justify-content:center;}}@media all and (max-width: 767px){.kadence-column4941_dab45d-0c > .kt-inside-inner-col{flex-direction:column;justify-content:center;}}<\/style>\n<div class=\"wp-block-kadence-column kadence-column4941_dab45d-0c\"><div class=\"kt-inside-inner-col\"><style>.kb-google-maps-container4941_3fa0b2-35{height:450px;}<\/style><div class=\"kb-google-maps-container kb-google-maps-container4941_3fa0b2-35  wp-block-kadence-googlemaps\" data-mapid=\"4941_3fa0b235\"><iframe width=\"100%\" height=\"100%\"\n\t\t\t\t\t\t\tstyle=\"border:0\" loading=\"lazy\"\n\t\t\t\t\t\t\tsrc=\"https:\/\/www.google.com\/maps\/embed\/v1\/place?key=AIzaSyBAM2o7PiQqwk15LC1XRH2e_KJ-jUa7KYk&#038;zoom=17&#038;maptype=roadmap&#038;q=5561+B%C3%A9k%C3%A9sszentandr%C3%A1s%2C+Hunyadi+utca+62.\"\n\t\t\t\t\t\t\ttitle=\"Google-Karte f\u00fcr 5561 B\u00e9k\u00e9sszentandr\u00e1s, Hunyadi utca 62.\"><\/iframe><\/div><script>function kb_google_map4941_3fa0b235() { let center = { lat: 37.8201, lng: -122.4781}; let map = new google.maps.Map(document.getElementById(\"kb-google-map4941_3fa0b235\"), {\n\t\t\t\t\t    zoom: 17,\n\t\t\t\t\t    center: center,});let marker = new google.maps.Marker({   position: { lat: 37.8201, lng: -122.4781},    map: map,  });}<\/script><\/div><\/div>\n\n<\/div><\/div>","protected":false},"excerpt":{"rendered":"<p>A teljes adatkezel\u00e9si t\u00e1j\u00e9koztat\u00f3 \u00e9s az \u0171rlap az al\u00e1bbi ablakban olvashat\u00f3. A dokumentum kit\u00f6lt\u00e9s\u00e9hez k\u00e9rj\u00fck, t\u00f6ltse le a f\u00e1jlt a sz\u00e1m\u00edt\u00f3g\u00e9p\u00e9re a lenti Let\u00f6lt\u00e9s gomb seg\u00edts\u00e9g\u00e9vel, nyissa meg egy PDF olvas\u00f3ban (pl. Adobe Acrobat Reader), majd a kit\u00f6lt\u00e9s \u00e9s ment\u00e9s ut\u00e1n k\u00fcldje el r\u00e9sz\u00fcnkre a megadott el\u00e9rhet\u0151s\u00e9geken. El\u00e9rhet\u0151s\u00e9gek 5561 B\u00e9k\u00e9sszentandr\u00e1s, Hunyadi utca 62. info@kromiker.hu Kereskedelmi&#8230;<\/p>","protected":false},"author":237508082,"featured_media":0,"parent":0,"menu_order":0,"comment_status":"closed","ping_status":"closed","template":"","meta":{"_acf_changed":false,"_kad_post_transparent":"","_kad_post_title":"","_kad_post_layout":"","_kad_post_sidebar_id":"","_kad_post_content_style":"","_kad_post_vertical_padding":"","_kad_post_feature":"","_kad_post_feature_position":"","_kad_post_header":false,"_kad_post_footer":false,"_kad_post_classname":"","footnotes":""},"class_list":["post-4941","page","type-page","status-publish","hentry"],"acf":[],"_links":{"self":[{"href":"https:\/\/kromiker.hu\/de\/wp-json\/wp\/v2\/pages\/4941","targetHints":{"allow":["GET"]}}],"collection":[{"href":"https:\/\/kromiker.hu\/de\/wp-json\/wp\/v2\/pages"}],"about":[{"href":"https:\/\/kromiker.hu\/de\/wp-json\/wp\/v2\/types\/page"}],"author":[{"embeddable":true,"href":"https:\/\/kromiker.hu\/de\/wp-json\/wp\/v2\/users\/237508082"}],"replies":[{"embeddable":true,"href":"https:\/\/kromiker.hu\/de\/wp-json\/wp\/v2\/comments?post=4941"}],"version-history":[{"count":0,"href":"https:\/\/kromiker.hu\/de\/wp-json\/wp\/v2\/pages\/4941\/revisions"}],"wp:attachment":[{"href":"https:\/\/kromiker.hu\/de\/wp-json\/wp\/v2\/media?parent=4941"}],"curies":[{"name":"wp","href":"https:\/\/api.w.org\/{rel}","templated":true}]}}