{"id":5010,"date":"2026-02-16T20:36:14","date_gmt":"2026-02-16T19:36:14","guid":{"rendered":"https:\/\/halnoel1234-kmnuz.wpcomstaging.com\/?page_id=5010"},"modified":"2026-02-17T18:45:48","modified_gmt":"2026-02-17T17:45:48","slug":"suti-tajekoztato","status":"publish","type":"page","link":"https:\/\/kromiker.hu\/de\/suti-tajekoztato\/","title":{"rendered":"Cookie-Informationen"},"content":{"rendered":"<style>.kb-row-layout-id5010_c92186-16 > .kt-row-column-wrap{align-content:start;}:where(.kb-row-layout-id5010_c92186-16 > .kt-row-column-wrap) > .wp-block-kadence-column{justify-content:start;}.kb-row-layout-id5010_c92186-16 > .kt-row-column-wrap{column-gap:var(--global-kb-gap-md, 2rem);row-gap:var(--global-kb-gap-md, 2rem);padding-top:var(--global-kb-spacing-sm, 1.5rem);padding-bottom:var(--global-kb-spacing-sm, 1.5rem);grid-template-columns:minmax(0, 1fr);}.kb-row-layout-id5010_c92186-16 > .kt-row-layout-overlay{opacity:0.30;}@media all and (max-width: 1024px){.kb-row-layout-id5010_c92186-16 > .kt-row-column-wrap{grid-template-columns:minmax(0, 1fr);}}@media all and (max-width: 767px){.kb-row-layout-id5010_c92186-16 > .kt-row-column-wrap{grid-template-columns:minmax(0, 1fr);}}<\/style><div class=\"kb-row-layout-wrap kb-row-layout-id5010_c92186-16 alignnone wp-block-kadence-rowlayout\"><div class=\"kt-row-column-wrap kt-has-1-columns kt-row-layout-equal kt-tab-layout-inherit kt-mobile-layout-row kt-row-valign-top\">\n<style>.kadence-column5010_21578b-14 > .kt-inside-inner-col,.kadence-column5010_21578b-14 > .kt-inside-inner-col:before{border-top-left-radius:0px;border-top-right-radius:0px;border-bottom-right-radius:0px;border-bottom-left-radius:0px;}.kadence-column5010_21578b-14 > .kt-inside-inner-col{column-gap:var(--global-kb-gap-sm, 1rem);}.kadence-column5010_21578b-14 > .kt-inside-inner-col{flex-direction:column;}.kadence-column5010_21578b-14 > .kt-inside-inner-col > .aligncenter{width:100%;}.kadence-column5010_21578b-14 > .kt-inside-inner-col:before{opacity:0.3;}.kadence-column5010_21578b-14{position:relative;}@media all and (max-width: 1024px){.kadence-column5010_21578b-14 > .kt-inside-inner-col{flex-direction:column;justify-content:center;}}@media all and (max-width: 767px){.kadence-column5010_21578b-14 > .kt-inside-inner-col{flex-direction:column;justify-content:center;}}<\/style>\n<div class=\"wp-block-kadence-column kadence-column5010_21578b-14\"><div class=\"kt-inside-inner-col\">\n<p>A <a href=\"https:\/\/kromiker.hu\/de\/\">https:\/\/www.kromiker.hu\/<\/a> Um die auf der Website verf\u00fcgbaren Inhalte individuell zu gestalten und die Nutzung der Website zu erleichtern, verwenden wir Cookies (<em>im Folgenden als \"Cookie\" bezeichnet<\/em>) gilt.<br><br>Dieses Merkblatt dient der Erl\u00e4uterung:<br>\u2013 <em>was sind die Cookies;<\/em><br>\u2013 <em>was ist der Zweck der Verwendung von Cookies in <a href=\"https:\/\/kromiker.hu\/de\/\">https:\/\/www.kromiker.hu\/<\/a> Website;<\/em><br>\u2013 <em>was Sie tun k\u00f6nnen, um Cookies zu kontrollieren oder zu l\u00f6schen - wenn Sie das m\u00f6chten.<\/em><\/p>\n\n\n\n<p><strong>1. das Konzept der Cookies - oder \u201ewas sind Cookies?\u201d<\/strong><br>Ein Cookie, eine kleine Datendatei, die von der von Ihnen besuchten Website generiert wird - <em><a href=\"https:\/\/kromiker.hu\/de\/\">https:\/\/www.kromiker.hu\/<\/a><\/em> - die von Ihrem Server erzeugt und auf Ihren Computer oder Ihr mobiles Ger\u00e4t heruntergeladen wird. Da die Datendatei gespeichert wird, pr\u00fcft das Ger\u00e4t, wenn Sie mit demselben Ger\u00e4t auf die Website zur\u00fcckkehren, ob ein Cookie vorhanden ist, das von der Website erkannt wird.<br><br>Wenn Sie ein solches Ger\u00e4t besitzen, erkennt die Website anhand der gespeicherten Informationen, dass Sie die Website von diesem Ger\u00e4t aus besucht haben, und kann in einigen F\u00e4llen die angezeigten Inhalte auf der Grundlage von Informationen aus fr\u00fcheren Aktivit\u00e4ten \u00e4ndern.<br><br>Weitere Informationen \u00fcber Cookies finden Sie auf den folgenden Websites:<br><a href=\"https:\/\/allaboutcookies.org\/\">https:\/\/allaboutcookies.org\/<\/a><\/p>\n\n\n\n<p><strong>2. der Zweck des Cookies - oder \u201e<em>was ist der Zweck der Verwendung von Cookies in <a href=\"https:\/\/kromiker.hu\/de\/\">https:\/\/www.kromiker.hu\/<\/a> unter<\/em>\u201d<\/strong><br>Der Zweck der Verwendung von Cookies ist es:<br>- die Website sollte f\u00fcr den Besucher bequem zu bedienen sein,<br>- den Betreiber der Website, um den Inhalt der Website und die damit verbundenen Dienste auf der Grundlage der von den Cookies erhaltenen statistischen Informationen anzupassen,<br>- dem Besucher wird Werbung angezeigt, die seinen Interessen entspricht.<br><br><strong>3. ein Keks - oder \u201e<em>Entscheidung \u00fcber Cookie-Einstellungen<\/em>\u201d<\/strong><br>3.a) <em>Cookie-Verwaltung im Browser<\/em><br>Der Besucher der Website (die betroffene Person) hat die M\u00f6glichkeit, die Cookie-Einstellungen in jedem Browser individuell anzupassen.<br><br>Die betroffene Person kann ihre Pr\u00e4ferenzen f\u00fcr die Cookie-Einstellungen w\u00e4hlen, bevor sie die Website besucht, und kann Cookies nach Beendigung des Besuchs entfernen.<br><br>Bitte beachten Sie bei der Handhabung von Cookies, dass das Ablehnen oder L\u00f6schen bestimmter Cookies Ihr Surferlebnis beeintr\u00e4chtigen kann.<br><br>Ausf\u00fchrliche Informationen zu den Cookie-Einstellungen der einzelnen Browser finden Sie unter den folgenden Links:<\/p>\n\n\n<style>.kb-table-container5010_18a22b-8d{overflow-x:auto;}.kb-table-container .kb-table5010_18a22b-8d th{padding-top:var(--global-kb-spacing-xxs, 0.5rem);padding-right:var(--global-kb-spacing-xxs, 0.5rem);padding-bottom:var(--global-kb-spacing-xxs, 0.5rem);padding-left:var(--global-kb-spacing-xxs, 0.5rem);text-align:center;}.kb-table-container .kb-table5010_18a22b-8d caption{text-align:center;}.kb-table-container .kb-table5010_18a22b-8d td{padding-top:var(--global-kb-spacing-xxs, 0.5rem);padding-right:var(--global-kb-spacing-xxs, 0.5rem);padding-bottom:var(--global-kb-spacing-xxs, 0.5rem);padding-left:var(--global-kb-spacing-xxs, 0.5rem);text-align:center;}.kb-table-container .kb-table5010_18a22b-8d td, .kb-table5010_18a22b-8d th{border-top:2px solid var(--global-palette3, #1A202C);border-right:2px solid var(--global-palette3, #1A202C);border-bottom:2px solid var(--global-palette3, #1A202C);border-left:2px solid var(--global-palette3, #1A202C);}@media all and (max-width: 1024px){.kb-table-container .kb-table5010_18a22b-8d td, .kb-table5010_18a22b-8d th{border-top:2px solid var(--global-palette3, #1A202C);border-right:2px solid var(--global-palette3, #1A202C);border-bottom:2px solid var(--global-palette3, #1A202C);border-left:2px solid var(--global-palette3, #1A202C);}}@media all and (max-width: 767px){.kb-table-container .kb-table5010_18a22b-8d td, .kb-table5010_18a22b-8d th{border-top:2px solid var(--global-palette3, #1A202C);border-right:2px solid var(--global-palette3, #1A202C);border-bottom:2px solid var(--global-palette3, #1A202C);border-left:2px solid var(--global-palette3, #1A202C);}}<\/style><div class=\"kb-table-container kb-table-container5010_18a22b-8d wp-block-kadence-table\"><table class=\"kb-table kb-table5010_18a22b-8d\">\n<tr class=\"kb-table-row kb-table-row5010_29848f-13\">\n<td class=\"kb-table-data kb-table-data5010_9989e5-1c\">\n\n<p>ANDROID<\/p>\n\n<\/td>\n\n<td class=\"kb-table-data kb-table-data5010_78a0c8-49\">\n\n<p class=\"has-text-align-center\">Chrom<\/p>\n\n\n\n<p class=\"has-text-align-center\">Firefox<\/p>\n\n<\/td>\n\n<td class=\"kb-table-data kb-table-data5010_b04e92-bb\">\n\n<p><a href=\"https:\/\/support.google.com\/chrome\/answer\/95647?co=GENIE.Platform%3DAndroid&amp;hl=hu&amp;oco=0\">https:\/\/support.google.com\/chrome\/answer\/95647?co=GENIE.Platform%3DAndroid&amp;hl=hu&amp;oco=0<\/a><\/p>\n\n\n\n<p><a href=\"https:\/\/support.mozilla.org\/hu\/topics\/privacy-and-security\/mobile\">https:\/\/support.mozilla.org\/hu\/topics\/privacy-and-security\/mobile<\/a><\/p>\n\n<\/td>\n<\/tr>\n\n<tr class=\"kb-table-row kb-table-row5010_ea90f0-bd\">\n<td class=\"kb-table-data kb-table-data5010_9fe023-8a\">\n\n<p>IOS<\/p>\n\n<\/td>\n\n<td class=\"kb-table-data kb-table-data5010_f06014-0a\">\n\n<p>Chrom<\/p>\n\n\n\n<p>Firefox<\/p>\n\n\n\n<p>Safari<\/p>\n\n<\/td>\n\n<td class=\"kb-table-data kb-table-data5010_1aeb29-d3\">\n\n<p><a href=\"https:\/\/support.google.com\/chrome\/answer\/95647?co=GENIE.Platform%3DiOS&amp;hl=hu&amp;oco=0\">https:\/\/support.google.com\/chrome\/answer\/95647?co=GENIE.Platform%3DiOS&amp;hl=hu&amp;oco=0<\/a><\/p>\n\n\n\n<p><a href=\"https:\/\/support.mozilla.org\/hu\/topics\/privacy-and-security\/ios\">https:\/\/support.mozilla.org\/hu\/topics\/privacy-and-security\/ios<\/a><\/p>\n\n\n\n<p><a href=\"https:\/\/support.apple.com\/hu-hu\/HT201265\">https:\/\/support.apple.com\/hu-hu\/HT201265<\/a><\/p>\n\n<\/td>\n<\/tr>\n\n<tr class=\"kb-table-row kb-table-row5010_c80a5c-a1\">\n<td class=\"kb-table-data kb-table-data5010_549335-63\">\n\n<p>LINUX<\/p>\n\n<\/td>\n\n<td class=\"kb-table-data kb-table-data5010_6182ad-4e\">\n\n<p>Chrom<\/p>\n\n\n\n<p>Firefox<\/p>\n\n<\/td>\n\n<td class=\"kb-table-data kb-table-data5010_e83ede-85\">\n\n<p><a href=\"https:\/\/support.google.com\/chrome\/answer\/95647?co=GENIE.Platform%3DDesktop&amp;hl=hu\">https:\/\/support.google.com\/chrome\/answer\/95647?co=GENIE.Platform%3DDesktop&amp;hl=hu<\/a><\/p>\n\n\n\n<p><a href=\"https:\/\/support.mozilla.org\/hu\/topics\/privacy-and-security\/firefox\">https:\/\/support.mozilla.org\/hu\/topics\/privacy-and-security\/firefox<\/a><\/p>\n\n<\/td>\n<\/tr>\n\n<tr class=\"kb-table-row kb-table-row5010_07dd01-bc\">\n<td class=\"kb-table-data kb-table-data5010_36fc06-de\">\n\n<p>MAC OS X<\/p>\n\n<\/td>\n\n<td class=\"kb-table-data kb-table-data5010_e58a2b-70\">\n\n<p>Chrom<\/p>\n\n\n\n<p>Firefox<\/p>\n\n\n\n<p>Safari<\/p>\n\n<\/td>\n\n<td class=\"kb-table-data kb-table-data5010_258be8-99\">\n\n<p><a href=\"https:\/\/support.google.com\/chrome\/answer\/95647?co=GENIE.Platform%3DDesktop&amp;hl=hu\">https:\/\/support.google.com\/chrome\/answer\/95647?co=GENIE.Platform%3DDesktop&amp;hl=hu<\/a><\/p>\n\n\n\n<p><a href=\"https:\/\/support.mozilla.org\/hu\/topics\/privacy-and-security\/firefox\">https:\/\/support.mozilla.org\/hu\/topics\/privacy-and-security\/firefox<\/a><\/p>\n\n\n\n<p><a href=\"https:\/\/support.apple.com\/hu-hu\/guide\/safari\/sfri11471\/mac\">https:\/\/support.apple.com\/hu-hu\/guide\/safari\/sfri11471\/mac<\/a><\/p>\n\n<\/td>\n<\/tr>\n\n<tr class=\"kb-table-row kb-table-row5010_2e5902-cc\">\n<td class=\"kb-table-data kb-table-data5010_296f44-a3\">\n\n<p>WINDOWS<\/p>\n\n<\/td>\n\n<td class=\"kb-table-data kb-table-data5010_92eb73-eb\">\n\n<p>Chrom<\/p>\n\n\n\n<p>Entdecker<\/p>\n\n\n\n<p>Firefox<\/p>\n\n<\/td>\n\n<td class=\"kb-table-data kb-table-data5010_309219-cd\">\n\n<p><a href=\"https:\/\/support.google.com\/chrome\/answer\/95647?co=GENIE.Platform%3DDesktop&amp;hl=hu\">https:\/\/support.google.com\/chrome\/answer\/95647?co=GENIE.Platform%3DDesktop&amp;hl=hu<\/a><\/p>\n\n\n\n<p><a href=\"https:\/\/support.microsoft.com\/hu-hu\/help\/17442\/windows-internet-explorer-delete-manage-cookies\">https:\/\/support.microsoft.com\/hu-hu\/help\/17442\/windows-internet-explorer-delete-manage-cookies<\/a><\/p>\n\n\n\n<p><a href=\"https:\/\/support.mozilla.org\/hu\/topics\/privacy-and-security\/firefox\">https:\/\/support.mozilla.org\/hu\/topics\/privacy-and-security\/firefox<\/a><\/p>\n\n<\/td>\n<\/tr>\n<\/table><\/div>\n\n\n<p><strong>3.b) Verwaltung von Cookies auf der Website<\/strong><br>A <em><a href=\"https:\/\/kromiker.hu\/de\/\">https:\/\/www.kromiker.hu\/<\/a><\/em> Website verwendet die folgenden Arten von Cookies:<\/p>\n\n\n\n<ul class=\"wp-block-list\">\n<li><strong><em>Wesentliche Cookies:<\/em><\/strong><br>Die Verwendung von \u201eEssential\u201d-Cookies ist f\u00fcr das Funktionieren der Website und das Surfen des Besuchers unerl\u00e4sslich.<br>Wenn eine Verarbeitung stattfindet, liegt die Verwendung dieser Kategorie von Cookies daher im berechtigten Interesse des f\u00fcr die Verarbeitung Verantwortlichen und erfordert nicht die Einwilligung der betroffenen Person.<br><\/li>\n\n\n\n<li><strong><em>Funktionale Cookies:<\/em><\/strong><br>\u201eFunktionale\u201d Cookies sammeln Informationen \u00fcber die Pr\u00e4ferenzen des Besuchers, die dazu beitragen, die Website besser auf die Bed\u00fcrfnisse des Besuchers abzustimmen.<\/li>\n<\/ul>\n\n\n\n<p><strong>4. informationen \u00fcber verwendete Cookies<\/strong><br>A <em><a href=\"https:\/\/kromiker.hu\/de\/\">https:\/\/www.kromiker.hu\/<\/a><\/em> Website verwendet die folgenden Cookies:<\/p>\n\n\n<style>.kb-table-container5010_dbd385-7a{overflow-x:auto;}.kb-table-container .kb-table5010_dbd385-7a th{padding-top:var(--global-kb-spacing-xxs, 0.5rem);padding-right:var(--global-kb-spacing-xxs, 0.5rem);padding-bottom:var(--global-kb-spacing-xxs, 0.5rem);padding-left:var(--global-kb-spacing-xxs, 0.5rem);text-align:center;}.kb-table-container .kb-table5010_dbd385-7a caption{text-align:center;}.kb-table-container .kb-table5010_dbd385-7a td{padding-top:var(--global-kb-spacing-xxs, 0.5rem);padding-right:var(--global-kb-spacing-xxs, 0.5rem);padding-bottom:var(--global-kb-spacing-xxs, 0.5rem);padding-left:var(--global-kb-spacing-xxs, 0.5rem);text-align:center;}.kb-table-container .kb-table5010_dbd385-7a td, .kb-table5010_dbd385-7a th{border-top:2px solid var(--global-palette3, #1A202C);border-right:2px solid var(--global-palette3, #1A202C);border-bottom:2px solid var(--global-palette3, #1A202C);border-left:2px solid var(--global-palette3, #1A202C);}@media all and (max-width: 1024px){.kb-table-container .kb-table5010_dbd385-7a td, .kb-table5010_dbd385-7a th{border-top:2px solid var(--global-palette3, #1A202C);border-right:2px solid var(--global-palette3, #1A202C);border-bottom:2px solid var(--global-palette3, #1A202C);border-left:2px solid var(--global-palette3, #1A202C);}}@media all and (max-width: 767px){.kb-table-container .kb-table5010_dbd385-7a td, .kb-table5010_dbd385-7a th{border-top:2px solid var(--global-palette3, #1A202C);border-right:2px solid var(--global-palette3, #1A202C);border-bottom:2px solid var(--global-palette3, #1A202C);border-left:2px solid var(--global-palette3, #1A202C);}}<\/style><div class=\"kb-table-container kb-table-container5010_dbd385-7a wp-block-kadence-table\"><table class=\"kb-table kb-table5010_dbd385-7a\">\n<style>.kb-table-container .kb-table tr.kb-table-row5010_ef1a79-82{background-color:rgba(191,154,107,0.69);}<\/style><tr class=\"kb-table-row kb-table-row5010_ef1a79-82\">\n<th class=\"kb-table-data kb-table-data5010_ed3485-90\">\n\n<p>Seriennummer<\/p>\n\n<\/th>\n\n<th class=\"kb-table-data kb-table-data5010_a2f030-5b\">\n\n<p>Betroffener Bereich<\/p>\n\n<\/th>\n\n<th class=\"kb-table-data kb-table-data5010_8a7850-bc\">\n\n<p>Verwaltete Daten<\/p>\n\n<\/th>\n\n<th class=\"kb-table-data kb-table-data5010_7e2f20-e0\">\n\n<p>Keks (Keks)<br>Art der Website<\/p>\n\n<\/th>\n\n<th class=\"kb-table-data kb-table-data5010_8357d4-29\">\n\n<p>Rechtsgrundlage f\u00fcr die Verarbeitung<\/p>\n\n<\/th>\n\n<th class=\"kb-table-data kb-table-data5010_3c7cd0-b3\">\n\n<p>Zweck der Datenverarbeitung<\/p>\n\n<\/th>\n\n<th class=\"kb-table-data kb-table-data5010_52db57-63\">\n\n<p>Dauer der Datenverarbeitung<\/p>\n\n<\/th>\n<\/tr>\n\n<tr class=\"kb-table-row kb-table-row5010_b41b2a-9a\">\n<td class=\"kb-table-data kb-table-data5010_b9091a-fe\">\n\n<p>1.<\/p>\n\n<\/td>\n\n<td class=\"kb-table-data kb-table-data5010_712007-d2\">\n\n<p>kromiker.hu<\/p>\n\n<\/td>\n\n<td class=\"kb-table-data kb-table-data5010_65ce0a-6c\">\n\n<p>wordpress_test_cookie<\/p>\n\n<\/td>\n\n<td class=\"kb-table-data kb-table-data5010_4ffcd5-b3\">\n\n<p>Unverzichtbar<\/p>\n\n<\/td>\n\n<td class=\"kb-table-data kb-table-data5010_ebf38f-f6\">\n\n<p>Legitimes Interesse des f\u00fcr die Verarbeitung Verantwortlichen<br>\/Artikel 6 (1) f)\/<\/p>\n\n<\/td>\n\n<td class=\"kb-table-data kb-table-data5010_0bf044-a2\">\n\n<p>Sie pr\u00fcft, ob der Browser die Verwendung von Cookies zul\u00e4sst. Ohne sie wird die Website nicht richtig funktionieren.<\/p>\n\n<\/td>\n\n<td class=\"kb-table-data kb-table-data5010_e89273-2c\">\n\n<p>Bis zum Ende der Sitzung<\/p>\n\n<\/td>\n<\/tr>\n\n<tr class=\"kb-table-row kb-table-row5010_d4636b-b9\">\n<td class=\"kb-table-data kb-table-data5010_a71935-bc\">\n\n<p>2.<\/p>\n\n<\/td>\n\n<td class=\"kb-table-data kb-table-data5010_897b8a-72\">\n\n<p>kromiker.hu<\/p>\n\n<\/td>\n\n<td class=\"kb-table-data kb-table-data5010_9ee62a-34\">\n\n<p>googtrans<\/p>\n\n<\/td>\n\n<td class=\"kb-table-data kb-table-data5010_3754b3-00\">\n\n<p>Funktionell<\/p>\n\n<\/td>\n\n<td class=\"kb-table-data kb-table-data5010_ddd25a-f1\">\n\n<p>Zustimmung der betroffenen Person<br>\/Artikel 6 (1) a) \/<\/p>\n\n<\/td>\n\n<td class=\"kb-table-data kb-table-data5010_acbb89-57\">\n\n<p>Verwenden Sie die GTranslate-Erweiterung: Sie speichert die vom Besucher gew\u00e4hlte Sprache (HU, EN, DE).<\/p>\n\n<\/td>\n\n<td class=\"kb-table-data kb-table-data5010_67daa7-2f\">\n\n<p>Bis zum Ende der Sitzung<\/p>\n\n<\/td>\n<\/tr>\n\n<tr class=\"kb-table-row kb-table-row5010_a6699d-4c\">\n<td class=\"kb-table-data kb-table-data5010_f6440e-75\">\n\n<p>3.<\/p>\n\n<\/td>\n\n<td class=\"kb-table-data kb-table-data5010_5613df-f8\">\n\n<p>kromiker.hu<\/p>\n\n<\/td>\n\n<td class=\"kb-table-data kb-table-data5010_71c798-e6\">\n\n<p>lichtgeschwindigkeit_liste<\/p>\n\n<\/td>\n\n<td class=\"kb-table-data kb-table-data5010_b53a07-b9\">\n\n<p>Unverzichtbar<\/p>\n\n<\/td>\n\n<td class=\"kb-table-data kb-table-data5010_06b07c-60\">\n\n<p>Legitimes Interesse des f\u00fcr die Verarbeitung Verantwortlichen<br>\/Artikel 6 (1) f)\/<\/p>\n\n<\/td>\n\n<td class=\"kb-table-data kb-table-data5010_49122a-4f\">\n\n<p>Damit das LiteSpeed-Server-Caching funktioniert, muss die Seite schnell geladen werden.<\/p>\n\n<\/td>\n\n<td class=\"kb-table-data kb-table-data5010_23e254-8f\">\n\n<p>Bis zum Ende der Sitzung<\/p>\n\n<\/td>\n<\/tr>\n\n<tr class=\"kb-table-row kb-table-row5010_3710dd-98\">\n<td class=\"kb-table-data kb-table-data5010_8e8810-21\">\n\n<p>4.<\/p>\n\n<\/td>\n\n<td class=\"kb-table-data kb-table-data5010_c4e897-f7\">\n\n<p>kromiker.hu<\/p>\n\n<\/td>\n\n<td class=\"kb-table-data kb-table-data5010_2d5564-83\">\n\n<p>PHPSESSID<\/p>\n\n<\/td>\n\n<td class=\"kb-table-data kb-table-data5010_08d22d-53\">\n\n<p>Unverzichtbar<\/p>\n\n<\/td>\n\n<td class=\"kb-table-data kb-table-data5010_6e965e-7f\">\n\n<p>Legitimes Interesse des f\u00fcr die Verarbeitung Verantwortlichen<br>\/Artikel 6 (1) f)\/<\/p>\n\n<\/td>\n\n<td class=\"kb-table-data kb-table-data5010_459c1a-8e\">\n\n<p>Allgemeine PHP-Session-ID zur Aufrechterhaltung der Kommunikation zwischen dem Server und dem Benutzer.<\/p>\n\n<\/td>\n\n<td class=\"kb-table-data kb-table-data5010_ed4855-b9\">\n\n<p>Bis zum Ende der Sitzung<\/p>\n\n<\/td>\n<\/tr>\n\n<tr class=\"kb-table-row kb-table-row5010_7cc18e-85\">\n<td class=\"kb-table-data kb-table-data5010_dffebb-de\">\n\n<p>5.<\/p>\n\n<\/td>\n\n<td class=\"kb-table-data kb-table-data5010_ddae63-38\">\n\n<p>kromiker.hu<\/p>\n\n<\/td>\n\n<td class=\"kb-table-data kb-table-data5010_a82b6b-12\">\n\n<p>cookie_notice_accepted<\/p>\n\n<\/td>\n\n<td class=\"kb-table-data kb-table-data5010_bf64c9-72\">\n\n<p>Unverzichtbar<\/p>\n\n<\/td>\n\n<td class=\"kb-table-data kb-table-data5010_3427ee-e2\">\n\n<p>Legitimes Interesse des f\u00fcr die Verarbeitung Verantwortlichen<br>\/Artikel 6 (1) f)\/<\/p>\n\n<\/td>\n\n<td class=\"kb-table-data kb-table-data5010_83a7f6-f8\">\n\n<p>(Falls eine Cookie-Akzeptanzleiste vorhanden ist): Hier wird gespeichert, ob der Benutzer bereits Cookies akzeptiert hat, so dass das Fenster nicht erneut angezeigt wird.<\/p>\n\n<\/td>\n\n<td class=\"kb-table-data kb-table-data5010_7d9fb3-2f\">\n\n<p>1 Monat \/ 1 Jahr<\/p>\n\n<\/td>\n<\/tr>\n<\/table><\/div>\n\n\n<p><strong>5) Rechtsgrundlage f\u00fcr die verwendeten Cookies<\/strong><\/p>\n\n\n\n<p>A) Die Rechtsgrundlage f\u00fcr die Verwendung von \u201eUndeniable\u201d-Cookies ist Artikel 6 Absatz 1 Buchstabe f der Datenschutz-Grundverordnung, d. h. das berechtigte Interesse des f\u00fcr die Datenverarbeitung Verantwortlichen<br><br>(B) Die Rechtsgrundlage f\u00fcr die Verwendung anderer als der unter Buchstabe A genannten Cookies ist Artikel 6 Absatz 1 Buchstabe a der Datenschutz-Grundverordnung, d. h. die Einwilligung der betroffenen Person.<br><br><em>Wird das Cookie auf der Grundlage der Einwilligung der betroffenen Person verwendet, kann der Nutzer die Einwilligung jederzeit unter denselben Bedingungen wie die erteilte Einwilligung widerrufen.<\/em><br><br>Verwendet ein Besucher dieser Website einen Werbeblocker (im Folgenden als \u201e<em>Werbeblocker<\/em>\u201d), sind Informationen \u00fcber Cookies f\u00fcr den Besucher nicht immer verf\u00fcgbar. Um auf diese Informationen zuzugreifen, empfehlen wir, den Ad-Blocker vor\u00fcbergehend zu deaktivieren.<\/p>\n<\/div><\/div>\n\n<\/div><\/div>","protected":false},"excerpt":{"rendered":"<p>A https:\/\/www.kromiker.hu\/ weboldalon el\u00e9rhet\u0151 tartalmak testreszab\u00e1sa c\u00e9lj\u00e1b\u00f3l, valamint az oldal k\u00f6nnyebb haszn\u00e1lhat\u00f3s\u00e1ga \u00e9rdek\u00e9ben Cookie-kat, azaz S\u00fctiket (a tov\u00e1bbiakban: S\u00fcti) alkalmaz. Az al\u00e1bbi t\u00e1j\u00e9koztat\u00f3 c\u00e9lja, hogy elmagyar\u00e1zza:&#8211; mik a S\u00fctik;&#8211; mi a S\u00fctik haszn\u00e1lat\u00e1nak c\u00e9lja a https:\/\/www.kromiker.hu\/ weboldalon;&#8211; milyen lehet\u0151s\u00e9ge van a S\u00fctik szab\u00e1lyoz\u00e1s\u00e1ra vagy t\u00f6rl\u00e9s\u00e9re \u2013 amennyiben ezt szeretn\u00e9. 1. A S\u00fcti fogalma \u2013 avagy&#8230;<\/p>","protected":false},"author":237508082,"featured_media":0,"parent":0,"menu_order":0,"comment_status":"closed","ping_status":"closed","template":"","meta":{"_acf_changed":false,"_kad_post_transparent":"","_kad_post_title":"","_kad_post_layout":"","_kad_post_sidebar_id":"","_kad_post_content_style":"","_kad_post_vertical_padding":"","_kad_post_feature":"","_kad_post_feature_position":"","_kad_post_header":false,"_kad_post_footer":false,"_kad_post_classname":"","footnotes":""},"class_list":["post-5010","page","type-page","status-publish","hentry"],"acf":[],"_links":{"self":[{"href":"https:\/\/kromiker.hu\/de\/wp-json\/wp\/v2\/pages\/5010","targetHints":{"allow":["GET"]}}],"collection":[{"href":"https:\/\/kromiker.hu\/de\/wp-json\/wp\/v2\/pages"}],"about":[{"href":"https:\/\/kromiker.hu\/de\/wp-json\/wp\/v2\/types\/page"}],"author":[{"embeddable":true,"href":"https:\/\/kromiker.hu\/de\/wp-json\/wp\/v2\/users\/237508082"}],"replies":[{"embeddable":true,"href":"https:\/\/kromiker.hu\/de\/wp-json\/wp\/v2\/comments?post=5010"}],"version-history":[{"count":0,"href":"https:\/\/kromiker.hu\/de\/wp-json\/wp\/v2\/pages\/5010\/revisions"}],"wp:attachment":[{"href":"https:\/\/kromiker.hu\/de\/wp-json\/wp\/v2\/media?parent=5010"}],"curies":[{"name":"wp","href":"https:\/\/api.w.org\/{rel}","templated":true}]}}