{"id":2844,"date":"2025-10-15T16:24:18","date_gmt":"2025-10-15T14:24:18","guid":{"rendered":"https:\/\/halnoel1234-kmnuz.wpcomstaging.com\/?post_type=product&#038;p=2844"},"modified":"2026-05-14T10:59:51","modified_gmt":"2026-05-14T08:59:51","slug":"baader-601-gulleabscheider","status":"publish","type":"product","link":"https:\/\/kromiker.hu\/de\/product\/baader-601-lagyszeparator\/","title":{"rendered":"Baader 601 Weichteilseparator"},"content":{"rendered":"<div style=\"width: 1280px;\" class=\"wp-video\"><video class=\"wp-video-shortcode\" id=\"video-2844-1\" width=\"1280\" height=\"720\" preload=\"metadata\" controls=\"controls\"><source type=\"video\/mp4\" src=\"https:\/\/kromiker.hu\/wp-content\/uploads\/2025\/10\/Baader-technologia-mukodesi-elve-1.mp4?_=1\" \/><a href=\"https:\/\/kromiker.hu\/wp-content\/uploads\/2025\/10\/Baader-technologia-mukodesi-elve-1.mp4\">https:\/\/kromiker.hu\/wp-content\/uploads\/2025\/10\/Baader-technologia-mukodesi-elve-1.mp4<\/a><\/video><\/div>\n<p><strong>F\u0151 jellemz\u0151k:<\/strong><\/p>\n<ul>\n<li><strong>Kialak\u00edt\u00e1s: <\/strong>Robusztus, kompakt, ipari folyamatos \u00fczemre tervezett g\u00e9p, teljes eg\u00e9sz\u00e9ben rozsdamentes ac\u00e9lb\u00f3l. Letisztult, sima fel\u00fcletek, \u00edvelt \u00e1tmenetek a szennyez\u0151d\u00e9s minimaliz\u00e1l\u00e1s\u00e1ra, ergonomikus hozz\u00e1f\u00e9r\u00e9ssel a kezel\u0151- \u00e9s ellen\u0151rz\u0151 pontokhoz. Stabil alapkonstrukci\u00f3, opcion\u00e1lisan g\u00f6rg\u0151kkel a k\u00f6nny\u0171 mozgat\u00e1shoz.<\/li>\n<li><strong>Higi\u00e9nia \u00e9s biztons\u00e1g: <\/strong>Megfelel CE \u00e9s \u00e9lelmiszeripari higi\u00e9niai el\u0151\u00edr\u00e1soknak. Z\u00e1rt, v\u00e9dett mozg\u00f3 alkatr\u00e9szek, \u00e9les peremekt\u0151l \u00e9s nehezen tiszt\u00edthat\u00f3 holtterekt\u0151l mentes kialak\u00edt\u00e1s. Biztons\u00e1gos, j\u00f3l elk\u00fcl\u00f6n\u00edtett term\u00e9k- \u00e9s mell\u00e9kterm\u00e9k-kimenetek.<\/li>\n<li><strong>Tiszt\u00edt\u00e1s \u00e9s karbantart\u00e1s: <\/strong>Gyors, egyszer\u0171 tiszt\u00edthat\u00f3s\u00e1g napi takar\u00edt\u00e1sra optimaliz\u00e1lva. Nyitott, j\u00f3l hozz\u00e1f\u00e9rhet\u0151 szerkezet, alkalmas k\u00e9zi \u00e9s nagynyom\u00e1s\u00fa mos\u00e1sra. R\u00f6vid tiszt\u00edt\u00e1si \u00e9s karbantart\u00e1si id\u0151k, minim\u00e1lis \u00e1ll\u00e1sid\u0151.<\/li>\n<\/ul>\n<p><strong>Az alapmodell az al\u00e1bbiakkal rendelkezik:<\/strong><\/p>\n<ul>\n<li>Nyom\u00f3 szalag<\/li>\n<li>Perfor\u00e1lt lyukdob<\/li>\n<li>Leh\u00faz\u00f3k\u00e9s<\/li>\n<li>Leh\u00faz\u00f3k\u00e9s tart\u00f3<\/li>\n<li>Szersz\u00e1mk\u00e9szlet<\/li>\n<li>Fels\u0151 adagol\u00f3 t\u00e1lca<\/li>\n<\/ul>\n<p><strong>\u00a0Kieg\u00e9sz\u00edt\u0151k \u00e9s opcion\u00e1lis tartoz\u00e9kok:<\/strong><\/p>\n<ul>\n<li>Oldal beadagol\u00f3 t\u00e1lca<\/li>\n<li>Beadagol\u00f3 T\u00f6lcs\u00e9r + Kocsiemel\u0151 lift<\/li>\n<li>Beadagol\u00f3 sz\u00e1ll\u00edt\u00f3 szalag<\/li>\n<li>H\u00fas\u00e9rz\u00e9kel\u0151 szenzor<\/li>\n<li>Frekvenciav\u00e1lt\u00f3<\/li>\n<li>Pneumatikus t\u00f6m\u00f6r\u00edt\u0151 berendez\u00e9s<\/li>\n<li>K\u00fcl\u00f6nb\u00f6z\u0151 furat m\u00e9ret\u0171 perfor\u00e1lt lyukdobok<\/li>\n<li>Cs\u0151csatlakoz\u00e1s dar\u00e1l\u00f3khoz, m\u00e1s egy\u00e9b g\u00e9pekhez<\/li>\n<\/ul>\n<p>[videopress Px8esDRO]<\/p>\n","protected":false},"excerpt":{"rendered":"<p>BAADER hat eine einzigartige und weltweit bew\u00e4hrte Methode zur Trennung von weichen und festen Teilen entwickelt. Fleisch, Gefl\u00fcgel, Gem\u00fcse etc. haben ein breites Anwendungsspektrum. In der fleisch- und gefl\u00fcgelverarbeitenden Industrie <strong>\u201eBaader-Fleisch\u201d<\/strong> weist eine dem Hackfleisch \u00e4hnliche Qualit\u00e4t auf. Diese Methode minimiert die mechanische Beanspruchung des Produkts, <strong>f\u00fchrt zu einem qualitativ hochwertigen Endprodukt<\/strong>, Sie enthalten wenig Kalzium und pflanzliche Ballaststoffe, die bei der Lebensmittelverarbeitung besonders wichtig sind.<\/p>\n<p><strong>Arbeitsweise:<\/strong> Das Rohmaterial wird \u00fcber ein Druckbandsystem zu einer perforierten Trommel bef\u00f6rdert, wo die weichen, wertvollen Bestandteile sanft durch die L\u00f6cher der Trommel gepresst werden, w\u00e4hrend die h\u00e4rteren Teile - wie Knochen, Knorpel, Sehnen, Schalen oder Hartteile - abgetrennt werden. Dieses Verfahren gew\u00e4hrleistet, dass das Endprodukt seine nat\u00fcrliche Textur, Farbe und technologischen Eigenschaften beh\u00e4lt, w\u00e4hrend die Verluste auf ein Minimum reduziert werden.<\/p>\n<p><strong>Anwendungen:<\/strong><\/p>\n<ul>\n<li><strong>Fleischindustrie:<\/strong> Verarbeitung von Fleischabschnitten nach dem Entbeinen, Entfernen von Sehnen, Knorpeln und Bindegewebe, Aufbereitung von Rohmaterial f\u00fcr Wurst, W\u00fcrste, Pastinaken.<\/li>\n<li><strong>Gefl\u00fcgelindustrie:<\/strong> Trennung von entbeintem Gefl\u00fcgel, Entfernung von Haut- und Knochenresten, Herstellung von hochwertigem Gefl\u00fcgelfleischbrei.<\/li>\n<li><strong>Fischindustrie:<\/strong> Extraktion von Fischfiletresten aus Gr\u00e4ten und Haut, Herstellung von Rohmaterial f\u00fcr Fischcremes und -konzentrate.<\/li>\n<li><strong>Gem\u00fcse- und Obstindustrie:<\/strong> Schalen-, Kern- und Faserabtrennung, Zubereitung von P\u00fcrees, P\u00fcree und Konzentraten, Verarbeitung von S\u00e4ften und Gem\u00fcsecremes.<\/li>\n<li><strong>Lebensmittel-Recycling\/Entpacken:<\/strong> Demontage von verpackten Produkten, Trennung von Verpackungsmaterial und innerem Inhalt, Verarbeitung von Ausschuss.<\/li>\n<\/ul>","protected":false},"featured_media":3651,"template":"","meta":{"_acf_changed":false,"_kad_post_transparent":"default","_kad_post_title":"","_kad_post_layout":"default","_kad_post_sidebar_id":"","_kad_post_content_style":"default","_kad_post_vertical_padding":"default","_kad_post_feature":"","_kad_post_feature_position":"","_kad_post_header":false,"_kad_post_footer":false,"_kad_post_classname":""},"pwb-brand":[1887],"product_brand":[1688],"product_cat":[1738,1793,1781],"product_tag":[1859],"class_list":{"0":"post-2844","1":"product","2":"type-product","3":"status-publish","4":"has-post-thumbnail","6":"pwb-brand-baader","7":"product_brand-baader","8":"product_cat-baaderingtechnologia-szeparalas","9":"product_cat-inlevalasztok","10":"product_cat-baader-gepek","11":"product_tag-baader","13":"first","14":"instock","15":"shipping-taxable","16":"product-type-simple","17":"entry","18":"content-bg","19":"loop-entry"},"acf":[],"brands":[{"id":1887,"name":"Baader","slug":"baader"}],"_links":{"self":[{"href":"https:\/\/kromiker.hu\/de\/wp-json\/wp\/v2\/product\/2844","targetHints":{"allow":["GET"]}}],"collection":[{"href":"https:\/\/kromiker.hu\/de\/wp-json\/wp\/v2\/product"}],"about":[{"href":"https:\/\/kromiker.hu\/de\/wp-json\/wp\/v2\/types\/product"}],"wp:featuredmedia":[{"embeddable":true,"href":"https:\/\/kromiker.hu\/de\/wp-json\/wp\/v2\/media\/3651"}],"wp:attachment":[{"href":"https:\/\/kromiker.hu\/de\/wp-json\/wp\/v2\/media?parent=2844"}],"wp:term":[{"taxonomy":"pwb-brand","embeddable":true,"href":"https:\/\/kromiker.hu\/de\/wp-json\/wp\/v2\/pwb-brand?post=2844"},{"taxonomy":"product_brand","embeddable":true,"href":"https:\/\/kromiker.hu\/de\/wp-json\/wp\/v2\/product_brand?post=2844"},{"taxonomy":"product_cat","embeddable":true,"href":"https:\/\/kromiker.hu\/de\/wp-json\/wp\/v2\/product_cat?post=2844"},{"taxonomy":"product_tag","embeddable":true,"href":"https:\/\/kromiker.hu\/de\/wp-json\/wp\/v2\/product_tag?post=2844"}],"curies":[{"name":"wp","href":"https:\/\/api.w.org\/{rel}","templated":true}]}}