{"id":2847,"date":"2025-10-15T16:24:18","date_gmt":"2025-10-15T14:24:18","guid":{"rendered":"https:\/\/halnoel1234-kmnuz.wpcomstaging.com\/?post_type=product&#038;p=2847"},"modified":"2026-04-22T15:39:25","modified_gmt":"2026-04-22T13:39:25","slug":"kolbe-mw130-120-keverodaralo","status":"publish","type":"product","link":"https:\/\/kromiker.hu\/de\/product\/kolbe-mw130-120-keverodaralo\/","title":{"rendered":"Kolbe MW52\/120 \u2013MW130\/120 kever\u0151dar\u00e1l\u00f3"},"content":{"rendered":"<p><strong>Hauptmerkmale:<\/strong><\/p>\n<ul>\n<li data-start=\"782\" data-end=\"1111\">Kever\u0151 + dar\u00e1l\u00f3 kombin\u00e1lt rendszer<\/li>\n<li data-start=\"1113\" data-end=\"1160\">Nagy m\u00e9ret\u0171 dar\u00e1l\u00f3rendszer (\u00d8130 mm t\u00e1rcsa)<\/li>\n<li data-start=\"1113\" data-end=\"1160\">Egyenletes kever\u00e9s \u00e9s anyageloszl\u00e1s<\/li>\n<li data-start=\"1113\" data-end=\"1160\">Nagy kapacit\u00e1s (kb. 2000 kg\/\u00f3ra)<\/li>\n<li data-start=\"1113\" data-end=\"1160\">Minim\u00e1lis h\u0151n\u00f6veked\u00e9s dar\u00e1l\u00e1s k\u00f6zben<\/li>\n<li data-start=\"1113\" data-end=\"1160\">Rozsdamentes ac\u00e9l kivitel, ipari haszn\u00e1latra<\/li>\n<\/ul>\n<p data-start=\"1113\" data-end=\"1160\"><strong data-start=\"1113\" data-end=\"1158\">Das Basismodell verf\u00fcgt \u00fcber die folgenden Merkmale:<\/strong><\/p>\n<ul>\n<li data-start=\"1162\" data-end=\"1361\">120 literes kever\u0151t\u00e9r<\/li>\n<li data-start=\"1363\" data-end=\"1406\">Dar\u00e1l\u00f3 egys\u00e9g (\u00d8130 mm lyukt\u00e1rcsa)<\/li>\n<li data-start=\"1363\" data-end=\"1406\">Elektromos hajt\u00e1s k\u00fcl\u00f6n kever\u0151 \u00e9s dar\u00e1l\u00f3 motorral<\/li>\n<li data-start=\"1363\" data-end=\"1406\">Rozsdamentes g\u00e9ptest<\/li>\n<li data-start=\"1363\" data-end=\"1406\">Nyom\u00f3gombos vez\u00e9rl\u00e9s<\/li>\n<li data-start=\"1363\" data-end=\"1406\">Mobil kivitel (kerekekkel)<\/li>\n<\/ul>\n<p data-start=\"1363\" data-end=\"1406\"><strong data-start=\"1363\" data-end=\"1404\">Zubeh\u00f6r und Sonderzubeh\u00f6r:<\/strong><\/p>\n<ul>\n<li data-start=\"1408\" data-end=\"1616\">Frekvenciav\u00e1lt\u00f3 (fokozatmentes szab\u00e1lyoz\u00e1s)<\/li>\n<li data-start=\"1618\" data-end=\"1639\">KOLBE KDS szepar\u00e1l\u00f3 rendszer (Csak a 130-as unger eset\u00e9ben)<\/li>\n<li data-start=\"1618\" data-end=\"1639\">Kocsiemel\u0151 lift (FD200)<\/li>\n<li data-start=\"1618\" data-end=\"1639\">H\u0171t\u00f6tt garat kivitel<\/li>\n<li data-start=\"1618\" data-end=\"1639\">Biztons\u00e1gi keretes adagol\u00f3 garat<\/li>\n<li data-start=\"1618\" data-end=\"1639\">Porci\u00f3z\u00f3 rendszerekkel val\u00f3 integr\u00e1ci\u00f3<\/li>\n<li data-start=\"1618\" data-end=\"1639\">Kever\u00e9si id\u0151 szab\u00e1lyz\u00f3<\/li>\n<li data-start=\"1618\" data-end=\"1639\">Motorer\u0151s\u00edt\u00e9s 10 kW-ra (Csak az 52-es enterprice eset\u00e9n)<\/li>\n<li data-start=\"1618\" data-end=\"1639\">Fell\u00e9p\u0151r\u00e1cs<\/li>\n<\/ul>","protected":false},"excerpt":{"rendered":"<p>A <strong data-start=\"52\" data-end=\"97\">Kolbe MW52\/120 \u00e9s MW130\/120 kever\u0151dar\u00e1l\u00f3k<\/strong> nagy teljes\u00edtm\u00e9ny\u0171, ipari kivitel\u0171 g\u00e9pek, amelyeket k\u00f6z\u00e9p- \u00e9s nagy\u00fczemi h\u00fasfeldolgoz\u00e1sra terveztek. A 120 literes kever\u0151t\u00e9r \u00e9s a nagy \u00e1tm\u00e9r\u0151j\u0171 dar\u00e1l\u00f3rendszer lehet\u0151v\u00e9 teszi nagyobb h\u00fasdarabok feldolgoz\u00e1s\u00e1t ak\u00e1r -6\u2026-8 \u00b0C h\u0151m\u00e9rs\u00e9kleten is. A g\u00e9pek kombin\u00e1lj\u00e1k a kever\u00e9st \u00e9s dar\u00e1l\u00e1st, \u00edgy biztos\u00edtj\u00e1k az egyenletes alapanyag-el\u0151k\u00e9sz\u00edt\u00e9st \u00e9s a stabil term\u00e9kmin\u0151s\u00e9get folyamatos \u00fczemben.<\/p>\n<p data-start=\"522\" data-end=\"550\"><strong data-start=\"522\" data-end=\"548\">Anwendungen:<\/strong><\/p>\n<ul>\n<li data-start=\"552\" data-end=\"759\">K\u00f6z\u00e9p- \u00e9s nagy\u00fczemi h\u00fasfeldolgoz\u00e1s<\/li>\n<li data-start=\"761\" data-end=\"780\">Dar\u00e1lt h\u00fas \u00e9s h\u00fask\u00e9sz\u00edtm\u00e9nyek gy\u00e1rt\u00e1sa<\/li>\n<li data-start=\"761\" data-end=\"780\">Kolb\u00e1sz- \u00e9s h\u00fasp\u00e9p el\u0151\u00e1ll\u00edt\u00e1s<\/li>\n<li data-start=\"761\" data-end=\"780\">Nagyobb darabos alapanyagok feldolgoz\u00e1sa<\/li>\n<li data-start=\"761\" data-end=\"780\">Porci\u00f3z\u00f3 \u00e9s csomagol\u00f3 vonalak kiszolg\u00e1l\u00e1sa<\/li>\n<\/ul>","protected":false},"featured_media":5662,"template":"","meta":{"_acf_changed":false,"_kad_post_transparent":"default","_kad_post_title":"","_kad_post_layout":"default","_kad_post_sidebar_id":"","_kad_post_content_style":"default","_kad_post_vertical_padding":"default","_kad_post_feature":"","_kad_post_feature_position":"","_kad_post_header":false,"_kad_post_footer":false,"_kad_post_classname":""},"pwb-brand":[],"product_brand":[1691],"product_cat":[1803,1739],"product_tag":[1858],"class_list":{"0":"post-2847","1":"product","2":"type-product","3":"status-publish","4":"has-post-thumbnail","6":"product_brand-kolbe","7":"product_cat-husdaralo-keverodaralo-automata-daralo-gepek","8":"product_cat-tovabbfeldolgozas","9":"product_tag-kolbe","11":"first","12":"instock","13":"shipping-taxable","14":"product-type-simple","15":"entry","16":"content-bg","17":"loop-entry"},"acf":[],"brands":[],"_links":{"self":[{"href":"https:\/\/kromiker.hu\/de\/wp-json\/wp\/v2\/product\/2847","targetHints":{"allow":["GET"]}}],"collection":[{"href":"https:\/\/kromiker.hu\/de\/wp-json\/wp\/v2\/product"}],"about":[{"href":"https:\/\/kromiker.hu\/de\/wp-json\/wp\/v2\/types\/product"}],"wp:featuredmedia":[{"embeddable":true,"href":"https:\/\/kromiker.hu\/de\/wp-json\/wp\/v2\/media\/5662"}],"wp:attachment":[{"href":"https:\/\/kromiker.hu\/de\/wp-json\/wp\/v2\/media?parent=2847"}],"wp:term":[{"taxonomy":"pwb-brand","embeddable":true,"href":"https:\/\/kromiker.hu\/de\/wp-json\/wp\/v2\/pwb-brand?post=2847"},{"taxonomy":"product_brand","embeddable":true,"href":"https:\/\/kromiker.hu\/de\/wp-json\/wp\/v2\/product_brand?post=2847"},{"taxonomy":"product_cat","embeddable":true,"href":"https:\/\/kromiker.hu\/de\/wp-json\/wp\/v2\/product_cat?post=2847"},{"taxonomy":"product_tag","embeddable":true,"href":"https:\/\/kromiker.hu\/de\/wp-json\/wp\/v2\/product_tag?post=2847"}],"curies":[{"name":"wp","href":"https:\/\/api.w.org\/{rel}","templated":true}]}}