{"id":2862,"date":"2025-10-15T16:24:20","date_gmt":"2025-10-15T14:24:20","guid":{"rendered":"https:\/\/halnoel1234-kmnuz.wpcomstaging.com\/?post_type=product&#038;p=2862"},"modified":"2026-05-14T10:59:51","modified_gmt":"2026-05-14T08:59:51","slug":"baader-brainstorm-abscheider-kombinierte-losungen","status":"publish","type":"product","link":"https:\/\/kromiker.hu\/de\/product\/baader-lagyszeparator-kombinalt-megoldasok\/","title":{"rendered":"Baader Weichteilseparator kombinierte L\u00f6sungen"},"content":{"rendered":"<p><strong>Hauptmerkmale:<\/strong><\/p>\n<ul>\n<li data-start=\"1147\" data-end=\"1467\">Zweistufige Technologie: Vormahlung + Trennung<\/li>\n<li data-start=\"1147\" data-end=\"1467\">Gleichm\u00e4\u00dfige Dosierung durch das Rohr in den Abscheider<\/li>\n<li data-start=\"1147\" data-end=\"1467\">Verbesserter Ertrag durch Vorvermahlung<\/li>\n<li data-start=\"1147\" data-end=\"1467\">Schonende Trennung, geringe mechanische Belastung<\/li>\n<li data-start=\"1147\" data-end=\"1467\">System f\u00fcr den industriellen Dauerbetrieb konzipiert<\/li>\n<li data-start=\"1147\" data-end=\"1467\">Eine stabile und gut integrierte Technologiel\u00f6sung<\/li>\n<\/ul>\n<p data-start=\"1469\" data-end=\"1516\"><strong data-start=\"1469\" data-end=\"1514\">Das Basismodell verf\u00fcgt \u00fcber die folgenden Merkmale:<\/strong><\/p>\n<ul>\n<li data-start=\"1518\" data-end=\"1722\">Kolbe AWM 130 Zerkleinerer mit Mischarm und F\u00f6rderschnecke<\/li>\n<li data-start=\"1518\" data-end=\"1722\">\u00a0BAADER 601 Abscheider mit gelochter Trommel<\/li>\n<li data-start=\"1518\" data-end=\"1722\">Verbindungsrohrsystem zwischen den beiden Maschinen<\/li>\n<li data-start=\"1518\" data-end=\"1722\">Grundlegende elektrische Steuerung<\/li>\n<li data-start=\"1518\" data-end=\"1722\">Ausf\u00fchrung in Edelstahl<\/li>\n<\/ul>\n<p data-start=\"1724\" data-end=\"1767\"><strong data-start=\"1724\" data-end=\"1765\">Zubeh\u00f6r und Sonderzubeh\u00f6r:<\/strong><\/p>\n<ul>\n<li>\u00a0Verschiedene Schleifstempelscheiben und Messersysteme<\/li>\n<li>\u00a0Abscheidetrommeln mit verschiedenen Bohrungsgr\u00f6\u00dfen<\/li>\n<li>Automatisches Dosiersystem<\/li>\n<li>Hebe- und Kippvorrichtungen f\u00fcr die Verladung von Rohstoffen<\/li>\n<\/ul>","protected":false},"excerpt":{"rendered":"<p><span style=\"font-family: 'Poppins',serif\">A <strong data-start=\"70\" data-end=\"134\">Kombination aus Schleifmaschine Kolbe AWM 130 und Abscheider BAADER 601<\/strong> ist eine effiziente zweistufige Aufbereitungsl\u00f6sung, bei der das Rohmaterial zun\u00e4chst gemahlen und dann das aufbereitete, homogenere Rohmaterial direkt dem Sichter zugef\u00fchrt wird. Das System basiert auf der Tatsache, dass die Produktstruktur w\u00e4hrend des Vormahlprozesses aufgelockert wird, was zu einer effizienteren und schonenderen Trennung im BAADER 601 Sichter f\u00fchrt. Das Material wird kontinuierlich vom Zerkleinerer durch ein Rohr in den Sichter geleitet, was eine gleichm\u00e4\u00dfige Zuf\u00fchrung und einen stabilen Betrieb gew\u00e4hrleistet.<\/span><\/p>\n<p data-start=\"598\" data-end=\"766\"><span style=\"font-family: 'Poppins',serif\">Diese technologische Konstruktion ist besonders vorteilhaft, da sie die mechanische Belastung des Abscheiders verringert, die Ausbeute erh\u00f6ht und die Qualit\u00e4t des Endprodukts verbessert.<\/span><\/p>\n<p data-start=\"768\" data-end=\"796\"><strong data-start=\"768\" data-end=\"794\"><span style=\"font-family: 'Poppins',serif\">Anwendungen:<\/span><\/strong><\/p>\n<ul>\n<li data-start=\"768\" data-end=\"796\"><span style=\"font-family: 'Poppins',serif\">Zerkleinern und Trennen von Fleischabf\u00e4llen nach dem Entbeinen in der Fleischindustrie<\/span><\/li>\n<li data-start=\"768\" data-end=\"796\"><span style=\"font-family: 'Poppins',serif\">Effiziente Verarbeitung von entbeintem Rohmaterial in der Gefl\u00fcgelindustrie<\/span><\/li>\n<li data-start=\"768\" data-end=\"796\"><span style=\"font-family: 'Poppins',serif\">Aufbereitung und Verwertung von Filetierr\u00fcckst\u00e4nden bei der Fischverarbeitung<\/span><\/li>\n<li data-start=\"768\" data-end=\"796\"><span style=\"font-family: 'Poppins',serif\">Herstellung von homogenem Rohmaterial in Fleischzubereitungen<\/span><\/li>\n<li data-start=\"768\" data-end=\"796\"><span style=\"font-family: 'Poppins',serif\">Wirtschaftliche Verarbeitung und steigende Exporte von Nebenerzeugnissen<\/span><\/li>\n<\/ul>","protected":false},"featured_media":5323,"template":"","meta":{"_acf_changed":false,"_kad_post_transparent":"default","_kad_post_title":"","_kad_post_layout":"default","_kad_post_sidebar_id":"","_kad_post_content_style":"default","_kad_post_vertical_padding":"default","_kad_post_feature":"","_kad_post_feature_position":"","_kad_post_header":false,"_kad_post_footer":false,"_kad_post_classname":""},"pwb-brand":[1887],"product_brand":[1688],"product_cat":[1738,1781,1792],"product_tag":[1859],"class_list":{"0":"post-2862","1":"product","2":"type-product","3":"status-publish","4":"has-post-thumbnail","6":"pwb-brand-baader","7":"product_brand-baader","8":"product_cat-baaderingtechnologia-szeparalas","9":"product_cat-baader-gepek","10":"product_cat-csontszeparatorok","11":"product_tag-baader","13":"first","14":"instock","15":"shipping-taxable","16":"product-type-simple","17":"entry","18":"content-bg","19":"loop-entry"},"acf":[],"brands":[{"id":1887,"name":"Baader","slug":"baader"}],"_links":{"self":[{"href":"https:\/\/kromiker.hu\/de\/wp-json\/wp\/v2\/product\/2862","targetHints":{"allow":["GET"]}}],"collection":[{"href":"https:\/\/kromiker.hu\/de\/wp-json\/wp\/v2\/product"}],"about":[{"href":"https:\/\/kromiker.hu\/de\/wp-json\/wp\/v2\/types\/product"}],"wp:featuredmedia":[{"embeddable":true,"href":"https:\/\/kromiker.hu\/de\/wp-json\/wp\/v2\/media\/5323"}],"wp:attachment":[{"href":"https:\/\/kromiker.hu\/de\/wp-json\/wp\/v2\/media?parent=2862"}],"wp:term":[{"taxonomy":"pwb-brand","embeddable":true,"href":"https:\/\/kromiker.hu\/de\/wp-json\/wp\/v2\/pwb-brand?post=2862"},{"taxonomy":"product_brand","embeddable":true,"href":"https:\/\/kromiker.hu\/de\/wp-json\/wp\/v2\/product_brand?post=2862"},{"taxonomy":"product_cat","embeddable":true,"href":"https:\/\/kromiker.hu\/de\/wp-json\/wp\/v2\/product_cat?post=2862"},{"taxonomy":"product_tag","embeddable":true,"href":"https:\/\/kromiker.hu\/de\/wp-json\/wp\/v2\/product_tag?post=2862"}],"curies":[{"name":"wp","href":"https:\/\/api.w.org\/{rel}","templated":true}]}}