{"id":2864,"date":"2025-10-15T16:24:20","date_gmt":"2025-10-15T14:24:20","guid":{"rendered":"https:\/\/halnoel1234-kmnuz.wpcomstaging.com\/?post_type=product&#038;p=2864"},"modified":"2026-03-30T21:01:24","modified_gmt":"2026-03-30T19:01:24","slug":"sorgo-rzf700-dorzsfust-generator","status":"publish","type":"product","link":"https:\/\/kromiker.hu\/de\/product\/sorgo-rzf700-dorzsfust-generator\/","title":{"rendered":"PSS SCH 2-4 Auto-Koch- und R\u00e4ucherkammer"},"content":{"rendered":"<p><strong>Hauptmerkmale:<\/strong><\/p>\n<ul>\n<li><strong>Vollst\u00e4ndiger technologischer Prozess<\/strong><br \/>\nDas Trocknen, R\u00e4uchern und Kochen erfolgt in einer einzigen Anlage, was die Produktion vereinfacht und die Durchlaufzeit verk\u00fcrzt.<\/li>\n<li><strong>St\u00e4ndige Produktqualit\u00e4t<\/strong><br \/>\nDie gleichm\u00e4\u00dfige Temperatur- und Rauchverteilung sorgt f\u00fcr ein einheitliches Aussehen, eine gleichm\u00e4\u00dfige Konsistenz und einen gleichm\u00e4\u00dfigen Geschmack bei jedem Produkt.<\/li>\n<li>H<strong>leichter Betrieb<\/strong><br \/>\nDer automatisierte Betrieb reduziert den Arbeitskr\u00e4ftebedarf und minimiert die M\u00f6glichkeit von Bedienungsfehlern.<\/li>\n<li><strong>Wirtschaftlicher Betrieb<\/strong><br \/>\nEin stabiler Prozess und eine niedrige Ausschussrate f\u00fchren langfristig zu erheblichen Kosteneinsparungen.<\/li>\n<li><strong>Flexibles, anpassbares Design<\/strong><br \/>\nDie Anlage kann an die Bed\u00fcrfnisse des Benutzers angepasst werden, einschlie\u00dflich der Wahl zwischen links- und rechtsseitiger T\u00fcr\u00f6ffnung und der spezifischen Anforderungen des Betriebs.<\/li>\n<\/ul>\n<p><strong>Das Basismodell verf\u00fcgt \u00fcber Folgendes.<\/strong><\/p>\n<ul>\n<li>Querstromtechnologie<\/li>\n<li>Vollst\u00e4ndige W\u00e4rmebehandlungsfunktionen zum Trocknen, R\u00e4uchern und Garen<\/li>\n<li>Integrierter Rauchgenerator<\/li>\n<li>Befeuchtungsanlage<\/li>\n<li>Automatisches Reinigungssystem<\/li>\n<li>Gleichm\u00e4\u00dfige Temperatur und Luftverteilung<\/li>\n<li>Industrielle Ausf\u00fchrung aus Edelstahl<\/li>\n<li>Linke oder rechte T\u00fcrgestaltung<\/li>\n<\/ul>\n<p><strong>Zubeh\u00f6r und Sonderzubeh\u00f6r:<br \/>\n<\/strong><\/p>\n<ul>\n<li>Anschluss an einen PC<\/li>\n<li>Raucherwagen<\/li>\n<li>Deichseln (Koppelstangen)<\/li>\n<\/ul>","protected":false},"excerpt":{"rendered":"<p>A PSS SCH t\u00f6bbkocsis rendszer\u0171 f\u00fcst\u00f6l\u0151 \u00e9s h\u0151kezel\u0151 berendez\u00e9sek egyetlen, z\u00e1rt gy\u00e1rt\u00e1si ciklusban biztos\u00edtj\u00e1k a sz\u00e1r\u00edt\u00e1st, f\u00fcst\u00f6l\u00e9st \u00e9s f\u0151z\u00e9st, jelent\u0151sen leegyszer\u0171s\u00edtve a h\u00fasfeldolgoz\u00e1s folyamat\u00e1t. Az egyenletes g\u0151z f\u00fcst \u00e9s leveg\u0151\u00e1raml\u00e1s \u00e1lland\u00f3 h\u0151m\u00e9rs\u00e9kletet \u00e9s kiv\u00e1l\u00f3 term\u00e9kmin\u0151s\u00e9get garant\u00e1l. A be\u00e9p\u00edtett f\u00fcstgener\u00e1tor \u00e9s p\u00e1r\u00e1s\u00edt\u00f3 rendszer megb\u00edzhat\u00f3 ipari megold\u00e1st k\u00edn\u00e1l, egyedi ig\u00e9nyekhez igaz\u00edthat\u00f3 kivitelben.<\/p>\n<p><strong>\u00a0<\/strong><strong>Anwendungen:<\/strong><\/p>\n<ul>\n<li>Die PSS SCH-Anlagen k\u00f6nnen haupts\u00e4chlich in Fleischverarbeitungsbetrieben zur Herstellung von ger\u00e4ucherten und w\u00e4rmebehandelten Fleischerzeugnissen eingesetzt werden, wo das Trocknen, R\u00e4uchern und Garen in einem einzigen, kontrollierten technologischen Prozess stattfindet.<\/li>\n<\/ul>","protected":false},"featured_media":4783,"template":"","meta":{"_acf_changed":false,"_kad_post_transparent":"default","_kad_post_title":"","_kad_post_layout":"default","_kad_post_sidebar_id":"","_kad_post_content_style":"default","_kad_post_vertical_padding":"default","_kad_post_feature":"","_kad_post_feature_position":"","_kad_post_header":false,"_kad_post_footer":false,"_kad_post_classname":""},"pwb-brand":[],"product_brand":[1706],"product_cat":[1765,1739],"product_tag":[1876],"class_list":{"0":"post-2864","1":"product","2":"type-product","3":"status-publish","4":"has-post-thumbnail","6":"product_brand-pss-svidnik-a-s","7":"product_cat-fozofustoloberendezesek","8":"product_cat-tovabbfeldolgozas","9":"product_tag-pss-svidnik-as","11":"first","12":"instock","13":"shipping-taxable","14":"product-type-simple","15":"entry","16":"content-bg","17":"loop-entry"},"acf":[],"brands":[],"_links":{"self":[{"href":"https:\/\/kromiker.hu\/de\/wp-json\/wp\/v2\/product\/2864","targetHints":{"allow":["GET"]}}],"collection":[{"href":"https:\/\/kromiker.hu\/de\/wp-json\/wp\/v2\/product"}],"about":[{"href":"https:\/\/kromiker.hu\/de\/wp-json\/wp\/v2\/types\/product"}],"wp:featuredmedia":[{"embeddable":true,"href":"https:\/\/kromiker.hu\/de\/wp-json\/wp\/v2\/media\/4783"}],"wp:attachment":[{"href":"https:\/\/kromiker.hu\/de\/wp-json\/wp\/v2\/media?parent=2864"}],"wp:term":[{"taxonomy":"pwb-brand","embeddable":true,"href":"https:\/\/kromiker.hu\/de\/wp-json\/wp\/v2\/pwb-brand?post=2864"},{"taxonomy":"product_brand","embeddable":true,"href":"https:\/\/kromiker.hu\/de\/wp-json\/wp\/v2\/product_brand?post=2864"},{"taxonomy":"product_cat","embeddable":true,"href":"https:\/\/kromiker.hu\/de\/wp-json\/wp\/v2\/product_cat?post=2864"},{"taxonomy":"product_tag","embeddable":true,"href":"https:\/\/kromiker.hu\/de\/wp-json\/wp\/v2\/product_tag?post=2864"}],"curies":[{"name":"wp","href":"https:\/\/api.w.org\/{rel}","templated":true}]}}