{"id":2865,"date":"2025-10-15T16:24:20","date_gmt":"2025-10-15T14:24:20","guid":{"rendered":"https:\/\/halnoel1234-kmnuz.wpcomstaging.com\/?post_type=product&#038;p=2865"},"modified":"2026-03-30T20:57:39","modified_gmt":"2026-03-30T18:57:39","slug":"gaser-er-30l-hidraulikus-toltogep","status":"publish","type":"product","link":"https:\/\/kromiker.hu\/de\/product\/gaser-er-30l-hidraulikus-toltogep\/","title":{"rendered":"20\/30\/50 l hydraulische F\u00fcllmaschinen"},"content":{"rendered":"<p><strong>Hauptmerkmale:<\/strong><\/p>\n<ul>\n<li data-start=\"858\" data-end=\"1182\">Hidraulikus dugatty\u00fas rendszer az egyenletes t\u00f6lt\u00e9s\u00e9rt<\/li>\n<li data-start=\"1184\" data-end=\"1231\">\u00c1ll\u00edthat\u00f3 nyom\u00e1s- \u00e9s sebess\u00e9gszab\u00e1lyoz\u00e1s<\/li>\n<li data-start=\"1184\" data-end=\"1231\">Folyamatos \u00e9s prec\u00edz term\u00e9k\u00e1raml\u00e1s<\/li>\n<li data-start=\"1184\" data-end=\"1231\">Edelstahlausf\u00fchrung, hygienisches Design<\/li>\n<li data-start=\"1184\" data-end=\"1231\">K\u00f6nnyen tiszt\u00edthat\u00f3, kivehet\u0151 dugatty\u00fa<\/li>\n<li data-start=\"1184\" data-end=\"1231\">Automatikus nyom\u00e1smentes\u00edt\u00e9s a ciklus v\u00e9g\u00e9n<\/li>\n<\/ul>\n<p data-start=\"1184\" data-end=\"1231\"><strong data-start=\"1184\" data-end=\"1229\">Das Basismodell verf\u00fcgt \u00fcber die folgenden Merkmale:<\/strong><\/p>\n<ul>\n<li data-start=\"1233\" data-end=\"1494\">Hidraulikus henger rozsdamentes dugatty\u00faval<\/li>\n<li data-start=\"1496\" data-end=\"1539\">Nyom\u00e1sszab\u00e1lyoz\u00f3 manom\u00e9terrel<\/li>\n<li data-start=\"1496\" data-end=\"1539\">Sebess\u00e9gszab\u00e1lyoz\u00f3 rendszer<\/li>\n<li data-start=\"1496\" data-end=\"1539\">Be\u00e9p\u00edtett olajtart\u00e1ly szintjelz\u0151vel<\/li>\n<li data-start=\"1496\" data-end=\"1539\">T\u00f6lt\u0151cs\u0151 k\u00e9szlet (\u00d815, \u00d820, \u00d830 mm)<\/li>\n<li data-start=\"1496\" data-end=\"1539\">Ausf\u00fchrung in Edelstahl<\/li>\n<\/ul>\n<p data-start=\"1496\" data-end=\"1539\"><strong data-start=\"1496\" data-end=\"1537\">Zubeh\u00f6r und Sonderzubeh\u00f6r:<\/strong><\/p>\n<ul>\n<li data-start=\"1541\" data-end=\"1756\">K\u00fcl\u00f6nb\u00f6z\u0151 \u00e1tm\u00e9r\u0151j\u0171 t\u00f6lt\u0151cs\u00f6vek<\/li>\n<li data-start=\"1758\" data-end=\"1779\">K\u00fcls\u0151 g\u00f6rg\u0151s kivitel a mobilit\u00e1s n\u00f6vel\u00e9s\u00e9re<\/li>\n<li data-start=\"1758\" data-end=\"1779\">Integr\u00e1ci\u00f3 klipszel\u0151 \u00e9s adagol\u00f3 rendszerekkel<\/li>\n<li data-start=\"1758\" data-end=\"1779\">Speci\u00e1lis kivitel k\u00fcl\u00f6nb\u00f6z\u0151 term\u00e9kekhez<\/li>\n<\/ul>","protected":false},"excerpt":{"rendered":"<p>A <strong data-start=\"55\" data-end=\"108\">Gaser 20, 30 \u00e9s 50 literes hidraulikus t\u00f6lt\u0151g\u00e9pek<\/strong> robusztus, ipari kivitel\u0171 dugatty\u00fas t\u00f6lt\u0151berendez\u00e9sek, amelyeket kolb\u00e1szok, h\u00fask\u00e9sz\u00edtm\u00e9nyek \u00e9s egy\u00e9b viszk\u00f3zus \u00e9lelmiszerek prec\u00edz \u00e9s egyenletes t\u00f6lt\u00e9s\u00e9re terveztek. A hidraulikus rendszer biztos\u00edtja az \u00e1lland\u00f3 nyom\u00e1st \u00e9s az egyenletes t\u00f6lt\u00e9si sebess\u00e9get, \u00edgy kiv\u00e1l\u00f3 min\u0151s\u00e9g\u0171, l\u00e9gmentes term\u00e9kek \u00e1ll\u00edthat\u00f3k el\u0151. A g\u00e9pek rozsdamentes ac\u00e9l kivitel\u0171ek, k\u00f6nnyen tiszt\u00edthat\u00f3k, \u00e9s megb\u00edzhat\u00f3 m\u0171k\u00f6d\u00e9st garant\u00e1lnak kis- \u00e9s k\u00f6zepes kapacit\u00e1s\u00fa \u00fczemekben.<\/p>\n<p data-start=\"557\" data-end=\"585\"><strong data-start=\"557\" data-end=\"583\">Anwendungen:<\/strong><\/p>\n<ul>\n<li data-start=\"587\" data-end=\"835\">H\u00fasiparban kolb\u00e1szok, virsli \u00e9s egy\u00e9b t\u00f6lt\u00f6tt term\u00e9kek gy\u00e1rt\u00e1sa<\/li>\n<li data-start=\"837\" data-end=\"856\">H\u00fasp\u00e9pek \u00e9s dar\u00e1lt h\u00fas alap\u00fa term\u00e9kek adagol\u00e1sa<\/li>\n<li data-start=\"837\" data-end=\"856\">K\u00e9zm\u0171ves \u00e9s kisipari feldolgoz\u00f3kba<\/li>\n<li data-start=\"837\" data-end=\"856\">Kis- \u00e9s k\u00f6zepes kapacit\u00e1s\u00fa \u00fczemek<\/li>\n<li data-start=\"837\" data-end=\"856\">\u00c9lelmiszeripari t\u00f6lt\u00e9si folyamatok automatiz\u00e1l\u00e1sa<\/li>\n<\/ul>","protected":false},"featured_media":5420,"template":"","meta":{"_acf_changed":false,"_kad_post_transparent":"default","_kad_post_title":"","_kad_post_layout":"default","_kad_post_sidebar_id":"","_kad_post_content_style":"default","_kad_post_vertical_padding":"default","_kad_post_feature":"","_kad_post_feature_position":"","_kad_post_header":false,"_kad_post_footer":false,"_kad_post_classname":""},"pwb-brand":[],"product_brand":[1696],"product_cat":[1736,1751,1739],"product_tag":[1866],"class_list":{"0":"post-2865","1":"product","2":"type-product","3":"status-publish","4":"has-post-thumbnail","6":"product_brand-gaser","7":"product_cat-ujakciostermekek","8":"product_cat-tolto-zarogepek","9":"product_cat-tovabbfeldolgozas","10":"product_tag-gaser","12":"first","13":"instock","14":"shipping-taxable","15":"product-type-simple","16":"entry","17":"content-bg","18":"loop-entry"},"acf":[],"brands":[],"_links":{"self":[{"href":"https:\/\/kromiker.hu\/de\/wp-json\/wp\/v2\/product\/2865","targetHints":{"allow":["GET"]}}],"collection":[{"href":"https:\/\/kromiker.hu\/de\/wp-json\/wp\/v2\/product"}],"about":[{"href":"https:\/\/kromiker.hu\/de\/wp-json\/wp\/v2\/types\/product"}],"wp:featuredmedia":[{"embeddable":true,"href":"https:\/\/kromiker.hu\/de\/wp-json\/wp\/v2\/media\/5420"}],"wp:attachment":[{"href":"https:\/\/kromiker.hu\/de\/wp-json\/wp\/v2\/media?parent=2865"}],"wp:term":[{"taxonomy":"pwb-brand","embeddable":true,"href":"https:\/\/kromiker.hu\/de\/wp-json\/wp\/v2\/pwb-brand?post=2865"},{"taxonomy":"product_brand","embeddable":true,"href":"https:\/\/kromiker.hu\/de\/wp-json\/wp\/v2\/product_brand?post=2865"},{"taxonomy":"product_cat","embeddable":true,"href":"https:\/\/kromiker.hu\/de\/wp-json\/wp\/v2\/product_cat?post=2865"},{"taxonomy":"product_tag","embeddable":true,"href":"https:\/\/kromiker.hu\/de\/wp-json\/wp\/v2\/product_tag?post=2865"}],"curies":[{"name":"wp","href":"https:\/\/api.w.org\/{rel}","templated":true}]}}