{"id":2867,"date":"2025-10-15T16:24:20","date_gmt":"2025-10-15T14:24:20","guid":{"rendered":"https:\/\/halnoel1234-kmnuz.wpcomstaging.com\/?post_type=product&#038;p=2867"},"modified":"2026-03-30T21:02:10","modified_gmt":"2026-03-30T19:02:10","slug":"schad-e85-fuzogep","status":"publish","type":"product","link":"https:\/\/kromiker.hu\/de\/product\/schad-e85-fuzogep\/","title":{"rendered":"Schad E85 Hefter"},"content":{"rendered":"<p><strong>Hauptmerkmale:<\/strong><\/p>\n<p>A g\u00e9p tervez\u00e9sekor a k\u00f6vetkez\u0151 alapvet\u0151 jellemz\u0151kre helyezt\u00e9k a hangs\u00falyt:<\/p>\n<ul>\n<li><strong>Nagy teljes\u00edtm\u00e9ny\u0171 hurokk\u00e9sz\u00edt\u00e9s<\/strong> \u2013 gyors \u00e9s folyamatos m\u0171k\u00f6d\u00e9s egys\u00e9ges eredm\u00e9nnyel.<\/li>\n<li><strong>Robusztus konstrukci\u00f3<\/strong> \u2013 stabil \u00e9s hossz\u00fa \u00e9lettartam\u00fa szerkezet, amely ipari k\u00f6r\u00fclm\u00e9nyek k\u00f6z\u00f6tt is megb\u00edzhat\u00f3.<\/li>\n<li><strong>T\u00f6bbf\u00e9le t\u0171m\u00e9ret v\u00e1laszthat\u00f3<\/strong> \u2013 optim\u00e1lis be\u00e1ll\u00edt\u00e1s k\u00fcl\u00f6nb\u00f6z\u0151 h\u00fas- \u00e9s term\u00e9kvastags\u00e1gokhoz.<\/li>\n<li><strong>K\u00f6nny\u0171 kezelhet\u0151s\u00e9g \u00e9s tiszt\u00edthat\u00f3s\u00e1g<\/strong> \u2013 egyszer\u0171 m\u0171k\u00f6dtet\u00e9s \u00e9s higi\u00e9nikus karbantart\u00e1s.<\/li>\n<li><strong>Biztons\u00e1gos, tan\u00fas\u00edtott kivitel<\/strong> \u2013 CE- \u00e9s ipari biztons\u00e1gi el\u0151\u00edr\u00e1soknak megfelel\u0151en.<\/li>\n<\/ul>\n<p><strong>\u00a0<\/strong><strong>Das Basismodell verf\u00fcgt \u00fcber die folgenden Merkmale:<\/strong><\/p>\n<ul>\n<li>F\u00e9l-automata k\u00f6t\u00f6z\u0151 \/ hurokk\u00f6t\u0151 mechanika h\u00fask\u00e9sz\u00edtm\u00e9nyekhez.<\/li>\n<li>Elektromotor hajt\u00e1s (0,37 kW).<\/li>\n<li>\u00c1ll\u00edthat\u00f3 t\u0171-poz\u00edci\u00f3 \u00e9s t\u00f6bb t\u0171\u00e1tm\u00e9r\u0151 v\u00e1laszthat\u00f3s\u00e1ga.<\/li>\n<li>Stabil f\u00e9m (gyakran rozsdamentes) szerkezet az \u00e9lelmiszeripari higi\u00e9niai k\u00f6vetelm\u00e9nyekhez.<\/li>\n<li>Egyszer\u0171 vez\u00e9rl\u00e9s \u00e9s tiszt\u00edthat\u00f3 fel\u00fcletek az \u00e9lelmiszer-biztons\u00e1g \u00e9rdek\u00e9ben.<\/li>\n<\/ul>\n<p>&nbsp;<\/p>\n<p><strong>Zubeh\u00f6r und Sonderzubeh\u00f6r:<\/strong><\/p>\n<ul>\n<li>A g\u00e9phez t\u00f6bbf\u00e9le opcion\u00e1lis tartoz\u00e9k \u00e9s fejleszt\u00e9s k\u00e9rhet\u0151 a speci\u00e1lis ig\u00e9nyekhez:<\/li>\n<li><strong>F\u00fcst\u00f6l\u0151 r\u00fad adapterek<\/strong> \u2013 lehet\u0151v\u00e9 teszi a h\u00fasok k\u00f6zvetlen felakaszt\u00e1s\u00e1t f\u00fcst\u00f6l\u0151rudakra (k\u00fcl\u00f6nb\u00f6z\u0151 hossz\u00fas\u00e1gokban).<\/li>\n<li><strong>Speci\u00e1lis k\u00f6t\u00f6z\u0151 eszk\u00f6z\u00f6k<\/strong> \u2013 pl. finom h\u00fasokhoz vagy csontn\u00e9lk\u00fcli term\u00e9kekhez val\u00f3 k\u00f6t\u0151egys\u00e9gek.<\/li>\n<li><strong>\u201ePig\u2019s trotter\u201d (\u201emalacl\u00e1b\u201d) sz\u00e9tfesz\u00edt\u0151 eszk\u00f6z<\/strong> \u2013 ha a term\u00e9k form\u00e1ja ezt ig\u00e9nyli.<\/li>\n<li><strong>Ergonomikus kieg\u00e9sz\u00edt\u0151k<\/strong> \u2013 p\u00e9ld\u00e1ul g\u00f6rg\u0151s asztal vagy munkaasztal a k\u00e9nyelmesebb munkav\u00e9gz\u00e9shez.<\/li>\n<\/ul>","protected":false},"excerpt":{"rendered":"<p>A <strong>Schad E85-2<\/strong> egy f\u00e9l-automatikus h\u00fask\u00f6t\u00f6z\u0151 \u00e9s hurokk\u00f6t\u0151 g\u00e9p, amelyet els\u0151sorban h\u00fasipari \u00fczemek, hentes\u00fczletek \u00e9s termel\u0151k sz\u00e1m\u00e1ra fejlesztettek ki. F\u0151 feladata <strong>h\u00fask\u00e9sz\u00edtm\u00e9nyekre (pl. f\u00fcst\u00f6lni vagy sz\u00e1ll\u00edtani sz\u00e1nt h\u00fasok) hurok \/ k\u00f6t\u00f6z\u0151 zsin\u00f3r felhelyez\u00e9se gyorsan \u00e9s egys\u00e9gesen<\/strong>, ezzel jelent\u0151sen cs\u00f6kkentve a k\u00e9zi munkaig\u00e9nyt \u00e9s n\u00f6velve a termel\u00e9kenys\u00e9get. A g\u00e9p robusztus, stabil szerkezet\u0171, megb\u00edzhat\u00f3 m\u0171k\u00f6d\u00e9s\u0171 \u00e9s k\u00f6nnyen tiszt\u00edthat\u00f3.<\/p>\n<p><strong>Anwendungsbereiche<\/strong><\/p>\n<p>A Schad E85-2 ide\u00e1lis olyan \u00e9lelmiszeripari k\u00f6rnyezetben, ahol <strong>f\u00fcst\u00f6l\u00e9sre, sz\u00e1ll\u00edt\u00e1sra el\u0151k\u00e9sz\u00edtett h\u00fasokhoz kell hurok-akaszt\u00e1st vagy k\u00f6t\u00f6z\u00e9st v\u00e9gezni<\/strong>. Tipikus alkalmaz\u00e1sok:<\/p>\n<ul>\n<li>H\u00fasok (pl. sonka, kolb\u00e1sz, tarja, pulyka, marha) hurokkal t\u00f6rt\u00e9n\u0151 ell\u00e1t\u00e1sa f\u00fcst\u00f6l\u00e9shez, t\u00e1rol\u00e1shoz vagy sz\u00e1ll\u00edt\u00e1shoz.<\/li>\n<li>Hentes\u00fczletek napi termel\u00e9si folyamataiban a k\u00f6t\u00f6z\u00e9sek egys\u00e9ges\u00edt\u00e9se \u00e9s gyors\u00edt\u00e1sa.<\/li>\n<li>\u00c9lelmiszer-feldolgoz\u00f3 \u00fczemekben sorozat- \u00e9s t\u00f6meges k\u00f6t\u00f6z\u00e9si feladatok.<\/li>\n<\/ul>","protected":false},"featured_media":4953,"template":"","meta":{"_acf_changed":false,"_kad_post_transparent":"default","_kad_post_title":"","_kad_post_layout":"default","_kad_post_sidebar_id":"","_kad_post_content_style":"default","_kad_post_vertical_padding":"default","_kad_post_feature":"","_kad_post_feature_position":"","_kad_post_header":false,"_kad_post_footer":false,"_kad_post_classname":""},"pwb-brand":[],"product_brand":[1697],"product_cat":[1755,1739],"product_tag":[1878],"class_list":{"0":"post-2867","1":"product","2":"type-product","3":"status-publish","4":"has-post-thumbnail","6":"product_brand-rudolf-schad","7":"product_cat-kotozo-fuzogepek","8":"product_cat-tovabbfeldolgozas","9":"product_tag-rudolf-schad","11":"first","12":"instock","13":"shipping-taxable","14":"product-type-simple","15":"entry","16":"content-bg","17":"loop-entry"},"acf":[],"brands":[],"_links":{"self":[{"href":"https:\/\/kromiker.hu\/de\/wp-json\/wp\/v2\/product\/2867","targetHints":{"allow":["GET"]}}],"collection":[{"href":"https:\/\/kromiker.hu\/de\/wp-json\/wp\/v2\/product"}],"about":[{"href":"https:\/\/kromiker.hu\/de\/wp-json\/wp\/v2\/types\/product"}],"wp:featuredmedia":[{"embeddable":true,"href":"https:\/\/kromiker.hu\/de\/wp-json\/wp\/v2\/media\/4953"}],"wp:attachment":[{"href":"https:\/\/kromiker.hu\/de\/wp-json\/wp\/v2\/media?parent=2867"}],"wp:term":[{"taxonomy":"pwb-brand","embeddable":true,"href":"https:\/\/kromiker.hu\/de\/wp-json\/wp\/v2\/pwb-brand?post=2867"},{"taxonomy":"product_brand","embeddable":true,"href":"https:\/\/kromiker.hu\/de\/wp-json\/wp\/v2\/product_brand?post=2867"},{"taxonomy":"product_cat","embeddable":true,"href":"https:\/\/kromiker.hu\/de\/wp-json\/wp\/v2\/product_cat?post=2867"},{"taxonomy":"product_tag","embeddable":true,"href":"https:\/\/kromiker.hu\/de\/wp-json\/wp\/v2\/product_tag?post=2867"}],"curies":[{"name":"wp","href":"https:\/\/api.w.org\/{rel}","templated":true}]}}