{"id":2868,"date":"2025-10-15T16:24:20","date_gmt":"2025-10-15T14:24:20","guid":{"rendered":"https:\/\/halnoel1234-kmnuz.wpcomstaging.com\/?post_type=product&#038;p=2868"},"modified":"2026-03-30T21:00:59","modified_gmt":"2026-03-30T19:00:59","slug":"nock-nre-1500-eisflockenfabrik","status":"publish","type":"product","link":"https:\/\/kromiker.hu\/de\/product\/nock-nre-1500-jegpehely-gyarto\/","title":{"rendered":"Nock NRE 1500 Maschine zur Herstellung von Eisflocken"},"content":{"rendered":"<p><strong>Hauptmerkmale:<\/strong><\/p>\n<ul>\n<li><strong>Entwurf:<\/strong>\u00a0Das robuste Industriedesign besteht vollst\u00e4ndig aus rostfreiem Stahl und gew\u00e4hrleistet ein hohes Ma\u00df an Hygiene, Korrosionsbest\u00e4ndigkeit und einfacher Reinigung.<\/li>\n<li><strong>Eisbildung:<\/strong> 1 500 kg Eisflocken\/24 Stunden (bei 25 \u00b0C Umgebungs- und 15 \u00b0C Wassertemperatur) - genug f\u00fcr eine Hochleistungsanlage im industriellen Ma\u00dfstab.<\/li>\n<li><strong>Temperatur und Form des Eises:<\/strong> Die Temperatur der gebildeten Eisflocken betr\u00e4gt ca. <strong>-8 \u00b0C<\/strong>. Das Eis besteht aus schuppenartigen d\u00fcnnen Platten (~2 mm dick), die sich ideal f\u00fcr die K\u00fchlung, Produktpr\u00e4sentation und Langzeitlagerung eignen.<\/li>\n<li><strong>Konstruktion: <\/strong>Die Maschine verf\u00fcgt \u00fcber eine eingebaute K\u00fchleinheit und Luftk\u00fchlung. Geh\u00e4use und Tank aus Edelstahl gew\u00e4hrleisten die Einhaltung der Lebensmittelhygiene.<\/li>\n<li><strong>Hygiene:<\/strong> Die Konstruktion des Wassertanks erm\u00f6glicht eine schnelle und einfache t\u00e4gliche Reinigung und Desinfektion, sogar mit Hochdruckreinigungsschaum, ohne den Wassertank zu zerlegen.<\/li>\n<\/ul>\n<p><strong>Das Basismodell verf\u00fcgt \u00fcber die folgenden Merkmale:<\/strong><\/p>\n<ul>\n<li>Integrierte Steuerung und elektrische Anlage<\/li>\n<li>Luftgek\u00fchlt Integrierte K\u00fchleinheit:<\/li>\n<li>Modernes K\u00e4ltemittel - R449A<\/li>\n<\/ul>\n<p><strong>Zubeh\u00f6r und Sonderzubeh\u00f6r:<\/strong><\/p>\n<ul>\n<li>Regalsystem<\/li>\n<li>Vorfilter \/ Wasserfiltersystem<\/li>\n<li>Eisvorratsbeh\u00e4lter<\/li>\n<li>Ausf\u00fchrung ohne K\u00fchlaggregat (Option)<\/li>\n<\/ul>","protected":false},"excerpt":{"rendered":"<p>A <strong>Nocke NRE 1500<\/strong> ist eine automatische Eismaschine mit hoher Kapazit\u00e4t, die haupts\u00e4chlich in der Lebensmittelindustrie, der Fisch- und Fleischindustrie, in der Gastronomie, in Superm\u00e4rkten und in gro\u00dfen Betrieben eingesetzt wird, in denen eine kontinuierliche, gro\u00dfe Menge an Speiseeis ben\u00f6tigt wird.<\/p>\n<p><strong>Anwendungen:<\/strong><\/p>\n<p>- F\u00fcr die schnelle K\u00fchlung und Konservierung von Frischfleisch, Fisch und Meeresfr\u00fcchten.<br \/>\n- Kontinuierliche K\u00fchlung zur Erhaltung der Produktqualit\u00e4t und -frische.<br \/>\n- Integration in Prozesslinien zur schnellen und gleichm\u00e4\u00dfigen Temperatursenkung.<\/p>","protected":false},"featured_media":4647,"template":"","meta":{"_acf_changed":false,"_kad_post_transparent":"default","_kad_post_title":"","_kad_post_layout":"default","_kad_post_sidebar_id":"","_kad_post_content_style":"default","_kad_post_vertical_padding":"default","_kad_post_feature":"","_kad_post_feature_position":"","_kad_post_header":false,"_kad_post_footer":false,"_kad_post_classname":""},"pwb-brand":[],"product_brand":[1698],"product_cat":[1768,1739],"product_tag":[1875],"class_list":{"0":"post-2868","1":"product","2":"type-product","3":"status-publish","4":"has-post-thumbnail","6":"product_brand-nock","7":"product_cat-jegpehely-gyarto-gepek","8":"product_cat-tovabbfeldolgozas","9":"product_tag-nock","11":"first","12":"instock","13":"shipping-taxable","14":"product-type-simple","15":"entry","16":"content-bg","17":"loop-entry"},"acf":[],"brands":[],"_links":{"self":[{"href":"https:\/\/kromiker.hu\/de\/wp-json\/wp\/v2\/product\/2868","targetHints":{"allow":["GET"]}}],"collection":[{"href":"https:\/\/kromiker.hu\/de\/wp-json\/wp\/v2\/product"}],"about":[{"href":"https:\/\/kromiker.hu\/de\/wp-json\/wp\/v2\/types\/product"}],"wp:featuredmedia":[{"embeddable":true,"href":"https:\/\/kromiker.hu\/de\/wp-json\/wp\/v2\/media\/4647"}],"wp:attachment":[{"href":"https:\/\/kromiker.hu\/de\/wp-json\/wp\/v2\/media?parent=2868"}],"wp:term":[{"taxonomy":"pwb-brand","embeddable":true,"href":"https:\/\/kromiker.hu\/de\/wp-json\/wp\/v2\/pwb-brand?post=2868"},{"taxonomy":"product_brand","embeddable":true,"href":"https:\/\/kromiker.hu\/de\/wp-json\/wp\/v2\/product_brand?post=2868"},{"taxonomy":"product_cat","embeddable":true,"href":"https:\/\/kromiker.hu\/de\/wp-json\/wp\/v2\/product_cat?post=2868"},{"taxonomy":"product_tag","embeddable":true,"href":"https:\/\/kromiker.hu\/de\/wp-json\/wp\/v2\/product_tag?post=2868"}],"curies":[{"name":"wp","href":"https:\/\/api.w.org\/{rel}","templated":true}]}}