{"id":2870,"date":"2025-10-15T16:24:21","date_gmt":"2025-10-15T14:24:21","guid":{"rendered":"https:\/\/halnoel1234-kmnuz.wpcomstaging.com\/?post_type=product&#038;p=2870"},"modified":"2026-05-14T11:07:47","modified_gmt":"2026-05-14T09:07:47","slug":"cbs3-vizszintes-szeletelogep","status":"publish","type":"product","link":"https:\/\/kromiker.hu\/de\/product\/cbs3-vizszintes-szeletelogep\/","title":{"rendered":"FTT CBS3 v\u00edzszintes csirkemell szeletel\u0151g\u00e9p"},"content":{"rendered":"<p><strong><span style=\"font-family: 'Poppins',serif\">Hauptmerkmale:<\/span><\/strong><\/p>\n<ul>\n<li style=\"text-align: left\" data-start=\"1015\" data-end=\"1350\"><span style=\"font-family: 'Poppins',serif\">H\u00e1romp\u00e1ly\u00e1s kialak\u00edt\u00e1s a maxim\u00e1lis teljes\u00edtm\u00e9ny \u00e9rdek\u00e9ben<\/span><\/li>\n<li style=\"text-align: left\" data-start=\"1015\" data-end=\"1350\"><span style=\"font-family: 'Poppins',serif\">Oszcill\u00e1l\u00f3 k\u00e9srendszer az egyenletes szeletvastags\u00e1g\u00e9rt<\/span><\/li>\n<li style=\"text-align: left\" data-start=\"1015\" data-end=\"1350\"><span style=\"font-family: 'Poppins',serif\">H\u00e1rom f\u00fcggetlen szeletel\u0151 p\u00e1lya k\u00fcl\u00f6n be\u00e1ll\u00edt\u00e1si lehet\u0151s\u00e9gekkel<\/span><\/li>\n<li style=\"text-align: left\" data-start=\"1015\" data-end=\"1350\"><span style=\"font-family: 'Poppins',serif\">K\u00edm\u00e9letes term\u00e9ksz\u00e1ll\u00edt\u00e1s lebeg\u0151 nyom\u00f3szalagokkal<\/span><\/li>\n<li style=\"text-align: left\" data-start=\"1015\" data-end=\"1350\"><span style=\"font-family: 'Poppins',serif\">\u00c1ll\u00edthat\u00f3 szeletvastags\u00e1g \u00e9s szeletsz\u00e1m<\/span><\/li>\n<li style=\"text-align: left\" data-start=\"1015\" data-end=\"1350\"><span style=\"font-family: 'Poppins',serif\">Rozsdamentes ac\u00e9l, higi\u00e9nikus ipari kivitel<\/span><\/li>\n<\/ul>\n<p data-start=\"1352\" data-end=\"1399\"><strong data-start=\"1352\" data-end=\"1397\"><span style=\"font-family: 'Poppins',serif\">Das Basismodell verf\u00fcgt \u00fcber die folgenden Merkmale:<\/span><\/strong><\/p>\n<ul>\n<li data-start=\"1401\" data-end=\"1599\"><span style=\"font-family: 'Poppins',serif\">H\u00e1rom f\u00fcggetlen sz\u00e1ll\u00edt\u00f3p\u00e1lya<\/span><\/li>\n<li data-start=\"1401\" data-end=\"1599\"><span style=\"font-family: 'Poppins',serif\">Oszcill\u00e1l\u00f3 k\u00e9ses szeletel\u0151 egys\u00e9g<\/span><\/li>\n<li data-start=\"1401\" data-end=\"1599\"><span style=\"font-family: 'Poppins',serif\">Nyom\u00f3szalagos term\u00e9kr\u00f6gz\u00edt\u0151 rendszer<\/span><\/li>\n<li data-start=\"1401\" data-end=\"1599\"><span style=\"font-family: 'Poppins',serif\">F\u00fcggetlen hajt\u00e1sszab\u00e1lyoz\u00e1s (szalag \u00e9s k\u00e9s)<\/span><\/li>\n<li data-start=\"1401\" data-end=\"1599\"><span style=\"font-family: 'Poppins',serif\">Rozsdamentes ac\u00e9l v\u00e1z \u00e9s burkolat<\/span><\/li>\n<\/ul>\n<p data-start=\"1601\" data-end=\"1644\"><strong data-start=\"1601\" data-end=\"1642\"><span style=\"font-family: 'Poppins',serif\">Zubeh\u00f6r und Sonderzubeh\u00f6r:<\/span><\/strong><\/p>\n<ul>\n<li data-start=\"1646\" data-end=\"1890\"><span style=\"font-family: 'Poppins',serif\">T\u00f6bbk\u00e9ses kivitel (1\u20135 k\u00e9s) k\u00fcl\u00f6nb\u00f6z\u0151 szeletsz\u00e1mhoz<\/span><\/li>\n<li data-start=\"1646\" data-end=\"1890\"><span style=\"font-family: 'Poppins',serif\">K\u00fcl\u00f6nb\u00f6z\u0151 k\u00e9skialak\u00edt\u00e1sok specifikus alkalmaz\u00e1sokhoz<\/span><\/li>\n<li data-start=\"1646\" data-end=\"1890\"><span style=\"font-family: 'Poppins',serif\">Szeletlev\u00e1laszt\u00f3 rendszer<\/span><\/li>\n<li data-start=\"1646\" data-end=\"1890\"><span style=\"font-family: 'Poppins',serif\">V\u00edzpermetez\u0151 rendszer a szalagok tiszt\u00edt\u00e1s\u00e1hoz<\/span><\/li>\n<li data-start=\"1646\" data-end=\"1890\"><span style=\"font-family: 'Poppins',serif\">Integr\u00e1ci\u00f3 adagol\u00f3- \u00e9s csomagol\u00f3 rendszerekkel<\/span><\/li>\n<\/ul>","protected":false},"excerpt":{"rendered":"<p>A <strong data-start=\"68\" data-end=\"103\">Food Technology Thielemann CBS3<\/strong> egy h\u00e1romp\u00e1ly\u00e1s, nagy sebess\u00e9g\u0171 ipari v\u00edzszintes szeletel\u0151 berendez\u00e9s, amelyet csont n\u00e9lk\u00fcli baromfi mellfil\u00e9k prec\u00edz \u00e9s egyenletes szeletel\u00e9s\u00e9re fejlesztettek ki. A g\u00e9p oszcill\u00e1l\u00f3 k\u00e9srendszere kiv\u00e1l\u00f3 v\u00e1g\u00e1si min\u0151s\u00e9get biztos\u00edt, mik\u00f6zben a \u00a0sz\u00e1ll\u00edt\u00f3szalagok k\u00edm\u00e9letes term\u00e9ktov\u00e1bb\u00edt\u00e1st tesznek lehet\u0151v\u00e9. A h\u00e1rom f\u00fcggetlen szeletel\u0151 p\u00e1lya maxim\u00e1lis rugalmass\u00e1got biztos\u00edt, \u00edgy k\u00fcl\u00f6nb\u00f6z\u0151 vastags\u00e1g\u00fa \u00e9s darabsz\u00e1m\u00fa szeletek egyidej\u0171 el\u0151\u00e1ll\u00edt\u00e1sa is megval\u00f3s\u00edthat\u00f3. A berendez\u00e9s kifejezetten nagy kapacit\u00e1s\u00fa, folyamatos ipari \u00fczemre k\u00e9sz\u00fclt.<\/p>\n<p data-start=\"678\" data-end=\"706\"><strong data-start=\"678\" data-end=\"704\">Anwendungen:<\/strong><\/p>\n<ul>\n<li data-start=\"708\" data-end=\"992\">Baromfiiparban csirkemell fil\u00e9k v\u00edzszintes szeletel\u00e9se nagy kapacit\u00e1ssal<\/li>\n<li data-start=\"708\" data-end=\"992\">Schnitzel, cordon bleu \u00e9s egy\u00e9b t\u00f6lt\u00f6tt vagy szeletelt term\u00e9kek el\u0151\u00e1ll\u00edt\u00e1sa<\/li>\n<li data-start=\"708\" data-end=\"992\">Friss vagy el\u0151h\u0171t\u00f6tt csont n\u00e9lk\u00fcli baromfi feldolgoz\u00e1sa<\/li>\n<li data-start=\"708\" data-end=\"992\">Nagy teljes\u00edtm\u00e9ny\u0171 feldolgoz\u00f3- \u00e9s csomagol\u00f3vonalakba integr\u00e1lva<\/li>\n<\/ul>","protected":false},"featured_media":5343,"template":"","meta":{"_acf_changed":false,"_kad_post_transparent":"default","_kad_post_title":"","_kad_post_layout":"default","_kad_post_sidebar_id":"","_kad_post_content_style":"default","_kad_post_vertical_padding":"default","_kad_post_feature":"","_kad_post_feature_position":"","_kad_post_header":false,"_kad_post_footer":false,"_kad_post_classname":""},"pwb-brand":[1893],"product_brand":[1699],"product_cat":[1758,1740],"product_tag":[1864],"class_list":{"0":"post-2870","1":"product","2":"type-product","3":"status-publish","4":"has-post-thumbnail","6":"pwb-brand-food-technology-thielemann","7":"product_brand-food-technology-thielemann","8":"product_cat-szeletelogepek","9":"product_cat-szeleteles-apritas-kockazas","10":"product_tag-food-technology-thielemann","12":"first","13":"instock","14":"shipping-taxable","15":"product-type-simple","16":"entry","17":"content-bg","18":"loop-entry"},"acf":[],"brands":[{"id":1893,"name":"Lebensmitteltechnologie Thielemann","slug":"food-technology-thielemann"}],"_links":{"self":[{"href":"https:\/\/kromiker.hu\/de\/wp-json\/wp\/v2\/product\/2870","targetHints":{"allow":["GET"]}}],"collection":[{"href":"https:\/\/kromiker.hu\/de\/wp-json\/wp\/v2\/product"}],"about":[{"href":"https:\/\/kromiker.hu\/de\/wp-json\/wp\/v2\/types\/product"}],"wp:featuredmedia":[{"embeddable":true,"href":"https:\/\/kromiker.hu\/de\/wp-json\/wp\/v2\/media\/5343"}],"wp:attachment":[{"href":"https:\/\/kromiker.hu\/de\/wp-json\/wp\/v2\/media?parent=2870"}],"wp:term":[{"taxonomy":"pwb-brand","embeddable":true,"href":"https:\/\/kromiker.hu\/de\/wp-json\/wp\/v2\/pwb-brand?post=2870"},{"taxonomy":"product_brand","embeddable":true,"href":"https:\/\/kromiker.hu\/de\/wp-json\/wp\/v2\/product_brand?post=2870"},{"taxonomy":"product_cat","embeddable":true,"href":"https:\/\/kromiker.hu\/de\/wp-json\/wp\/v2\/product_cat?post=2870"},{"taxonomy":"product_tag","embeddable":true,"href":"https:\/\/kromiker.hu\/de\/wp-json\/wp\/v2\/product_tag?post=2870"}],"curies":[{"name":"wp","href":"https:\/\/api.w.org\/{rel}","templated":true}]}}