{"id":2872,"date":"2025-10-15T16:24:21","date_gmt":"2025-10-15T14:24:21","guid":{"rendered":"https:\/\/halnoel1234-kmnuz.wpcomstaging.com\/?post_type=product&#038;p=2872"},"modified":"2026-04-14T19:44:48","modified_gmt":"2026-04-14T17:44:48","slug":"ruhle-ir29-tobbtuspacolo","status":"publish","type":"product","link":"https:\/\/kromiker.hu\/de\/product\/ruhle-ir29-tobbtuspacolo\/","title":{"rendered":"R\u00fchle IR29 Mehrnadelmarinator"},"content":{"rendered":"<p><strong>Hauptmerkmale:<\/strong><\/p>\n<ul>\n<li data-start=\"918\" data-end=\"1412\">29-poliges Einspritzsystem f\u00fcr h\u00f6here Leistung<\/li>\n<li data-start=\"1414\" data-end=\"1461\">Egyt\u0171s vez\u00e9rl\u00e9s \u201eSingle needle control\u201d \u2013 pontos \u00e9s egyenletes p\u00e1cl\u00e9 eloszl\u00e1s<\/li>\n<li data-start=\"1414\" data-end=\"1461\">Edelstahl-Kreiselpumpe \u2013 gleichm\u00e4\u00dfiger Druck und geringe Pulsation<\/li>\n<li data-start=\"1414\" data-end=\"1461\">Einstellbare Betriebsdrehzahl und Bandvorschub<\/li>\n<li data-start=\"1414\" data-end=\"1461\">Hervorragendes hygienisches Design, leichte Reinigung<\/li>\n<li data-start=\"1414\" data-end=\"1461\">Eingebautes Weichsp\u00fclsystem zur Lockerung der Fleischstruktur<\/li>\n<\/ul>\n<p data-start=\"1414\" data-end=\"1461\"><strong data-start=\"1414\" data-end=\"1459\">Das Basismodell verf\u00fcgt \u00fcber die folgenden Merkmale:<\/strong><\/p>\n<ul>\n<li data-start=\"1463\" data-end=\"1710\">29-Pin-Injektionskopf<\/li>\n<li data-start=\"1712\" data-end=\"1755\">F\u00f6rderband aus Edelstahl<\/li>\n<li data-start=\"1712\" data-end=\"1755\">Drehkolbenpumpensystem<\/li>\n<li data-start=\"1712\" data-end=\"1755\">Touchscreen-PC-Steuerung<\/li>\n<li data-start=\"1712\" data-end=\"1755\">Einstellbare Geschwindigkeit und Zyklusanzahl<\/li>\n<li data-start=\"1712\" data-end=\"1755\">Rampe f\u00fcr Perlen (auch als Arbeitsfl\u00e4che nutzbar)<\/li>\n<\/ul>\n<p data-start=\"1712\" data-end=\"1755\"><strong data-start=\"1712\" data-end=\"1753\">Zubeh\u00f6r und Sonderzubeh\u00f6r:<\/strong><\/p>\n<ul>\n<li data-start=\"1757\" data-end=\"1960\">Verschiedene Nadeltypen und -durchmesser<\/li>\n<li data-start=\"1962\" data-end=\"1983\">Schleiffiltersystem<\/li>\n<li data-start=\"1962\" data-end=\"1983\">F\u00f6rderbandintegration<\/li>\n<li data-start=\"1962\" data-end=\"1983\">Passend f\u00fcr den vollst\u00e4ndigen Tauchlackauftrag<\/li>\n<li data-start=\"1962\" data-end=\"1983\">Spezielle Konfigurationen f\u00fcr verschiedene Produkte<\/li>\n<\/ul>","protected":false},"excerpt":{"rendered":"<p>A <strong data-start=\"32\" data-end=\"62\">R\u00fchle IR 29 D\u00fcsenbeizger\u00e4t<\/strong> Eine Injektionsanlage mit hoher Kapazit\u00e4t f\u00fcr den industriellen Einsatz, entwickelt zum schnellen und \u00e4u\u00dferst gleichm\u00e4\u00dfigen Marinieren von Fleischprodukten. Die Maschine arbeitet mit dem bew\u00e4hrten \u201eSingle Needle Control\u201d-System, das sicherstellt, dass jede Nadel nur dann Fleischsaft injiziert, wenn sie sich im Fleisch befindet. Dies verhindert eine \u00dcberinjektion und garantiert eine gleichm\u00e4\u00dfige Verteilung. Durch die h\u00f6here Nadelanzahl und die gr\u00f6\u00dfere F\u00f6rderbandbreite bietet sie eine h\u00f6here Leistung und einen besseren Durchsatz im Vergleich zur IR17 und ist somit ideal f\u00fcr mittlere und gr\u00f6\u00dfere Betriebe.<\/p>\n<p data-start=\"581\" data-end=\"609\"><strong data-start=\"581\" data-end=\"607\">Anwendungen:<\/strong><\/p>\n<ul>\n<li data-start=\"611\" data-end=\"895\">In der Fleischverarbeitung das Injizieren von frischem und mariniertem Fleisch (Schwein, Rind, Gefl\u00fcgel)<\/li>\n<li data-start=\"897\" data-end=\"916\">Schinkenherstellung und das Marinieren von Fleischteilen<\/li>\n<li data-start=\"897\" data-end=\"916\">Gew\u00e4hrleistung einer gleichm\u00e4\u00dfigen Marinadenverteilung in Gefl\u00fcgelprodukten<\/li>\n<li data-start=\"897\" data-end=\"916\">Vorbereitung von Zutaten f\u00fcr Grill- und Fertiggerichte<\/li>\n<li data-start=\"897\" data-end=\"916\">Mittelgro\u00dfe und gro\u00dfe Verarbeitungsbetriebe<\/li>\n<\/ul>","protected":false},"featured_media":5438,"template":"","meta":{"_acf_changed":false,"_kad_post_transparent":"default","_kad_post_title":"","_kad_post_layout":"default","_kad_post_sidebar_id":"","_kad_post_content_style":"default","_kad_post_vertical_padding":"default","_kad_post_feature":"","_kad_post_feature_position":"","_kad_post_header":false,"_kad_post_footer":false,"_kad_post_classname":""},"pwb-brand":[],"product_brand":[1690],"product_cat":[1770],"product_tag":[1877],"class_list":{"0":"post-2872","1":"product","2":"type-product","3":"status-publish","4":"has-post-thumbnail","6":"product_brand-ruhle","7":"product_cat-pacologepek","8":"product_tag-ruhle","10":"first","11":"instock","12":"shipping-taxable","13":"product-type-simple","14":"entry","15":"content-bg","16":"loop-entry"},"acf":[],"brands":[],"_links":{"self":[{"href":"https:\/\/kromiker.hu\/de\/wp-json\/wp\/v2\/product\/2872","targetHints":{"allow":["GET"]}}],"collection":[{"href":"https:\/\/kromiker.hu\/de\/wp-json\/wp\/v2\/product"}],"about":[{"href":"https:\/\/kromiker.hu\/de\/wp-json\/wp\/v2\/types\/product"}],"wp:featuredmedia":[{"embeddable":true,"href":"https:\/\/kromiker.hu\/de\/wp-json\/wp\/v2\/media\/5438"}],"wp:attachment":[{"href":"https:\/\/kromiker.hu\/de\/wp-json\/wp\/v2\/media?parent=2872"}],"wp:term":[{"taxonomy":"pwb-brand","embeddable":true,"href":"https:\/\/kromiker.hu\/de\/wp-json\/wp\/v2\/pwb-brand?post=2872"},{"taxonomy":"product_brand","embeddable":true,"href":"https:\/\/kromiker.hu\/de\/wp-json\/wp\/v2\/product_brand?post=2872"},{"taxonomy":"product_cat","embeddable":true,"href":"https:\/\/kromiker.hu\/de\/wp-json\/wp\/v2\/product_cat?post=2872"},{"taxonomy":"product_tag","embeddable":true,"href":"https:\/\/kromiker.hu\/de\/wp-json\/wp\/v2\/product_tag?post=2872"}],"curies":[{"name":"wp","href":"https:\/\/api.w.org\/{rel}","templated":true}]}}