{"id":2878,"date":"2025-10-15T16:24:28","date_gmt":"2025-10-15T14:24:28","guid":{"rendered":"https:\/\/halnoel1234-kmnuz.wpcomstaging.com\/?post_type=product&#038;p=2878"},"modified":"2026-03-30T21:03:36","modified_gmt":"2026-03-30T19:03:36","slug":"belepteto-kapu","status":"publish","type":"product","link":"https:\/\/kromiker.hu\/de\/product\/belepteto-kapu\/","title":{"rendered":"Xucla \u201eEffiziente Kompakt\u201d-Hygienestation"},"content":{"rendered":"<p><strong>Hauptmerkmale:<\/strong><\/p>\n<ul>\n<li>Kompaktes, platzsparendes Design<\/li>\n<li>Automatische Hand- und Fu\u00dfdesinfektion<\/li>\n<li>Gepr\u00fcfter Durchgang \u2013 nur nach Desinfektion weiter<\/li>\n<li>Vollst\u00e4ndig rostfreie Stahlkonstruktion<\/li>\n<li>Einfache Reinigbarkeit und Wartung<\/li>\n<\/ul>\n<p><strong>Das Basismodell verf\u00fcgt \u00fcber Folgendes.<\/strong><\/p>\n<ul>\n<li>Handdesinfektionsger\u00e4t mit automatischer Dosierung<\/li>\n<li>Fu\u00dfdesinfektions- oder Fu\u00dfwaschmodul<\/li>\n<li>Schrankenanlage oder Drehkreuzsystem zur Regelung des Durchgangs<\/li>\n<li>\u00a0Infrarot-Handerfassungssystem<\/li>\n<li>Elektrobedienfeld<\/li>\n<\/ul>\n<p>&nbsp;<\/p>\n<p><strong>Zubeh\u00f6r und Sonderzubeh\u00f6r:<\/strong><\/p>\n<ul>\n<li>Einheit zur Reinigung von G\u00e4nsef\u00fc\u00dfen<\/li>\n<li>Waschmodul mit Wasser- und Seifenspender<\/li>\n<li>Touchscreen-PLC-Steuerung<\/li>\n<li>Chemikalien-Erkennungssystem<\/li>\n<li>Zweiseitige Durchfahrtsm\u00f6glichkeit<\/li>\n<\/ul>","protected":false},"excerpt":{"rendered":"<p>A <strong>Xucla Effizient &amp; Kompakt<\/strong> Die Hygienestation ist ein kompaktes, hocheffizientes Zugangskontrollsystem, das zur \u00dcberwachung und Desinfektion der Personalsanit\u00e4t in Lebensmittelbetrieben entwickelt wurde. Die Anlage kombiniert Handdesinfektion, Schuhdesinfektion und kontrollierten Durchgang in einer einzigen, platzsparenden Einheit und gew\u00e4hrleistet so die konsequente Einhaltung von Hygienestandards.<\/p>\n<p><strong>\u00a0<\/strong><strong>Anwendungen:<\/strong><\/p>\n<p><strong>\u00a0<\/strong>Das Ger\u00e4t kann haupts\u00e4chlich an Personalschleusen von Fleisch- und Lebensmittelbetrieben eingesetzt werden, wo die Einhaltung von Hygienestandards von gr\u00f6\u00dfter Bedeutung ist. Es ist die ideale L\u00f6sung f\u00fcr die Zonengrenzen von Verarbeitungs- und Verpackungsbereichen, wo ein kontrollierter Durchgang zwischen sauberen und weniger sauberen Bereichen erforderlich ist.<\/p>\n<p>Zus\u00e4tzlich ist es in jeder Produktionsumgebung mit hohen Hygieneanforderungen einsetzbar, wo im Rahmen des HACCP-Systems eine kontinuierliche und dokumentierbare \u00dcberwachung der pers\u00f6nlichen Hygiene gew\u00e4hrleistet sein muss.<\/p>","protected":false},"featured_media":5132,"template":"","meta":{"_acf_changed":false,"_kad_post_transparent":"default","_kad_post_title":"","_kad_post_layout":"default","_kad_post_sidebar_id":"","_kad_post_content_style":"default","_kad_post_vertical_padding":"default","_kad_post_feature":"","_kad_post_feature_position":"","_kad_post_header":false,"_kad_post_footer":false,"_kad_post_classname":""},"pwb-brand":[],"product_brand":[1711],"product_cat":[1736,1773,1742],"product_tag":[1882],"class_list":{"0":"post-2878","1":"product","2":"type-product","3":"status-publish","4":"has-post-thumbnail","6":"product_brand-xucla","7":"product_cat-ujakciostermekek","8":"product_cat-beleptetoallomas","9":"product_cat-higienia-mosas-fertotlenites","10":"product_tag-xucla","12":"first","13":"instock","14":"shipping-taxable","15":"product-type-simple","16":"entry","17":"content-bg","18":"loop-entry"},"acf":[],"brands":[],"_links":{"self":[{"href":"https:\/\/kromiker.hu\/de\/wp-json\/wp\/v2\/product\/2878","targetHints":{"allow":["GET"]}}],"collection":[{"href":"https:\/\/kromiker.hu\/de\/wp-json\/wp\/v2\/product"}],"about":[{"href":"https:\/\/kromiker.hu\/de\/wp-json\/wp\/v2\/types\/product"}],"wp:featuredmedia":[{"embeddable":true,"href":"https:\/\/kromiker.hu\/de\/wp-json\/wp\/v2\/media\/5132"}],"wp:attachment":[{"href":"https:\/\/kromiker.hu\/de\/wp-json\/wp\/v2\/media?parent=2878"}],"wp:term":[{"taxonomy":"pwb-brand","embeddable":true,"href":"https:\/\/kromiker.hu\/de\/wp-json\/wp\/v2\/pwb-brand?post=2878"},{"taxonomy":"product_brand","embeddable":true,"href":"https:\/\/kromiker.hu\/de\/wp-json\/wp\/v2\/product_brand?post=2878"},{"taxonomy":"product_cat","embeddable":true,"href":"https:\/\/kromiker.hu\/de\/wp-json\/wp\/v2\/product_cat?post=2878"},{"taxonomy":"product_tag","embeddable":true,"href":"https:\/\/kromiker.hu\/de\/wp-json\/wp\/v2\/product_tag?post=2878"}],"curies":[{"name":"wp","href":"https:\/\/api.w.org\/{rel}","templated":true}]}}