{"id":2886,"date":"2025-10-15T16:25:51","date_gmt":"2025-10-15T14:25:51","guid":{"rendered":"https:\/\/halnoel1234-kmnuz.wpcomstaging.com\/?post_type=product&#038;p=2886"},"modified":"2026-03-30T20:59:20","modified_gmt":"2026-03-30T18:59:20","slug":"haas-pacal-belsoseg","status":"publish","type":"product","link":"https:\/\/kromiker.hu\/de\/product\/haas-pacal-belsoseg\/","title":{"rendered":"Haas pacal bels\u0151s\u00e9g"},"content":{"rendered":"<p>Bels?s\u00e9gek<\/p>","protected":false},"excerpt":{"rendered":"<p> gyomormos\u00f3<\/p>","protected":false},"featured_media":0,"template":"","meta":{"_acf_changed":false,"_kad_post_transparent":"","_kad_post_title":"","_kad_post_layout":"","_kad_post_sidebar_id":"","_kad_post_content_style":"","_kad_post_vertical_padding":"","_kad_post_feature":"","_kad_post_feature_position":"","_kad_post_header":false,"_kad_post_footer":false,"_kad_post_classname":""},"product_brand":[1701],"product_cat":[1737],"product_tag":[1871],"class_list":{"0":"post-2886","1":"product","2":"type-product","3":"status-publish","5":"product_brand-hubert-haas","6":"product_cat-vagas-darabolas","7":"product_tag-hubert-haas","9":"first","10":"instock","11":"shipping-taxable","12":"product-type-simple","13":"entry","14":"content-bg","15":"loop-entry"},"acf":[],"_links":{"self":[{"href":"https:\/\/kromiker.hu\/de\/wp-json\/wp\/v2\/product\/2886","targetHints":{"allow":["GET"]}}],"collection":[{"href":"https:\/\/kromiker.hu\/de\/wp-json\/wp\/v2\/product"}],"about":[{"href":"https:\/\/kromiker.hu\/de\/wp-json\/wp\/v2\/types\/product"}],"wp:attachment":[{"href":"https:\/\/kromiker.hu\/de\/wp-json\/wp\/v2\/media?parent=2886"}],"wp:term":[{"taxonomy":"product_brand","embeddable":true,"href":"https:\/\/kromiker.hu\/de\/wp-json\/wp\/v2\/product_brand?post=2886"},{"taxonomy":"product_cat","embeddable":true,"href":"https:\/\/kromiker.hu\/de\/wp-json\/wp\/v2\/product_cat?post=2886"},{"taxonomy":"product_tag","embeddable":true,"href":"https:\/\/kromiker.hu\/de\/wp-json\/wp\/v2\/product_tag?post=2886"}],"curies":[{"name":"wp","href":"https:\/\/api.w.org\/{rel}","templated":true}]}}