{"id":2888,"date":"2025-10-15T16:25:51","date_gmt":"2025-10-15T14:25:51","guid":{"rendered":"https:\/\/halnoel1234-kmnuz.wpcomstaging.com\/?post_type=product&#038;p=2888"},"modified":"2026-03-30T21:03:15","modified_gmt":"2026-03-30T19:03:15","slug":"siebeck-frt-a-automata-kotozogep","status":"publish","type":"product","link":"https:\/\/kromiker.hu\/de\/product\/siebeck-frt-a-automata-kotozogep\/","title":{"rendered":"Siebeck FRT A automatische Bindemaschine"},"content":{"rendered":"<p><strong>Hauptmerkmale:<\/strong><\/p>\n<ul>\n<li><strong>Teljesen automatikus k\u00f6t\u00f6z\u00e9s<\/strong> \u2013 nincs sz\u00fcks\u00e9g k\u00e9zi adagol\u00e1sra a folyamat k\u00f6zben.<\/li>\n<li><strong>Be\u2011 \u00e9s kimeneti sz\u00e1ll\u00edt\u00f3szalagok<\/strong> az automatikus term\u00e9k\u00e1ramhoz.<\/li>\n<li><strong>Pneumatikus fog\u00f3 egys\u00e9g<\/strong> a term\u00e9kek form\u00e1z\u00e1s\u00e1ra \u00e9s pozicion\u00e1l\u00e1s\u00e1ra.<\/li>\n<li><strong>Automatikus term\u00e9kfelismer\u00e9s<\/strong> f\u00e9ny\u00e9rz\u00e9kel\u0151kkel \u00e9s hossz\u00fas\u00e1gm\u00e9r\u0151 rendszerrel az optim\u00e1lis k\u00f6t\u00f6z\u00e9si pont\u00e9rt.<\/li>\n<li><strong>Viseletmentes szervo\u2011motorok \u00e9s \u00e9rint\u0151k\u00e9perny\u0151s vez\u00e9rl\u00e9s<\/strong> a finomhangol\u00e1shoz \u00e9s felhaszn\u00e1l\u00f3bar\u00e1t m\u0171k\u00f6d\u00e9shez.<\/li>\n<li><strong>V\u00e1laszthat\u00f3 k\u00f6t\u00f6z\u00e9si m\u00f3dok<\/strong> \u2013 1\u2011t\u0151l \u201ex\u2011szeresig\u201d szabadon \u00e1ll\u00edthat\u00f3 menetsz\u00e1m \/ k\u00f6t\u00f6z\u00e9s.<\/li>\n<li><strong>Nagym\u00e9ret\u0171 spulni<\/strong>, ami cs\u00f6kkenti az \u00e1ll\u00e1sid\u0151t a zsin\u00f3rcser\u00e9n\u00e9l.<\/li>\n<li><strong>Sz\u00e1lv\u00e9gi \u00e9s szakad\u00e1s\u2011\u00e9rz\u00e9kel\u00e9s<\/strong>, ami biztos\u00edtja a folyamatos \u00fczemet \u00e9s a hibamentes k\u00f6t\u00f6z\u00e9st.<\/li>\n<\/ul>\n<p><strong>Das Basismodell verf\u00fcgt \u00fcber die folgenden Merkmale:<\/strong><\/p>\n<ul>\n<li><strong>Automatikus k\u00f6t\u00f6z\u0151 mechanika<\/strong> integr\u00e1lt be\u2011 \u00e9s kimeneti szalagokkal.<\/li>\n<li><strong>\u00c9rint\u0151k\u00e9perny\u0151s kezel\u0151panel<\/strong> a be\u00e1ll\u00edt\u00e1sok \u00e9s \u00fczemm\u00f3dok vez\u00e9rl\u00e9s\u00e9hez.<\/li>\n<li><strong>Pneumatikus gripper \/ fog\u00f3 egys\u00e9g<\/strong> a term\u00e9k stabil pozicion\u00e1l\u00e1s\u00e1hoz.<\/li>\n<li><strong>F\u00e9ny\u00e9rz\u00e9kel\u0151 \u00e9s hossz\u00fas\u00e1gm\u00e9r\u0151 rendszer<\/strong> optim\u00e1lis k\u00f6t\u00f6z\u00e9si pont hat\u00e1rol\u00e1s\u00e1ra.<\/li>\n<li><strong>Nagym\u00e9ret\u0171 zsin\u00f3rspulni \u00e9s automatikus cser\u00e9lhet\u0151s\u00e9g<\/strong> a hosszabb \u00fczemhez.<\/li>\n<li><strong>Biztons\u00e1gi foganty\u00fak, takar\u00f3k \u00e9s \u00fcr\u00edt\u0151t\u00e1lca<\/strong>, amelyek megakad\u00e1lyozz\u00e1k a term\u00e9kmaradv\u00e1nyok sz\u00e9tsz\u00f3r\u00f3d\u00e1s\u00e1t a padl\u00f3n.<\/li>\n<\/ul>\n<p><strong>Zubeh\u00f6r und Sonderzubeh\u00f6r:<\/strong><\/p>\n<ul>\n<li><strong>Speci\u00e1lis sz\u00e1ll\u00edt\u00f3szalag\u2011modulok<\/strong> \u2013 hosszabb vagy elt\u00e9r\u0151 szalagkonfigur\u00e1ci\u00f3k, amelyek illeszthet\u0151k a gy\u00e1rt\u00f3sorba.<\/li>\n<li><strong>Extra pozicion\u00e1l\u00f3 egys\u00e9gek<\/strong> a term\u00e9kek m\u00e9g pontosabb elhelyez\u00e9s\u00e9re.<\/li>\n<li><strong>Alternat\u00edv k\u00f6t\u00f6z\u0151 zsin\u00f3rok \u00e9s cs\u00e9vek<\/strong> k\u00fcl\u00f6nb\u00f6z\u0151 anyagokb\u00f3l (p\u00e9ld\u00e1ul pamut, elasztikus vagy poli\u00e9szter) \u2013 att\u00f3l f\u00fcgg\u0151en, milyen t\u00edpus\u00fa k\u00f6t\u00f6z\u00e9st k\u00edv\u00e1n az \u00fczem.<\/li>\n<li><strong>Integr\u00e1lt tiszt\u00edt\u00f3\u2011 \u00e9s karbantart\u00f3 csomagok<\/strong> a higi\u00e9niai k\u00f6vetelm\u00e9nyekhez igaz\u00edtva<\/li>\n<\/ul>","protected":false},"excerpt":{"rendered":"<p>A <strong>Siebeck FRT\u2011A<\/strong> \u00c4gypten <strong>teljesen automatikus h\u00fas\u2011 \u00e9s h\u00fask\u00e9sz\u00edtm\u00e9ny\u2011k\u00f6t\u00f6z\u0151 g\u00e9p<\/strong>, amelyet ipari h\u00fasfeldolgoz\u00f3 \u00fczemek, v\u00e1g\u00f3hidak \u00e9s nagyobb h\u00fasfeldolgoz\u00f3 rendszerek sz\u00e1m\u00e1ra terveztek. A g\u00e9p <strong>k\u00fcl\u00f6nb\u00f6z\u0151 hossz\u00fas\u00e1g\u00fa \u00e9s vastags\u00e1g\u00fa h\u00fasdarabok automatikus k\u00f6t\u00f6z\u00e9s\u00e9re<\/strong> k\u00e9pes, nagy sebess\u00e9ggel \u00e9s kiv\u00e1l\u00f3 megb\u00edzhat\u00f3s\u00e1ggal, mik\u00f6zben korszer\u0171 vez\u00e9rl\u00e9s\u00e9vel egyszer\u0171 \u00e9s intuit\u00edv kezel\u00e9st biztos\u00edt.<\/p>\n<p><strong>Anwendungen:<\/strong><\/p>\n<ul>\n<li><strong>Ipari h\u00fasfeldolgoz\u00f3 \u00fczemek<\/strong> \u2013 nagy volumen\u0171 k\u00f6t\u00f6z\u00e9si feladatokra.<\/li>\n<li><strong>V\u00e1g\u00f3hidak<\/strong>, ahol k\u00fcl\u00f6nb\u00f6z\u0151 m\u00e9ret\u0171 h\u00fasszeletek vagy darabok automatikus k\u00f6t\u00f6z\u00e9se sz\u00fcks\u00e9ges.<\/li>\n<li><strong>Szal\u00e1migy\u00e1rt\u00e1s, sonka\u2011 \u00e9s kolb\u00e1szk\u00f6t\u00f6z\u00e9s<\/strong> sorozat\u2011 \u00e9s folyamatos gy\u00e1rt\u00e1si k\u00f6rnyezetben.<\/li>\n<li><strong>Nagyobb h\u00fasos pultok, feldolgoz\u00f3 egys\u00e9gek \u00e9s logisztikai k\u00f6zpontok<\/strong>, ahol gyors, egys\u00e9ges term\u00e9kk\u00f6t\u00f6z\u00e9s sz\u00fcks\u00e9ges tov\u00e1bbi feldolgoz\u00e1shoz vagy csomagol\u00e1shoz<\/li>\n<\/ul>","protected":false},"featured_media":4968,"template":"","meta":{"_acf_changed":false,"_kad_post_transparent":"default","_kad_post_title":"","_kad_post_layout":"default","_kad_post_sidebar_id":"","_kad_post_content_style":"default","_kad_post_vertical_padding":"default","_kad_post_feature":"","_kad_post_feature_position":"","_kad_post_header":false,"_kad_post_footer":false,"_kad_post_classname":""},"pwb-brand":[],"product_brand":[1692],"product_cat":[1755,1739],"product_tag":[1881],"class_list":{"0":"post-2888","1":"product","2":"type-product","3":"status-publish","4":"has-post-thumbnail","6":"product_brand-siebeck","7":"product_cat-kotozo-fuzogepek","8":"product_cat-tovabbfeldolgozas","9":"product_tag-siebeck","11":"first","12":"instock","13":"shipping-taxable","14":"product-type-simple","15":"entry","16":"content-bg","17":"loop-entry"},"acf":[],"brands":[],"_links":{"self":[{"href":"https:\/\/kromiker.hu\/de\/wp-json\/wp\/v2\/product\/2888","targetHints":{"allow":["GET"]}}],"collection":[{"href":"https:\/\/kromiker.hu\/de\/wp-json\/wp\/v2\/product"}],"about":[{"href":"https:\/\/kromiker.hu\/de\/wp-json\/wp\/v2\/types\/product"}],"wp:featuredmedia":[{"embeddable":true,"href":"https:\/\/kromiker.hu\/de\/wp-json\/wp\/v2\/media\/4968"}],"wp:attachment":[{"href":"https:\/\/kromiker.hu\/de\/wp-json\/wp\/v2\/media?parent=2888"}],"wp:term":[{"taxonomy":"pwb-brand","embeddable":true,"href":"https:\/\/kromiker.hu\/de\/wp-json\/wp\/v2\/pwb-brand?post=2888"},{"taxonomy":"product_brand","embeddable":true,"href":"https:\/\/kromiker.hu\/de\/wp-json\/wp\/v2\/product_brand?post=2888"},{"taxonomy":"product_cat","embeddable":true,"href":"https:\/\/kromiker.hu\/de\/wp-json\/wp\/v2\/product_cat?post=2888"},{"taxonomy":"product_tag","embeddable":true,"href":"https:\/\/kromiker.hu\/de\/wp-json\/wp\/v2\/product_tag?post=2888"}],"curies":[{"name":"wp","href":"https:\/\/api.w.org\/{rel}","templated":true}]}}