{"id":2893,"date":"2025-10-15T16:25:51","date_gmt":"2025-10-15T14:25:51","guid":{"rendered":"https:\/\/halnoel1234-kmnuz.wpcomstaging.com\/?post_type=product&#038;p=2893"},"modified":"2026-03-31T18:06:18","modified_gmt":"2026-03-31T16:06:18","slug":"gs-nas-szalagos-vizes-keselezo","status":"publish","type":"product","link":"https:\/\/kromiker.hu\/de\/product\/gs-nas-szalagos-vizes-keselezo\/","title":{"rendered":"GS K20 k\u00f6sz\u00f6r\u0171g\u00e9p"},"content":{"rendered":"<p><strong>Hauptmerkmale:<\/strong><\/p>\n<ul>\n<li data-start=\"766\" data-end=\"1052\">Nedves k\u00f6sz\u00f6r\u0171rendszer \u2013 nincs \u00e9lki\u00e9g\u00e9s, hosszabb \u00e9lettartam<\/li>\n<li data-start=\"1054\" data-end=\"1101\">K\u00f6sz\u00f6r\u00fcl\u00e9s \u00e9s pol\u00edroz\u00e1s egy berendez\u00e9sen<\/li>\n<li data-start=\"1054\" data-end=\"1101\">\u00c1lland\u00f3 k\u00f6sz\u00f6r\u00fcl\u00e9si sz\u00f6g vezet\u0151s\u00ednnel<\/li>\n<li data-start=\"1054\" data-end=\"1101\">Egyszer\u0171 \u00e9s gyors kezelhet\u0151s\u00e9g<\/li>\n<li data-start=\"1054\" data-end=\"1101\">Minim\u00e1lis anyaglev\u00e1laszt\u00e1s, k\u00edm\u00e9letes \u00e9lez\u00e9s<\/li>\n<li data-start=\"1054\" data-end=\"1101\">Rozsdamentes ac\u00e9l kivitel, higi\u00e9nikus m\u0171k\u00f6d\u00e9s<\/li>\n<\/ul>\n<p data-start=\"1054\" data-end=\"1101\"><strong data-start=\"1054\" data-end=\"1099\">Das Basismodell verf\u00fcgt \u00fcber die folgenden Merkmale:<\/strong><\/p>\n<ul>\n<li data-start=\"1103\" data-end=\"1299\">V\u00edzf\u00fcrd\u0151s k\u00f6sz\u00f6r\u0171rendszer<\/li>\n<li data-start=\"1301\" data-end=\"1344\">K\u00f6sz\u00f6r\u0171korong (\u00d8 225 mm)<\/li>\n<li data-start=\"1301\" data-end=\"1344\">Pamut pol\u00edroz\u00f3 korong (\u00d8 250 mm)<\/li>\n<li data-start=\"1301\" data-end=\"1344\">Sz\u00f6gvezet\u0151 rendszer m\u00e1gneses r\u00f6gz\u00edt\u00e9ssel<\/li>\n<li data-start=\"1301\" data-end=\"1344\">V\u00edzleereszt\u0151 rendszer<\/li>\n<li>Karbantart\u00e1smentes hajt\u00e1s<\/li>\n<\/ul>\n<p><strong>Zubeh\u00f6r und Sonderzubeh\u00f6r:<\/strong><\/p>\n<ul>\n<li data-start=\"1346\" data-end=\"1476\">K\u00fcl\u00f6nb\u00f6z\u0151 szemcsem\u00e9ret\u0171 k\u00f6sz\u00f6r\u0171korongok<\/li>\n<li data-start=\"1478\" data-end=\"1499\">Pol\u00edroz\u00f3 paszt\u00e1k<\/li>\n<li data-start=\"1478\" data-end=\"1499\">K\u00fcl\u00f6nb\u00f6z\u0151 sz\u00f6gvezet\u0151k<\/li>\n<li data-start=\"1478\" data-end=\"1499\">P\u00f3tkorongok \u00e9s karbantart\u00e1si elemek<\/li>\n<\/ul>","protected":false},"excerpt":{"rendered":"<p>A <strong data-start=\"23\" data-end=\"44\">GS K20 k\u00f6sz\u00f6r\u0171g\u00e9p<\/strong> egy kompakt, ipari kivitel\u0171 <strong data-start=\"73\" data-end=\"101\">nedves k\u00f6sz\u00f6r\u0171berendez\u00e9s<\/strong>, amelyet kifejezetten h\u00fasipari k\u00e9sek gyors \u00e9s prec\u00edz \u00e9lez\u00e9s\u00e9re fejlesztettek ki. A v\u00edzh\u0171t\u00e9ses megakad\u00e1lyozza a k\u00e9s \u00e9l\u00e9nek t\u00falmeleged\u00e9s\u00e9t \u00e9s ki\u00e9g\u00e9s\u00e9t, \u00edgy hosszabb \u00e9ltart\u00f3ss\u00e1got \u00e9s jobb v\u00e1g\u00e1si min\u0151s\u00e9get biztos\u00edt. A k\u00f6sz\u00f6r\u00fcl\u00e9s \u00e9s pol\u00edroz\u00e1s egy g\u00e9pen t\u00f6rt\u00e9nik, ami hat\u00e9kony \u00e9s gazdas\u00e1gos megold\u00e1st jelent mindennapi \u00fczemi haszn\u00e1latra.<\/p>\n<p data-start=\"505\" data-end=\"533\"><strong data-start=\"505\" data-end=\"531\">Anwendungen:<\/strong><\/p>\n<ul>\n<li data-start=\"535\" data-end=\"743\">H\u00fasiparban k\u00e9sek gyors \u00e9s rendszeres \u00e9lez\u00e9se<\/li>\n<li data-start=\"745\" data-end=\"764\">Hentes\u00fczemek napi karbantart\u00e1si feladatai<\/li>\n<li data-start=\"745\" data-end=\"764\">\u00c9lelmiszeripari feldolgoz\u00f3 \u00fczemek<\/li>\n<li data-start=\"745\" data-end=\"764\">Hal- \u00e9s baromfifeldolgoz\u00e1s<\/li>\n<li data-start=\"745\" data-end=\"764\">Vend\u00e9gl\u00e1t\u00f3ipari \u00e9s k\u00e9zm\u0171ves felhaszn\u00e1l\u00e1s<\/li>\n<\/ul>","protected":false},"featured_media":5466,"template":"","meta":{"_acf_changed":false,"_kad_post_transparent":"default","_kad_post_title":"","_kad_post_layout":"default","_kad_post_sidebar_id":"","_kad_post_content_style":"default","_kad_post_vertical_padding":"default","_kad_post_feature":"","_kad_post_feature_position":"","_kad_post_header":false,"_kad_post_footer":false,"_kad_post_classname":""},"pwb-brand":[],"product_brand":[1700],"product_cat":[1743,1769],"product_tag":[1867],"class_list":{"0":"post-2893","1":"product","2":"type-product","3":"status-publish","4":"has-post-thumbnail","6":"product_brand-gs-schleiftechnik","7":"product_cat-keselezes-csiszolas-polirozas","8":"product_cat-koszorugepek","9":"product_tag-gs-schleiftechnik","11":"first","12":"instock","13":"shipping-taxable","14":"product-type-simple","15":"entry","16":"content-bg","17":"loop-entry"},"acf":[],"brands":[],"_links":{"self":[{"href":"https:\/\/kromiker.hu\/de\/wp-json\/wp\/v2\/product\/2893","targetHints":{"allow":["GET"]}}],"collection":[{"href":"https:\/\/kromiker.hu\/de\/wp-json\/wp\/v2\/product"}],"about":[{"href":"https:\/\/kromiker.hu\/de\/wp-json\/wp\/v2\/types\/product"}],"wp:featuredmedia":[{"embeddable":true,"href":"https:\/\/kromiker.hu\/de\/wp-json\/wp\/v2\/media\/5466"}],"wp:attachment":[{"href":"https:\/\/kromiker.hu\/de\/wp-json\/wp\/v2\/media?parent=2893"}],"wp:term":[{"taxonomy":"pwb-brand","embeddable":true,"href":"https:\/\/kromiker.hu\/de\/wp-json\/wp\/v2\/pwb-brand?post=2893"},{"taxonomy":"product_brand","embeddable":true,"href":"https:\/\/kromiker.hu\/de\/wp-json\/wp\/v2\/product_brand?post=2893"},{"taxonomy":"product_cat","embeddable":true,"href":"https:\/\/kromiker.hu\/de\/wp-json\/wp\/v2\/product_cat?post=2893"},{"taxonomy":"product_tag","embeddable":true,"href":"https:\/\/kromiker.hu\/de\/wp-json\/wp\/v2\/product_tag?post=2893"}],"curies":[{"name":"wp","href":"https:\/\/api.w.org\/{rel}","templated":true}]}}