{"id":2895,"date":"2025-10-15T16:25:51","date_gmt":"2025-10-15T14:25:51","guid":{"rendered":"https:\/\/halnoel1234-kmnuz.wpcomstaging.com\/?post_type=product&#038;p=2895"},"modified":"2026-03-30T20:59:02","modified_gmt":"2026-03-30T18:59:02","slug":"hts-95-vakuumos-toltogep","status":"publish","type":"product","link":"https:\/\/kromiker.hu\/de\/product\/hts-95-vakuumos-toltogep\/","title":{"rendered":"HTS 95 Vakuumf\u00fcllmaschine"},"content":{"rendered":"<p><strong>Hauptmerkmale:<\/strong><\/p>\n<ul>\n<li data-start=\"897\" data-end=\"1216\">V\u00e1kuumos t\u00f6lt\u00e9si technol\u00f3gia \u2013 leveg\u0151mentes term\u00e9kmin\u0151s\u00e9g<\/li>\n<li data-start=\"1218\" data-end=\"1265\">Rotoros adagol\u00f3rendszer az egyenletes anyag\u00e1raml\u00e1s\u00e9rt<\/li>\n<li data-start=\"1218\" data-end=\"1265\">Kiemelked\u0151 adagol\u00e1si pontoss\u00e1g<\/li>\n<li data-start=\"1218\" data-end=\"1265\">Kompakt \u00e9s robusztus ipari kialak\u00edt\u00e1s<\/li>\n<li data-start=\"1218\" data-end=\"1265\">Minim\u00e1lis marad\u00e9kanyag a t\u00f6lcs\u00e9rben<\/li>\n<li data-start=\"1218\" data-end=\"1265\">Gyors term\u00e9kv\u00e1lt\u00e1s \u00e9s egyszer\u0171 tiszt\u00edt\u00e1s<\/li>\n<\/ul>\n<p data-start=\"1218\" data-end=\"1265\"><strong data-start=\"1218\" data-end=\"1263\">Das Basismodell verf\u00fcgt \u00fcber die folgenden Merkmale:<\/strong><\/p>\n<ul>\n<li data-start=\"1267\" data-end=\"1547\">95 literes kiford\u00edthat\u00f3 t\u00f6lt\u0151t\u00f6lcs\u00e9r<\/li>\n<li data-start=\"1549\" data-end=\"1592\">Rotoros adagol\u00f3 rendszer (10 lap\u00e1tos kivitel)<\/li>\n<li data-start=\"1549\" data-end=\"1592\">\u00c9rint\u0151k\u00e9perny\u0151s vez\u00e9rl\u00e9s<\/li>\n<li data-start=\"1549\" data-end=\"1592\">3 darab t\u00f6lt\u0151cs\u0151<\/li>\n<li data-start=\"1549\" data-end=\"1592\">Jelcsatlakoz\u00f3 k\u00fcls\u0151 egys\u00e9gekhez (pl. klipszel\u0151)<\/li>\n<li data-start=\"1549\" data-end=\"1592\">Szersz\u00e1mk\u00e9szlet \u00e9s karbantart\u00f3 egys\u00e9gek<\/li>\n<\/ul>\n<p data-start=\"1549\" data-end=\"1592\"><strong data-start=\"1549\" data-end=\"1590\">Zubeh\u00f6r und Sonderzubeh\u00f6r:<\/strong><\/p>\n<ul>\n<li data-start=\"1594\" data-end=\"1832\">Hurkol\u00f3 \u00e9s p\u00e1roz\u00f3 egys\u00e9gek<\/li>\n<li>Jelcsatlakoz\u00f3 k\u00fcls\u0151 egys\u00e9gekhez (pl. klipszel\u0151)<\/li>\n<li>Kocsiemel\u0151 lift<\/li>\n<li>Nagyobb t\u00f6lcs\u00e9r (pl. 120 liter)<\/li>\n<li>Speci\u00e1lis szoftver \u00e9s vez\u00e9rl\u00e9si opci\u00f3k<\/li>\n<\/ul>","protected":false},"excerpt":{"rendered":"<p>A <strong data-start=\"27\" data-end=\"52\">HTS 95 Vakuumf\u00fcllmaschine<\/strong> egy megb\u00edzhat\u00f3, kompakt ipari t\u00f6lt\u0151berendez\u00e9s, amelyet els\u0151sorban kis- \u00e9s k\u00f6zepes kapacit\u00e1s\u00fa h\u00fasipari \u00fczemek sz\u00e1m\u00e1ra fejlesztettek ki. A rotoros adagol\u00f3rendszer \u00e9s a v\u00e1kuumos technol\u00f3gia biztos\u00edtja a leveg\u0151mentes, homog\u00e9n term\u00e9kszerkezetet, mik\u00f6zben nagy pontoss\u00e1g\u00fa adagol\u00e1st \u00e9s stabil t\u00f6lt\u00e9si teljes\u00edtm\u00e9nyt ny\u00fajt. A g\u00e9p k\u00fcl\u00f6n\u00f6sen alkalmas olyan \u00fczemek sz\u00e1m\u00e1ra, ahol fontos a gyors term\u00e9kv\u00e1lt\u00e1s, a minim\u00e1lis marad\u00e9kanyag \u00e9s az egyszer\u0171 kezelhet\u0151s\u00e9g.<\/p>\n<p data-start=\"544\" data-end=\"572\"><strong data-start=\"544\" data-end=\"570\">Anwendungen:<\/strong><\/p>\n<ul>\n<li data-start=\"574\" data-end=\"874\">H\u00fasiparban kolb\u00e1szok, virsli \u00e9s hurkaf\u00e9l\u00e9k t\u00f6lt\u00e9se<\/li>\n<li data-start=\"876\" data-end=\"895\">H\u00fasp\u00e9pek \u00e9s emulzi\u00f3s term\u00e9kek el\u0151\u00e1ll\u00edt\u00e1sa<\/li>\n<li>K\u00e9zm\u0171ves \u00e9s kis\u00fczemi feldolgoz\u00e1s<\/li>\n<li>K\u00f6zepes kapacit\u00e1s\u00fa termel\u00e9s stabil kiszolg\u00e1l\u00e1sa<\/li>\n<li>Egy\u00e9b viszk\u00f3zus term\u00e9kek (pl. sz\u00f3szok, kr\u00e9mek, p\u00e1st\u00e9tomok) adagol\u00e1sa<\/li>\n<\/ul>","protected":false},"featured_media":5429,"template":"","meta":{"_acf_changed":false,"_kad_post_transparent":"default","_kad_post_title":"","_kad_post_layout":"default","_kad_post_sidebar_id":"","_kad_post_content_style":"default","_kad_post_vertical_padding":"default","_kad_post_feature":"","_kad_post_feature_position":"","_kad_post_header":false,"_kad_post_footer":false,"_kad_post_classname":""},"pwb-brand":[],"product_brand":[1707],"product_cat":[1751,1739],"product_tag":[1870],"class_list":{"0":"post-2895","1":"product","2":"type-product","3":"status-publish","4":"has-post-thumbnail","6":"product_brand-hts","7":"product_cat-tolto-zarogepek","8":"product_cat-tovabbfeldolgozas","9":"product_tag-hts","11":"first","12":"instock","13":"shipping-taxable","14":"product-type-simple","15":"entry","16":"content-bg","17":"loop-entry"},"acf":[],"brands":[],"_links":{"self":[{"href":"https:\/\/kromiker.hu\/de\/wp-json\/wp\/v2\/product\/2895","targetHints":{"allow":["GET"]}}],"collection":[{"href":"https:\/\/kromiker.hu\/de\/wp-json\/wp\/v2\/product"}],"about":[{"href":"https:\/\/kromiker.hu\/de\/wp-json\/wp\/v2\/types\/product"}],"wp:featuredmedia":[{"embeddable":true,"href":"https:\/\/kromiker.hu\/de\/wp-json\/wp\/v2\/media\/5429"}],"wp:attachment":[{"href":"https:\/\/kromiker.hu\/de\/wp-json\/wp\/v2\/media?parent=2895"}],"wp:term":[{"taxonomy":"pwb-brand","embeddable":true,"href":"https:\/\/kromiker.hu\/de\/wp-json\/wp\/v2\/pwb-brand?post=2895"},{"taxonomy":"product_brand","embeddable":true,"href":"https:\/\/kromiker.hu\/de\/wp-json\/wp\/v2\/product_brand?post=2895"},{"taxonomy":"product_cat","embeddable":true,"href":"https:\/\/kromiker.hu\/de\/wp-json\/wp\/v2\/product_cat?post=2895"},{"taxonomy":"product_tag","embeddable":true,"href":"https:\/\/kromiker.hu\/de\/wp-json\/wp\/v2\/product_tag?post=2895"}],"curies":[{"name":"wp","href":"https:\/\/api.w.org\/{rel}","templated":true}]}}