{"id":2897,"date":"2025-10-15T16:25:52","date_gmt":"2025-10-15T14:25:52","guid":{"rendered":"https:\/\/halnoel1234-kmnuz.wpcomstaging.com\/?post_type=product&#038;p=2897"},"modified":"2026-03-30T20:59:02","modified_gmt":"2026-03-30T18:59:02","slug":"hts-450-vakuumtoltogep","status":"publish","type":"product","link":"https:\/\/kromiker.hu\/de\/product\/hts-450-vakuumtoltogep\/","title":{"rendered":"HTS 450 Vakuumf\u00fcllmaschine"},"content":{"rendered":"<p><strong>Hauptmerkmale:<\/strong><\/p>\n<ul>\n<li data-start=\"835\" data-end=\"1284\">Nagy teljes\u00edtm\u00e9ny\u0171 rotoros adagol\u00f3rendszer (20 lap\u00e1tos kivitel)<\/li>\n<li data-start=\"1286\" data-end=\"1333\">V\u00e1kuumos t\u00f6lt\u00e9si technol\u00f3gia \u2013 leveg\u0151mentes, homog\u00e9n term\u00e9k<\/li>\n<li data-start=\"1286\" data-end=\"1333\">Nagy kapacit\u00e1s, ak\u00e1r 10.000 kg\/\u00f3ra teljes\u00edtm\u00e9ny<\/li>\n<li data-start=\"1286\" data-end=\"1333\">Magas adagol\u00e1si pontoss\u00e1g \u00e9s reproduk\u00e1lhat\u00f3s\u00e1g<\/li>\n<li data-start=\"1286\" data-end=\"1333\">Nagy sebess\u00e9g\u0171 p\u00e1roz\u00e1si lehet\u0151s\u00e9g<\/li>\n<li>Er\u0151s hajt\u00e1s \u00e9s nagy teljes\u00edtm\u00e9nytartal\u00e9k ipari haszn\u00e1latra<\/li>\n<\/ul>\n<p><strong>Das Basismodell verf\u00fcgt \u00fcber die folgenden Merkmale:<\/strong><\/p>\n<ul>\n<li data-start=\"1335\" data-end=\"1646\">350 literes kiford\u00edthat\u00f3 t\u00f6lt\u0151t\u00f6lcs\u00e9r<\/li>\n<li data-start=\"1648\" data-end=\"1691\">Rotoros adagol\u00f3 rendszer (20 lap\u00e1tos)<\/li>\n<li data-start=\"1648\" data-end=\"1691\">\u00c9rint\u0151k\u00e9perny\u0151s vez\u00e9rl\u00e9s<\/li>\n<li data-start=\"1937\" data-end=\"1958\">Jelcsatlakoz\u00f3 k\u00fcls\u0151 egys\u00e9gekhez (klipszel\u0151, p\u00e1roz\u00f3)<\/li>\n<li data-start=\"1648\" data-end=\"1691\">Ausf\u00fchrung in Edelstahl<\/li>\n<\/ul>\n<p data-start=\"1648\" data-end=\"1691\"><strong data-start=\"1648\" data-end=\"1689\">Zubeh\u00f6r und Sonderzubeh\u00f6r:<\/strong><\/p>\n<ul>\n<li data-start=\"1693\" data-end=\"1935\">Kocsiemel\u0151 berendez\u00e9s<\/li>\n<li data-start=\"1937\" data-end=\"1958\">V\u00e1kuumszivatty\u00fa (pl. 40 m\u00b3\/h)<\/li>\n<li data-start=\"1937\" data-end=\"1958\">P\u00e1roz\u00f3, hurkol\u00f3 \u00e9s klipszel\u0151 egys\u00e9gek<\/li>\n<li data-start=\"1937\" data-end=\"1958\">Integr\u00e1ci\u00f3 komplett gy\u00e1rt\u00f3sorba<\/li>\n<\/ul>","protected":false},"excerpt":{"rendered":"<p>A <strong data-start=\"28\" data-end=\"54\">HTS 450 Vakuumf\u00fcllmaschine<\/strong> egy nagy teljes\u00edtm\u00e9ny\u0171, ipari kateg\u00f3ri\u00e1j\u00fa t\u00f6lt\u0151berendez\u00e9s, amelyet kifejezetten nagy\u00fczemi h\u00fasipari termel\u00e9shez fejlesztettek ki. A nagy m\u00e9ret\u0171 rotorcell\u00e1s adagol\u00f3rendszer \u00e9s a v\u00e1kuumos technol\u00f3gia biztos\u00edtja a leveg\u0151mentes, homog\u00e9n term\u00e9kszerkezetet m\u00e9g nagy sebess\u00e9g mellett is. A berendez\u00e9s kiemelked\u0151 kapacit\u00e1s\u00e1val \u00e9s prec\u00edz adagol\u00e1s\u00e1val ide\u00e1lis v\u00e1laszt\u00e1s folyamatos, t\u00f6bb m\u0171szakos gy\u00e1rt\u00e1sra, ahol a teljes\u00edtm\u00e9ny \u00e9s a megb\u00edzhat\u00f3s\u00e1g els\u0151dleges szempont.<\/p>\n<p data-start=\"514\" data-end=\"542\"><strong data-start=\"514\" data-end=\"540\">Anwendungen:<\/strong><\/p>\n<ul>\n<li data-start=\"544\" data-end=\"812\">Nagy\u00fczemi h\u00fasipari gy\u00e1rt\u00e1s (kolb\u00e1sz, virsli, p\u00e1rizsi)<\/li>\n<li data-start=\"814\" data-end=\"833\">Emulzi\u00f3s term\u00e9kek folyamatos el\u0151\u00e1ll\u00edt\u00e1sa<\/li>\n<li data-start=\"814\" data-end=\"833\">Automatiz\u00e1lt gy\u00e1rt\u00f3sorok (klipszel\u0151, p\u00e1roz\u00f3 rendszerekkel)<\/li>\n<li data-start=\"814\" data-end=\"833\">Nagy kapacit\u00e1s\u00fa t\u00f6lt\u00e9si \u00e9s adagol\u00e1si feladatok<\/li>\n<li data-start=\"814\" data-end=\"833\">Egy\u00e9b viszk\u00f3zus \u00e9lelmiszerek ipari feldolgoz\u00e1sa<\/li>\n<\/ul>","protected":false},"featured_media":5428,"template":"","meta":{"_acf_changed":false,"_kad_post_transparent":"default","_kad_post_title":"","_kad_post_layout":"default","_kad_post_sidebar_id":"","_kad_post_content_style":"default","_kad_post_vertical_padding":"default","_kad_post_feature":"","_kad_post_feature_position":"","_kad_post_header":false,"_kad_post_footer":false,"_kad_post_classname":""},"pwb-brand":[],"product_brand":[1707],"product_cat":[1751,1739],"product_tag":[1870],"class_list":{"0":"post-2897","1":"product","2":"type-product","3":"status-publish","4":"has-post-thumbnail","6":"product_brand-hts","7":"product_cat-tolto-zarogepek","8":"product_cat-tovabbfeldolgozas","9":"product_tag-hts","11":"first","12":"instock","13":"shipping-taxable","14":"product-type-simple","15":"entry","16":"content-bg","17":"loop-entry"},"acf":[],"brands":[],"_links":{"self":[{"href":"https:\/\/kromiker.hu\/de\/wp-json\/wp\/v2\/product\/2897","targetHints":{"allow":["GET"]}}],"collection":[{"href":"https:\/\/kromiker.hu\/de\/wp-json\/wp\/v2\/product"}],"about":[{"href":"https:\/\/kromiker.hu\/de\/wp-json\/wp\/v2\/types\/product"}],"wp:featuredmedia":[{"embeddable":true,"href":"https:\/\/kromiker.hu\/de\/wp-json\/wp\/v2\/media\/5428"}],"wp:attachment":[{"href":"https:\/\/kromiker.hu\/de\/wp-json\/wp\/v2\/media?parent=2897"}],"wp:term":[{"taxonomy":"pwb-brand","embeddable":true,"href":"https:\/\/kromiker.hu\/de\/wp-json\/wp\/v2\/pwb-brand?post=2897"},{"taxonomy":"product_brand","embeddable":true,"href":"https:\/\/kromiker.hu\/de\/wp-json\/wp\/v2\/product_brand?post=2897"},{"taxonomy":"product_cat","embeddable":true,"href":"https:\/\/kromiker.hu\/de\/wp-json\/wp\/v2\/product_cat?post=2897"},{"taxonomy":"product_tag","embeddable":true,"href":"https:\/\/kromiker.hu\/de\/wp-json\/wp\/v2\/product_tag?post=2897"}],"curies":[{"name":"wp","href":"https:\/\/api.w.org\/{rel}","templated":true}]}}