{"id":2900,"date":"2025-10-15T16:25:52","date_gmt":"2025-10-15T14:25:52","guid":{"rendered":"https:\/\/halnoel1234-kmnuz.wpcomstaging.com\/?post_type=product&#038;p=2900"},"modified":"2026-03-30T18:11:07","modified_gmt":"2026-03-30T16:11:07","slug":"kolbe-mwpm150-daralthusadagolo-vonal","status":"publish","type":"product","link":"https:\/\/kromiker.hu\/de\/product\/kolbe-mwpm150-daralthusadagolo-vonal\/","title":{"rendered":"Kolbe Hackfleischzuf\u00fchranlage"},"content":{"rendered":"<div style=\"width: 1290px;\" class=\"wp-video\"><video class=\"wp-video-shortcode\" id=\"video-2900-1\" width=\"1290\" height=\"726\" preload=\"metadata\" controls=\"controls\"><source type=\"video\/mp4\" src=\"https:\/\/kromiker.hu\/wp-content\/uploads\/2025\/10\/KOLBE-PORTIONER-NEW-_-KOLBE-PORTIONIERER-NEU-Kolbe-Foodtec-1080p-h264.mp4?_=1\" \/><a href=\"https:\/\/kromiker.hu\/wp-content\/uploads\/2025\/10\/KOLBE-PORTIONER-NEW-_-KOLBE-PORTIONIERER-NEU-Kolbe-Foodtec-1080p-h264.mp4\">https:\/\/kromiker.hu\/wp-content\/uploads\/2025\/10\/KOLBE-PORTIONER-NEW-_-KOLBE-PORTIONIERER-NEU-Kolbe-Foodtec-1080p-h264.mp4<\/a><\/video><\/div>\n<p><strong>Hauptmerkmale:<\/strong><\/p>\n<ul>\n<li><strong> Reproduk\u00e1lhat\u00f3s\u00e1g:<\/strong><br \/>\nAz MW32 dar\u00e1l\u00f3 egyenletes apr\u00edt\u00e1si \u00e9s kever\u00e9si jellemz\u0151i biztos\u00edtj\u00e1k az alapanyag \u00e1lland\u00f3 szemcsem\u00e9ret\u00e9t \u00e9s homogenit\u00e1s\u00e1t, m\u00edg a PM150 adagol\u00f3 prec\u00edz m\u0171k\u00f6d\u00e9se garant\u00e1lja a porci\u00f3k m\u00e9ret- \u00e9s s\u00falypontoss\u00e1g\u00e1t, f\u00fcggetlen\u00fcl a termel\u00e9si volumen ingadoz\u00e1s\u00e1t\u00f3l.<br \/>\n\u2022 <strong>Rugalmas alkalmazhat\u00f3s\u00e1g \u00e9s gyors \u00e1t\u00e1ll\u00e1s:<\/strong><br \/>\nA rendszer kialak\u00edt\u00e1sa lehet\u0151v\u00e9 teszi a k\u00fcl\u00f6nb\u00f6z\u0151 alapanyagok \u00e9s term\u00e9kt\u00edpusok gyors feldolgoz\u00e1s\u00e1t. Az MW32 \u00e9s a PM150 k\u00f6nnyen \u00e1ll\u00edthat\u00f3 param\u00e9terei cs\u00f6kkentik az \u00e1t\u00e1ll\u00e1si id\u0151t, t\u00e1mogatva a kis- \u00e9s k\u00f6z\u00e9psz\u00e9ri\u00e1s, valamint a v\u00e1ltozatos term\u00e9kk\u00f6r gazdas\u00e1gos gy\u00e1rt\u00e1s\u00e1t.<br \/>\n\u2022 <strong>\u00dczembiztons\u00e1g \u00e9s higi\u00e9nikus kialak\u00edt\u00e1s:<\/strong><br \/>\nAz MO1500 sz\u00e1ll\u00edt\u00f3 higi\u00e9nikus, \u00e9lelmiszeripari kivitele \u00e9s az egys\u00e9gek k\u00f6nny\u0171 tiszt\u00edthat\u00f3s\u00e1ga hozz\u00e1j\u00e1rul a magas \u00e9lelmiszer-biztons\u00e1gi k\u00f6vetelm\u00e9nyek teljes\u00edt\u00e9s\u00e9hez. A folyamatos \u00e9s stabil anyagtov\u00e1bb\u00edt\u00e1s cs\u00f6kkenti a kezel\u0151i beavatkoz\u00e1s\u00e1t, n\u00f6velve az \u00fczembiztons\u00e1got.<\/li>\n<\/ul>\n<p><strong>Az alapvonal az al\u00e1bbiakkal rendelkezik.<\/strong><\/p>\n<ul>\n<li><strong>MW 32-80 dar\u00e1l\u00f3<\/strong><\/li>\n<li><strong>PM150 adagol\u00f3<\/strong><\/li>\n<\/ul>\n<p><strong>Zubeh\u00f6r und Sonderzubeh\u00f6r:<\/strong><\/p>\n<ul>\n<li>Miccs vagy Csevapp forma<\/li>\n<li>\u201eFree Flow\u201d mint\u00e1hoz dar\u00e1l\u00f3t\u00e1rcsa<\/li>\n<li>MO1500 sz\u00e1ll\u00edt\u00f3szalag<\/li>\n<\/ul>","protected":false},"excerpt":{"rendered":"<p>Azur <strong>MW32 dar\u00e1l\u00f3<\/strong>, a <strong>PM150 adagol\u00f3<\/strong> \u00e9s az <strong>MO1500 sz\u00e1ll\u00edt\u00f3rendszer<\/strong> egy\u00fcttesen egy <strong>hat\u00e9kony, automatiz\u00e1lt h\u00fasfeldolgoz\u00f3 vonalat<\/strong> alkot, amely biztos\u00edtja a folyamatos anyag\u00e1raml\u00e1st, a prec\u00edz adagol\u00e1st \u00e9s a magas min\u0151s\u00e9g\u0171 term\u00e9k-el\u0151\u00e1ll\u00edt\u00e1st. Alkalmas dar\u00e1lth\u00fas t\u00e1lc\u00e1ba val\u00f3 adagol\u00e1s\u00e1ra.<\/p>\n<p><strong>Anwendungen:<\/strong><\/p>\n<ul>\n<li>A vonal ide\u00e1lis megold\u00e1s <strong>k\u00f6zepes \u00e9s nagy kapacit\u00e1s\u00fa h\u00fasfeldolgoz\u00f3 \u00fczemek<\/strong> sz\u00e1m\u00e1ra.<\/li>\n<\/ul>","protected":false},"featured_media":4790,"template":"","meta":{"_acf_changed":false,"_kad_post_transparent":"default","_kad_post_title":"","_kad_post_layout":"default","_kad_post_sidebar_id":"","_kad_post_content_style":"default","_kad_post_vertical_padding":"default","_kad_post_feature":"","_kad_post_feature_position":"","_kad_post_header":false,"_kad_post_footer":false,"_kad_post_classname":""},"pwb-brand":[],"product_brand":[1691],"product_cat":[1787,1739],"product_tag":[1858],"class_list":{"0":"post-2900","1":"product","2":"type-product","3":"status-publish","4":"has-post-thumbnail","6":"product_brand-kolbe","7":"product_cat-adagoloesformazogepek","8":"product_cat-tovabbfeldolgozas","9":"product_tag-kolbe","11":"first","12":"instock","13":"shipping-taxable","14":"product-type-simple","15":"entry","16":"content-bg","17":"loop-entry"},"acf":[],"brands":[],"_links":{"self":[{"href":"https:\/\/kromiker.hu\/de\/wp-json\/wp\/v2\/product\/2900","targetHints":{"allow":["GET"]}}],"collection":[{"href":"https:\/\/kromiker.hu\/de\/wp-json\/wp\/v2\/product"}],"about":[{"href":"https:\/\/kromiker.hu\/de\/wp-json\/wp\/v2\/types\/product"}],"wp:featuredmedia":[{"embeddable":true,"href":"https:\/\/kromiker.hu\/de\/wp-json\/wp\/v2\/media\/4790"}],"wp:attachment":[{"href":"https:\/\/kromiker.hu\/de\/wp-json\/wp\/v2\/media?parent=2900"}],"wp:term":[{"taxonomy":"pwb-brand","embeddable":true,"href":"https:\/\/kromiker.hu\/de\/wp-json\/wp\/v2\/pwb-brand?post=2900"},{"taxonomy":"product_brand","embeddable":true,"href":"https:\/\/kromiker.hu\/de\/wp-json\/wp\/v2\/product_brand?post=2900"},{"taxonomy":"product_cat","embeddable":true,"href":"https:\/\/kromiker.hu\/de\/wp-json\/wp\/v2\/product_cat?post=2900"},{"taxonomy":"product_tag","embeddable":true,"href":"https:\/\/kromiker.hu\/de\/wp-json\/wp\/v2\/product_tag?post=2900"}],"curies":[{"name":"wp","href":"https:\/\/api.w.org\/{rel}","templated":true}]}}