{"id":2911,"date":"2025-10-15T16:25:57","date_gmt":"2025-10-15T14:25:57","guid":{"rendered":"https:\/\/halnoel1234-kmnuz.wpcomstaging.com\/?post_type=product&#038;p=2911"},"modified":"2026-03-30T20:59:41","modified_gmt":"2026-03-30T18:59:41","slug":"csontszeparator-p100-300","status":"publish","type":"product","link":"https:\/\/kromiker.hu\/de\/product\/csontszeparator-p100-300\/","title":{"rendered":"Injec Star P100\/300 Plus Knochenseparator"},"content":{"rendered":"<p><strong>Hauptmerkmale:<\/strong><\/p>\n<ul>\n<li>Hidraulikus pr\u00e9sel\u00e9si technol\u00f3gia a k\u00edm\u00e9letes szepar\u00e1l\u00e1s\u00e9rt<\/li>\n<li>Nagy kapacit\u00e1s\u00fa ipari kivitel folyamatos \u00fczemre<\/li>\n<li>\u00a0Magas kihozatal alacsony kalciumtartalom mellett<\/li>\n<li>Z\u00e1rt, higi\u00e9nikus rozsdamentes ac\u00e9l konstrukci\u00f3<\/li>\n<li>\u00a0Intelligens vez\u00e9rl\u0151rendszer (touch screen)<\/li>\n<li>V\u00edzmentes m\u0171k\u00f6d\u00e9s, alacsony \u00fczemeltet\u00e9si k\u00f6lts\u00e9g<\/li>\n<\/ul>\n<p><strong>Das Basismodell verf\u00fcgt \u00fcber die folgenden Merkmale:<\/strong><\/p>\n<ul>\n<li>Hidraulikus pr\u00e9srendszer<\/li>\n<li>Perfor\u00e1lt lyukdob (2 mm &#8211; 8 mm furatm\u00e9ret)<\/li>\n<li>\u00a0Nyom\u00f3kamra<\/li>\n<li>\u00c9rint\u0151k\u00e9perny\u0151s vez\u00e9rl\u00e9s<\/li>\n<li>Edelstahl-Maschinengestell<\/li>\n<li>Alap adagol\u00f3 rendszer<\/li>\n<\/ul>\n<p><strong>Zubeh\u00f6r und Sonderzubeh\u00f6r:<\/strong><\/p>\n<ul>\n<li>BB-3000 csontt\u00f6r\u0151 egys\u00e9g a nagyobb kihozatalhoz<\/li>\n<li>Automatikus adagol\u00f3 vagy sz\u00e1ll\u00edt\u00f3szalag<\/li>\n<li>Emel\u0151-billent\u0151 rendszer alapanyag bet\u00f6lt\u00e9shez<\/li>\n<li>Baader 601-es l\u00e1gyszepar\u00e1tor<\/li>\n<li>Integration in eine komplette Verarbeitungslinie<\/li>\n<\/ul>","protected":false},"excerpt":{"rendered":"<p>Azur <strong>Inject Star P100\/300 PLUS<\/strong> egy nagy teljes\u00edtm\u00e9ny\u0171, ipari h\u00fasvisszanyer\u0151 (AMR \u2013 Advanced Meat Recovery) berendez\u00e9s, amelyet csontozott h\u00fasr\u00e9szekb\u0151l t\u00f6rt\u00e9n\u0151 maxim\u00e1lis kihozatal\u00fa, ugyanakkor k\u00edm\u00e9letes szepar\u00e1l\u00e1sra fejlesztettek ki. A g\u00e9p hidraulikus pr\u00e9sel\u00e9si elven m\u0171k\u00f6dik, amely biztos\u00edtja, hogy a l\u00e1gy, \u00e9rt\u00e9kes feh\u00e9rjer\u00e9szek minim\u00e1lis mechanikai terhel\u00e9s mellett ker\u00fcljenek kinyer\u00e9sre, mik\u00f6zben a csont, porc \u00e9s egy\u00e9b kem\u00e9ny komponensek elk\u00fcl\u00f6n\u00edtve t\u00e1voznak.<\/p>\n<p>A PLUS kivitel a standard modellekhez k\u00e9pest jelent\u0151sen nagyobb kapacit\u00e1st \u00e9s fejlettebb vez\u00e9rl\u00e9st k\u00edn\u00e1l, \u00edgy ide\u00e1lis v\u00e1laszt\u00e1s nagy\u00fczemi, folyamatos termel\u00e9shez, ahol els\u0151dleges szempont a magas kihozatal \u00e9s az \u00e1lland\u00f3 term\u00e9kmin\u0151s\u00e9g.<\/p>\n<p><strong>Anwendungen:<\/strong><\/p>\n<ul>\n<li>Sert\u00e9s- \u00e9s marhacsontokb\u00f3l t\u00f6rt\u00e9n\u0151 h\u00fasvisszanyer\u00e9s nagy\u00fczemi k\u00f6rnyezetben<\/li>\n<li>H\u00fask\u00e9sz\u00edtm\u00e9ny-gy\u00e1rt\u00e1s alapanyag el\u0151\u00e1ll\u00edt\u00e1sa (kolb\u00e1sz, virsli, p\u00e1rizsi)<\/li>\n<li>\u00a0Mell\u00e9kterm\u00e9kek gazdas\u00e1gos feldolgoz\u00e1sa \u00e9s vesztes\u00e9gcs\u00f6kkent\u00e9s<\/li>\n<li>Integr\u00e1lt h\u00fasfeldolgoz\u00f3 vonalak r\u00e9szek\u00e9nt (el\u0151dar\u00e1l\u00f3, csontt\u00f6r\u0151 ut\u00e1n)<\/li>\n<\/ul>","protected":false},"featured_media":5326,"template":"","meta":{"_acf_changed":false,"_kad_post_transparent":"default","_kad_post_title":"","_kad_post_layout":"default","_kad_post_sidebar_id":"","_kad_post_content_style":"default","_kad_post_vertical_padding":"default","_kad_post_feature":"","_kad_post_feature_position":"","_kad_post_header":false,"_kad_post_footer":false,"_kad_post_classname":""},"pwb-brand":[],"product_brand":[1709],"product_cat":[1792],"product_tag":[1872],"class_list":{"0":"post-2911","1":"product","2":"type-product","3":"status-publish","4":"has-post-thumbnail","6":"product_brand-inject-star","7":"product_cat-csontszeparatorok","8":"product_tag-inject-star","10":"first","11":"instock","12":"shipping-taxable","13":"product-type-simple","14":"entry","15":"content-bg","16":"loop-entry"},"acf":[],"brands":[],"_links":{"self":[{"href":"https:\/\/kromiker.hu\/de\/wp-json\/wp\/v2\/product\/2911","targetHints":{"allow":["GET"]}}],"collection":[{"href":"https:\/\/kromiker.hu\/de\/wp-json\/wp\/v2\/product"}],"about":[{"href":"https:\/\/kromiker.hu\/de\/wp-json\/wp\/v2\/types\/product"}],"wp:featuredmedia":[{"embeddable":true,"href":"https:\/\/kromiker.hu\/de\/wp-json\/wp\/v2\/media\/5326"}],"wp:attachment":[{"href":"https:\/\/kromiker.hu\/de\/wp-json\/wp\/v2\/media?parent=2911"}],"wp:term":[{"taxonomy":"pwb-brand","embeddable":true,"href":"https:\/\/kromiker.hu\/de\/wp-json\/wp\/v2\/pwb-brand?post=2911"},{"taxonomy":"product_brand","embeddable":true,"href":"https:\/\/kromiker.hu\/de\/wp-json\/wp\/v2\/product_brand?post=2911"},{"taxonomy":"product_cat","embeddable":true,"href":"https:\/\/kromiker.hu\/de\/wp-json\/wp\/v2\/product_cat?post=2911"},{"taxonomy":"product_tag","embeddable":true,"href":"https:\/\/kromiker.hu\/de\/wp-json\/wp\/v2\/product_tag?post=2911"}],"curies":[{"name":"wp","href":"https:\/\/api.w.org\/{rel}","templated":true}]}}