{"id":2915,"date":"2025-10-15T16:25:57","date_gmt":"2025-10-15T14:25:57","guid":{"rendered":"https:\/\/halnoel1234-kmnuz.wpcomstaging.com\/?post_type=product&#038;p=2915"},"modified":"2026-03-30T20:57:39","modified_gmt":"2026-03-30T18:57:39","slug":"sk-5000-sasliknyarsalo-gep","status":"publish","type":"product","link":"https:\/\/kromiker.hu\/de\/product\/sk-5000-sasliknyarsalo-gep\/","title":{"rendered":"SK-5000 Saslik-Spie\u00dfmaschine"},"content":{"rendered":"<p>&nbsp;<\/p>\n<div style=\"width: 384px;\" class=\"wp-video\"><video class=\"wp-video-shortcode\" id=\"video-2915-1\" width=\"384\" height=\"864\" preload=\"metadata\" controls=\"controls\"><source type=\"video\/mp4\" src=\"https:\/\/kromiker.hu\/wp-content\/uploads\/2025\/10\/VID-20240131-WA0002.mp4?_=1\" \/><a href=\"https:\/\/kromiker.hu\/wp-content\/uploads\/2025\/10\/VID-20240131-WA0002.mp4\">https:\/\/kromiker.hu\/wp-content\/uploads\/2025\/10\/VID-20240131-WA0002.mp4<\/a><\/video><\/div>\n<p><strong>Hauptmerkmale<\/strong>:<\/p>\n<ul>\n<li>Vollautomatik<\/li>\n<li data-start=\"1148\" data-end=\"1333\">Pneumatisches Dosiersystem<\/li>\n<li data-start=\"1148\" data-end=\"1333\">Einstellbare Sommerl\u00e4nge und Produktplatzierung<\/li>\n<li data-start=\"1148\" data-end=\"1333\">Stabile und gleichm\u00e4\u00dfige Produktformung<\/li>\n<li data-start=\"1148\" data-end=\"1333\">Edelstahl, hygienische Ausf\u00fchrung<\/li>\n<li data-start=\"1148\" data-end=\"1333\">Industrielle Konstruktion, ausgelegt f\u00fcr Dauerbetrieb<\/li>\n<\/ul>\n<p data-start=\"1148\" data-end=\"1333\"><strong>Das Basismodell verf\u00fcgt \u00fcber die folgenden Merkmale:<\/strong><\/p>\n<ul>\n<li>Automatisches Futterstiftzuf\u00fchrungssystem<\/li>\n<li data-start=\"1335\" data-end=\"1598\">Pneumatische Bet\u00e4tigung<\/li>\n<li data-start=\"1335\" data-end=\"1598\">Industrielles Bedienfeld<\/li>\n<li data-start=\"1335\" data-end=\"1598\">Edelstahl-Maschinengestell<\/li>\n<li data-start=\"1335\" data-end=\"1598\">Produktliefermodul<\/li>\n<\/ul>\n<p data-start=\"1335\" data-end=\"1598\"><strong>Zubeh\u00f6r und Sonderzubeh\u00f6r:<\/strong><\/p>\n<ul>\n<li>Verschiedene Formatierungs- und Dosierkits<\/li>\n<li data-start=\"1600\" data-end=\"1617\">Entwurf, angepasst an abweichende Schaftl\u00e4ngen<\/li>\n<li data-start=\"1600\" data-end=\"1617\">Integrierbares Be- und Entladeband<\/li>\n<li data-start=\"1600\" data-end=\"1617\">Individuelle Konfiguration f\u00fcr h\u00f6here Kapazit\u00e4t<\/li>\n<li data-start=\"1600\" data-end=\"1617\">Spezielle Reinigungs- und Wartungszubeh\u00f6rteile<\/li>\n<\/ul>","protected":false},"excerpt":{"rendered":"<p>A <strong>Gaser SK5000<\/strong> Eine vollautomatische industrielle Spie\u00df- und Spie\u00dfherstellungsanlage, entwickelt f\u00fcr die Produktion von Gro\u00dfvolumen in Fleischverarbeitungs- und Lebensmittelbetrieben. Die Maschine erm\u00f6glicht die schnelle und gleichm\u00e4\u00dfige Spie\u00dfung verschiedener Rohstoffe \u2013 wie Schweine-, Rind-, Gefl\u00fcgel- oder sogar Gem\u00fcseprodukte. Dank ihrer pneumatischen Bet\u00e4tigung und ihres pr\u00e4zisen Dosiersystems sorgt sie im Dauerbetrieb f\u00fcr eine stabile, reproduzierbare Qualit\u00e4t. Ihre Edelstahlkonstruktion ist hygienisch und leicht zu reinigen, wodurch sie die industriellen Lebensmittelsicherheitsanforderungen erf\u00fcllt.<\/p>\n<p data-start=\"599\" data-end=\"887\"><strong>Anwendungen:<\/strong><\/p>\n<ul>\n<li>In Industriebetrieben zur Herstellung von Schaschlikspie\u00dfen und Grillspie\u00dfen<\/li>\n<li>Zur Herstellung von Kebab, Schischkebab, Brochette und anderen Spie\u00dfprodukten<\/li>\n<li>Zur Verarbeitung von Gefl\u00fcgel-, Schweine-, Rinder- und Mischrohstoffen<\/li>\n<li>F\u00fcr die kontinuierliche Fertigung, integriert in automatisierte Produktionslinien<\/li>\n<\/ul>","protected":false},"featured_media":5129,"template":"","meta":{"_acf_changed":false,"_kad_post_transparent":"default","_kad_post_title":"","_kad_post_layout":"default","_kad_post_sidebar_id":"","_kad_post_content_style":"default","_kad_post_vertical_padding":"default","_kad_post_feature":"","_kad_post_feature_position":"","_kad_post_header":false,"_kad_post_footer":false,"_kad_post_classname":""},"pwb-brand":[],"product_brand":[1696],"product_cat":[1752,1857,1739],"product_tag":[1866],"class_list":{"0":"post-2915","1":"product","2":"type-product","3":"status-publish","4":"has-post-thumbnail","6":"product_brand-gaser","7":"product_cat-saslikkeszito-gepek","8":"product_cat-szezonalis-termekgyarto-gepek","9":"product_cat-tovabbfeldolgozas","10":"product_tag-gaser","12":"first","13":"instock","14":"shipping-taxable","15":"product-type-simple","16":"entry","17":"content-bg","18":"loop-entry"},"acf":[],"brands":[],"_links":{"self":[{"href":"https:\/\/kromiker.hu\/de\/wp-json\/wp\/v2\/product\/2915","targetHints":{"allow":["GET"]}}],"collection":[{"href":"https:\/\/kromiker.hu\/de\/wp-json\/wp\/v2\/product"}],"about":[{"href":"https:\/\/kromiker.hu\/de\/wp-json\/wp\/v2\/types\/product"}],"wp:featuredmedia":[{"embeddable":true,"href":"https:\/\/kromiker.hu\/de\/wp-json\/wp\/v2\/media\/5129"}],"wp:attachment":[{"href":"https:\/\/kromiker.hu\/de\/wp-json\/wp\/v2\/media?parent=2915"}],"wp:term":[{"taxonomy":"pwb-brand","embeddable":true,"href":"https:\/\/kromiker.hu\/de\/wp-json\/wp\/v2\/pwb-brand?post=2915"},{"taxonomy":"product_brand","embeddable":true,"href":"https:\/\/kromiker.hu\/de\/wp-json\/wp\/v2\/product_brand?post=2915"},{"taxonomy":"product_cat","embeddable":true,"href":"https:\/\/kromiker.hu\/de\/wp-json\/wp\/v2\/product_cat?post=2915"},{"taxonomy":"product_tag","embeddable":true,"href":"https:\/\/kromiker.hu\/de\/wp-json\/wp\/v2\/product_tag?post=2915"}],"curies":[{"name":"wp","href":"https:\/\/api.w.org\/{rel}","templated":true}]}}