{"id":2917,"date":"2025-10-15T16:25:58","date_gmt":"2025-10-15T14:25:58","guid":{"rendered":"https:\/\/halnoel1234-kmnuz.wpcomstaging.com\/?post_type=product&#038;p=2917"},"modified":"2026-03-30T20:58:45","modified_gmt":"2026-03-30T18:58:45","slug":"mes-10-kes-es-eszkozfertotlenito","status":"publish","type":"product","link":"https:\/\/kromiker.hu\/de\/product\/mes-10-kes-es-eszkozfertotlenito\/","title":{"rendered":"Mes 10 Messer- und Utensiliendesinfektionsmittel"},"content":{"rendered":"<p><strong>Hauptmerkmale:<\/p>\n<p><\/strong><\/p>\n<ul>\n<li><strong>Hat\u00e9kony UV-fert\u0151tlen\u00edt\u0151 rendszer<\/strong><br \/>\nA nagy teljes\u00edtm\u00e9ny\u0171 UV-l\u00e1mp\u00e1k gyorsan \u00e9s megb\u00edzhat\u00f3an inaktiv\u00e1lj\u00e1k a bakt\u00e9riumokat, v\u00edrusokat \u00e9s gomb\u00e1kat, biztos\u00edtva a v\u00e1g\u00f3eszk\u00f6z\u00f6k folyamatos higi\u00e9niai biztons\u00e1g\u00e1t vegyszerek alkalmaz\u00e1sa n\u00e9lk\u00fcl.<\/li>\n<li><strong>Edelstahl industrielle Ausf\u00fchrung<\/strong><br \/>\nA teljes eg\u00e9sz\u00e9ben korr\u00f3zi\u00f3\u00e1ll\u00f3 ac\u00e9lb\u00f3l k\u00e9sz\u00fclt szerkezet hossz\u00fa \u00e9lettartamot, k\u00f6nny\u0171 tiszt\u00edthat\u00f3s\u00e1got \u00e9s megfelel\u00e9st garant\u00e1l a szigor\u00fa \u00e9lelmiszeripari higi\u00e9niai el\u0151\u00edr\u00e1soknak.<\/li>\n<li>Gyors \u00e9s egyszer\u0171 haszn\u00e1lat<br \/>\nAz ergonomikus bels\u0151 kialak\u00edt\u00e1s lehet\u0151v\u00e9 teszi a k\u00e9sek gyors behelyez\u00e9s\u00e9t \u00e9s kiv\u00e9tel\u00e9t, \u00edgy minimaliz\u00e1lja az \u00e1ll\u00e1sid\u0151t \u00e9s t\u00e1mogatja a hat\u00e9kony munkav\u00e9gz\u00e9st.<\/li>\n<li><strong>Kompakt, helytakar\u00e9kos forma<\/strong><br \/>\nA kis alapter\u00fclet\u0171 konstrukci\u00f3 k\u00f6nnyen integr\u00e1lhat\u00f3 megl\u00e9v\u0151 feldolgoz\u00f3sorok mell\u00e9 vagy higi\u00e9niai z\u00f3n\u00e1kba an\u00e9lk\u00fcl, hogy \u00e9rt\u00e9kes \u00fczemi teret foglalna el.<\/li>\n<li><strong>Vegyszermentes, k\u00f6rnyezetbar\u00e1t m\u0171k\u00f6d\u00e9s<\/strong><br \/>\nAz UV-technol\u00f3gia haszn\u00e1lat\u00e1val nincs sz\u00fcks\u00e9g fert\u0151tlen\u00edt\u0151szerekre, ami cs\u00f6kkenti az \u00fczemeltet\u00e9si k\u00f6lts\u00e9geket, k\u00edm\u00e9li az eszk\u00f6z\u00f6ket \u00e9s k\u00f6rnyezetbar\u00e1t megold\u00e1st biztos\u00edt.<\/li>\n<\/ul>","protected":false},"excerpt":{"rendered":"<p>A k\u00e9sfert\u0151tlen\u00edt\u0151 szekr\u00e9ny korszer\u0171 \u00e9s helytakar\u00e9kos megold\u00e1st k\u00edn\u00e1l a k\u00e9sek \u00e9s k\u00e9zi eszk\u00f6z\u00f6k gyors higi\u00e9niai kezel\u00e9s\u00e9re az \u00e9lelmiszeriparban. Az alkalmazott UV-fert\u0151tlen\u00edt\u0151 technol\u00f3gia hat\u00e9konyan semleges\u00edti a bakt\u00e9riumokat, v\u00edrusokat, valamint az \u00e9leszt\u0151- \u00e9s pen\u00e9szgomb\u00e1kat vegyszerek haszn\u00e1lata n\u00e9lk\u00fcl. Megb\u00edzhat\u00f3 m\u0171k\u00f6d\u00e9s\u00e9vel hozz\u00e1j\u00e1rul a folyamatos \u00e9lelmiszerbiztons\u00e1g fenntart\u00e1s\u00e1hoz a feldolgoz\u00e1si folyamatok sor\u00e1n.<\/p>\n<p><strong>\u00a0<\/strong><strong>Anwendungen:<\/strong><\/p>\n<p><strong>\u00a0<\/strong>A k\u00e9sfert\u0151tlen\u00edt\u0151 szekr\u00e9ny ide\u00e1lis megold\u00e1s v\u00e1g\u00f3hidakon, h\u00fasfeldolgoz\u00f3 \u00fczemekben, baromfi- \u00e9s halfeldolgoz\u00f3 l\u00e9tes\u00edtm\u00e9nyekben, valamint \u00e9lelmiszeripari konyh\u00e1kban, ahol a k\u00e9sek \u00e9s k\u00e9zi eszk\u00f6z\u00f6k folyamatos, gyors \u00e9s higi\u00e9nikus fert\u0151tlen\u00edt\u00e9se alapk\u00f6vetelm\u00e9ny. K\u00fcl\u00f6n\u00f6sen aj\u00e1nlott olyan munkater\u00fcleteken, ahol gyakori az eszk\u00f6zcser\u00e9l\u00e9s \u00e9s magas higi\u00e9niai el\u0151\u00edr\u00e1soknak kell megfelelni<\/p>","protected":false},"featured_media":5105,"template":"","meta":{"_acf_changed":false,"_kad_post_transparent":"default","_kad_post_title":"","_kad_post_layout":"default","_kad_post_sidebar_id":"","_kad_post_content_style":"default","_kad_post_vertical_padding":"default","_kad_post_feature":"","_kad_post_feature_position":"","_kad_post_header":false,"_kad_post_footer":false,"_kad_post_classname":""},"pwb-brand":[],"product_brand":[1710],"product_cat":[1783,1742],"product_tag":[1869],"class_list":{"0":"post-2917","1":"product","2":"type-product","3":"status-publish","4":"has-post-thumbnail","6":"product_brand-hoenl","7":"product_cat-csiratlanitoberendezesek","8":"product_cat-higienia-mosas-fertotlenites","9":"product_tag-hoenle","11":"first","12":"instock","13":"shipping-taxable","14":"product-type-simple","15":"entry","16":"content-bg","17":"loop-entry"},"acf":[],"brands":[],"_links":{"self":[{"href":"https:\/\/kromiker.hu\/de\/wp-json\/wp\/v2\/product\/2917","targetHints":{"allow":["GET"]}}],"collection":[{"href":"https:\/\/kromiker.hu\/de\/wp-json\/wp\/v2\/product"}],"about":[{"href":"https:\/\/kromiker.hu\/de\/wp-json\/wp\/v2\/types\/product"}],"wp:featuredmedia":[{"embeddable":true,"href":"https:\/\/kromiker.hu\/de\/wp-json\/wp\/v2\/media\/5105"}],"wp:attachment":[{"href":"https:\/\/kromiker.hu\/de\/wp-json\/wp\/v2\/media?parent=2917"}],"wp:term":[{"taxonomy":"pwb-brand","embeddable":true,"href":"https:\/\/kromiker.hu\/de\/wp-json\/wp\/v2\/pwb-brand?post=2917"},{"taxonomy":"product_brand","embeddable":true,"href":"https:\/\/kromiker.hu\/de\/wp-json\/wp\/v2\/product_brand?post=2917"},{"taxonomy":"product_cat","embeddable":true,"href":"https:\/\/kromiker.hu\/de\/wp-json\/wp\/v2\/product_cat?post=2917"},{"taxonomy":"product_tag","embeddable":true,"href":"https:\/\/kromiker.hu\/de\/wp-json\/wp\/v2\/product_tag?post=2917"}],"curies":[{"name":"wp","href":"https:\/\/api.w.org\/{rel}","templated":true}]}}