{"id":2922,"date":"2025-10-15T16:25:58","date_gmt":"2025-10-15T14:25:58","guid":{"rendered":"https:\/\/halnoel1234-kmnuz.wpcomstaging.com\/?post_type=product&#038;p=2922"},"modified":"2026-03-30T20:58:45","modified_gmt":"2026-03-30T18:58:45","slug":"asuv-vizfertotlenito-allomas","status":"publish","type":"product","link":"https:\/\/kromiker.hu\/de\/product\/asuv-vizfertotlenito-allomas\/","title":{"rendered":"ASUV 27- 1250 Serie Wasserdesinfektionsstation"},"content":{"rendered":"<p><strong>Hauptmerkmale:<\/strong><\/p>\n<p>&nbsp;<\/p>\n<ul>\n<li><strong>Vegyszermentes UV-C fert\u0151tlen\u00edt\u00e9s<\/strong><br \/>\nHat\u00e9konyan semleges\u00edti a mikroorganizmusokat maradv\u00e1nyanyagok n\u00e9lk\u00fcl, meg\u0151rizve a v\u00edz term\u00e9szetes min\u0151s\u00e9g\u00e9t.<\/li>\n<li><strong>T\u00f6bb sz\u00e9ri\u00e1b\u00f3l \u00e1ll\u00f3, rugalmas rendszer<\/strong><br \/>\nK\u00fcl\u00f6nb\u00f6z\u0151 kapacit\u00e1sokhoz \u00e9s felhaszn\u00e1l\u00e1si ter\u00fcletekhez igaz\u00edthat\u00f3 megold\u00e1sok.<\/li>\n<li><strong>Megb\u00edzhat\u00f3 higi\u00e9niai v\u00e9delem<\/strong><br \/>\nFolyamatosan biztos\u00edtja a mikrobiol\u00f3giailag biztons\u00e1gos v\u00edzmin\u0151s\u00e9get.<\/li>\n<li><strong>Min\u0151s\u00e9groml\u00e1s n\u00e9lk\u00fcli kezel\u00e9s<\/strong><br \/>\nNem befoly\u00e1solja a v\u00edz \u00edz\u00e9t, tisztas\u00e1g\u00e1t vagy \u00f6sszet\u00e9tel\u00e9t.<\/li>\n<li><strong>Fenntarthat\u00f3 \u00e9s k\u00f6lts\u00e9ghat\u00e9kony m\u0171k\u00f6d\u00e9s<\/strong><br \/>\nAlacsony \u00fczemeltet\u00e9si ig\u00e9ny, hossz\u00fa \u00e9lettartam, vegyszerek n\u00e9lk\u00fcl.<\/li>\n<\/ul>\n<p><strong>Das Basismodell verf\u00fcgt \u00fcber Folgendes.<\/strong><\/p>\n<ul>\n<li><strong>Rozsdamentes ac\u00e9l<\/strong> UV-reaktor h\u00e1z<\/li>\n<li><strong>Nagy teljes\u00edtm\u00e9ny\u0171<\/strong> UV-C sug\u00e1rz\u00f3 egys\u00e9g<\/li>\n<li><strong>Kvarc\u00fcveg v\u00e9d\u0151cs\u0151<\/strong> a l\u00e1mp\u00e1hoz<\/li>\n<li><strong>Elektromos vez\u00e9rl\u0151egys\u00e9g<\/strong> \u00fczemjelz\u00e9ssel<\/li>\n<li><strong>Karbantart\u00e1sbar\u00e1t kialak\u00edt\u00e1s<\/strong><\/li>\n<\/ul>\n<p><strong>Zubeh\u00f6r und Sonderzubeh\u00f6r:<\/strong><\/p>\n<ul>\n<li>\u00a0<strong>UV-intenzit\u00e1s<\/strong> \u00e9rz\u00e9kel\u0151 \u00e9s monitoroz\u00f3 rendszer<\/li>\n<li><strong>\u00d3ra sz\u00e1ml\u00e1l\u00f3<\/strong> \u00e9s l\u00e1mpa-\u00e9lettartam kijelz\u00e9s<\/li>\n<li><strong>Automatikus kvarc\u00fcveg<\/strong> tiszt\u00edt\u00f3 rendszer<\/li>\n<li><strong>T\u00f6bb l\u00e1mp\u00e1s<\/strong>, nagy kapacit\u00e1s\u00fa kivitel<\/li>\n<li><strong>\u00a0Integr\u00e1lt el\u0151sz\u0171r\u0151 rendszer<\/strong><\/li>\n<\/ul>","protected":false},"excerpt":{"rendered":"<p>Az AQUASTERA \/ ASUV UV-C v\u00edzfert\u0151tlen\u00edt\u0151 rendszer t\u00f6bb sz\u00e9ri\u00e1b\u00f3l \u00e1ll\u00f3 term\u00e9kcsal\u00e1d, amely rugalmasan alkalmazkodik a k\u00fcl\u00f6nb\u00f6z\u0151 kapacit\u00e1s- \u00e9s felhaszn\u00e1l\u00e1si ig\u00e9nyekhez. A bev\u00e1lt UV-C technol\u00f3gia vegyszermentesen biztos\u00edtja a v\u00edz biztons\u00e1gos fert\u0151tlen\u00edt\u00e9s\u00e9t, meg\u0151rizve annak term\u00e9szetes min\u0151s\u00e9g\u00e9t, \u00edz\u00e9t \u00e9s tisztas\u00e1g\u00e1t, mik\u00f6zben hat\u00e9konyan semleges\u00edti a k\u00e1ros mikroorganizmusokat.<\/p>\n<p><strong>Anwendungen:<\/strong><\/p>\n<ul>\n<li><strong>Lebensmittelindustrie<\/strong> technol\u00f3giai v\u00edz \u00e9s \u00f6bl\u00edt\u0151v\u00edz fert\u0151tlen\u00edt\u00e9se<\/li>\n<li><strong>Fleischindustrie:<\/strong> feldolgoz\u00f3\u00fczemi v\u00edzell\u00e1t\u00e1s mikrobiol\u00f3giai biztos\u00edt\u00e1sa<\/li>\n<li><strong>Ipari v\u00edzkezel\u00e9s:<\/strong> tart\u00e1lyok, k\u00f6rfolyamatok \u00e9s rendszerbe integr\u00e1lt v\u00edzfert\u0151tlen\u00edt\u00e9s<\/li>\n<li><strong>Iv\u00f3v\u00edz \u00e9s k\u00fatv\u00edz kezel\u00e9s:<\/strong> bakt\u00e9rium- \u00e9s v\u00edrusmentes\u00edt\u00e9s<\/li>\n<li><strong>Korh\u00e1zak Klinik\u00e1k: <\/strong>bakt\u00e9rium- \u00e9s v\u00edrusmentes\u00edt\u00e9s<\/li>\n<li><strong>Gy\u00f3gyszeripar<\/strong><\/li>\n<li><strong>Italgy\u00e1rt\u00e1s \u00e9s s\u00f6rf\u0151zd\u00e9k<\/strong><\/li>\n<\/ul>","protected":false},"featured_media":5108,"template":"","meta":{"_acf_changed":false,"_kad_post_transparent":"default","_kad_post_title":"","_kad_post_layout":"default","_kad_post_sidebar_id":"","_kad_post_content_style":"default","_kad_post_vertical_padding":"default","_kad_post_feature":"","_kad_post_feature_position":"","_kad_post_header":false,"_kad_post_footer":false,"_kad_post_classname":""},"pwb-brand":[],"product_brand":[1710],"product_cat":[1742,1805],"product_tag":[1869],"class_list":{"0":"post-2922","1":"product","2":"type-product","3":"status-publish","4":"has-post-thumbnail","6":"product_brand-hoenl","7":"product_cat-higienia-mosas-fertotlenites","8":"product_cat-vizfertotlenitok","9":"product_tag-hoenle","11":"first","12":"instock","13":"shipping-taxable","14":"product-type-simple","15":"entry","16":"content-bg","17":"loop-entry"},"acf":[],"brands":[],"_links":{"self":[{"href":"https:\/\/kromiker.hu\/de\/wp-json\/wp\/v2\/product\/2922","targetHints":{"allow":["GET"]}}],"collection":[{"href":"https:\/\/kromiker.hu\/de\/wp-json\/wp\/v2\/product"}],"about":[{"href":"https:\/\/kromiker.hu\/de\/wp-json\/wp\/v2\/types\/product"}],"wp:featuredmedia":[{"embeddable":true,"href":"https:\/\/kromiker.hu\/de\/wp-json\/wp\/v2\/media\/5108"}],"wp:attachment":[{"href":"https:\/\/kromiker.hu\/de\/wp-json\/wp\/v2\/media?parent=2922"}],"wp:term":[{"taxonomy":"pwb-brand","embeddable":true,"href":"https:\/\/kromiker.hu\/de\/wp-json\/wp\/v2\/pwb-brand?post=2922"},{"taxonomy":"product_brand","embeddable":true,"href":"https:\/\/kromiker.hu\/de\/wp-json\/wp\/v2\/product_brand?post=2922"},{"taxonomy":"product_cat","embeddable":true,"href":"https:\/\/kromiker.hu\/de\/wp-json\/wp\/v2\/product_cat?post=2922"},{"taxonomy":"product_tag","embeddable":true,"href":"https:\/\/kromiker.hu\/de\/wp-json\/wp\/v2\/product_tag?post=2922"}],"curies":[{"name":"wp","href":"https:\/\/api.w.org\/{rel}","templated":true}]}}