{"id":2927,"date":"2025-10-15T16:25:58","date_gmt":"2025-10-15T14:25:58","guid":{"rendered":"https:\/\/halnoel1234-kmnuz.wpcomstaging.com\/?post_type=product&#038;p=2927"},"modified":"2026-05-14T11:03:07","modified_gmt":"2026-05-14T09:03:07","slug":"inseca-kutterkes","status":"publish","type":"product","link":"https:\/\/kromiker.hu\/de\/product\/inseca-kutterkes\/","title":{"rendered":"INSECA  kutterk\u00e9s"},"content":{"rendered":"<p>A szabadalmazott INSECA v\u00e1g\u00f3k\u00e9s ferde kialak\u00edt\u00e1s\u00fa<\/p>","protected":false},"excerpt":{"rendered":"<p>A szabadalmaztatott INSECA&#8230;<\/p>","protected":false},"featured_media":0,"template":"","meta":{"_acf_changed":false,"_kad_post_transparent":"default","_kad_post_title":"","_kad_post_layout":"default","_kad_post_sidebar_id":"","_kad_post_content_style":"default","_kad_post_vertical_padding":"default","_kad_post_feature":"","_kad_post_feature_position":"","_kad_post_header":false,"_kad_post_footer":false,"_kad_post_classname":""},"pwb-brand":[1888],"product_brand":[1689],"product_cat":[1744],"product_tag":[1860],"class_list":{"0":"post-2927","1":"product","2":"type-product","3":"status-publish","5":"pwb-brand-be-maschinenmesser","6":"product_brand-be-maschinenmesser","7":"product_cat-vagoeszkozok","8":"product_tag-be-maschinenmesser","10":"first","11":"instock","12":"shipping-taxable","13":"product-type-simple","14":"entry","15":"content-bg","16":"loop-entry"},"acf":[],"brands":[{"id":1888,"name":"BE Maschinenmesser","slug":"be-maschinenmesser"}],"_links":{"self":[{"href":"https:\/\/kromiker.hu\/de\/wp-json\/wp\/v2\/product\/2927","targetHints":{"allow":["GET"]}}],"collection":[{"href":"https:\/\/kromiker.hu\/de\/wp-json\/wp\/v2\/product"}],"about":[{"href":"https:\/\/kromiker.hu\/de\/wp-json\/wp\/v2\/types\/product"}],"wp:attachment":[{"href":"https:\/\/kromiker.hu\/de\/wp-json\/wp\/v2\/media?parent=2927"}],"wp:term":[{"taxonomy":"pwb-brand","embeddable":true,"href":"https:\/\/kromiker.hu\/de\/wp-json\/wp\/v2\/pwb-brand?post=2927"},{"taxonomy":"product_brand","embeddable":true,"href":"https:\/\/kromiker.hu\/de\/wp-json\/wp\/v2\/product_brand?post=2927"},{"taxonomy":"product_cat","embeddable":true,"href":"https:\/\/kromiker.hu\/de\/wp-json\/wp\/v2\/product_cat?post=2927"},{"taxonomy":"product_tag","embeddable":true,"href":"https:\/\/kromiker.hu\/de\/wp-json\/wp\/v2\/product_tag?post=2927"}],"curies":[{"name":"wp","href":"https:\/\/api.w.org\/{rel}","templated":true}]}}