{"id":2928,"date":"2025-10-15T16:25:58","date_gmt":"2025-10-15T14:25:58","guid":{"rendered":"https:\/\/halnoel1234-kmnuz.wpcomstaging.com\/?post_type=product&#038;p=2928"},"modified":"2026-03-30T20:57:38","modified_gmt":"2026-03-30T18:57:38","slug":"gaser-v3000-cp-hamburgerformazo","status":"publish","type":"product","link":"https:\/\/kromiker.hu\/de\/product\/gaser-v3000-cp-hamburgerformazo\/","title":{"rendered":"Gaser V3000 CP-Hamburger-Fr\u00e4se"},"content":{"rendered":"<p><strong>Hauptmerkmale:<\/strong><\/p>\n<ul>\n<li><strong>Anyagk\u00edm\u00e9l\u0151 adagol\u00e1si technol\u00f3gia:<\/strong><br \/>\nA speci\u00e1lisan kialak\u00edtott rendszer egyenletes nyom\u00e1seloszl\u00e1ssal dolgozik, \u00edgy az alapanyag szerkezete megmarad, elker\u00fclve a roncsol\u00f3d\u00e1st \u00e9s a min\u0151s\u00e9groml\u00e1st.<\/li>\n<li><strong>Hat\u00e9kony \u00fczemeltet\u00e9s \u00e9s higi\u00e9nikus kialak\u00edt\u00e1s:<\/strong><br \/>\nAz ergonomikus fel\u00e9p\u00edt\u00e9s gyors \u00e1t\u00e1ll\u00e1st, egyszer\u0171 sz\u00e9tszerel\u00e9st \u00e9s alapos tiszt\u00edt\u00e1st tesz lehet\u0151v\u00e9, hozz\u00e1j\u00e1rulva a folyamatos \u00e9s gazdas\u00e1gos termel\u00e9shez.<\/li>\n<li><strong>Term\u00e9kelv\u00e1laszt\u00e1s pap\u00edradagol\u00f3val:<\/strong><br \/>\nAz opcion\u00e1lis pap\u00edrelv\u00e1laszt\u00f3 rendszer biztos\u00edtja a pog\u00e1cs\u00e1k elk\u00fcl\u00f6n\u00edt\u00e9s\u00e9t, megk\u00f6nny\u00edtve a tov\u00e1bbi feldolgoz\u00e1si, csomagol\u00e1si \u00e9s t\u00e1rol\u00e1si folyamatokat.<\/li>\n<\/ul>\n<p><strong>Das Basismodell verf\u00fcgt \u00fcber Folgendes.<\/strong><\/p>\n<ul>\n<li>Rozsdamentes ac\u00e9l v\u00e1zszerkezet<\/li>\n<li>Adagol\u00f3egys\u00e9g<\/li>\n<li>Form\u00e1z\u00f3egys\u00e9g cser\u00e9lhet\u0151 formabet\u00e9ttel<\/li>\n<li>Pneumatikus m\u0171k\u00f6dtet\u0151 rendszer<\/li>\n<li>Kezel\u0151panel<\/li>\n<li>Term\u00e9ktov\u00e1bb\u00edt\u00f3 egys\u00e9g<\/li>\n<\/ul>\n<p><strong>Zubeh\u00f6r und Sonderzubeh\u00f6r:<\/strong><\/p>\n<ul>\n<li>Sz\u00e1ll\u00edt\u00f3szalag<\/li>\n<li>Pap\u00edradagol\u00f3 rendszer<\/li>\n<li>T\u00f6lt\u0151g\u00e9phez csatlakoztathat\u00f3 adapter<\/li>\n<li>Rozsdamentes ac\u00e9l munkaasztal kerekekkel<\/li>\n<li>Kerek hamburgerform\u00e1z\u00f3 bet\u00e9t (opcion\u00e1lis)<\/li>\n<li>Kerek hamburger kil\u00f6k\u0151 egys\u00e9g (opcion\u00e1lis)<\/li>\n<li>Nem kerek (speci\u00e1lis) hamburgerform\u00e1z\u00f3 bet\u00e9t (opcion\u00e1lis)<\/li>\n<li>Nem kerek hamburger kil\u00f6k\u0151 egys\u00e9g (opcion\u00e1lis)<\/li>\n<\/ul>","protected":false},"excerpt":{"rendered":"<p>A Gaser V-3000-CP automata hamburgerform\u00e1z\u00f3 g\u00e9p ipari k\u00f6rnyezetben egys\u00e9ges t\u00f6meg\u0171 \u00e9s form\u00e1j\u00fa hamburgerek gyors gy\u00e1rt\u00e1s\u00e1t teszi lehet\u0151v\u00e9. K\u00fcl\u00f6nb\u00f6z\u0151 t\u00f6megekre \u00e9s form\u00e1kra alkalmas, pap\u00edrral vagy an\u00e9lk\u00fcl. Megb\u00edzhat\u00f3, nagy kapacit\u00e1s\u00fa megold\u00e1s a hat\u00e9kony termel\u00e9shez. B\u00e1rmilyen t\u00f6lt\u0151g\u00e9phez lehet csatlakoztatni. Percenk\u00e9nt 40-60 hamburgert tud k\u00e9sz\u00edteni a t\u00f6lt\u0151g\u00e9p sebess\u00e9g\u00e9t\u0151l f\u00fcgg\u0151en.<\/p>\n<p><strong>Anwendungen:<\/strong><\/p>\n<ul>\n<li>A V-3000-CP automata hamburgerform\u00e1z\u00f3 g\u00e9p h\u00fasipari \u00e9s \u00e9lelmiszeripari \u00fczemekben alkalmazhat\u00f3 dar\u00e1lt h\u00fasb\u00f3l k\u00e9sz\u00fclt hamburgerek \u00e9s egy\u00e9b form\u00e1zott term\u00e9kek ipari el\u0151\u00e1ll\u00edt\u00e1s\u00e1ra.<\/li>\n<\/ul>","protected":false},"featured_media":4776,"template":"","meta":{"_acf_changed":false,"_kad_post_transparent":"default","_kad_post_title":"","_kad_post_layout":"default","_kad_post_sidebar_id":"","_kad_post_content_style":"default","_kad_post_vertical_padding":"default","_kad_post_feature":"","_kad_post_feature_position":"","_kad_post_header":false,"_kad_post_footer":false,"_kad_post_classname":""},"pwb-brand":[],"product_brand":[1696],"product_cat":[1787,1739],"product_tag":[1866],"class_list":{"0":"post-2928","1":"product","2":"type-product","3":"status-publish","4":"has-post-thumbnail","6":"product_brand-gaser","7":"product_cat-adagoloesformazogepek","8":"product_cat-tovabbfeldolgozas","9":"product_tag-gaser","11":"first","12":"instock","13":"shipping-taxable","14":"product-type-simple","15":"entry","16":"content-bg","17":"loop-entry"},"acf":[],"brands":[],"_links":{"self":[{"href":"https:\/\/kromiker.hu\/de\/wp-json\/wp\/v2\/product\/2928","targetHints":{"allow":["GET"]}}],"collection":[{"href":"https:\/\/kromiker.hu\/de\/wp-json\/wp\/v2\/product"}],"about":[{"href":"https:\/\/kromiker.hu\/de\/wp-json\/wp\/v2\/types\/product"}],"wp:featuredmedia":[{"embeddable":true,"href":"https:\/\/kromiker.hu\/de\/wp-json\/wp\/v2\/media\/4776"}],"wp:attachment":[{"href":"https:\/\/kromiker.hu\/de\/wp-json\/wp\/v2\/media?parent=2928"}],"wp:term":[{"taxonomy":"pwb-brand","embeddable":true,"href":"https:\/\/kromiker.hu\/de\/wp-json\/wp\/v2\/pwb-brand?post=2928"},{"taxonomy":"product_brand","embeddable":true,"href":"https:\/\/kromiker.hu\/de\/wp-json\/wp\/v2\/product_brand?post=2928"},{"taxonomy":"product_cat","embeddable":true,"href":"https:\/\/kromiker.hu\/de\/wp-json\/wp\/v2\/product_cat?post=2928"},{"taxonomy":"product_tag","embeddable":true,"href":"https:\/\/kromiker.hu\/de\/wp-json\/wp\/v2\/product_tag?post=2928"}],"curies":[{"name":"wp","href":"https:\/\/api.w.org\/{rel}","templated":true}]}}