{"id":2929,"date":"2025-10-15T16:25:58","date_gmt":"2025-10-15T14:25:58","guid":{"rendered":"https:\/\/halnoel1234-kmnuz.wpcomstaging.com\/?post_type=product&#038;p=2929"},"modified":"2026-04-01T12:02:45","modified_gmt":"2026-04-01T10:02:45","slug":"ftt-kts-halpikkelyezo","status":"publish","type":"product","link":"https:\/\/kromiker.hu\/de\/product\/ftt-kts-halpikkelyezo\/","title":{"rendered":"FTT-KTS halpikkelyez\u0151"},"content":{"rendered":"<p><strong>Hauptmerkmale:<\/strong><\/p>\n<ul>\n<li data-start=\"774\" data-end=\"1052\">K\u00e9zi, motoros m\u0171k\u00f6d\u00e9s \u2013 rugalmas \u00e9s k\u00f6nnyen kezelhet\u0151<\/li>\n<li data-start=\"1054\" data-end=\"1101\">Hat\u00e9kony pikkelyelt\u00e1vol\u00edt\u00e1s minim\u00e1lis h\u00fasvesztes\u00e9ggel<\/li>\n<li data-start=\"1054\" data-end=\"1101\">Ergonomikus kialak\u00edt\u00e1s a k\u00e9nyelmes haszn\u00e1lat \u00e9rdek\u00e9ben<\/li>\n<li data-start=\"1054\" data-end=\"1101\">Kompakt \u00e9s k\u00f6nny\u0171 kivitel<\/li>\n<li data-start=\"1054\" data-end=\"1101\">Rozsdamentes ac\u00e9l \u00e9s ipari anyaghaszn\u00e1lat<\/li>\n<li data-start=\"1054\" data-end=\"1101\">Egyszer\u0171 tiszt\u00edthat\u00f3s\u00e1g<\/li>\n<\/ul>\n<p data-start=\"1054\" data-end=\"1101\"><strong data-start=\"1054\" data-end=\"1099\">Das Basismodell verf\u00fcgt \u00fcber die folgenden Merkmale:<\/strong><\/p>\n<ul>\n<li data-start=\"1103\" data-end=\"1254\">Motoros meghajt\u00e1s\u00fa pikkelyez\u0151 fej<\/li>\n<li data-start=\"1256\" data-end=\"1299\">Ergonomikus k\u00e9zi kialak\u00edt\u00e1s<\/li>\n<li data-start=\"1256\" data-end=\"1299\">Elektrischer Anschluss<\/li>\n<li data-start=\"1256\" data-end=\"1299\">V\u00e9d\u0151burkolat<\/li>\n<li data-start=\"1256\" data-end=\"1299\">Stabil m\u0171k\u00f6d\u00e9shez kialak\u00edtott h\u00e1z<\/li>\n<\/ul>\n<p data-start=\"1256\" data-end=\"1299\"><strong data-start=\"1256\" data-end=\"1297\">Zubeh\u00f6r und Sonderzubeh\u00f6r:<\/strong><\/p>\n<ul>\n<li data-start=\"1301\" data-end=\"1467\">K\u00fcl\u00f6nb\u00f6z\u0151 pikkelyez\u0151 fejek k\u00fcl\u00f6nb\u00f6z\u0151 halfajt\u00e1khoz<\/li>\n<li data-start=\"1469\" data-end=\"1490\">Cser\u00e9lhet\u0151 alkatr\u00e9szek<\/li>\n<li data-start=\"1469\" data-end=\"1490\">Tart\u00f3\u00e1llv\u00e1ny vagy felf\u00fcggeszt\u00e9si lehet\u0151s\u00e9g<\/li>\n<\/ul>","protected":false},"excerpt":{"rendered":"<p>Azur<strong> FTT\u00a0KT-S halpikkelyez\u0151<\/strong> egy k\u00e9zi, motoros meghajt\u00e1s\u00fa berendez\u00e9s, amelyet halak gyors \u00e9s hat\u00e9kony pikkelyez\u00e9s\u00e9re fejlesztettek ki. A kompakt, ergonomikus kialak\u00edt\u00e1s lehet\u0151v\u00e9 teszi a prec\u00edz munkav\u00e9gz\u00e9st, mik\u00f6zben a motoros hajt\u00e1s jelent\u0151sen cs\u00f6kkenti a k\u00e9zi er\u0151sz\u00fcks\u00e9gletet. A berendez\u00e9s ide\u00e1lis v\u00e1laszt\u00e1s kisebb \u00e9s k\u00f6zepes feldolgoz\u00f3 egys\u00e9gek sz\u00e1m\u00e1ra, ahol fontos a gyors, rugalmas \u00e9s k\u00edm\u00e9letes hal-el\u0151k\u00e9sz\u00edt\u00e9s.<\/p>\n<p data-start=\"491\" data-end=\"519\"><strong data-start=\"491\" data-end=\"517\">Anwendungen:<\/strong><\/p>\n<ul>\n<li data-start=\"521\" data-end=\"751\">Halipari feldolgoz\u00e1s sor\u00e1n k\u00fcl\u00f6nb\u00f6z\u0151 halfajt\u00e1k pikkelyez\u00e9se<\/li>\n<li data-start=\"753\" data-end=\"772\">Friss hal el\u0151k\u00e9sz\u00edt\u00e9se tov\u00e1bbi feldolgoz\u00e1sra<\/li>\n<li data-start=\"753\" data-end=\"772\">Kis- \u00e9s k\u00f6zepes feldolgoz\u00f3 \u00fczemek<\/li>\n<li data-start=\"753\" data-end=\"772\">Halboltok \u00e9s vend\u00e9gl\u00e1t\u00f3ipari egys\u00e9gek<\/li>\n<li data-start=\"753\" data-end=\"772\">K\u00e9zm\u0171ves \u00e9s helysz\u00edni feldolgoz\u00e1s<\/li>\n<\/ul>","protected":false},"featured_media":5442,"template":"","meta":{"_acf_changed":false,"_kad_post_transparent":"default","_kad_post_title":"","_kad_post_layout":"default","_kad_post_sidebar_id":"","_kad_post_content_style":"default","_kad_post_vertical_padding":"default","_kad_post_feature":"","_kad_post_feature_position":"","_kad_post_header":false,"_kad_post_footer":false,"_kad_post_classname":""},"pwb-brand":[],"product_brand":[1699],"product_cat":[1746],"product_tag":[1864],"class_list":{"0":"post-2929","1":"product","2":"type-product","3":"status-publish","4":"has-post-thumbnail","6":"product_brand-food-technology-thielemann","7":"product_cat-egyeb-termekek","8":"product_tag-food-technology-thielemann","10":"first","11":"instock","12":"shipping-taxable","13":"product-type-simple","14":"entry","15":"content-bg","16":"loop-entry"},"acf":[],"brands":[],"_links":{"self":[{"href":"https:\/\/kromiker.hu\/de\/wp-json\/wp\/v2\/product\/2929","targetHints":{"allow":["GET"]}}],"collection":[{"href":"https:\/\/kromiker.hu\/de\/wp-json\/wp\/v2\/product"}],"about":[{"href":"https:\/\/kromiker.hu\/de\/wp-json\/wp\/v2\/types\/product"}],"wp:featuredmedia":[{"embeddable":true,"href":"https:\/\/kromiker.hu\/de\/wp-json\/wp\/v2\/media\/5442"}],"wp:attachment":[{"href":"https:\/\/kromiker.hu\/de\/wp-json\/wp\/v2\/media?parent=2929"}],"wp:term":[{"taxonomy":"pwb-brand","embeddable":true,"href":"https:\/\/kromiker.hu\/de\/wp-json\/wp\/v2\/pwb-brand?post=2929"},{"taxonomy":"product_brand","embeddable":true,"href":"https:\/\/kromiker.hu\/de\/wp-json\/wp\/v2\/product_brand?post=2929"},{"taxonomy":"product_cat","embeddable":true,"href":"https:\/\/kromiker.hu\/de\/wp-json\/wp\/v2\/product_cat?post=2929"},{"taxonomy":"product_tag","embeddable":true,"href":"https:\/\/kromiker.hu\/de\/wp-json\/wp\/v2\/product_tag?post=2929"}],"curies":[{"name":"wp","href":"https:\/\/api.w.org\/{rel}","templated":true}]}}