{"id":2931,"date":"2025-10-15T16:25:59","date_gmt":"2025-10-15T14:25:59","guid":{"rendered":"https:\/\/halnoel1234-kmnuz.wpcomstaging.com\/?post_type=product&#038;p=2931"},"modified":"2026-03-30T21:01:50","modified_gmt":"2026-03-30T19:01:50","slug":"ruhle-mpr220-vakuumtumbler","status":"publish","type":"product","link":"https:\/\/kromiker.hu\/de\/product\/ruhle-mpr220-vakuumtumbler\/","title":{"rendered":"R\u00fchle MPR220 Vakuum-W\u00e4schetrockner"},"content":{"rendered":"<p><strong>Hauptmerkmale:<\/strong><\/p>\n<ul>\n<li>Vakuumfunktion f\u00fcr schnellere Beizaufnahme<\/li>\n<li>Schonende Massagetechnologie zur Erhaltung der Produktstruktur<\/li>\n<li>Edelstahlausf\u00fchrung, hygienisches Design<\/li>\n<li>Programmierbare Mischzyklen<\/li>\n<li>Einstellbare Drehgeschwindigkeit<\/li>\n<li>Gleichm\u00e4\u00dfiges Mischen mit speziellen R\u00fchrarmen<\/li>\n<\/ul>\n<p><strong>Das Basismodell verf\u00fcgt \u00fcber die folgenden Merkmale:<\/strong><\/p>\n<ul>\n<li>Vakuumsystem mit integrierter Pumpe<\/li>\n<li>Edelstahl-Mischbeh\u00e4lter (220 Liter)<\/li>\n<li>Drehende Mischarme<\/li>\n<li>Digitale Steuerung (mit programmierbaren Zyklen)<\/li>\n<li>Einstellbare Geschwindigkeitsregelung<\/li>\n<li>Edelstahlkonstruktion<\/li>\n<\/ul>\n<p><strong>Zubeh\u00f6r und Sonderzubeh\u00f6r:<\/strong><\/p>\n<ul>\n<li>Doppelwandiges K\u00fchlsystem (Direktk\u00fchlung)<\/li>\n<li>Heb- und Entladesystem<\/li>\n<li>Spezielle R\u00fchrfl\u00fcgeldesigns<\/li>\n<li>Integration mit Injektions- und Verarbeitungssystemen<\/li>\n<li>Anpassungs- und Steuerungserweiterungen<\/li>\n<\/ul>\n<p>&nbsp;<\/p>","protected":false},"excerpt":{"rendered":"<p>A <strong>R\u00fchle MPR 220 Vakuum Tumbler<\/strong> ein kompaktes, industrielles Misch- und Marinierger\u00e4t, das f\u00fcr die schonende Verarbeitung von Fleischprodukten unter Vakuum entwickelt wurde. Der Vakuumbetrieb des Ger\u00e4ts erm\u00f6glicht ein schnelles und gleichm\u00e4\u00dfiges Eindringen der Marinade in die Fleischstruktur, w\u00e4hrend die Textur und Qualit\u00e4t des Produkts erhalten bleiben. Die rotierenden Mischarme und die pr\u00e4zise einstellbaren Parameter gew\u00e4hrleisten ein gleichm\u00e4\u00dfiges Mischen, Massieren und Reifen und sind somit die ideale Wahl f\u00fcr kleine und mittlere Betriebe.<\/p>\n<p><strong>Anwendungen:<\/strong><\/p>\n<ul>\n<li>Herstellung von Produkten, die in Salzlake gekocht wurden (Schinken, geschnittene Fleischst\u00fccke)<\/li>\n<li>Fleischmassage und Reifung<\/li>\n<li>Verarbeitung von Gefl\u00fcgel, Schweine- und Rindfleisch<\/li>\n<li>W\u00fcrzen und Marinieren<\/li>\n<li>Handwerkliche und halbindustrielle Verarbeitung<\/li>\n<\/ul>","protected":false},"featured_media":5439,"template":"","meta":{"_acf_changed":false,"_kad_post_transparent":"default","_kad_post_title":"","_kad_post_layout":"default","_kad_post_sidebar_id":"","_kad_post_content_style":"default","_kad_post_vertical_padding":"default","_kad_post_feature":"","_kad_post_feature_position":"","_kad_post_header":false,"_kad_post_footer":false,"_kad_post_classname":""},"pwb-brand":[],"product_brand":[1690],"product_cat":[1770,1739],"product_tag":[1877],"class_list":{"0":"post-2931","1":"product","2":"type-product","3":"status-publish","4":"has-post-thumbnail","6":"product_brand-ruhle","7":"product_cat-pacologepek","8":"product_cat-tovabbfeldolgozas","9":"product_tag-ruhle","11":"first","12":"instock","13":"shipping-taxable","14":"product-type-simple","15":"entry","16":"content-bg","17":"loop-entry"},"acf":[],"brands":[],"_links":{"self":[{"href":"https:\/\/kromiker.hu\/de\/wp-json\/wp\/v2\/product\/2931","targetHints":{"allow":["GET"]}}],"collection":[{"href":"https:\/\/kromiker.hu\/de\/wp-json\/wp\/v2\/product"}],"about":[{"href":"https:\/\/kromiker.hu\/de\/wp-json\/wp\/v2\/types\/product"}],"wp:featuredmedia":[{"embeddable":true,"href":"https:\/\/kromiker.hu\/de\/wp-json\/wp\/v2\/media\/5439"}],"wp:attachment":[{"href":"https:\/\/kromiker.hu\/de\/wp-json\/wp\/v2\/media?parent=2931"}],"wp:term":[{"taxonomy":"pwb-brand","embeddable":true,"href":"https:\/\/kromiker.hu\/de\/wp-json\/wp\/v2\/pwb-brand?post=2931"},{"taxonomy":"product_brand","embeddable":true,"href":"https:\/\/kromiker.hu\/de\/wp-json\/wp\/v2\/product_brand?post=2931"},{"taxonomy":"product_cat","embeddable":true,"href":"https:\/\/kromiker.hu\/de\/wp-json\/wp\/v2\/product_cat?post=2931"},{"taxonomy":"product_tag","embeddable":true,"href":"https:\/\/kromiker.hu\/de\/wp-json\/wp\/v2\/product_tag?post=2931"}],"curies":[{"name":"wp","href":"https:\/\/api.w.org\/{rel}","templated":true}]}}