{"id":2932,"date":"2025-10-15T16:25:59","date_gmt":"2025-10-15T14:25:59","guid":{"rendered":"https:\/\/halnoel1234-kmnuz.wpcomstaging.com\/?post_type=product&#038;p=2932"},"modified":"2026-05-14T11:03:07","modified_gmt":"2026-05-14T09:03:07","slug":"sarlokesek-szeletelogepekhez","status":"publish","type":"product","link":"https:\/\/kromiker.hu\/de\/product\/sarlokesek-szeletelogepekhez\/","title":{"rendered":"Klingen f\u00fcr Aufschnittmaschinen"},"content":{"rendered":"<p><strong>Hauptmerkmale:<\/strong><\/p>\n<ul>\n<li data-start=\"830\" data-end=\"1118\">Sarl\u00f3 alak\u00fa penge \u2013 folyamatos, tiszta v\u00e1g\u00e1s<\/li>\n<li data-start=\"1120\" data-end=\"1167\">Kiv\u00e1l\u00f3 \u00e9lmegtart\u00e1s \u00e9s hossz\u00fa \u00e9lettartam<\/li>\n<li data-start=\"1120\" data-end=\"1167\">Prec\u00edz kiegyens\u00falyoz\u00e1s a vibr\u00e1ci\u00f3mentes m\u0171k\u00f6d\u00e9shez<\/li>\n<li data-start=\"1120\" data-end=\"1167\">Minim\u00e1lis v\u00e1g\u00e1si ellen\u00e1ll\u00e1s \u00e9s term\u00e9kdeform\u00e1ci\u00f3<\/li>\n<li data-start=\"1120\" data-end=\"1167\">Pr\u00e9mium min\u0151s\u00e9g\u0171 edzett ac\u00e9l kivitel<\/li>\n<li data-start=\"1120\" data-end=\"1167\">Kompatibilit\u00e1s k\u00fcl\u00f6nb\u00f6z\u0151 szeletel\u0151 g\u00e9pekkel<\/li>\n<\/ul>\n<p data-start=\"1120\" data-end=\"1167\"><strong data-start=\"1120\" data-end=\"1165\">Das Basismodell verf\u00fcgt \u00fcber die folgenden Merkmale:<\/strong><\/p>\n<ul>\n<li data-start=\"1169\" data-end=\"1336\">Sarl\u00f3 alak\u00fa, prec\u00edzi\u00f3s k\u00f6sz\u00f6r\u00fclt penge<\/li>\n<li data-start=\"1338\" data-end=\"1381\">Edzett ac\u00e9l kivitel<\/li>\n<li data-start=\"1338\" data-end=\"1381\">Pol\u00edrozott fel\u00fclet<\/li>\n<li data-start=\"1338\" data-end=\"1381\">Standard r\u00f6gz\u00edt\u00e9si rendszer<\/li>\n<li data-start=\"1338\" data-end=\"1381\">Ipari haszn\u00e1latra optimaliz\u00e1lt kialak\u00edt\u00e1s<\/li>\n<\/ul>\n<p data-start=\"1338\" data-end=\"1381\"><strong data-start=\"1338\" data-end=\"1379\">Zubeh\u00f6r und Sonderzubeh\u00f6r:<\/strong><\/p>\n<ul>\n<li data-start=\"1383\" data-end=\"1575\">K\u00fcl\u00f6nb\u00f6z\u0151 penge\u00e1tm\u00e9r\u0151k \u00e9s \u00edvprofilok<\/li>\n<li data-start=\"1577\" data-end=\"1598\">Speci\u00e1lis bevonatok a kop\u00e1s cs\u00f6kkent\u00e9s\u00e9re<\/li>\n<li data-start=\"1577\" data-end=\"1598\">Kem\u00e9nyf\u00e9m \u00e9lbet\u00e9tes kivitel<\/li>\n<li data-start=\"1577\" data-end=\"1598\">Egyedi gy\u00e1rt\u00e1s k\u00fcl\u00f6nb\u00f6z\u0151 szeletel\u0151 g\u00e9pekhez<\/li>\n<li data-start=\"1577\" data-end=\"1598\">Komplett k\u00e9sk\u00e9szletek<\/li>\n<\/ul>","protected":false},"excerpt":{"rendered":"<p>A <strong data-start=\"45\" data-end=\"88\">BE Maschinenmesser szeletel\u0151 sarl\u00f3k\u00e9sek<\/strong> pr\u00e9mium min\u0151s\u00e9g\u0171, ipari felhaszn\u00e1l\u00e1sra tervezett v\u00e1g\u00f3eszk\u00f6z\u00f6k, amelyeket els\u0151sorban h\u00fasipari szeletel\u0151 g\u00e9pekhez fejlesztettek ki. A sarl\u00f3 alak\u00fa kialak\u00edt\u00e1s biztos\u00edtja a folyamatos, egyenletes v\u00e1g\u00e1st, mik\u00f6zben cs\u00f6kkenti a v\u00e1g\u00e1si ellen\u00e1ll\u00e1st \u00e9s a term\u00e9k deform\u00e1ci\u00f3j\u00e1t. A kiv\u00e1l\u00f3 min\u0151s\u00e9g\u0171 edzett ac\u00e9l \u00e9s a prec\u00edz \u00e9lgeometria hossz\u00fa \u00e9lettartamot, tiszta v\u00e1g\u00e1si fel\u00fcletet \u00e9s stabil teljes\u00edtm\u00e9nyt garant\u00e1l m\u00e9g nagy sebess\u00e9g\u0171 \u00fczem mellett is.<\/p>\n<p data-start=\"526\" data-end=\"554\"><strong data-start=\"526\" data-end=\"552\">Anwendungen:<\/strong><\/p>\n<ul>\n<li data-start=\"556\" data-end=\"807\">H\u00fasipari szeletel\u0151 g\u00e9pekben friss \u00e9s feldolgozott h\u00fasok szeletel\u00e9se<\/li>\n<li data-start=\"809\" data-end=\"828\">Sonk\u00e1k, felv\u00e1gottak \u00e9s egy\u00e9b h\u00fask\u00e9sz\u00edtm\u00e9nyek darabol\u00e1sa<\/li>\n<li data-start=\"809\" data-end=\"828\">Baromfi- \u00e9s halipari feldolgoz\u00e1s<\/li>\n<li data-start=\"809\" data-end=\"828\">Nagy sebess\u00e9g\u0171 ipari szeletel\u00e9si folyamatok<\/li>\n<li data-start=\"809\" data-end=\"828\">Automatiz\u00e1lt szeletel\u0151 vonalak<\/li>\n<\/ul>","protected":false},"featured_media":5538,"template":"","meta":{"_acf_changed":false,"_kad_post_transparent":"default","_kad_post_title":"","_kad_post_layout":"default","_kad_post_sidebar_id":"","_kad_post_content_style":"default","_kad_post_vertical_padding":"default","_kad_post_feature":"","_kad_post_feature_position":"","_kad_post_header":false,"_kad_post_footer":false,"_kad_post_classname":""},"pwb-brand":[1888],"product_brand":[1689],"product_cat":[1788,1744],"product_tag":[1860],"class_list":{"0":"post-2932","1":"product","2":"type-product","3":"status-publish","4":"has-post-thumbnail","6":"pwb-brand-be-maschinenmesser","7":"product_brand-be-maschinenmesser","8":"product_cat-sarlokesek-szeletelokesek","9":"product_cat-vagoeszkozok","10":"product_tag-be-maschinenmesser","12":"first","13":"instock","14":"shipping-taxable","15":"product-type-simple","16":"entry","17":"content-bg","18":"loop-entry"},"acf":[],"brands":[{"id":1888,"name":"BE Maschinenmesser","slug":"be-maschinenmesser"}],"_links":{"self":[{"href":"https:\/\/kromiker.hu\/de\/wp-json\/wp\/v2\/product\/2932","targetHints":{"allow":["GET"]}}],"collection":[{"href":"https:\/\/kromiker.hu\/de\/wp-json\/wp\/v2\/product"}],"about":[{"href":"https:\/\/kromiker.hu\/de\/wp-json\/wp\/v2\/types\/product"}],"wp:featuredmedia":[{"embeddable":true,"href":"https:\/\/kromiker.hu\/de\/wp-json\/wp\/v2\/media\/5538"}],"wp:attachment":[{"href":"https:\/\/kromiker.hu\/de\/wp-json\/wp\/v2\/media?parent=2932"}],"wp:term":[{"taxonomy":"pwb-brand","embeddable":true,"href":"https:\/\/kromiker.hu\/de\/wp-json\/wp\/v2\/pwb-brand?post=2932"},{"taxonomy":"product_brand","embeddable":true,"href":"https:\/\/kromiker.hu\/de\/wp-json\/wp\/v2\/product_brand?post=2932"},{"taxonomy":"product_cat","embeddable":true,"href":"https:\/\/kromiker.hu\/de\/wp-json\/wp\/v2\/product_cat?post=2932"},{"taxonomy":"product_tag","embeddable":true,"href":"https:\/\/kromiker.hu\/de\/wp-json\/wp\/v2\/product_tag?post=2932"}],"curies":[{"name":"wp","href":"https:\/\/api.w.org\/{rel}","templated":true}]}}