{"id":3903,"date":"2025-11-19T19:10:49","date_gmt":"2025-11-19T18:10:49","guid":{"rendered":"https:\/\/halnoel1234-kmnuz.wpcomstaging.com\/?post_type=product&#038;p=3903"},"modified":"2026-03-30T20:57:09","modified_gmt":"2026-03-30T18:57:09","slug":"3903","status":"publish","type":"product","link":"https:\/\/kromiker.hu\/de\/product\/3903\/","title":{"rendered":"Freund Stun E4 Web-E Bet\u00e4ubungsger\u00e4t"},"content":{"rendered":"<p><strong>Elektronisches Hochfrequenz-Konstantstrom-Verkabelungsger\u00e4t auf Cloud-Basis.<\/strong><\/p>\n<p><strong>Enth\u00e4lt:<\/strong> traumhafte Villa<\/p>\n<ul>\n<li>4 vorinstallierte Bet\u00e4ubungsprogramme<\/li>\n<li>40-Zeichen-LCD-Display zur Echtzeitanzeige von Programmnummer, Strom, Spannung, Frequenz und Bet\u00e4ubungszeit<\/li>\n<li>Akustische und visuelle Anzeige von St\u00f6rungen und Ende der Bet\u00e4ubung<\/li>\n<li>6 praktische Tasten zur Programmwahl und Programmierung<\/li>\n<li>Zugang zu atemberaubenden Daten \u00fcber eine Webschnittstelle mit t\u00e4glichen\/w\u00f6chentlichen\/monatlichen Statistiken<\/li>\n<li>interner Datenspeicher f\u00fcr weitere Datensicherung<\/li>\n<li>netzwerkf\u00e4hig, Ethernet RJ45-Anschluss<\/li>\n<li>Fernprogrammierung von Parameterdatens\u00e4tzen ist \u00fcber ein Webinterface m\u00f6glich<\/li>\n<li>entspricht der aktuellen Tierschlachtverordnung (TierSchlV) 1099\/2009<\/li>\n<\/ul>","protected":false},"excerpt":{"rendered":"<p data-path-to-node=\"8\">A <strong>Freund bet\u00e4uben E4 Web-E<\/strong> ein hochmodernes, elektronisch gesteuertes Bet\u00e4ubungssystem, das den Anforderungen moderner Schlachth\u00f6fe gerecht wird. Das Ger\u00e4t kombiniert humane Tierbehandlung mit den neuesten technologischen Standards und entspricht der Verordnung (EG) Nr. 1099\/2009 und den VDE-Vorschriften.<\/p>\n<ul>\n<li><strong>Einhaltung der Vorschriften:<\/strong> Tierschutz-Elektroschocker nach 1099\/2009\/EG und VDE.<\/li>\n<li><strong>Technologie:<\/strong> Elektronischer, hochfrequenter Konstantstrombetrieb.<\/li>\n<li><strong>Anzeige:<\/strong> LCD-Anzeige (Spannung, Strom, Frequenz, Zeit) und St\u00fcckz\u00e4hler.<\/li>\n<li><strong>Sendungen:<\/strong> 4 vorinstallierte + 6 optionale Verkabelungsprogramme.<\/li>\n<li><strong>Sicherheit:<\/strong> Optische und akustische Alarme bei Fehlern oder bei Erreichen der Mindestbet\u00e4ubungszeit.<\/li>\n<li><strong>Datenverwaltung:<\/strong> Ethernet (RJ45) Anschluss f\u00fcr Webstatistiken und Programmierung.<\/li>\n<\/ul>","protected":false},"featured_media":3904,"template":"","meta":{"_acf_changed":false,"_kad_post_transparent":"default","_kad_post_title":"","_kad_post_layout":"default","_kad_post_sidebar_id":"","_kad_post_content_style":"default","_kad_post_vertical_padding":"default","_kad_post_feature":"","_kad_post_feature_position":"","_kad_post_header":false,"_kad_post_footer":false,"_kad_post_classname":""},"product_brand":[1703],"product_cat":[1771,1737],"product_tag":[1865],"class_list":{"0":"post-3903","1":"product","2":"type-product","3":"status-publish","4":"has-post-thumbnail","6":"product_brand-freund","7":"product_cat-kabitoberendezesek","8":"product_cat-vagas-darabolas","9":"product_tag-freund","11":"first","12":"instock","13":"shipping-taxable","14":"product-type-simple","15":"entry","16":"content-bg","17":"loop-entry"},"acf":[],"_links":{"self":[{"href":"https:\/\/kromiker.hu\/de\/wp-json\/wp\/v2\/product\/3903","targetHints":{"allow":["GET"]}}],"collection":[{"href":"https:\/\/kromiker.hu\/de\/wp-json\/wp\/v2\/product"}],"about":[{"href":"https:\/\/kromiker.hu\/de\/wp-json\/wp\/v2\/types\/product"}],"wp:featuredmedia":[{"embeddable":true,"href":"https:\/\/kromiker.hu\/de\/wp-json\/wp\/v2\/media\/3904"}],"wp:attachment":[{"href":"https:\/\/kromiker.hu\/de\/wp-json\/wp\/v2\/media?parent=3903"}],"wp:term":[{"taxonomy":"product_brand","embeddable":true,"href":"https:\/\/kromiker.hu\/de\/wp-json\/wp\/v2\/product_brand?post=3903"},{"taxonomy":"product_cat","embeddable":true,"href":"https:\/\/kromiker.hu\/de\/wp-json\/wp\/v2\/product_cat?post=3903"},{"taxonomy":"product_tag","embeddable":true,"href":"https:\/\/kromiker.hu\/de\/wp-json\/wp\/v2\/product_tag?post=3903"}],"curies":[{"name":"wp","href":"https:\/\/api.w.org\/{rel}","templated":true}]}}