{"id":3906,"date":"2025-11-19T19:19:31","date_gmt":"2025-11-19T18:19:31","guid":{"rendered":"https:\/\/halnoel1234-kmnuz.wpcomstaging.com\/?post_type=product&#038;p=3906"},"modified":"2026-03-30T20:57:09","modified_gmt":"2026-03-30T18:57:09","slug":"freund-stun-bp-1-kabitoberendezes","status":"publish","type":"product","link":"https:\/\/kromiker.hu\/de\/product\/freund-stun-bp-1-kabitoberendezes\/","title":{"rendered":"Freund Stun BP-1 Bet\u00e4ubungsger\u00e4t"},"content":{"rendered":"<ul>\n<li><strong>Zieltier:<\/strong> Wird zur Bet\u00e4ubung von Rindern, Stieren und Pferden verwendet.<\/li>\n<li><strong>Art:<\/strong> Pneumatische Vorrichtung mit doppeltem Handbet\u00e4tigungsschutz.<\/li>\n<li><strong>Effizienz:<\/strong> Sehr niedrige Betriebskosten und hohe Leistung.<\/li>\n<li><strong>Wartung:<\/strong> Es erfordert keine langfristigen Wartungsarbeiten.<\/li>\n<li><strong>Eindringen:<\/strong> 110 mm Eindringtiefe bei 12 bar Arbeitsdruck.<\/li>\n<li><strong>Qualit\u00e4t:<\/strong> Sie erm\u00f6glicht eine sofortige, stressfreie Bet\u00e4ubung, die die Qualit\u00e4t des Endprodukts verbessert.<\/li>\n<li><strong>Einhaltung der Vorschriften:<\/strong> Es entspricht den europ\u00e4ischen Normen f\u00fcr die humane Schlachtung von Tieren.<\/li>\n<li><strong>Gewicht:<\/strong> 14 kg.<\/li>\n<\/ul>","protected":false},"excerpt":{"rendered":"<p>A <strong>Freund Bet\u00e4ubung BP-1<\/strong> Bet\u00e4ubungsger\u00e4te f\u00fcr Verarbeitungsbetriebe mit mittlerer und hoher Kapazit\u00e4t zur schonenden Bet\u00e4ubung von Rindern, Bullen und Pferden. Die Ger\u00e4te garantieren einen zuverl\u00e4ssigen und sicheren Betrieb und entsprechen den europ\u00e4ischen Normen f\u00fcr die schonende Schlachtung von Tieren.<\/p>\n<ul>\n<li><strong>Kostenwirksamkeit:<\/strong> Das pneumatische Ger\u00e4t hat sehr niedrige Betriebskosten und eine hohe Leistung.<\/li>\n<li><strong>Flexible Nutzung:<\/strong> Er kann sowohl als Teil einer Hochgeschwindigkeitsstrecke als auch als eigenst\u00e4ndige Bet\u00e4ubungsbox verwendet werden.<\/li>\n<li><strong>Ausgew\u00e4hlte Sicherheit:<\/strong> Sie verf\u00fcgt \u00fcber einen doppelten manuellen Ausl\u00f6seschutz gegen versehentliches Ausl\u00f6sen.<\/li>\n<li><strong>Qualit\u00e4tssicherung:<\/strong> Sie erm\u00f6glicht eine sofortige Bet\u00e4ubung, so dass das Tier keinen Stress erf\u00e4hrt, was sich positiv auf die Qualit\u00e4t des Endprodukts auswirkt.<\/li>\n<li><strong>Wartung:<\/strong> Es erfordert keine langfristigen Wartungsarbeiten.<\/li>\n<li><strong>Einrichtungen:<\/strong> Kann mit Balancer, Hochdruckleitung und Kompressor ausgestattet werden.<\/li>\n<\/ul>","protected":false},"featured_media":3908,"template":"","meta":{"_acf_changed":false,"_kad_post_transparent":"default","_kad_post_title":"","_kad_post_layout":"default","_kad_post_sidebar_id":"","_kad_post_content_style":"default","_kad_post_vertical_padding":"default","_kad_post_feature":"","_kad_post_feature_position":"","_kad_post_header":false,"_kad_post_footer":false,"_kad_post_classname":""},"product_brand":[1703],"product_cat":[1771,1737],"product_tag":[1865],"class_list":{"0":"post-3906","1":"product","2":"type-product","3":"status-publish","4":"has-post-thumbnail","6":"product_brand-freund","7":"product_cat-kabitoberendezesek","8":"product_cat-vagas-darabolas","9":"product_tag-freund","11":"first","12":"instock","13":"shipping-taxable","14":"product-type-simple","15":"entry","16":"content-bg","17":"loop-entry"},"acf":[],"_links":{"self":[{"href":"https:\/\/kromiker.hu\/de\/wp-json\/wp\/v2\/product\/3906","targetHints":{"allow":["GET"]}}],"collection":[{"href":"https:\/\/kromiker.hu\/de\/wp-json\/wp\/v2\/product"}],"about":[{"href":"https:\/\/kromiker.hu\/de\/wp-json\/wp\/v2\/types\/product"}],"wp:featuredmedia":[{"embeddable":true,"href":"https:\/\/kromiker.hu\/de\/wp-json\/wp\/v2\/media\/3908"}],"wp:attachment":[{"href":"https:\/\/kromiker.hu\/de\/wp-json\/wp\/v2\/media?parent=3906"}],"wp:term":[{"taxonomy":"product_brand","embeddable":true,"href":"https:\/\/kromiker.hu\/de\/wp-json\/wp\/v2\/product_brand?post=3906"},{"taxonomy":"product_cat","embeddable":true,"href":"https:\/\/kromiker.hu\/de\/wp-json\/wp\/v2\/product_cat?post=3906"},{"taxonomy":"product_tag","embeddable":true,"href":"https:\/\/kromiker.hu\/de\/wp-json\/wp\/v2\/product_tag?post=3906"}],"curies":[{"name":"wp","href":"https:\/\/api.w.org\/{rel}","templated":true}]}}