{"id":3912,"date":"2025-11-19T19:32:58","date_gmt":"2025-11-19T18:32:58","guid":{"rendered":"https:\/\/halnoel1234-kmnuz.wpcomstaging.com\/?post_type=product&#038;p=3912"},"modified":"2026-03-30T20:57:08","modified_gmt":"2026-03-30T18:57:08","slug":"3912","status":"publish","type":"product","link":"https:\/\/kromiker.hu\/de\/product\/3912\/","title":{"rendered":"Freund Stun F8 Bet\u00e4ubungsger\u00e4t"},"content":{"rendered":"<p><strong>Netzwerkgesteuertes, hochleistungsf\u00e4higes Bet\u00e4ubungsmittelger\u00e4t<\/strong>.<\/p>\n<p><strong>Zubeh\u00f6r: <\/strong>Bet\u00e4ubungsgabel, Bet\u00e4ubungspistole, Herzelektrode<\/p>\n<ul>\n<li>Hochfrequenz-, Konstantstrom- oder Konstantspannungs-Elektroverkabelungsger\u00e4t f\u00fcr Kabelschuhe oder Klemmen f\u00fcr industrielle und mittlere Unternehmen<\/li>\n<li>USB\/LAN\/WLAN-Schnittstelle f\u00fcr Daten-\/Parameter\u00fcbertragung<\/li>\n<li>Vorinstallierte Bet\u00e4ubungsprogramme, die bei Bedarf um bis zu 25 Programme erweitert werden k\u00f6nnen<\/li>\n<li>Vordefinierte Bet\u00e4ubungsparameter f\u00fcr optimalen Bet\u00e4ubungseffekt und bestm\u00f6gliche Fleischqualit\u00e4t, auf Wunsch individuell einstellbar<\/li>\n<li>Auf Kundenwunsch ist eine Fernparametrierung des Ger\u00e4tes m\u00f6glich<\/li>\n<li>Hochaufl\u00f6sender Touchscreen zur Einstellung und Anzeige der wichtigsten Parameter w\u00e4hrend der An\u00e4sthesie<\/li>\n<li>Signalversorgung externer Steuerungen (z.B. pneumatische Peripherie, SPS, Meldeger\u00e4te)<\/li>\n<li>schneller Stromanstieg auf bis zu 3,5 A<\/li>\n<li>Interner Speicherplatz f\u00fcr etwa 1,2 Millionen Kabel<\/li>\n<li>Integrierter Teilez\u00e4hler (t\u00e4glich aktualisiert)<\/li>\n<li>zuverl\u00e4ssiger, industrietauglicher elektronischer Transformator<\/li>\n<li>einfache Installation und Bedienung f\u00fcr den Benutzer<\/li>\n<li>Robustes Edelstahlgeh\u00e4use mit Wandhalterung<\/li>\n<li>mit den geltenden gesetzlichen und beh\u00f6rdlichen Anforderungen \u00fcbereinstimmt:<\/li>\n<li>aktuelle VERORDNUNG (EG) Nr. 1099\/2009 DES RATES vom 24. September 2009 \u00fcber den Schutz von Tieren zum Zeitpunkt der T\u00f6tung<\/li>\n<li>die Verordnung \u00fcber den Schutz von Tieren zum Zeitpunkt der Schlachtung oder T\u00f6tung und zur Durchf\u00fchrung der Verordnung (EG) Nr. 1099\/2009 des Rates (Tierschutz-Schlachtverordnung - TierSchlV)<\/li>\n<li>die EU-Niederspannungsrichtlinie<\/li>\n<li>die einschl\u00e4gigen VDE-Bestimmungen<\/li>\n<\/ul>","protected":false},"excerpt":{"rendered":"<p><span class=\"citation-143 citation-end-143\">A <strong>Freund bet\u00e4uben F8<\/strong> ein Hightech-Elektroverkabelungsger\u00e4t, das f\u00fcr industrielle und mittelst\u00e4ndische Unternehmen entwickelt wurde<\/span>. <span class=\"citation-142 citation-end-142\">Kann sowohl im Konstantstrom- als auch im Konstantspannungsmodus betrieben werden und eignet sich f\u00fcr Bet\u00e4ubungs- oder Klemmverkabelung<\/span>. <span class=\"citation-141 citation-end-141\">Das Ger\u00e4t unterst\u00fctzt die bestm\u00f6gliche Fleischqualit\u00e4t durch zuverl\u00e4ssigen Betrieb und integriertes Datenmanagement <\/span><span class=\"citation-140 citation-end-140\">und entspricht den geltenden rechtlichen und regulatorischen Anforderungen<\/span>.<\/p>\n<ul>\n<li><b><span class=\"citation-139\">Benutzerkontrolle:<\/span><\/b><span class=\"citation-139 citation-end-139\"> Hochaufl\u00f6sender Touchscreen <\/span> erm\u00f6glicht die Einstellung und Anzeige der wichtigsten Parameter w\u00e4hrend der An\u00e4sthesie.<\/li>\n<li><b><span class=\"citation-138\">Netzintegration:<\/span><\/b><span class=\"citation-138 citation-end-138\"> USB-, LAN- und WLAN-Schnittstelle <\/span><span class=\"citation-137 citation-end-137\">erm\u00f6glicht die Fernprogrammierung von Daten und Parametern <\/span> und \u00dcbertragung.<\/li>\n<li><b>Sicherheit der Daten:<\/b> Interner Stauraum von ca. <span class=\"citation-136 citation-end-136\">1,2 Millionen verbl\u00fcffende Daten <\/span> speichern kann.<\/li>\n<li><b><span class=\"citation-135\">Programmierbarkeit:<\/span><\/b><span class=\"citation-135 citation-end-135\"> Vorinstallierte Bet\u00e4ubungsprogramme, die bei Bedarf um bis zu 25 Programme erweitert werden k\u00f6nnen<\/span>.<\/li>\n<li><b><span class=\"citation-134\">Signalisierung und Signal\u00fcbertragung:<\/span><\/b><span class=\"citation-134 citation-end-134\"> Signalversorgung externer Steuerungen (z.B. pneumatische Peripherie, SPS, Meldeger\u00e4te) <\/span><span class=\"citation-133 citation-end-133\">, sowie akustische und optische Signalisierung <\/span> bei Fehlern und Ende der Bet\u00e4ubung.<\/li>\n<li><b><span class=\"citation-132\">Langlebigkeit:<\/span><\/b><span class=\"citation-132 citation-end-132\"> Robustes Edelstahlgeh\u00e4use mit Wandhalterung<\/span>.<\/li>\n<\/ul>","protected":false},"featured_media":3914,"template":"","meta":{"_acf_changed":false,"_kad_post_transparent":"default","_kad_post_title":"","_kad_post_layout":"default","_kad_post_sidebar_id":"","_kad_post_content_style":"default","_kad_post_vertical_padding":"default","_kad_post_feature":"","_kad_post_feature_position":"","_kad_post_header":false,"_kad_post_footer":false,"_kad_post_classname":""},"product_brand":[1703],"product_cat":[1771,1737],"product_tag":[1865],"class_list":{"0":"post-3912","1":"product","2":"type-product","3":"status-publish","4":"has-post-thumbnail","6":"product_brand-freund","7":"product_cat-kabitoberendezesek","8":"product_cat-vagas-darabolas","9":"product_tag-freund","11":"first","12":"instock","13":"shipping-taxable","14":"product-type-simple","15":"entry","16":"content-bg","17":"loop-entry"},"acf":[],"_links":{"self":[{"href":"https:\/\/kromiker.hu\/de\/wp-json\/wp\/v2\/product\/3912","targetHints":{"allow":["GET"]}}],"collection":[{"href":"https:\/\/kromiker.hu\/de\/wp-json\/wp\/v2\/product"}],"about":[{"href":"https:\/\/kromiker.hu\/de\/wp-json\/wp\/v2\/types\/product"}],"wp:featuredmedia":[{"embeddable":true,"href":"https:\/\/kromiker.hu\/de\/wp-json\/wp\/v2\/media\/3914"}],"wp:attachment":[{"href":"https:\/\/kromiker.hu\/de\/wp-json\/wp\/v2\/media?parent=3912"}],"wp:term":[{"taxonomy":"product_brand","embeddable":true,"href":"https:\/\/kromiker.hu\/de\/wp-json\/wp\/v2\/product_brand?post=3912"},{"taxonomy":"product_cat","embeddable":true,"href":"https:\/\/kromiker.hu\/de\/wp-json\/wp\/v2\/product_cat?post=3912"},{"taxonomy":"product_tag","embeddable":true,"href":"https:\/\/kromiker.hu\/de\/wp-json\/wp\/v2\/product_tag?post=3912"}],"curies":[{"name":"wp","href":"https:\/\/api.w.org\/{rel}","templated":true}]}}