{"id":3958,"date":"2025-11-20T20:15:44","date_gmt":"2025-11-20T19:15:44","guid":{"rendered":"https:\/\/halnoel1234-kmnuz.wpcomstaging.com\/?post_type=product&#038;p=3958"},"modified":"2026-05-14T11:11:29","modified_gmt":"2026-05-14T09:11:29","slug":"haas-typ-hnskrl-s-s-kopasztogep","status":"publish","type":"product","link":"https:\/\/kromiker.hu\/de\/product\/haas-typ-hnskrl-s-s-kopasztogep\/","title":{"rendered":"Haas Typ HNSKRL-S-S Sickenmaschine"},"content":{"rendered":"<p><strong>Hauptmerkmale und Funktionsprinzipien:<\/strong><\/p>\n<ul>\n<li><strong>Design und Langlebigkeit:<\/strong> Komplett aus Edelstahl gefertigt, mit Edelstahlf\u00fc\u00dfen, -rollen und -kettenschutz<sup>12<\/sup>. Starke, verchromte Antriebswellen und ein mit 5 Zapfen verst\u00e4rktes Getriebe garantieren eine lange Lebensdauer.<\/li>\n<li><strong>Bew\u00e4ltigungsmechanismen:<\/strong> Die Haarentfernung erfolgt durch zwei Klingen, die auf gegen\u00fcberliegenden rotierenden Wellen montiert sind und die Haare mechanisch entfernen, indem sie den Schweineschlachtk\u00f6rper bewegen.<\/li>\n<li><strong>Reinigung und Pflege:<\/strong> Neu entwickelte Abstreifreifen und ein Kopfreiniger helfen, schwer zug\u00e4ngliche Stellen sauber zu halten.<\/li>\n<li><strong>Behandlung:<\/strong> Die Steuerung befindet sich in einem Schaltkasten mit Zeitschaltuhr auf der linken Seite.<\/li>\n<li><strong>Wasseraufbereitung:<\/strong> Die Heizelemente des Whirlpools halten das Wasser auf der eingestellten Temperatur.<\/li>\n<li><strong>Hervorhebung hinzugef\u00fcgt:<\/strong> Nach der Enthaarung kann das Schwein mit Hilfe eines Schiebers oder einer Hebevorrichtung aus der Maschine auf den Reinigungstisch gehoben werden.<\/li>\n<\/ul>","protected":false},"excerpt":{"rendered":"<p>A <strong>Haas Typ HNSKRL-S-S<\/strong> ist eine leistungsstarke, professionelle Br\u00fch- und Enthaarungsmaschine, die f\u00fcr das effiziente Br\u00fchen und Enthaaren von Schweinen bis zu 330 kg ausgelegt ist. Das Ger\u00e4t ist robust konstruiert, mit einem 3,0-kW-Hauptmotor und 20 kW Heizleistung ausgestattet. Die Maschine ist ideal geeignet, um optimale Siedebedingungen zu gew\u00e4hrleisten, was f\u00fcr den Enthaarungsprozess unerl\u00e4sslich ist.<\/p>\n<ul>\n<li><strong>Art:<\/strong> Rotierende Haarschneidemaschine mit Schaufel zur Haarentfernung.<\/li>\n<li><strong>Kapazit\u00e4t:<\/strong> Geeignet entweder f\u00fcr <strong>330 kg<\/strong> zum Br\u00fchen und Enthaaren von Schweinen.<\/li>\n<li><strong>Material:<\/strong> Komplett aus rostfreiem Stahl gefertigt.<\/li>\n<li><strong>Antrieb:<\/strong> Starke, verchromte Antriebswellen in einem Getriebe mit 5 verst\u00e4rkten Drehpunkten.<\/li>\n<li><strong>Entwurf:<\/strong> Mit einem extra hohen Schiebedeckel und neu entwickelten Verschlei\u00dfreifen.<\/li>\n<li><strong>Motor\/Heizung:<\/strong> 3,0 kW Hauptmotor und 20 kW Heizleistung.<\/li>\n<li><strong>Kapazit\u00e4t:<\/strong> 15-18 Schweine\/Stunde.<\/li>\n<\/ul>","protected":false},"featured_media":3959,"template":"","meta":{"_acf_changed":false,"_kad_post_transparent":"default","_kad_post_title":"","_kad_post_layout":"default","_kad_post_sidebar_id":"","_kad_post_content_style":"default","_kad_post_vertical_padding":"default","_kad_post_feature":"","_kad_post_feature_position":"","_kad_post_header":false,"_kad_post_footer":false,"_kad_post_classname":""},"pwb-brand":[1900],"product_brand":[1701],"product_cat":[1772,1737],"product_tag":[1871],"class_list":{"0":"post-3958","1":"product","2":"type-product","3":"status-publish","4":"has-post-thumbnail","6":"pwb-brand-hubert-haas","7":"product_brand-hubert-haas","8":"product_cat-sertesforrazokopasztogepek","9":"product_cat-vagas-darabolas","10":"product_tag-hubert-haas","12":"first","13":"instock","14":"shipping-taxable","15":"product-type-simple","16":"entry","17":"content-bg","18":"loop-entry"},"acf":[],"brands":[{"id":1900,"name":"Hubert Haas","slug":"hubert-haas"}],"_links":{"self":[{"href":"https:\/\/kromiker.hu\/de\/wp-json\/wp\/v2\/product\/3958","targetHints":{"allow":["GET"]}}],"collection":[{"href":"https:\/\/kromiker.hu\/de\/wp-json\/wp\/v2\/product"}],"about":[{"href":"https:\/\/kromiker.hu\/de\/wp-json\/wp\/v2\/types\/product"}],"wp:featuredmedia":[{"embeddable":true,"href":"https:\/\/kromiker.hu\/de\/wp-json\/wp\/v2\/media\/3959"}],"wp:attachment":[{"href":"https:\/\/kromiker.hu\/de\/wp-json\/wp\/v2\/media?parent=3958"}],"wp:term":[{"taxonomy":"pwb-brand","embeddable":true,"href":"https:\/\/kromiker.hu\/de\/wp-json\/wp\/v2\/pwb-brand?post=3958"},{"taxonomy":"product_brand","embeddable":true,"href":"https:\/\/kromiker.hu\/de\/wp-json\/wp\/v2\/product_brand?post=3958"},{"taxonomy":"product_cat","embeddable":true,"href":"https:\/\/kromiker.hu\/de\/wp-json\/wp\/v2\/product_cat?post=3958"},{"taxonomy":"product_tag","embeddable":true,"href":"https:\/\/kromiker.hu\/de\/wp-json\/wp\/v2\/product_tag?post=3958"}],"curies":[{"name":"wp","href":"https:\/\/api.w.org\/{rel}","templated":true}]}}