{"id":3961,"date":"2025-11-20T20:29:24","date_gmt":"2025-11-20T19:29:24","guid":{"rendered":"https:\/\/halnoel1234-kmnuz.wpcomstaging.com\/?post_type=product&#038;p=3961"},"modified":"2026-03-30T20:59:20","modified_gmt":"2026-03-30T18:59:20","slug":"3961","status":"publish","type":"product","link":"https:\/\/kromiker.hu\/de\/product\/3961\/","title":{"rendered":"Haas Typ HNSKRL-S-X L\u00f6tmaschine"},"content":{"rendered":"<p><strong>Hauptmerkmale und Funktionsprinzipien:<\/strong><\/p>\n<ul>\n<li><strong>Design und Langlebigkeit:<\/strong> Die Maschine ist mit Beinen, Rollen und Kettenschutz aus rostfreiem Stahl ausgestattet. Sie hat starke, verchromte Antriebswellen und ein mit 5 Zapfen verst\u00e4rktes Getriebe.<\/li>\n<li><strong>Klopfen:<\/strong> Neu entwickelte Reifen an den Achsen und der R\u00fcckwand mit verst\u00e4rkter Verriegelung sorgen f\u00fcr eine effiziente mechanische Haarentfernung.<\/li>\n<li><strong>Kontrolle und Reinigung:<\/strong> Kontrolliert auf der linken Seite <sup>16<\/sup>, mit Kopfreiniger und extra hohem Schiebedeckel.<\/li>\n<li><strong>Funktionsprinzip:<\/strong> Die Heizf\u00e4den des Whirlpools sorgen f\u00fcr die optimal eingestellte Wassertemperatur. Die Haarentfernung erfolgt mit Hilfe von Paddeln, die auf zwei gegen\u00fcberliegenden rotierenden Wellen montiert sind. Nachdem das Schwein f\u00fcr die richtige Zeit enthaart wurde, kann es mit Hilfe des Aussto\u00dfmechanismus aus der Maschine genommen werden.<\/li>\n<\/ul>","protected":false},"excerpt":{"rendered":"<p>A <strong>Haas Typ HNSKRL-S-X<\/strong> ist eine au\u00dfergew\u00f6hnlich leistungsstarke und robuste Br\u00fch- und Enthaarungsmaschine, die f\u00fcr das effiziente Br\u00fchen und Enthaaren von Schweinen bis zu 350 kg ausgelegt ist. Das Ger\u00e4t ist komplett aus Edelstahl gefertigt und garantiert mit seinem 3,0-kW-Motor einen lang anhaltenden, zuverl\u00e4ssigen Betrieb.<\/p>\n<ul>\n<li><strong>Kapazit\u00e4t:<\/strong> Geeignet entweder f\u00fcr <strong>350 kg<\/strong> zum Br\u00fchen und Enthaaren von Schweinen.<\/li>\n<li><strong>Material:<\/strong> Komplett aus rostfreiem Stahl gefertigt.<\/li>\n<li><strong>Antrieb:<\/strong> Starke, verchromte Antriebswellen in einem Getriebe mit 5 G\u00e4ngen.<\/li>\n<li><strong>Entwurf:<\/strong> Ausgestattet mit einem extra hohen Schiebedeckel, neu entwickelten Verschlei\u00dfreifen und Kopfreiniger.<\/li>\n<li><strong>Leistung:<\/strong> 3,0 kW Hauptmotor und 24 kW Heizleistung.<\/li>\n<li><strong>Kapazit\u00e4t:<\/strong> 15-18 Schweine\/Stunde.<\/li>\n<\/ul>","protected":false},"featured_media":3962,"template":"","meta":{"_acf_changed":false,"_kad_post_transparent":"default","_kad_post_title":"","_kad_post_layout":"default","_kad_post_sidebar_id":"","_kad_post_content_style":"default","_kad_post_vertical_padding":"default","_kad_post_feature":"","_kad_post_feature_position":"","_kad_post_header":false,"_kad_post_footer":false,"_kad_post_classname":""},"pwb-brand":[],"product_brand":[1701],"product_cat":[1772,1737],"product_tag":[1871],"class_list":{"0":"post-3961","1":"product","2":"type-product","3":"status-publish","4":"has-post-thumbnail","6":"product_brand-hubert-haas","7":"product_cat-sertesforrazokopasztogepek","8":"product_cat-vagas-darabolas","9":"product_tag-hubert-haas","11":"first","12":"instock","13":"shipping-taxable","14":"product-type-simple","15":"entry","16":"content-bg","17":"loop-entry"},"acf":[],"brands":[],"_links":{"self":[{"href":"https:\/\/kromiker.hu\/de\/wp-json\/wp\/v2\/product\/3961","targetHints":{"allow":["GET"]}}],"collection":[{"href":"https:\/\/kromiker.hu\/de\/wp-json\/wp\/v2\/product"}],"about":[{"href":"https:\/\/kromiker.hu\/de\/wp-json\/wp\/v2\/types\/product"}],"wp:featuredmedia":[{"embeddable":true,"href":"https:\/\/kromiker.hu\/de\/wp-json\/wp\/v2\/media\/3962"}],"wp:attachment":[{"href":"https:\/\/kromiker.hu\/de\/wp-json\/wp\/v2\/media?parent=3961"}],"wp:term":[{"taxonomy":"pwb-brand","embeddable":true,"href":"https:\/\/kromiker.hu\/de\/wp-json\/wp\/v2\/pwb-brand?post=3961"},{"taxonomy":"product_brand","embeddable":true,"href":"https:\/\/kromiker.hu\/de\/wp-json\/wp\/v2\/product_brand?post=3961"},{"taxonomy":"product_cat","embeddable":true,"href":"https:\/\/kromiker.hu\/de\/wp-json\/wp\/v2\/product_cat?post=3961"},{"taxonomy":"product_tag","embeddable":true,"href":"https:\/\/kromiker.hu\/de\/wp-json\/wp\/v2\/product_tag?post=3961"}],"curies":[{"name":"wp","href":"https:\/\/api.w.org\/{rel}","templated":true}]}}