{"id":3964,"date":"2025-11-20T20:49:27","date_gmt":"2025-11-20T19:49:27","guid":{"rendered":"https:\/\/halnoel1234-kmnuz.wpcomstaging.com\/?post_type=product&#038;p=3964"},"modified":"2026-05-14T11:11:29","modified_gmt":"2026-05-14T09:11:29","slug":"haas-typ-david-200-kopasztogep","status":"publish","type":"product","link":"https:\/\/kromiker.hu\/de\/product\/haas-typ-david-200-kopasztogep\/","title":{"rendered":"Haas Typ \u201eDavid 200\u201d Dreschmaschine"},"content":{"rendered":"<p><strong>Systemelemente und Funktionsprinzip:<\/strong><\/p>\n<ul>\n<li><strong>Rotierende Technologie (Turn O-matic 200.06):<\/strong>\n<ul>\n<li>Die Transfermesser in der Br\u00fchwanne sorgen daf\u00fcr, dass der Molch die richtige Zeit f\u00fcr eine optimale Verweildauer verbringt.<\/li>\n<li>Die elektrische Heizleistung betr\u00e4gt 50 kW, das Wasservolumen liegt bei 2000 Litern.<\/li>\n<li>Die Wassertemperatur wird durch eine automatische Steuerung auf 62\u00b0C gehalten.<\/li>\n<li>3 Schweine k\u00f6nnen gleichzeitig in der Wanne sein.<\/li>\n<\/ul>\n<\/li>\n<li><strong>Deichselmechanismus (Typ \u201eDavid\u201d 200):<\/strong>\n<ul>\n<li>Das Rupfen erfolgt durch 36 Rupfmesser, die auf zwei gegen\u00fcberliegenden, rotierenden Wellen montiert sind und die Haare mechanisch entfernen, indem sie den Schweineschlachtk\u00f6rper bewegen.<\/li>\n<li>Der Auspuffmotor hat eine Leistung von 5,5 kW.<\/li>\n<\/ul>\n<\/li>\n<li><strong>Nachsorge und Reinigung (Flammenbr\u00fccke):<\/strong>\n<ul>\n<li>Nach dem Zupfen entfernt eine eingebaute Flammenbr\u00fccke (mit 9 einstellbaren Edelstahlbrennern) die verbleibenden feinen H\u00e4rchen.<\/li>\n<li>Die Flammen\u00fcberwachung erfolgt durch eine elektronische Steuerung von der zentralen Steuereinheit aus.<\/li>\n<\/ul>\n<\/li>\n<\/ul>","protected":false},"excerpt":{"rendered":"<p>A <strong>Haas Typ \u201eDavid 200\u201d<\/strong> ist eine robuste, vollautomatische Koch- und Abtropfanlage aus Edelstahl, die f\u00fcr die effiziente Verarbeitung von Schweinen in mittleren bis gro\u00dfen Schlachth\u00f6fen entwickelt wurde. Das System verf\u00fcgt \u00fcber eine eingebaute Flammenbr\u00fccke und einen externen Schaltschrank. Die Anlage f\u00fchrt den gesamten Enth\u00e4utungsprozess automatisch durch und garantiert so perfekte Ergebnisse.<\/p>\n<ul>\n<li><strong>Art:<\/strong> Professionelle automatische L\u00f6tanlage mit integrierter Flammenbr\u00fccke.<\/li>\n<li><strong>Kapazit\u00e4t:<\/strong> F\u00fcr mittlere und gro\u00dfe Schlachth\u00f6fe mit einer Kapazit\u00e4t von 40-45 Schweinen\/Stunde.<\/li>\n<li><strong>Funktion:<\/strong> Er f\u00fchrt das L\u00f6ten, Zupfen und die Haarentfernung vollautomatisch durch.<\/li>\n<li><strong>Struktur:<\/strong> Hergestellt aus robustem Edelstahl.<\/li>\n<li><strong>Technologie:<\/strong> Durchlaufbr\u00fchen (3 Schweine\/Wasser), zweiachsiges Br\u00fchen und langsame Feinreinigung mit der Flamme.<\/li>\n<li><strong>Kontrollen:<\/strong> Mit externem Schaltschrank und automatischer Temperaturregelung.<\/li>\n<li><strong>Gewichtsgrenze:<\/strong> Max. ca. 270 kg\/Schwein.<\/li>\n<\/ul>","protected":false},"featured_media":3965,"template":"","meta":{"_acf_changed":false,"_kad_post_transparent":"default","_kad_post_title":"","_kad_post_layout":"default","_kad_post_sidebar_id":"","_kad_post_content_style":"default","_kad_post_vertical_padding":"default","_kad_post_feature":"","_kad_post_feature_position":"","_kad_post_header":false,"_kad_post_footer":false,"_kad_post_classname":""},"pwb-brand":[1900],"product_brand":[1701],"product_cat":[1772,1737],"product_tag":[1871],"class_list":{"0":"post-3964","1":"product","2":"type-product","3":"status-publish","4":"has-post-thumbnail","6":"pwb-brand-hubert-haas","7":"product_brand-hubert-haas","8":"product_cat-sertesforrazokopasztogepek","9":"product_cat-vagas-darabolas","10":"product_tag-hubert-haas","12":"first","13":"instock","14":"shipping-taxable","15":"product-type-simple","16":"entry","17":"content-bg","18":"loop-entry"},"acf":[],"brands":[{"id":1900,"name":"Hubert Haas","slug":"hubert-haas"}],"_links":{"self":[{"href":"https:\/\/kromiker.hu\/de\/wp-json\/wp\/v2\/product\/3964","targetHints":{"allow":["GET"]}}],"collection":[{"href":"https:\/\/kromiker.hu\/de\/wp-json\/wp\/v2\/product"}],"about":[{"href":"https:\/\/kromiker.hu\/de\/wp-json\/wp\/v2\/types\/product"}],"wp:featuredmedia":[{"embeddable":true,"href":"https:\/\/kromiker.hu\/de\/wp-json\/wp\/v2\/media\/3965"}],"wp:attachment":[{"href":"https:\/\/kromiker.hu\/de\/wp-json\/wp\/v2\/media?parent=3964"}],"wp:term":[{"taxonomy":"pwb-brand","embeddable":true,"href":"https:\/\/kromiker.hu\/de\/wp-json\/wp\/v2\/pwb-brand?post=3964"},{"taxonomy":"product_brand","embeddable":true,"href":"https:\/\/kromiker.hu\/de\/wp-json\/wp\/v2\/product_brand?post=3964"},{"taxonomy":"product_cat","embeddable":true,"href":"https:\/\/kromiker.hu\/de\/wp-json\/wp\/v2\/product_cat?post=3964"},{"taxonomy":"product_tag","embeddable":true,"href":"https:\/\/kromiker.hu\/de\/wp-json\/wp\/v2\/product_tag?post=3964"}],"curies":[{"name":"wp","href":"https:\/\/api.w.org\/{rel}","templated":true}]}}