{"id":3974,"date":"2025-11-20T21:24:42","date_gmt":"2025-11-20T20:24:42","guid":{"rendered":"https:\/\/halnoel1234-kmnuz.wpcomstaging.com\/?post_type=product&#038;p=3974"},"modified":"2026-05-14T11:11:29","modified_gmt":"2026-05-14T09:11:29","slug":"haas-typ-goliath-kopasztogep","status":"publish","type":"product","link":"https:\/\/kromiker.hu\/de\/product\/haas-typ-goliath-kopasztogep\/","title":{"rendered":"Haas Typ \u201eGoliath\u201d Dreschmaschine"},"content":{"rendered":"<p><strong>Hauptmerkmale und Funktionsprinzipien:<\/strong><\/p>\n<ul>\n<li><strong>Automatisierung:<\/strong> Das Ger\u00e4t f\u00fchrt alle wichtigen Vorg\u00e4nge des Abstichprozesses vollautomatisch aus.<\/li>\n<li><strong>Rotierende Technologie (Turn O-matic 200.10):<\/strong>\n<ul>\n<li>Die Badewanne ist mit einem automatischen Regler ausgestattet, der das Wasser auf der optimalen Temperatur von 62\u00b0C h\u00e4lt.<\/li>\n<li>Der leistungsstarke 50-kW-Elektroheizer erm\u00f6glicht ein schnelles Aufheizen.<\/li>\n<li>Der Kessel kann 3 Schweine auf einmal kochen und hat ein Fassungsverm\u00f6gen von etwa 4900 Litern.<\/li>\n<\/ul>\n<\/li>\n<li><strong>Fangmechanismus (Typ \u201eGoliat\u201d 220):<\/strong>\n<ul>\n<li>Die speziellen Schabearme und die einstellbaren Betriebszeiten garantieren eine schonende und dennoch effektive Haarentfernung bei Schweinen bis zu 350 kg Lebendgewicht.<\/li>\n<li>Die Motorleistung betr\u00e4gt 9,3 kW.<\/li>\n<li>Die Maschine ist mit einem Frequenzumrichter ausgestattet, mit dem sich die Geschwindigkeit der Achsen pr\u00e4zise einstellen l\u00e4sst.<\/li>\n<\/ul>\n<\/li>\n<li><strong>Nachsorge (Flammenbr\u00fccke):<\/strong>\n<ul>\n<li>Die eingebaute Flammenbr\u00fccke (mit 9 einstellbaren Gasbrennern) sorgt f\u00fcr die Beseitigung der restlichen feinen H\u00e4rchen. Die Flammen\u00fcberwachung erfolgt durch eine elektronische Steuerung vom zentralen Steuerger\u00e4t aus.<\/li>\n<\/ul>\n<\/li>\n<\/ul>","protected":false},"excerpt":{"rendered":"<p>A <strong>Haas Typ \u201eGoliath\u201d<\/strong> ist eine robuste, industriell konzipierte Schweineschlachtmaschine, die sich ideal f\u00fcr gro\u00dfe Schlachth\u00f6fe eignet. Der robuste Rahmen aus verzinktem Stahl und die Bedienerschnittstelle aus Edelstahl gew\u00e4hrleisten eine lange Lebensdauer und eine einfache Reinigung. Das System f\u00fchrt die Prozesse des Erhitzens, Enth\u00e4utens und Enthaarens vollautomatisch durch und garantiert eine hohe Qualit\u00e4t.<\/p>\n<ul>\n<li><strong>Art:<\/strong> Automatische L\u00f6tanlage f\u00fcr industrielle Anwendungen mit integrierter Flammenbr\u00fccke.<\/li>\n<li><strong>Kapazit\u00e4t:<\/strong> Kapazit\u00e4t von 40-75 Schweinen\/Stunde, bis zu 350 kg Lebendgewicht.<\/li>\n<li><strong>Ausf\u00fchrung:<\/strong> Robuster, verzinkter Stahlrahmen und Griff aus Edelstahl.<\/li>\n<li><strong>Technologie:<\/strong> Spezielle Schabearmhaarentfernung mit Frequenzwechsler.<\/li>\n<li><strong>Heizung:<\/strong> 50 kW elektrische Heizleistung, 2000 Liter Wasserinhalt.<\/li>\n<li><strong>Kontrollen:<\/strong> Elektronische Temperaturregelung \u00fcber einen zentralen Schrank.<\/li>\n<\/ul>\n<p>&nbsp;<\/p>","protected":false},"featured_media":3976,"template":"","meta":{"_acf_changed":false,"_kad_post_transparent":"default","_kad_post_title":"","_kad_post_layout":"default","_kad_post_sidebar_id":"","_kad_post_content_style":"default","_kad_post_vertical_padding":"default","_kad_post_feature":"","_kad_post_feature_position":"","_kad_post_header":false,"_kad_post_footer":false,"_kad_post_classname":""},"pwb-brand":[1900],"product_brand":[1701],"product_cat":[1772,1737],"product_tag":[1871],"class_list":{"0":"post-3974","1":"product","2":"type-product","3":"status-publish","4":"has-post-thumbnail","6":"pwb-brand-hubert-haas","7":"product_brand-hubert-haas","8":"product_cat-sertesforrazokopasztogepek","9":"product_cat-vagas-darabolas","10":"product_tag-hubert-haas","12":"first","13":"instock","14":"shipping-taxable","15":"product-type-simple","16":"entry","17":"content-bg","18":"loop-entry"},"acf":[],"brands":[{"id":1900,"name":"Hubert Haas","slug":"hubert-haas"}],"_links":{"self":[{"href":"https:\/\/kromiker.hu\/de\/wp-json\/wp\/v2\/product\/3974","targetHints":{"allow":["GET"]}}],"collection":[{"href":"https:\/\/kromiker.hu\/de\/wp-json\/wp\/v2\/product"}],"about":[{"href":"https:\/\/kromiker.hu\/de\/wp-json\/wp\/v2\/types\/product"}],"wp:featuredmedia":[{"embeddable":true,"href":"https:\/\/kromiker.hu\/de\/wp-json\/wp\/v2\/media\/3976"}],"wp:attachment":[{"href":"https:\/\/kromiker.hu\/de\/wp-json\/wp\/v2\/media?parent=3974"}],"wp:term":[{"taxonomy":"pwb-brand","embeddable":true,"href":"https:\/\/kromiker.hu\/de\/wp-json\/wp\/v2\/pwb-brand?post=3974"},{"taxonomy":"product_brand","embeddable":true,"href":"https:\/\/kromiker.hu\/de\/wp-json\/wp\/v2\/product_brand?post=3974"},{"taxonomy":"product_cat","embeddable":true,"href":"https:\/\/kromiker.hu\/de\/wp-json\/wp\/v2\/product_cat?post=3974"},{"taxonomy":"product_tag","embeddable":true,"href":"https:\/\/kromiker.hu\/de\/wp-json\/wp\/v2\/product_tag?post=3974"}],"curies":[{"name":"wp","href":"https:\/\/api.w.org\/{rel}","templated":true}]}}