{"id":4495,"date":"2025-12-01T19:34:53","date_gmt":"2025-12-01T18:34:53","guid":{"rendered":"https:\/\/halnoel1234-kmnuz.wpcomstaging.com\/?post_type=product&#038;p=4495"},"modified":"2026-03-30T20:57:08","modified_gmt":"2026-03-30T18:57:08","slug":"freund-ebh-szurokes","status":"publish","type":"product","link":"https:\/\/kromiker.hu\/de\/product\/freund-ebh-szurokes\/","title":{"rendered":"Freund EBH sz\u00far\u00f3k\u00e9s"},"content":{"rendered":"<p><b>Hauptmerkmale:<\/b><\/p>\n<ul>\n<li><b>Hervorragende Hygiene:<\/b> a penge \u00e9s tart\u00f3 k\u00f6nnyen cser\u00e9lhet\u0151, \u00edgy mindig \u00e9les \u00e9s tiszta eszk\u00f6zzel dolgozhatsz.<\/li>\n<li><b>T\u00f6bb m\u00e9retv\u00e1laszt\u00e9k:<\/b> el\u00e9rhet\u0151 120\u202fmm-es (sert\u00e9s, juh) \u00e9s 160\u202fmm-es (szarvasmarha) penge hossz\u00fas\u00e1g\u00fa a v\u00e1gand\u00f3 \u00e1llat m\u00e9ret\u00e9t\u0151l f\u00fcgg\u0151en.<\/li>\n<li><b>Modul\u00e1ris kialak\u00edt\u00e1s:<\/b> a egyszer\u0171 szerkezet lehet\u0151v\u00e9 teszi a peng\u00e9k \u00e9s tart\u00f3k gyors \u00e9s k\u00f6lts\u00e9ghat\u00e9kony cser\u00e9j\u00e9t.<\/li>\n<li><b>Opcion\u00e1lis v\u00e9ralvad\u00e1sg\u00e1tl\u00f3-cs\u0151: <\/b>a k\u00e9shez csatlakoztathat\u00f3 v\u00e9ralvad\u00e1sg\u00e1tl\u00f3-cs\u0151 seg\u00edti a v\u00e9r gyors \u00e9s higi\u00e9nikus elt\u00e1vol\u00edt\u00e1s\u00e1t.<\/li>\n<\/ul>\n<p><b>Kieg\u00e9sz\u00edt\u0151k, opcion\u00e1lis tartoz\u00e9kok:<\/b><\/p>\n<ul>\n<li>V\u00e9ralvad\u00e1sg\u00e1tl\u00f3-cs\u0151<\/li>\n<\/ul>","protected":false},"excerpt":{"rendered":"<p>A Freund EBH cs\u0151 sz\u00far\u00f3k\u00e9s alkalmas v\u00e1g\u00f3\u00fczemekbe sert\u00e9s v\u00e1g\u00e1s sor\u00e1n a v\u00e1g\u00f3\u00e1llat k\u00e1b\u00edt\u00e1s ut\u00e1ni t\u00f6k\u00e9letesebb kiv\u00e9reztet\u00e9s\u00e9re ami \u00e1ltal a h\u00fas min\u0151s\u00e9ge is javulhat. Alacsony k\u00f6lts\u00e9g\u0171 modul\u00e1ris fel\u00e9p\u00edt\u00e9s\u0171. A penge k\u00f6nnyen cser\u00e9lhet\u0151, modul\u00e1ris fel\u00e9p\u00edt\u00e9s\u00e9nek k\u00f6sz\u00f6nhet\u0151en. K\u00f6nnyen kezelhet\u0151. A v\u00e9r kivezet\u00e9se v\u00e9ralvad\u00e1sg\u00e1tl\u00f3 cs\u00f6v\u00f6n kereszt\u00fcl.<\/p>\n<p><b>Alkalmaz\u00e1si ter\u00fclet<\/b><\/p>\n<ul>\n<li>Lev\u00e1g\u00e1s ut\u00e1ni <b>v\u00e9relv\u00e9tel<\/b> nagy- \u00e9s kis\u00e1llatokn\u00e1l (sert\u00e9s, juh, szarvasmarha).<\/li>\n<li>Olyan v\u00e1g\u00f3hidakon \u00e9s h\u00fasfeldolgoz\u00f3 \u00fczemekben, ahol fontos a <b>gyors, higi\u00e9nikus \u00e9s biztons\u00e1gos feldolgoz\u00e1s<\/b>, minimaliz\u00e1lva a keresztszennyez\u0151d\u00e9s kock\u00e1zat\u00e1t.<\/li>\n<li>Ide\u00e1lis v\u00e1laszt\u00e1s <b>rendszeres v\u00e9relv\u00e9telhez<\/b>, ahol a penge cser\u00e9lhet\u0151s\u00e9ge \u00e9s a karbantarthat\u00f3s\u00e1g kulcsfontoss\u00e1g\u00fa.<\/li>\n<\/ul>","protected":false},"featured_media":4437,"template":"","meta":{"_acf_changed":false,"_kad_post_transparent":"default","_kad_post_title":"","_kad_post_layout":"default","_kad_post_sidebar_id":"","_kad_post_content_style":"default","_kad_post_vertical_padding":"default","_kad_post_feature":"","_kad_post_feature_position":"","_kad_post_header":false,"_kad_post_footer":false,"_kad_post_classname":""},"product_brand":[1703],"product_cat":[1841,1737],"product_tag":[1865],"class_list":{"0":"post-4495","1":"product","2":"type-product","3":"status-publish","4":"has-post-thumbnail","6":"product_brand-freund","7":"product_cat-szuro-zsigerelo-gepek","8":"product_cat-vagas-darabolas","9":"product_tag-freund","11":"first","12":"instock","13":"shipping-taxable","14":"product-type-simple","15":"entry","16":"content-bg","17":"loop-entry"},"acf":[],"_links":{"self":[{"href":"https:\/\/kromiker.hu\/de\/wp-json\/wp\/v2\/product\/4495","targetHints":{"allow":["GET"]}}],"collection":[{"href":"https:\/\/kromiker.hu\/de\/wp-json\/wp\/v2\/product"}],"about":[{"href":"https:\/\/kromiker.hu\/de\/wp-json\/wp\/v2\/types\/product"}],"wp:featuredmedia":[{"embeddable":true,"href":"https:\/\/kromiker.hu\/de\/wp-json\/wp\/v2\/media\/4437"}],"wp:attachment":[{"href":"https:\/\/kromiker.hu\/de\/wp-json\/wp\/v2\/media?parent=4495"}],"wp:term":[{"taxonomy":"product_brand","embeddable":true,"href":"https:\/\/kromiker.hu\/de\/wp-json\/wp\/v2\/product_brand?post=4495"},{"taxonomy":"product_cat","embeddable":true,"href":"https:\/\/kromiker.hu\/de\/wp-json\/wp\/v2\/product_cat?post=4495"},{"taxonomy":"product_tag","embeddable":true,"href":"https:\/\/kromiker.hu\/de\/wp-json\/wp\/v2\/product_tag?post=4495"}],"curies":[{"name":"wp","href":"https:\/\/api.w.org\/{rel}","templated":true}]}}