{"id":4499,"date":"2025-12-01T19:40:43","date_gmt":"2025-12-01T18:40:43","guid":{"rendered":"https:\/\/halnoel1234-kmnuz.wpcomstaging.com\/?post_type=product&#038;p=4499"},"modified":"2026-03-30T20:57:08","modified_gmt":"2026-03-30T18:57:08","slug":"freund-fns9-p-labvago-ollo","status":"publish","type":"product","link":"https:\/\/kromiker.hu\/de\/product\/freund-fns9-p-labvago-ollo\/","title":{"rendered":"Freund FNS9-P Beinschneideschere"},"content":{"rendered":"<p><b>Kieg\u00e9sz\u00edt\u0151k opcion\u00e1lis tartoz\u00e9kok:<\/b><\/p>\n<ul>\n<li aria-level=\"1\">Gewichtsausgleichsfeder<\/li>\n<li aria-level=\"1\">HPP12 hidraulika aggreg\u00e1t<\/li>\n<li aria-level=\"1\">HPP 5 m\u00e9teres hidraulika t\u00f6ml\u0151<\/li>\n<\/ul>","protected":false},"excerpt":{"rendered":"<p>A l\u00e1bv\u00e1g\u00f3 oll\u00f3 alkalmas sert\u00e9sek, illetve juhok l\u00e1b\u00e1nak lev\u00e1g\u00e1s\u00e1ra. Balanszerrel van ell\u00e1tva, mely megk\u00f6nny\u00edti a dolgoz\u00f3 munk\u00e1j\u00e1t, \u00edgy hat\u00e9konyabb\u00e1, illetve gyorsabb\u00e1 teheti a termel\u00e9st. Kompakt m\u00e9ret\u0171, mely alkalmas kis k\u00f6zepes \u00e9s nagy v\u00e1g\u00f3\u00fczemeknek is. A hagyom\u00e1nyos k\u00e9zzel t\u00f6rt\u00e9n\u0151 iz\u00fcletn\u00e9l val\u00f3 lev\u00e1g\u00e1ssal ellent\u00e9tben, ez a g\u00e9p alkalmas arra, hogy az iz\u00fclet alatt v\u00e1gja el a l\u00e1bsz\u00e1rat.<\/p>\n<p>Kiv\u00e1l\u00f3 kialak\u00edt\u00e1s\u00fa \u2013 az oll\u00f3t \u00fagy tervezt\u00e9k, hogy egy szem\u00e9ly k\u00e9nyelmesen dolgozhasson rajta.<\/p>\n<p>Az EU higi\u00e9niai szabv\u00e1nyainak megfelel a k\u00e9sz\u00fcl\u00e9k, CE min\u0151s\u00edt\u00e9ssel. A berendez\u00e9s egyszer\u0171en tiszt\u00edthat\u00f3 \u00e9s karbantarthat\u00f3.<\/p>","protected":false},"featured_media":4439,"template":"","meta":{"_acf_changed":false,"_kad_post_transparent":"default","_kad_post_title":"","_kad_post_layout":"default","_kad_post_sidebar_id":"","_kad_post_content_style":"default","_kad_post_vertical_padding":"default","_kad_post_feature":"","_kad_post_feature_position":"","_kad_post_header":false,"_kad_post_footer":false,"_kad_post_classname":""},"pwb-brand":[],"product_brand":[1703],"product_cat":[1778,1737],"product_tag":[1865],"class_list":{"0":"post-4499","1":"product","2":"type-product","3":"status-publish","4":"has-post-thumbnail","6":"product_brand-freund","7":"product_cat-hasito-darabolo-gepek","8":"product_cat-vagas-darabolas","9":"product_tag-freund","11":"first","12":"instock","13":"shipping-taxable","14":"product-type-simple","15":"entry","16":"content-bg","17":"loop-entry"},"acf":[],"brands":[],"_links":{"self":[{"href":"https:\/\/kromiker.hu\/de\/wp-json\/wp\/v2\/product\/4499","targetHints":{"allow":["GET"]}}],"collection":[{"href":"https:\/\/kromiker.hu\/de\/wp-json\/wp\/v2\/product"}],"about":[{"href":"https:\/\/kromiker.hu\/de\/wp-json\/wp\/v2\/types\/product"}],"wp:featuredmedia":[{"embeddable":true,"href":"https:\/\/kromiker.hu\/de\/wp-json\/wp\/v2\/media\/4439"}],"wp:attachment":[{"href":"https:\/\/kromiker.hu\/de\/wp-json\/wp\/v2\/media?parent=4499"}],"wp:term":[{"taxonomy":"pwb-brand","embeddable":true,"href":"https:\/\/kromiker.hu\/de\/wp-json\/wp\/v2\/pwb-brand?post=4499"},{"taxonomy":"product_brand","embeddable":true,"href":"https:\/\/kromiker.hu\/de\/wp-json\/wp\/v2\/product_brand?post=4499"},{"taxonomy":"product_cat","embeddable":true,"href":"https:\/\/kromiker.hu\/de\/wp-json\/wp\/v2\/product_cat?post=4499"},{"taxonomy":"product_tag","embeddable":true,"href":"https:\/\/kromiker.hu\/de\/wp-json\/wp\/v2\/product_tag?post=4499"}],"curies":[{"name":"wp","href":"https:\/\/api.w.org\/{rel}","templated":true}]}}