{"id":4502,"date":"2025-12-01T19:50:43","date_gmt":"2025-12-01T18:50:43","guid":{"rendered":"https:\/\/halnoel1234-kmnuz.wpcomstaging.com\/?post_type=product&#038;p=4502"},"modified":"2026-03-30T20:57:08","modified_gmt":"2026-03-30T18:57:08","slug":"freund-k16-p4-evo2-korfuresz","status":"publish","type":"product","link":"https:\/\/kromiker.hu\/de\/product\/freund-k16-p4-evo2-korfuresz\/","title":{"rendered":"Freund K16-P4 Evo2 k\u00f6rf\u0171r\u00e9sz"},"content":{"rendered":"<p><b>Hauptmerkmale:<\/b><\/p>\n<ul>\n<li aria-level=\"1\"><b>Egykezes haszn\u00e1lat<\/b> \u2013 gyors \u00e9s rugalmas munkav\u00e9gz\u00e9s<\/li>\n<li aria-level=\"1\"><b>\u00c1ll\u00edthat\u00f3 v\u00e1g\u00e1sm\u00e9lys\u00e9g<\/b> \u2013 k\u00fcl\u00f6nb\u00f6z\u0151 vastags\u00e1g\u00fa h\u00fasr\u00e9szekhez<\/li>\n<li aria-level=\"1\"><b>Kompakt \u00e9s k\u00f6nny\u0171<\/b> \u2013 egyszer\u0171 mozgat\u00e1s \u00e9s sorozatos v\u00e1g\u00e1s<\/li>\n<li aria-level=\"1\"><b>Robusztus ipari fel\u00e9p\u00edt\u00e9s \u2013 <\/b>hossz\u00fa \u00e9lettartam, megb\u00edzhat\u00f3 m\u0171k\u00f6d\u00e9s<\/li>\n<\/ul>\n<p><b>Kieg\u00e9sz\u00edt\u0151k, Opcion\u00e1lis tartoz\u00e9kok:<\/b><\/p>\n<ul>\n<li aria-level=\"1\">S\u00falykiegyenl\u00edt\u0151 rig\u00f3s balanszer<\/li>\n<\/ul>","protected":false},"excerpt":{"rendered":"<p>A Freund K16-P4, pneumatikus meghajt\u00e1s\u00fa k\u00f6rf\u0171r\u00e9sz, amit els\u0151sorban h\u00fas- \u00e9s bont\u00f3\u00fczemekben haszn\u00e1lnak sert\u00e9s- \u00e9s m\u00e1s \u00e1llati eredet\u0171 h\u00fas darabol\u00e1s\u00e1hoz. Ide\u00e1lis olyan m\u0171veletekhez, ahol gyors, prec\u00edz \u00e9s szab\u00e1lyozott m\u00e9lys\u00e9g\u0171 v\u00e1g\u00e1sra van sz\u00fcks\u00e9g.<\/p>\n<p><b>Aj\u00e1nlott felhaszn\u00e1l\u00e1s<\/b><\/p>\n<ul>\n<li aria-level=\"1\">Sert\u00e9s, marha \u00e9s m\u00e1s h\u00fasok bont\u00e1sa, bord\u00e1k, gerinc menti v\u00e1g\u00e1sok<\/li>\n<li aria-level=\"1\">H\u00fasfeldolgoz\u00f3 \u00fczemek \u00e9s v\u00e1g\u00f3hidak, ahol fontos a gyors, prec\u00edz, ism\u00e9tl\u0151d\u0151 v\u00e1g\u00e1s<\/li>\n<li aria-level=\"1\">Ide\u00e1lis sorozatos munkafolyamatokhoz k\u00f6nny\u0171 kezelhet\u0151s\u00e9g \u00e9s hordozhat\u00f3s\u00e1g miatt<\/li>\n<\/ul>","protected":false},"featured_media":4443,"template":"","meta":{"_acf_changed":false,"_kad_post_transparent":"default","_kad_post_title":"","_kad_post_layout":"default","_kad_post_sidebar_id":"","_kad_post_content_style":"default","_kad_post_vertical_padding":"default","_kad_post_feature":"","_kad_post_feature_position":"","_kad_post_header":false,"_kad_post_footer":false,"_kad_post_classname":""},"pwb-brand":[],"product_brand":[1703],"product_cat":[1778,1737],"product_tag":[1865],"class_list":{"0":"post-4502","1":"product","2":"type-product","3":"status-publish","4":"has-post-thumbnail","6":"product_brand-freund","7":"product_cat-hasito-darabolo-gepek","8":"product_cat-vagas-darabolas","9":"product_tag-freund","11":"first","12":"instock","13":"shipping-taxable","14":"product-type-simple","15":"entry","16":"content-bg","17":"loop-entry"},"acf":[],"brands":[],"_links":{"self":[{"href":"https:\/\/kromiker.hu\/de\/wp-json\/wp\/v2\/product\/4502","targetHints":{"allow":["GET"]}}],"collection":[{"href":"https:\/\/kromiker.hu\/de\/wp-json\/wp\/v2\/product"}],"about":[{"href":"https:\/\/kromiker.hu\/de\/wp-json\/wp\/v2\/types\/product"}],"wp:featuredmedia":[{"embeddable":true,"href":"https:\/\/kromiker.hu\/de\/wp-json\/wp\/v2\/media\/4443"}],"wp:attachment":[{"href":"https:\/\/kromiker.hu\/de\/wp-json\/wp\/v2\/media?parent=4502"}],"wp:term":[{"taxonomy":"pwb-brand","embeddable":true,"href":"https:\/\/kromiker.hu\/de\/wp-json\/wp\/v2\/pwb-brand?post=4502"},{"taxonomy":"product_brand","embeddable":true,"href":"https:\/\/kromiker.hu\/de\/wp-json\/wp\/v2\/product_brand?post=4502"},{"taxonomy":"product_cat","embeddable":true,"href":"https:\/\/kromiker.hu\/de\/wp-json\/wp\/v2\/product_cat?post=4502"},{"taxonomy":"product_tag","embeddable":true,"href":"https:\/\/kromiker.hu\/de\/wp-json\/wp\/v2\/product_tag?post=4502"}],"curies":[{"name":"wp","href":"https:\/\/api.w.org\/{rel}","templated":true}]}}