{"id":4508,"date":"2025-12-01T19:56:52","date_gmt":"2025-12-01T18:56:52","guid":{"rendered":"https:\/\/halnoel1234-kmnuz.wpcomstaging.com\/?post_type=product&#038;p=4508"},"modified":"2026-03-30T20:57:08","modified_gmt":"2026-03-30T18:57:08","slug":"freund-k-23-03-korfuresz","status":"publish","type":"product","link":"https:\/\/kromiker.hu\/de\/product\/freund-k-23-03-korfuresz\/","title":{"rendered":"Freund K-23-03 Kreiss\u00e4ge"},"content":{"rendered":"<p><b>\u00a0Hauptmerkmale:<\/b><\/p>\n<ul>\n<li aria-level=\"1\"><b>\u00c1ll\u00edthat\u00f3 v\u00e1g\u00e1sm\u00e9lys\u00e9g:<\/b> 15\u201375\u202fmm, k\u00fcl\u00f6nb\u00f6z\u0151 h\u00fas- \u00e9s csontvastags\u00e1gokhoz<\/li>\n<li aria-level=\"1\"><b>Biztons\u00e1gi f\u00e9k:<\/b> a f\u0171r\u00e9szlap 3\u202fm\u00e1sodpercen bel\u00fcl meg\u00e1ll, megfelel az EU szabv\u00e1nyoknak<\/li>\n<li aria-level=\"1\"><b>Ipari, robusztus kivitel:<\/b> vastag fogaz\u00e1s\u00fa, rozsdamentes ac\u00e9l lap, spir\u00e1lk\u00e1bel, D-t\u00edpus\u00fa markolat<\/li>\n<li aria-level=\"1\"><b>Ergonomikus haszn\u00e1lat: <\/b>k\u00e9nyelmes markolat<\/li>\n<\/ul>\n<p><b>Tartoz\u00e9kok, opcion\u00e1lis kieg\u00e9sz\u00edt\u0151k:<\/b><\/p>\n<ul>\n<li>Gewichtsausgleichsfeder<\/li>\n<\/ul>","protected":false},"excerpt":{"rendered":"<p>Alkalmas k\u00f6zepes illetve nagy feldolgoz\u00f3 \u00fczemekben sert\u00e9s, marha, juh\u00a0 darabol\u00e1s\u00e1ra bont\u00e1s\u00e1ra. Integr\u00e1lt mechanikus MMB motorf\u00e9kkel, k\u00e9zzel szab\u00e1lyozhat\u00f3 v\u00e1g\u00e1sm\u00e9lys\u00e9g be\u00e1ll\u00edt\u00f3 lappal, kerek ergonomikus foganty\u00faval, \u00e9s spir\u00e1l k\u00e1bellel a munka megk\u00f6nny\u00edt\u00e9se \u00e9rdek\u00e9ben. K\u00f6nnyen tiszt\u00edthat\u00f3 \u00e9s karbantarthat\u00f3.<\/p>\n<p><b>Aj\u00e1nlott felhaszn\u00e1l\u00e1s<\/b><\/p>\n<ul>\n<li aria-level=\"1\">Sert\u00e9s, marha \u00e9s m\u00e1s h\u00fasok, csontok bont\u00e1sa, bord\u00e1k, gerinc menti v\u00e1g\u00e1sok<\/li>\n<li aria-level=\"1\">H\u00fasfeldolgoz\u00f3 \u00fczemek \u00e9s v\u00e1g\u00f3hidak k\u00f6zepes-nagy volumen\u0171 bont\u00e1shoz<\/li>\n<li aria-level=\"1\">Olyan k\u00f6rnyezetekben, ahol fontos a megb\u00edzhat\u00f3s\u00e1g, tart\u00f3ss\u00e1g \u00e9s biztons\u00e1g<\/li>\n<\/ul>","protected":false},"featured_media":4445,"template":"","meta":{"_acf_changed":false,"_kad_post_transparent":"default","_kad_post_title":"","_kad_post_layout":"default","_kad_post_sidebar_id":"","_kad_post_content_style":"default","_kad_post_vertical_padding":"default","_kad_post_feature":"","_kad_post_feature_position":"","_kad_post_header":false,"_kad_post_footer":false,"_kad_post_classname":""},"pwb-brand":[],"product_brand":[1703],"product_cat":[1778,1737],"product_tag":[1865],"class_list":{"0":"post-4508","1":"product","2":"type-product","3":"status-publish","4":"has-post-thumbnail","6":"product_brand-freund","7":"product_cat-hasito-darabolo-gepek","8":"product_cat-vagas-darabolas","9":"product_tag-freund","11":"first","12":"instock","13":"featured","14":"shipping-taxable","15":"product-type-simple","16":"entry","17":"content-bg","18":"loop-entry"},"acf":[],"brands":[],"_links":{"self":[{"href":"https:\/\/kromiker.hu\/de\/wp-json\/wp\/v2\/product\/4508","targetHints":{"allow":["GET"]}}],"collection":[{"href":"https:\/\/kromiker.hu\/de\/wp-json\/wp\/v2\/product"}],"about":[{"href":"https:\/\/kromiker.hu\/de\/wp-json\/wp\/v2\/types\/product"}],"wp:featuredmedia":[{"embeddable":true,"href":"https:\/\/kromiker.hu\/de\/wp-json\/wp\/v2\/media\/4445"}],"wp:attachment":[{"href":"https:\/\/kromiker.hu\/de\/wp-json\/wp\/v2\/media?parent=4508"}],"wp:term":[{"taxonomy":"pwb-brand","embeddable":true,"href":"https:\/\/kromiker.hu\/de\/wp-json\/wp\/v2\/pwb-brand?post=4508"},{"taxonomy":"product_brand","embeddable":true,"href":"https:\/\/kromiker.hu\/de\/wp-json\/wp\/v2\/product_brand?post=4508"},{"taxonomy":"product_cat","embeddable":true,"href":"https:\/\/kromiker.hu\/de\/wp-json\/wp\/v2\/product_cat?post=4508"},{"taxonomy":"product_tag","embeddable":true,"href":"https:\/\/kromiker.hu\/de\/wp-json\/wp\/v2\/product_tag?post=4508"}],"curies":[{"name":"wp","href":"https:\/\/api.w.org\/{rel}","templated":true}]}}