{"id":4512,"date":"2025-12-01T20:03:46","date_gmt":"2025-12-01T19:03:46","guid":{"rendered":"https:\/\/halnoel1234-kmnuz.wpcomstaging.com\/?post_type=product&#038;p=4512"},"modified":"2026-03-30T20:57:08","modified_gmt":"2026-03-30T18:57:08","slug":"freund-rtk-18-13-korfuresz","status":"publish","type":"product","link":"https:\/\/kromiker.hu\/de\/product\/freund-rtk-18-13-korfuresz\/","title":{"rendered":"Freund RTK 18-13 Kreiss\u00e4ge"},"content":{"rendered":"<p><b>Kieg\u00e9sz\u00edt\u0151k, opcion\u00e1lis tartoz\u00e9kok<\/b><\/p>\n<ul>\n<li>Gewichtsausgleichsfeder<\/li>\n<\/ul>","protected":false},"excerpt":{"rendered":"<p>A Freund RTK 18-13 egy massz\u00edv, ipari haszn\u00e1latra tervezett h\u00fasfeldolgoz\u00f3 g\u00e9p, amely gyors \u00e9s prec\u00edz munkav\u00e9gz\u00e9st biztos\u00edt. Er\u0151s ac\u00e9l konstrukci\u00f3ja hossz\u00fa \u00e9lettartamot \u00e9s megb\u00edzhat\u00f3s\u00e1got garant\u00e1l, mik\u00f6zben a kezel\u00e9se egyszer\u0171 \u00e9s ergonomikus. A g\u00e9p ide\u00e1lis nagy kapacit\u00e1s\u00fa feldolgoz\u00f3 \u00fczemek sz\u00e1m\u00e1ra, ahol a nyaklev\u00e1laszt\u00e1s vagy kisebb darabol\u00e1si feladatok hat\u00e9kony elv\u00e9gz\u00e9se sz\u00fcks\u00e9ges. Standard biztons\u00e1gi felszerelts\u00e9ge, mint a k\u00e9tkezes ind\u00edt\u00e1s \u00e9s v\u00e9d\u0151burkolatok, cs\u00f6kkenti a balesetek kock\u00e1zat\u00e1t, \u00edgy a termel\u00e9s mind gyors, mind biztons\u00e1gos lehet.<\/p>\n<p><b>Hauptmerkmale:<\/b><\/p>\n<ul>\n<li aria-level=\"1\">Nagy kapacit\u00e1s, gyors \u00e9s hat\u00e9kony feldolgoz\u00e1s<\/li>\n<li aria-level=\"1\">Massz\u00edv, ipari kivitel<\/li>\n<li aria-level=\"1\">Egyszer\u0171 kezelhet\u0151s\u00e9g \u00e9s karbantart\u00e1s<\/li>\n<li aria-level=\"1\">Biztons\u00e1gos m\u0171k\u00f6d\u00e9s a k\u00e9tkezes ind\u00edt\u00e1snak \u00e9s burkolatoknak k\u00f6sz\u00f6nhet\u0151en<\/li>\n<li aria-level=\"1\">Alkalmas t\u00f6bbf\u00e9le h\u00fasfajt\u00e1hoz<\/li>\n<\/ul>","protected":false},"featured_media":4513,"template":"","meta":{"_acf_changed":false,"_kad_post_transparent":"default","_kad_post_title":"","_kad_post_layout":"default","_kad_post_sidebar_id":"","_kad_post_content_style":"default","_kad_post_vertical_padding":"default","_kad_post_feature":"","_kad_post_feature_position":"","_kad_post_header":false,"_kad_post_footer":false,"_kad_post_classname":""},"pwb-brand":[],"product_brand":[1703],"product_cat":[1778,1737],"product_tag":[1865],"class_list":{"0":"post-4512","1":"product","2":"type-product","3":"status-publish","4":"has-post-thumbnail","6":"product_brand-freund","7":"product_cat-hasito-darabolo-gepek","8":"product_cat-vagas-darabolas","9":"product_tag-freund","11":"first","12":"instock","13":"shipping-taxable","14":"product-type-simple","15":"entry","16":"content-bg","17":"loop-entry"},"acf":[],"brands":[],"_links":{"self":[{"href":"https:\/\/kromiker.hu\/de\/wp-json\/wp\/v2\/product\/4512","targetHints":{"allow":["GET"]}}],"collection":[{"href":"https:\/\/kromiker.hu\/de\/wp-json\/wp\/v2\/product"}],"about":[{"href":"https:\/\/kromiker.hu\/de\/wp-json\/wp\/v2\/types\/product"}],"wp:featuredmedia":[{"embeddable":true,"href":"https:\/\/kromiker.hu\/de\/wp-json\/wp\/v2\/media\/4513"}],"wp:attachment":[{"href":"https:\/\/kromiker.hu\/de\/wp-json\/wp\/v2\/media?parent=4512"}],"wp:term":[{"taxonomy":"pwb-brand","embeddable":true,"href":"https:\/\/kromiker.hu\/de\/wp-json\/wp\/v2\/pwb-brand?post=4512"},{"taxonomy":"product_brand","embeddable":true,"href":"https:\/\/kromiker.hu\/de\/wp-json\/wp\/v2\/product_brand?post=4512"},{"taxonomy":"product_cat","embeddable":true,"href":"https:\/\/kromiker.hu\/de\/wp-json\/wp\/v2\/product_cat?post=4512"},{"taxonomy":"product_tag","embeddable":true,"href":"https:\/\/kromiker.hu\/de\/wp-json\/wp\/v2\/product_tag?post=4512"}],"curies":[{"name":"wp","href":"https:\/\/api.w.org\/{rel}","templated":true}]}}