{"id":4514,"date":"2025-12-01T20:06:42","date_gmt":"2025-12-01T19:06:42","guid":{"rendered":"https:\/\/halnoel1234-kmnuz.wpcomstaging.com\/?post_type=product&#038;p=4514"},"modified":"2026-03-30T20:57:08","modified_gmt":"2026-03-30T18:57:08","slug":"freund-sb46-08-hasitofuresz","status":"publish","type":"product","link":"https:\/\/kromiker.hu\/de\/product\/freund-sb46-08-hasitofuresz\/","title":{"rendered":"Freund SB46-08 Auftrenns\u00e4ge"},"content":{"rendered":"<p><b>Hauptmerkmale:<\/b><\/p>\n<ul>\n<li aria-level=\"1\"><b>Felhaszn\u00e1l\u00e1s<\/b>: Sert\u00e9s, juh \u00e9s k\u00f6zepes szarvasmarha testek gerinc\u00e9nek ipari kett\u00e9has\u00edt\u00e1sa.<\/li>\n<li aria-level=\"1\"><b>Biztons\u00e1g<\/b>: G\u00e9pbiztons\u00e1gi kapcsol\u00f3, opcion\u00e1lis k\u00e9tkezes vez\u00e9rl\u00e9s.<\/li>\n<li aria-level=\"1\"><b>Kialak\u00edt\u00e1s<\/b>: Robusztus, ipari, folyamatos \u00fczemre tervezett.<\/li>\n<li aria-level=\"1\"><b>Teljesen rozsdamentes<\/b> anyagokb\u00f3l<\/li>\n<li aria-level=\"1\"><b>Ergon\u00f3mia \u00e9s kezelhet\u0151s\u00e9g:<\/b> K\u00e9tkezes m\u0171k\u00f6dtet\u00e9s\u0171 ergonomikus kialak\u00edt\u00e1s\u00fa foganty\u00fak<\/li>\n<li aria-level=\"1\"><b>Hat\u00e9kony, tiszta v\u00e1g\u00e1s: <\/b>Megb\u00edzhat\u00f3 \u00e9s prec\u00edz v\u00e1g\u00e1st eredm\u00e9nyez, t\u00e1mogatva a higi\u00e9nikus \u00e9s min\u0151s\u00e9gi hentesmunk\u00e1t.<\/li>\n<\/ul>\n<p><b>Das Basismodell verf\u00fcgt \u00fcber die folgenden Merkmale:<\/b><\/p>\n<ul>\n<li aria-level=\"1\">K\u00e9zi szalagfesz\u00edt\u0151 rendszerrel<\/li>\n<li aria-level=\"1\">Biztons\u00e1gi kapcsol\u00f3val<\/li>\n<li aria-level=\"1\">V\u00edzt\u00f6ml\u0151 egys\u00e9ggel, be\u00e9p\u00edtett bels\u0151 mos\u00f3rendszerrel (DES-E)<\/li>\n<li aria-level=\"1\">400 Voltos vagy 42 Voltos kiszerel\u00e9sben<\/li>\n<\/ul>\n<p><b>Zubeh\u00f6r und Sonderzubeh\u00f6r:<\/b><\/p>\n<ul>\n<li aria-level=\"1\">Gewichtsausgleichsfeder<\/li>\n<li aria-level=\"1\">42 Volt Trenntransformator (in 400 Volt Ausf\u00fchrung nicht notwendig)<\/li>\n<li aria-level=\"1\">Hidraulikus automata fesz\u00edt\u0151rendszer (optim\u00e1lis szalagfesz\u00edt\u00e9shez AUT)<\/li>\n<li aria-level=\"1\">Elektromos v\u00edzszelep EWV<\/li>\n<li aria-level=\"1\">2-k\u00e9zi 2HATD biztons\u00e1gi \u00e1ramk\u00f6r<\/li>\n<\/ul>","protected":false},"excerpt":{"rendered":"<p>Alkalmas k\u00f6zepes m\u00e9ret\u0171 \u00fczemek sz\u00e1m\u00e1ra kombin\u00e1lt v\u00e1g\u00e1si sorban, mellyel sert\u00e9st, juhot, \u00e9s szarvasmarh\u00e1t v\u00e1gnak. (alacsony \u201eterpeszt\u00e9s\u0171\u201d f\u00fcggeszt\u0151 kamp\u00f3k eset\u00e9n csak korl\u00e1tozott m\u00e9rt\u00e9kben lehet haszn\u00e1lni, erre a Freund SB 49-08 alkalmas)<\/p>\n<p><b>Anwendungen:<\/b><\/p>\n<ul>\n<li aria-level=\"1\"><b>\u00c1llatfajt\u00e1k szerinti feldolgoz\u00e1s<\/b>:\n<ul>\n<li aria-level=\"2\"><b>Schwein<\/b>: A leg\u00e1ltal\u00e1nosabb alkalmaz\u00e1si ter\u00fclet, a sert\u00e9stestek hat\u00e9kony \u00e9s gyors has\u00edt\u00e1s\u00e1ra.<\/li>\n<li aria-level=\"2\"><b>Juh<\/b>: Juh- \u00e9s b\u00e1r\u00e1nytestek feldolgoz\u00e1sa.<\/li>\n<li aria-level=\"2\"><b>Szarvasmarha<\/b>: K\u00f6zepes m\u00e9ret\u0171 vagy fiatalabb szarvasmarh\u00e1k test\u00e9nek has\u00edt\u00e1sa (nagyobb marhatestekhez er\u0151sebb vagy m\u00e1s t\u00edpus\u00fa berendez\u00e9s sz\u00fcks\u00e9ges).<\/li>\n<\/ul>\n<\/li>\n<li aria-level=\"1\"><b>V\u00e1g\u00f3sori integr\u00e1ci\u00f3<\/b>: A f\u0171r\u00e9szt f\u00fcggesztett p\u00e1lyarendszerekbe vagy sz\u00e1ll\u00edt\u00f3szalagok mell\u00e9 telep\u00edtik, lehet\u0151v\u00e9 t\u00e9ve a nagy \u00e1tereszt\u0151k\u00e9pess\u00e9g\u0171, folyamatos termel\u00e9st az ipari v\u00e1g\u00f3sorokon.<\/li>\n<li aria-level=\"1\"><b>Higi\u00e9niai szempontb\u00f3l kritikus k\u00f6rnyezetek<\/b>: A be\u00e9p\u00edtett fert\u0151tlen\u00edt\u0151 rendszer (opcion\u00e1lis DES-E k\u00e9szlet) lehet\u0151v\u00e9 teszi a szigor\u00fa higi\u00e9niai el\u0151\u00edr\u00e1sok betart\u00e1s\u00e1t a h\u00fasfeldolgoz\u00f3 \u00fczemekben.<\/li>\n<\/ul>\n<p>&nbsp;<\/p>","protected":false},"featured_media":4516,"template":"","meta":{"_acf_changed":false,"_kad_post_transparent":"default","_kad_post_title":"","_kad_post_layout":"default","_kad_post_sidebar_id":"","_kad_post_content_style":"default","_kad_post_vertical_padding":"default","_kad_post_feature":"","_kad_post_feature_position":"","_kad_post_header":false,"_kad_post_footer":false,"_kad_post_classname":""},"pwb-brand":[],"product_brand":[1703],"product_cat":[1778,1737],"product_tag":[1865],"class_list":{"0":"post-4514","1":"product","2":"type-product","3":"status-publish","4":"has-post-thumbnail","6":"product_brand-freund","7":"product_cat-hasito-darabolo-gepek","8":"product_cat-vagas-darabolas","9":"product_tag-freund","11":"first","12":"instock","13":"featured","14":"shipping-taxable","15":"product-type-simple","16":"entry","17":"content-bg","18":"loop-entry"},"acf":[],"brands":[],"_links":{"self":[{"href":"https:\/\/kromiker.hu\/de\/wp-json\/wp\/v2\/product\/4514","targetHints":{"allow":["GET"]}}],"collection":[{"href":"https:\/\/kromiker.hu\/de\/wp-json\/wp\/v2\/product"}],"about":[{"href":"https:\/\/kromiker.hu\/de\/wp-json\/wp\/v2\/types\/product"}],"wp:featuredmedia":[{"embeddable":true,"href":"https:\/\/kromiker.hu\/de\/wp-json\/wp\/v2\/media\/4516"}],"wp:attachment":[{"href":"https:\/\/kromiker.hu\/de\/wp-json\/wp\/v2\/media?parent=4514"}],"wp:term":[{"taxonomy":"pwb-brand","embeddable":true,"href":"https:\/\/kromiker.hu\/de\/wp-json\/wp\/v2\/pwb-brand?post=4514"},{"taxonomy":"product_brand","embeddable":true,"href":"https:\/\/kromiker.hu\/de\/wp-json\/wp\/v2\/product_brand?post=4514"},{"taxonomy":"product_cat","embeddable":true,"href":"https:\/\/kromiker.hu\/de\/wp-json\/wp\/v2\/product_cat?post=4514"},{"taxonomy":"product_tag","embeddable":true,"href":"https:\/\/kromiker.hu\/de\/wp-json\/wp\/v2\/product_tag?post=4514"}],"curies":[{"name":"wp","href":"https:\/\/api.w.org\/{rel}","templated":true}]}}