{"id":4517,"date":"2025-12-01T20:09:36","date_gmt":"2025-12-01T19:09:36","guid":{"rendered":"https:\/\/halnoel1234-kmnuz.wpcomstaging.com\/?post_type=product&#038;p=4517"},"modified":"2026-03-30T20:57:08","modified_gmt":"2026-03-30T18:57:08","slug":"4517","status":"publish","type":"product","link":"https:\/\/kromiker.hu\/de\/product\/4517\/","title":{"rendered":"Freund SB49-08 Auftrenns\u00e4ge"},"content":{"rendered":"<p><b>Az alapmodell a k\u00f6vetkez\u0151 alapfelszerelts\u00e9ggel rendelkezik:<\/b><\/p>\n<ul>\n<li aria-level=\"1\">K\u00e9zi szalagfesz\u00edt\u0151 rendszerrel<\/li>\n<li aria-level=\"1\">Biztons\u00e1gi kapcsol\u00f3val<\/li>\n<li aria-level=\"1\">V\u00edzt\u00f6ml\u0151 egys\u00e9ggel, be\u00e9p\u00edtett bels\u0151 mos\u00f3rendszerrel (DES-E)<\/li>\n<li aria-level=\"1\">400 Voltos vagy 42 Voltos kiszerel\u00e9sben<\/li>\n<\/ul>\n<p><b>Zubeh\u00f6r und Sonderzubeh\u00f6r:<\/b><\/p>\n<ul>\n<li aria-level=\"1\">Gewichtsausgleichsfeder<\/li>\n<li aria-level=\"1\">42 Volt Trenntransformator (in 400 Volt Ausf\u00fchrung nicht notwendig)<\/li>\n<li aria-level=\"1\">Hidraulikus automata fesz\u00edt\u0151rendszer (optim\u00e1lis szalagfesz\u00edt\u00e9shez AUT)<\/li>\n<li aria-level=\"1\">Elektromos v\u00edzszelep EWV<\/li>\n<li aria-level=\"1\">2-k\u00e9zi 2HATD biztons\u00e1gi \u00e1ramk\u00f6r<\/li>\n<\/ul>","protected":false},"excerpt":{"rendered":"<p>Alkalmas k\u00f6zepes m\u00e9ret\u0171 \u00fczemek sz\u00e1m\u00e1ra kombin\u00e1lt v\u00e1g\u00e1si sorban, mellyel sert\u00e9st, juhot, \u00e9s szarvasmarh\u00e1t v\u00e1gnak. (alacsony \u201eterpeszt\u00e9s\u0171\u201d f\u00fcggeszt\u0151 kamp\u00f3k eset\u00e9n is lehet haszn\u00e1lni.<\/p>\n<p><b>Aj\u00e1nlott felhaszn\u00e1l\u00e1s<\/b><\/p>\n<ul>\n<li aria-level=\"1\">F\u00e9l- \u00e9s negyed-t\u00f6rzsek bont\u00e1sa sert\u00e9s, juh \u00e9s marha eset\u00e9n<\/li>\n<li aria-level=\"1\">V\u00e1g\u00f3hidak \u00e9s h\u00fasfeldolgoz\u00f3 \u00fczemek k\u00f6zepes-nagy kapacit\u00e1s\u00e1hoz<\/li>\n<li aria-level=\"1\">Olyan v\u00e1g\u00f3hidaknak, ahol a hat\u00e9konys\u00e1g, higi\u00e9nia \u00e9s tart\u00f3ss\u00e1g kiemelt szempont<\/li>\n<\/ul>","protected":false},"featured_media":4519,"template":"","meta":{"_acf_changed":false,"_kad_post_transparent":"default","_kad_post_title":"","_kad_post_layout":"default","_kad_post_sidebar_id":"","_kad_post_content_style":"default","_kad_post_vertical_padding":"default","_kad_post_feature":"","_kad_post_feature_position":"","_kad_post_header":false,"_kad_post_footer":false,"_kad_post_classname":""},"pwb-brand":[],"product_brand":[1703],"product_cat":[1778,1737],"product_tag":[1865],"class_list":{"0":"post-4517","1":"product","2":"type-product","3":"status-publish","4":"has-post-thumbnail","6":"product_brand-freund","7":"product_cat-hasito-darabolo-gepek","8":"product_cat-vagas-darabolas","9":"product_tag-freund","11":"first","12":"instock","13":"featured","14":"shipping-taxable","15":"product-type-simple","16":"entry","17":"content-bg","18":"loop-entry"},"acf":[],"brands":[],"_links":{"self":[{"href":"https:\/\/kromiker.hu\/de\/wp-json\/wp\/v2\/product\/4517","targetHints":{"allow":["GET"]}}],"collection":[{"href":"https:\/\/kromiker.hu\/de\/wp-json\/wp\/v2\/product"}],"about":[{"href":"https:\/\/kromiker.hu\/de\/wp-json\/wp\/v2\/types\/product"}],"wp:featuredmedia":[{"embeddable":true,"href":"https:\/\/kromiker.hu\/de\/wp-json\/wp\/v2\/media\/4519"}],"wp:attachment":[{"href":"https:\/\/kromiker.hu\/de\/wp-json\/wp\/v2\/media?parent=4517"}],"wp:term":[{"taxonomy":"pwb-brand","embeddable":true,"href":"https:\/\/kromiker.hu\/de\/wp-json\/wp\/v2\/pwb-brand?post=4517"},{"taxonomy":"product_brand","embeddable":true,"href":"https:\/\/kromiker.hu\/de\/wp-json\/wp\/v2\/product_brand?post=4517"},{"taxonomy":"product_cat","embeddable":true,"href":"https:\/\/kromiker.hu\/de\/wp-json\/wp\/v2\/product_cat?post=4517"},{"taxonomy":"product_tag","embeddable":true,"href":"https:\/\/kromiker.hu\/de\/wp-json\/wp\/v2\/product_tag?post=4517"}],"curies":[{"name":"wp","href":"https:\/\/api.w.org\/{rel}","templated":true}]}}