{"id":4524,"date":"2025-12-01T20:24:13","date_gmt":"2025-12-01T19:24:13","guid":{"rendered":"https:\/\/halnoel1234-kmnuz.wpcomstaging.com\/?post_type=product&#038;p=4524"},"modified":"2026-05-14T15:44:21","modified_gmt":"2026-05-14T13:44:21","slug":"freund-sh60-03-hasitofuresz","status":"publish","type":"product","link":"https:\/\/kromiker.hu\/de\/product\/freund-sh60-03-hasitofuresz\/","title":{"rendered":"Freund SH60-03 Auftrenns\u00e4ge"},"content":{"rendered":"<p><span style=\"color: #ff0000\"><strong><a style=\"color: #ff0000\" href=\"https:\/\/kromiker.hu\/wp-content\/uploads\/2025\/11\/FREUND-Termek-katalogus-pdf.-letoltes-ITT.pdf\">FREUND Term\u00e9k katal\u00f3gus pdf. let\u00f6lt\u00e9s ITT<\/a><\/strong><\/span><\/p>\n<p><b>Hauptmerkmale<\/b><\/p>\n<ul>\n<li><b>Industrielle Ausf\u00fchrung<\/b> \u2014 f\u00fcr kleine und mittlere Fleischverarbeitungsbetriebe.<\/li>\n<li><b>Schnittkapazit\u00e4t <\/b>geeignet <b>bis zu 100 Schweine oder 20 Rinder pro Woche zu halbieren<\/b><\/li>\n<li><b>S\u00e4geblatt aus Edelstahl<\/b>\u2013 geeignet f\u00fcr Fleisch-\/Knochenschneiden, entspricht den Hygienevorschriften.<\/li>\n<li><b>Integrierter Wasseranschluss + Spiralschlauch zur K\u00fchlung und Sp\u00fclung der Schnittfl\u00e4che<\/b> \u2014 wichtig f\u00fcr die Fleischzubereitung aus hygienischen Gr\u00fcnden und f\u00fcr die Lebensdauer der Klinge.<\/li>\n<li><b>Ergonomische Bedienbarkeit<\/b>konische Griffst\u00fccke geringeres Gewicht, relativ manueller\/unterst\u00fctzter Einsatz f\u00fcr geringe bis mittlere Schnittmengen<\/li>\n<\/ul>\n<p><b>Zubeh\u00f6r und Sonderzubeh\u00f6r:<\/b><\/p>\n<ul>\n<li>Gewichtsausgleichsfeder<\/li>\n<li>42 Volt Trenntransformator (in 400 Volt Ausf\u00fchrung nicht notwendig)<\/li>\n<\/ul>","protected":false},"excerpt":{"rendered":"<p>Konzipiert f\u00fcr kleine und mittlere Betriebe sowie Schlachtbetriebe, geeignet zum Schlachten kleiner Mengen Schweine und Rinder. Befestigung mit einem gewichtsbalancierenden Ausgleich. Starker Elektromotor, der die Last gut bew\u00e4ltigt. Mit rostfreier S\u00e4geblatt und Spiralkabel. Mit Wasseranschluss zur K\u00fchlung und Reinigung der Schnittfl\u00e4che.<\/p>\n<p><b>Anwendungen:<\/b><\/p>\n<ul>\n<li><b>Schwein<\/b> Zerreissen, Aufbrechen, Halteilen, Vierteilen<\/li>\n<\/ul>\n<ul>\n<li><b>Juhu, Lamm<\/b> pr\u00e4zises und schnelles Spalten, Zerlegen<\/li>\n<li><b>Kleinvieh-Rindfleisch<\/b> Zerlegung, Teileung und Vorbereitung zum Entbeinen<\/li>\n<li><b>Schneidpunkte, kleinere Schlachth\u00f6fe<\/b> f\u00fcr Ihre t\u00e4glichen Schneide-, Entkernungsaufgaben,<\/li>\n<li>\u00a0<b>Fleischverarbeitungsbetriebe mittlerer Kapazit\u00e4t<\/b>, wo eine bewegliche, nicht zu schwere S\u00e4bels\u00e4ge wichtig ist<\/li>\n<li><b>Vorbereitung von Schweinefleisch<\/b>, Auszubildung von Felllinien, Vorritzen von Knochensegmenten<\/li>\n<li><b>Zu Schlachth\u00f6fen, <\/b>wo Effizienz, Hygiene und Langlebigkeit wichtige Aspekte sind<\/li>\n<\/ul>","protected":false},"featured_media":4526,"template":"","meta":{"_acf_changed":false,"_kad_post_transparent":"default","_kad_post_title":"","_kad_post_layout":"default","_kad_post_sidebar_id":"","_kad_post_content_style":"default","_kad_post_vertical_padding":"default","_kad_post_feature":"","_kad_post_feature_position":"","_kad_post_header":false,"_kad_post_footer":false,"_kad_post_classname":""},"pwb-brand":[1886],"product_brand":[1703],"product_cat":[1778,1737],"product_tag":[1865],"class_list":{"0":"post-4524","1":"product","2":"type-product","3":"status-publish","4":"has-post-thumbnail","6":"pwb-brand-freund","7":"product_brand-freund","8":"product_cat-hasito-darabolo-gepek","9":"product_cat-vagas-darabolas","10":"product_tag-freund","12":"first","13":"instock","14":"featured","15":"shipping-taxable","16":"product-type-simple","17":"entry","18":"content-bg","19":"loop-entry"},"acf":[],"brands":[{"id":1886,"name":"Freund","slug":"freund"}],"_links":{"self":[{"href":"https:\/\/kromiker.hu\/de\/wp-json\/wp\/v2\/product\/4524","targetHints":{"allow":["GET"]}}],"collection":[{"href":"https:\/\/kromiker.hu\/de\/wp-json\/wp\/v2\/product"}],"about":[{"href":"https:\/\/kromiker.hu\/de\/wp-json\/wp\/v2\/types\/product"}],"wp:featuredmedia":[{"embeddable":true,"href":"https:\/\/kromiker.hu\/de\/wp-json\/wp\/v2\/media\/4526"}],"wp:attachment":[{"href":"https:\/\/kromiker.hu\/de\/wp-json\/wp\/v2\/media?parent=4524"}],"wp:term":[{"taxonomy":"pwb-brand","embeddable":true,"href":"https:\/\/kromiker.hu\/de\/wp-json\/wp\/v2\/pwb-brand?post=4524"},{"taxonomy":"product_brand","embeddable":true,"href":"https:\/\/kromiker.hu\/de\/wp-json\/wp\/v2\/product_brand?post=4524"},{"taxonomy":"product_cat","embeddable":true,"href":"https:\/\/kromiker.hu\/de\/wp-json\/wp\/v2\/product_cat?post=4524"},{"taxonomy":"product_tag","embeddable":true,"href":"https:\/\/kromiker.hu\/de\/wp-json\/wp\/v2\/product_tag?post=4524"}],"curies":[{"name":"wp","href":"https:\/\/api.w.org\/{rel}","templated":true}]}}