{"id":4624,"date":"2025-12-27T15:48:00","date_gmt":"2025-12-27T14:48:00","guid":{"rendered":"https:\/\/halnoel1234-kmnuz.wpcomstaging.com\/?post_type=product&#038;p=4624"},"modified":"2026-03-30T18:11:07","modified_gmt":"2026-03-30T16:11:07","slug":"kolbe-k260-csontfuresz","status":"publish","type":"product","link":"https:\/\/kromiker.hu\/de\/product\/kolbe-k260-csontfuresz\/","title":{"rendered":"Kolbe K260 Knochens\u00e4ge"},"content":{"rendered":"<p><strong>Hauptmerkmale:<\/strong><\/p>\n<ul>\n<li><strong>Entwurf:<\/strong>\u00a0Robustes Tischmodell, das vollst\u00e4ndig aus rostfreiem Material gefertigt ist, um ein H\u00f6chstma\u00df an Hygiene und einfache Reinigung zu gew\u00e4hrleisten.<\/li>\n<li><strong>Hygiene und Sicherheit:<\/strong>\u00a0Die Maschine ist so konzipiert, dass sie strenge Hygienestandards erf\u00fcllt. Ausgestattet mit Sicherheitsmerkmalen wie einer pr\u00e4zisen S\u00e4geblattf\u00fchrung, dreiseitigem S\u00e4geblattschutz und Druckknopfsteuerung, Motorbremse (bei Bet\u00e4tigung des Notausschalters oder \u00d6ffnen der T\u00fcr stoppt die Maschine sofort)<\/li>\n<li><strong>Reinigung:<\/strong>\u00a0Das S\u00e4geblatt ist abnehmbar und verf\u00fcgt \u00fcber Schaber, was die Reinigung und Wartung erleichtert.<\/li>\n<li><strong>S\u00e4geblatt<\/strong>\u00a02170 mm hossz\u00fa f\u0171r\u00e9szlapot haszn\u00e1l.<\/li>\n<li><strong>Funktionen:<\/strong>\u00a0Gyorsfesz\u00edt\u0151 szerkezettel \u00e9s adagol\u00f3\/porci\u00f3z\u00f3 \u00e1ll\u00edt\u00e1ssal, rendelkezik<\/li>\n<\/ul>\n<p><strong>Das Basismodell verf\u00fcgt \u00fcber die folgenden Merkmale:<\/strong><\/p>\n<ul>\n<li>Adag\u00fctk\u00f6z\u0151vel, amivel a szeletek vastags\u00e1g \u00e1ll\u00edthat\u00f3<\/li>\n<li>3-seitiger Sicherheitsmaterialdruck<\/li>\n<li>Knochenmarmeladen-Beh\u00e4lter<\/li>\n<li>mit abnehmbarem Bandabzieher (Bandreiniger)<\/li>\n<li>rozsdamentes ac\u00e9l l\u00e1bbakkal<\/li>\n<li>Prec\u00edz f\u0171r\u00e9szszalagvezet\u0151<\/li>\n<li>Rozsdamentes kerekekkel<\/li>\n<\/ul>\n<p><strong>Zubeh\u00f6r und Sonderzubeh\u00f6r:<\/strong><\/p>\n<ul>\n<li>Mobil rollende R\u00e4der<\/li>\n<li>Erh\u00e4ltlich in linker und rechter Ausf\u00fchrung, entsprechend den Benutzerbed\u00fcrfnissen.<\/li>\n<\/ul>","protected":false},"excerpt":{"rendered":"<p>A Kolbe K260 csontf\u0171r\u00e9sz \u00e9s megb\u00edzhat\u00f3, er\u0151s \u00e9s higi\u00e9nikus megold\u00e1s a h\u00fasfeldolgoz\u00e1s sz\u00e1m\u00e1ra, amely hossz\u00fa t\u00e1von is biztos\u00edtja a pontos, biztons\u00e1gos \u00e9s gazdas\u00e1gos m\u0171k\u00f6d\u00e9st.<\/p>\n<p><strong>Anwendungen:<\/strong><\/p>\n<ul>\n<li>Ide\u00e1lis eszk\u00f6z nagyobb h\u00fasdarabok, friss h\u00fasok sert\u00e9s, marha juh stb., csontok \u00e9s kisebb mennyis\u00e9g\u0171 fagyasztott term\u00e9kek v\u00e1g\u00e1s\u00e1ra.<\/li>\n<\/ul>","protected":false},"featured_media":4626,"template":"","meta":{"_acf_changed":false,"_kad_post_transparent":"default","_kad_post_title":"","_kad_post_layout":"default","_kad_post_sidebar_id":"","_kad_post_content_style":"default","_kad_post_vertical_padding":"default","_kad_post_feature":"","_kad_post_feature_position":"","_kad_post_header":false,"_kad_post_footer":false,"_kad_post_classname":""},"pwb-brand":[],"product_brand":[1691],"product_cat":[1849,1737],"product_tag":[1858],"class_list":{"0":"post-4624","1":"product","2":"type-product","3":"status-publish","4":"has-post-thumbnail","6":"product_brand-kolbe","7":"product_cat-szalagoscsontfureszek","8":"product_cat-vagas-darabolas","9":"product_tag-kolbe","11":"first","12":"instock","13":"shipping-taxable","14":"product-type-simple","15":"entry","16":"content-bg","17":"loop-entry"},"acf":[],"brands":[],"_links":{"self":[{"href":"https:\/\/kromiker.hu\/de\/wp-json\/wp\/v2\/product\/4624","targetHints":{"allow":["GET"]}}],"collection":[{"href":"https:\/\/kromiker.hu\/de\/wp-json\/wp\/v2\/product"}],"about":[{"href":"https:\/\/kromiker.hu\/de\/wp-json\/wp\/v2\/types\/product"}],"wp:featuredmedia":[{"embeddable":true,"href":"https:\/\/kromiker.hu\/de\/wp-json\/wp\/v2\/media\/4626"}],"wp:attachment":[{"href":"https:\/\/kromiker.hu\/de\/wp-json\/wp\/v2\/media?parent=4624"}],"wp:term":[{"taxonomy":"pwb-brand","embeddable":true,"href":"https:\/\/kromiker.hu\/de\/wp-json\/wp\/v2\/pwb-brand?post=4624"},{"taxonomy":"product_brand","embeddable":true,"href":"https:\/\/kromiker.hu\/de\/wp-json\/wp\/v2\/product_brand?post=4624"},{"taxonomy":"product_cat","embeddable":true,"href":"https:\/\/kromiker.hu\/de\/wp-json\/wp\/v2\/product_cat?post=4624"},{"taxonomy":"product_tag","embeddable":true,"href":"https:\/\/kromiker.hu\/de\/wp-json\/wp\/v2\/product_tag?post=4624"}],"curies":[{"name":"wp","href":"https:\/\/api.w.org\/{rel}","templated":true}]}}