{"id":4628,"date":"2025-12-27T15:55:46","date_gmt":"2025-12-27T14:55:46","guid":{"rendered":"https:\/\/halnoel1234-kmnuz.wpcomstaging.com\/?post_type=product&#038;p=4628"},"modified":"2026-03-30T18:11:07","modified_gmt":"2026-03-30T16:11:07","slug":"kolbe-k330-csontfuresz","status":"publish","type":"product","link":"https:\/\/kromiker.hu\/de\/product\/kolbe-k330-csontfuresz\/","title":{"rendered":"Kolbe K330 Knochens\u00e4ge"},"content":{"rendered":"<p><strong>Hauptmerkmale:<\/strong><\/p>\n<ul>\n<li><strong>Pr\u00e4zisionsf\u00fchrung<\/strong>Sie ist mit Keramik-S\u00e4geblattf\u00fchrungen ausgestattet, die den Verschlei\u00df minimieren und keine W\u00e4rme leiten, wodurch die Lebensdauer des Bandes verl\u00e4ngert wird.<\/li>\n<li><strong>Reinigung und Hygiene:<\/strong>Die Kanten der Maschine sind abgerundet, um die Anhaftung von Bakterien zu verhindern. Die Arbeitsfl\u00e4che (sowohl in der festen als auch in der beweglichen Ausf\u00fchrung) ist neigbar oder abklappbar, sodass die Innenteile f\u00fcr die Hochdruckreinigung leicht zug\u00e4nglich sind.<\/li>\n<li><strong>Schnellspannsystem<\/strong>Das S\u00e4geblatt l\u00e4sst sich werkzeuglos und mit einer einzigen Bewegung wechseln, w\u00e4hrend das System automatisch f\u00fcr optimale Spannung sorgt.<\/li>\n<li><strong>Schnellbremse<\/strong>Die mechanische Motorbremse stoppt das S\u00e4geblatt in weniger als 2 Sekunden nach dem Ausschalten.<\/li>\n<li><strong>Starterschutz<\/strong>Die Maschine startet nicht, wenn die T\u00fcren ge\u00f6ffnet sind, und die Bremse l\u00f6st erst nach vollst\u00e4ndigem Stillstand, um einen sicheren Bandwechsel zu erm\u00f6glichen.<\/li>\n<\/ul>\n<p><strong>Das Basismodell verf\u00fcgt \u00fcber die folgenden Merkmale:<\/strong><\/p>\n<ul>\n<li>Adag\u00fctk\u00f6z\u0151vel, amivel a szeletek vastags\u00e1g \u00e1ll\u00edthat\u00f3<\/li>\n<li>3-seitiger Sicherheitsmaterialdruck<\/li>\n<li>Knochenmarmeladen-Beh\u00e4lter<\/li>\n<li>mit abnehmbarem Bandabzieher (Bandreiniger)<\/li>\n<li>Mit pr\u00e4ziser S\u00e4gebandf\u00fchrung<\/li>\n<\/ul>\n<p><strong>Zubeh\u00f6r und Sonderzubeh\u00f6r:<\/strong><\/p>\n<ul>\n<li>Mobil rollende R\u00e4der<\/li>\n<li>Erh\u00e4ltlich in linker und rechter Ausf\u00fchrung, entsprechend den Benutzerbed\u00fcrfnissen.<\/li>\n<li>K330 RS t\u00edpusn\u00e1l: tol\u00f3asztallal \u00e9s prec\u00edzi\u00f3s adag\u00fctk\u00f6z\u0151vel.<\/li>\n<\/ul>","protected":false},"excerpt":{"rendered":"<p>A\u00a0<strong>Kolbe K330<\/strong>\u00a0szalagos csontf\u0171r\u00e9sz a professzion\u00e1lis h\u00fasipari berendez\u00e9sek egyik legn\u00e9pszer\u0171bb darabja, amely a n\u00e9met m\u00e9rn\u00f6ki precizit\u00e1st \u00f6tv\u00f6zi a hat\u00e9konys\u00e1ggal. Els\u0151sorban kisebb \u00e9s nagyobb v\u00e1g\u00f3\u00fczemek, hentes\u00fczletek \u00e9s szupermarketek sz\u00e1m\u00e1ra ide\u00e1lis friss \u00e9s fagyasztott h\u00fasok, valamint csontos term\u00e9kek darabol\u00e1s\u00e1ra. Teljes rozsdamentes ac\u00e9l kivitelben a higi\u00e9nikus tiszt\u00edthat\u00f3s\u00e1g \u00e9rdek\u00e9ben.<\/p>\n<p><strong>Anwendungen:<\/strong><\/p>\n<ul>\n<li>Ideales Werkzeug zum Schneiden von gr\u00f6\u00dferen Fleischst\u00fccken, frischem Fleisch wie Schwein, Rind, Lamm usw., Knochen und gefrorenen Produkten.<\/li>\n<\/ul>","protected":false},"featured_media":4630,"template":"","meta":{"_acf_changed":false,"_kad_post_transparent":"default","_kad_post_title":"","_kad_post_layout":"default","_kad_post_sidebar_id":"","_kad_post_content_style":"default","_kad_post_vertical_padding":"default","_kad_post_feature":"","_kad_post_feature_position":"","_kad_post_header":false,"_kad_post_footer":false,"_kad_post_classname":""},"pwb-brand":[],"product_brand":[1691],"product_cat":[1849,1737],"product_tag":[1858],"class_list":{"0":"post-4628","1":"product","2":"type-product","3":"status-publish","4":"has-post-thumbnail","6":"product_brand-kolbe","7":"product_cat-szalagoscsontfureszek","8":"product_cat-vagas-darabolas","9":"product_tag-kolbe","11":"first","12":"instock","13":"shipping-taxable","14":"product-type-simple","15":"entry","16":"content-bg","17":"loop-entry"},"acf":[],"brands":[],"_links":{"self":[{"href":"https:\/\/kromiker.hu\/de\/wp-json\/wp\/v2\/product\/4628","targetHints":{"allow":["GET"]}}],"collection":[{"href":"https:\/\/kromiker.hu\/de\/wp-json\/wp\/v2\/product"}],"about":[{"href":"https:\/\/kromiker.hu\/de\/wp-json\/wp\/v2\/types\/product"}],"wp:featuredmedia":[{"embeddable":true,"href":"https:\/\/kromiker.hu\/de\/wp-json\/wp\/v2\/media\/4630"}],"wp:attachment":[{"href":"https:\/\/kromiker.hu\/de\/wp-json\/wp\/v2\/media?parent=4628"}],"wp:term":[{"taxonomy":"pwb-brand","embeddable":true,"href":"https:\/\/kromiker.hu\/de\/wp-json\/wp\/v2\/pwb-brand?post=4628"},{"taxonomy":"product_brand","embeddable":true,"href":"https:\/\/kromiker.hu\/de\/wp-json\/wp\/v2\/product_brand?post=4628"},{"taxonomy":"product_cat","embeddable":true,"href":"https:\/\/kromiker.hu\/de\/wp-json\/wp\/v2\/product_cat?post=4628"},{"taxonomy":"product_tag","embeddable":true,"href":"https:\/\/kromiker.hu\/de\/wp-json\/wp\/v2\/product_tag?post=4628"}],"curies":[{"name":"wp","href":"https:\/\/api.w.org\/{rel}","templated":true}]}}