{"id":4649,"date":"2025-12-28T17:37:40","date_gmt":"2025-12-28T16:37:40","guid":{"rendered":"https:\/\/halnoel1234-kmnuz.wpcomstaging.com\/?post_type=product&#038;p=4649"},"modified":"2026-03-30T21:01:23","modified_gmt":"2026-03-30T19:01:23","slug":"pss-sf420-fagyotthustomb-maro-gep","status":"publish","type":"product","link":"https:\/\/kromiker.hu\/de\/product\/pss-sf420-fagyotthustomb-maro-gep\/","title":{"rendered":"PSS SF420 Gefrierfleisch-Blockfr\u00e4smaschine"},"content":{"rendered":"<p><strong>Hauptmerkmale:<\/strong><\/p>\n<ul>\n<li>Schonender, sauberer Schnitt mit gleichm\u00e4\u00dfiger Flockenform<\/li>\n<li>Verarbeitung von gefrorenen Rohstoffen, auch <strong data-start=\"732\" data-end=\"742\">\u201325 \u00b0C<\/strong>-ig<\/li>\n<li>Kleine, mittlere und gro\u00dfe Flockengr\u00f6\u00dfe<\/li>\n<li>Hebbare Ladefl\u00e4che f\u00fcr einfache Materialhandhabung<\/li>\n<li>Automatischer Vorschubmechanismus f\u00fcr pr\u00e4zise Schnittpositionen<\/li>\n<li>Hochleistungs-Schneidzylinder, bis zu <strong data-start=\"949\" data-end=\"971\">600 \u00d7 400 \u00d7 200 mm<\/strong> Blockgr\u00f6\u00dfe<\/li>\n<li>Mehrere Messersysteme, standardm\u00e4\u00dfig <strong data-start=\"1032\" data-end=\"1064\">3 einstellbare Schnittst\u00e4rken<\/strong><\/li>\n<li>Sicherheitskippabdeckung zum Schutz des Bedieners<\/li>\n<li>Hygiene-polierte Oberfl\u00e4chen<\/li>\n<li>Leichte und einfache Reinigbarkeit<\/li>\n<li>Zuverl\u00e4ssiges, industrielles Design f\u00fcr den Dauerbetrieb<\/li>\n<\/ul>","protected":false},"excerpt":{"rendered":"<p><strong>Ein PSS SF 420 <\/strong>die Maschine f\u00fcr mittlere und gro\u00dfe Fleischbetriebe <strong>zum Vormneiden und schnellen Vorhacken von gefrorenen Fleischbl\u00f6cken<\/strong> developt, was die Weiterverarbeitung erleichtert und einen schonenden und sauberen Schnitt erm\u00f6glicht, bei dem gefrorene Fleischbl\u00f6cke und andere Lebensmittel in kleine, mittlere oder gro\u00dfe Flocken geschnitten werden.<\/p>\n<p><strong>Anwendungen:<\/strong><\/p>\n<ul>\n<li><strong>Fleischverarbeitungsbetriebe<\/strong> zur effizienten Vorzerkleinerung von gefrorenen Fleischbl\u00f6cken.<\/li>\n<li><strong>Fleischwarenherstellung<\/strong> Zur Vorbereitung von Rohstoffen f\u00fcr Kolb\u00e1sz-, W\u00fcrstchen-, Hamburger- und andere Fleischwaren.<\/li>\n<li><strong>Lebensmittelverarbeitung<\/strong> zum Zerkleinern anderer gefrorener Lebensmittelzutaten<\/li>\n<li><strong>Aufbereitungs- und Zerkleinerungslinien<\/strong> zum Zuschneiden auf die Gr\u00f6\u00dfe vor der weiteren Verarbeitung (Mahlen, Mischen).<\/li>\n<li><strong>Mittlere und gro\u00dfe Kapazit\u00e4t<\/strong><strong> betreiben<\/strong> f\u00fcr den kontinuierlichen, industriellen Betrieb.<\/li>\n<li><strong>Automatisierte Verarbeitungslinien<\/strong> integriert in bestehende technologische Systeme.<\/li>\n<\/ul>","protected":false},"featured_media":4802,"template":"","meta":{"_acf_changed":false,"_kad_post_transparent":"default","_kad_post_title":"","_kad_post_layout":"default","_kad_post_sidebar_id":"","_kad_post_content_style":"default","_kad_post_vertical_padding":"default","_kad_post_feature":"","_kad_post_feature_position":"","_kad_post_header":false,"_kad_post_footer":false,"_kad_post_classname":""},"pwb-brand":[],"product_brand":[1706],"product_cat":[1789,1739],"product_tag":[1876],"class_list":{"0":"post-4649","1":"product","2":"type-product","3":"status-publish","4":"has-post-thumbnail","6":"product_brand-pss-svidnik-a-s","7":"product_cat-fagyotthustomb-darabolo-es-maro-gepek","8":"product_cat-tovabbfeldolgozas","9":"product_tag-pss-svidnik-as","11":"first","12":"instock","13":"shipping-taxable","14":"product-type-simple","15":"entry","16":"content-bg","17":"loop-entry"},"acf":[],"brands":[],"_links":{"self":[{"href":"https:\/\/kromiker.hu\/de\/wp-json\/wp\/v2\/product\/4649","targetHints":{"allow":["GET"]}}],"collection":[{"href":"https:\/\/kromiker.hu\/de\/wp-json\/wp\/v2\/product"}],"about":[{"href":"https:\/\/kromiker.hu\/de\/wp-json\/wp\/v2\/types\/product"}],"wp:featuredmedia":[{"embeddable":true,"href":"https:\/\/kromiker.hu\/de\/wp-json\/wp\/v2\/media\/4802"}],"wp:attachment":[{"href":"https:\/\/kromiker.hu\/de\/wp-json\/wp\/v2\/media?parent=4649"}],"wp:term":[{"taxonomy":"pwb-brand","embeddable":true,"href":"https:\/\/kromiker.hu\/de\/wp-json\/wp\/v2\/pwb-brand?post=4649"},{"taxonomy":"product_brand","embeddable":true,"href":"https:\/\/kromiker.hu\/de\/wp-json\/wp\/v2\/product_brand?post=4649"},{"taxonomy":"product_cat","embeddable":true,"href":"https:\/\/kromiker.hu\/de\/wp-json\/wp\/v2\/product_cat?post=4649"},{"taxonomy":"product_tag","embeddable":true,"href":"https:\/\/kromiker.hu\/de\/wp-json\/wp\/v2\/product_tag?post=4649"}],"curies":[{"name":"wp","href":"https:\/\/api.w.org\/{rel}","templated":true}]}}