{"id":4659,"date":"2025-12-28T18:56:03","date_gmt":"2025-12-28T17:56:03","guid":{"rendered":"https:\/\/halnoel1234-kmnuz.wpcomstaging.com\/?post_type=product&#038;p=4659"},"modified":"2026-03-30T18:11:07","modified_gmt":"2026-03-30T16:11:07","slug":"kolbe-kds-inlevalaszto-szett-2","status":"publish","type":"product","link":"https:\/\/kromiker.hu\/de\/product\/kolbe-kds-inlevalaszto-szett-2\/","title":{"rendered":"Kolbe KDS Schienentrenner-Set"},"content":{"rendered":"<p><strong>Hauptmerkmale:<\/strong><\/p>\n<ul>\n<li>Alkalmazhat\u00f3 t\u00f6bb Kolbe 5 \u201eUngeres\u201d dar\u00e1l\u00f3hoz (p\u00e9ld\u00e1ul D114, E130, G160 vagy m\u00e1s t\u00edpus\u00fa dar\u00e1l\u00f3khoz is)<\/li>\n<li>Lehet\u0151v\u00e9 teszi a porcok, \u00ednak \u00e9s k\u00f6t\u0151sz\u00f6vet hat\u00e9kony lev\u00e1laszt\u00e1s\u00e1t a dar\u00e1lth\u00fasb\u00f3l.<\/li>\n<li>Professzion\u00e1lis h\u00fasfeldolgoz\u00e1s eset\u00e9n \u2013 k\u00fcl\u00f6n\u00f6sen boltban vagy \u00fczemben \u2013 seg\u00edt cs\u00f6kkenteni a porcos \u00e9s inas r\u00e9szeket a v\u00e9gterm\u00e9kben.<\/li>\n<li>Higi\u00e9nikus kialak\u00edt\u00e1s, megfelel a szigor\u00fa \u00e9lelmiszeripari el\u0151\u00edr\u00e1soknak.<\/li>\n<\/ul>\n<p><strong>M\u0171k\u00f6d\u00e9si elv<\/strong><\/p>\n<ul>\n<li>A h\u00fasdar\u00e1l\u00f3n kereszt\u00fclhalad\u00f3 h\u00fas a speci\u00e1lis elv\u00e1laszt\u00f3k\u00e9sen \u00e9s lyukt\u00e1rcs\u00e1n megy \u00e1t.<br \/>\nA lyukt\u00e1rcsa furatain \u00e1tjut\u00f3 \u00e9rt\u00e9kes h\u00fasr\u00e9sz a dar\u00e1l\u00f3n \u00e1tker\u00fcl.<br \/>\nAz \u00edn, porc \u00e9s k\u00f6t\u0151sz\u00f6vet-maradv\u00e1nyok egy k\u00fcl\u00f6n erre kialak\u00edtott cs\u00f6v\u00f6n kereszt\u00fcl t\u00e1voznak. A rendszerhez egy \u00e1ll\u00edthat\u00f3 szelep is tartozik, amellyel a kihozatali ar\u00e1ny (h\u00fas\/in ar\u00e1ny) finomhangolhat\u00f3 a dar\u00e1l\u00f3- \u00e9s szelepbe\u00e1ll\u00edt\u00e1sok f\u00fcggv\u00e9ny\u00e9ben.<\/li>\n<\/ul>\n<h6>Mi\u00e9rt hasznos?<\/h6>\n<ul>\n<li data-start=\"940\" data-end=\"1074\">\u00c1ll\u00edthat\u00f3 szelep r\u00e9v\u00e9n optimaliz\u00e1lhat\u00f3 a h\u00fas-\u00edn ar\u00e1ny a k\u00edv\u00e1nt min\u0151s\u00e9g szerint.<\/li>\n<li data-start=\"1161\" data-end=\"1265\">Kompatibilis t\u00f6bb h\u00fasdar\u00e1l\u00f3 modellhez, ez\u00e9rt rugalmasan haszn\u00e1lhat\u00f3 k\u00fcl\u00f6nf\u00e9le feldolgoz\u00e1si ig\u00e9nyekhez.<\/li>\n<\/ul>\n<p>&nbsp;<\/p>\n<p>&nbsp;<\/p>","protected":false},"excerpt":{"rendered":"<p>Der Kolbe <strong data-start=\"219\" data-end=\"245\">KDS \u00ednlev\u00e1laszt\u00f3 szett<\/strong> egy h\u00fasfeldolgoz\u00e1shoz val\u00f3 kieg\u00e9sz\u00edt\u0151 egys\u00e9g, amelynek c\u00e9lja, hogy a dar\u00e1l\u00e1si folyamat sor\u00e1n <strong data-start=\"339\" data-end=\"386\">hat\u00e9konyan elt\u00e1vol\u00edtsa a porcokat \u00e9s \u00ednakat<\/strong>, ez\u00e1ltal<strong> jobb min\u0151s\u00e9g\u0171 dar\u00e1lth\u00fas lehet k\u00e9sz\u00edteni.<\/strong><\/p>\n<p><strong>\u00a0<\/strong><strong>Anwendungen:<\/strong><\/p>\n<ul>\n<li>Sert\u00e9s, marha, baromfi feldolgoz\u00e1s\u00e1hoz.<\/li>\n<li>A dar\u00e1l\u00e1skor az \u00ednak, porcok, lev\u00e1laszt\u00e1s\u00e1ra.<\/li>\n<li>Nagy mennyis\u00e9g\u0171 h\u00fas gyors \u00e9s tiszta feldolgoz\u00e1s\u00e1ra.<\/li>\n<li>H\u00fas el\u0151k\u00e9sz\u00edt\u00e9se kolb\u00e1sz-, felv\u00e1gott- vagy h\u00fask\u00e9sz\u00edtm\u00e9ny gy\u00e1rt\u00e1shoz.<\/li>\n<li data-start=\"743\" data-end=\"797\">Jav\u00edtja a k\u00e9szterm\u00e9k text\u00far\u00e1j\u00e1t, cs\u00f6kkenti a selejtet.<\/li>\n<li>Alkalmas olyan \u00fczemekben, ahol szigor\u00fa higi\u00e9niai el\u0151\u00edr\u00e1sok<\/li>\n<li data-start=\"927\" data-end=\"997\">Tiszt\u00e1bb, porctalan dar\u00e1lth\u00fas, ami megfelel a fogyaszt\u00f3i elv\u00e1r\u00e1soknak.<\/li>\n<\/ul>","protected":false},"featured_media":4663,"template":"","meta":{"_acf_changed":false,"_kad_post_transparent":"default","_kad_post_title":"","_kad_post_layout":"default","_kad_post_sidebar_id":"","_kad_post_content_style":"default","_kad_post_vertical_padding":"default","_kad_post_feature":"","_kad_post_feature_position":"","_kad_post_header":false,"_kad_post_footer":false,"_kad_post_classname":""},"pwb-brand":[],"product_brand":[1691],"product_cat":[1738,1793],"product_tag":[1858],"class_list":{"0":"post-4659","1":"product","2":"type-product","3":"status-publish","4":"has-post-thumbnail","6":"product_brand-kolbe","7":"product_cat-baaderingtechnologia-szeparalas","8":"product_cat-inlevalasztok","9":"product_tag-kolbe","11":"first","12":"instock","13":"shipping-taxable","14":"product-type-simple","15":"entry","16":"content-bg","17":"loop-entry"},"acf":[],"brands":[],"_links":{"self":[{"href":"https:\/\/kromiker.hu\/de\/wp-json\/wp\/v2\/product\/4659","targetHints":{"allow":["GET"]}}],"collection":[{"href":"https:\/\/kromiker.hu\/de\/wp-json\/wp\/v2\/product"}],"about":[{"href":"https:\/\/kromiker.hu\/de\/wp-json\/wp\/v2\/types\/product"}],"wp:featuredmedia":[{"embeddable":true,"href":"https:\/\/kromiker.hu\/de\/wp-json\/wp\/v2\/media\/4663"}],"wp:attachment":[{"href":"https:\/\/kromiker.hu\/de\/wp-json\/wp\/v2\/media?parent=4659"}],"wp:term":[{"taxonomy":"pwb-brand","embeddable":true,"href":"https:\/\/kromiker.hu\/de\/wp-json\/wp\/v2\/pwb-brand?post=4659"},{"taxonomy":"product_brand","embeddable":true,"href":"https:\/\/kromiker.hu\/de\/wp-json\/wp\/v2\/product_brand?post=4659"},{"taxonomy":"product_cat","embeddable":true,"href":"https:\/\/kromiker.hu\/de\/wp-json\/wp\/v2\/product_cat?post=4659"},{"taxonomy":"product_tag","embeddable":true,"href":"https:\/\/kromiker.hu\/de\/wp-json\/wp\/v2\/product_tag?post=4659"}],"curies":[{"name":"wp","href":"https:\/\/api.w.org\/{rel}","templated":true}]}}