{"id":4672,"date":"2025-12-29T14:27:05","date_gmt":"2025-12-29T13:27:05","guid":{"rendered":"https:\/\/halnoel1234-kmnuz.wpcomstaging.com\/?post_type=product&#038;p=4672"},"modified":"2026-04-24T11:21:44","modified_gmt":"2026-04-24T09:21:44","slug":"nock-cortex-cbp-519-619-719-borozogep-szeria","status":"publish","type":"product","link":"https:\/\/kromiker.hu\/de\/product\/nock-cortex-cbp-519-619-719-borozogep-szeria\/","title":{"rendered":"Nock Cortex CBP 519\/619\/719 Serie Gefl\u00fcgelenth\u00e4uter"},"content":{"rendered":"<div style=\"width: 464px;\" class=\"wp-video\"><video class=\"wp-video-shortcode\" id=\"video-4672-1\" width=\"464\" height=\"832\" preload=\"metadata\" controls=\"controls\"><source type=\"video\/mp4\" src=\"https:\/\/kromiker.hu\/wp-content\/uploads\/2025\/12\/1000050590.mp4?_=1\" \/><a href=\"https:\/\/kromiker.hu\/wp-content\/uploads\/2025\/12\/1000050590.mp4\">https:\/\/kromiker.hu\/wp-content\/uploads\/2025\/12\/1000050590.mp4<\/a><\/video><\/div>\n<p><strong>Hauptmerkmale:<\/strong><\/p>\n<ul>\n<li><strong>Entwurf:<\/strong>\u00a0Robusztus, ipari kivitel\u0171 b\u0151r\u00f6z\u0151g\u00e9pek, amelyek teljes eg\u00e9sz\u00e9ben rozsdamentes ac\u00e9lb\u00f3l k\u00e9sz\u00fclnek, biztos\u00edtva a magas szint\u0171 higi\u00e9ni\u00e1t, a korr\u00f3zi\u00f3\u00e1ll\u00f3s\u00e1got \u00e9s a k\u00f6nny\u0171 tiszt\u00edthat\u00f3s\u00e1got.<\/li>\n<li><strong>Hygiene und Sicherheit:<\/strong>\u00a0A g\u00e9pek kialak\u00edt\u00e1sa megfelel a szigor\u00fa higi\u00e9niai el\u0151\u00edr\u00e1soknak, \u00e9s biztons\u00e1gi funkci\u00f3kkal vannak ell\u00e1tva, p\u00e9ld\u00e1ul v\u00e9d\u0151burkolatokkal, biztons\u00e1gi kapcsol\u00f3kkal \u00e9s v\u00e9szle\u00e1ll\u00edt\u00f3 rendszerrel, amelyek m\u0171k\u00f6d\u00e9s k\u00f6zben azonnali le\u00e1ll\u00e1st biztos\u00edtanak.<\/li>\n<li><strong>Reinigung:<\/strong>\u00a0A g\u00e9pek k\u00f6nnyen sz\u00e9tszerelhet\u0151 elemekkel rendelkeznek, bele\u00e9rtve a szalagokat \u00e9s a nyom\u00f3hengert, ami egyszer\u0171 \u00e9s gyors tiszt\u00edt\u00e1st, valamint hat\u00e9kony karbantart\u00e1st tesz lehet\u0151v\u00e9.<\/li>\n<li><strong>Schneidsystem<\/strong>\u00a0Prec\u00edz v\u00e1g\u00f3k\u00e9sekkel \u00e9s \u00e1ll\u00edthat\u00f3 pengeny\u00edl\u00e1ssal m\u0171k\u00f6dnek, amely lehet\u0151v\u00e9 teszik a b\u0151r pontos elt\u00e1vol\u00edt\u00e1s\u00e1t minim\u00e1lis h\u00fasvesztes\u00e9g mellett.<\/li>\n<li><strong>Funktionen:<\/strong>\u00a0Automatikus szalagos adagol\u00e1ssal, valamint nyitott fels\u0151 kialak\u00edt\u00e1s\u00e1nak k\u00f6sz\u00f6nhet\u0151en k\u00e9zi b\u0151r\u00f6z\u00e9si lehet\u0151s\u00e9ggel is rendelkeznek.<\/li>\n<\/ul>\n<p><strong>Das Basismodell verf\u00fcgt \u00fcber die folgenden Merkmale:<\/strong><\/p>\n<ul>\n<li>Behord\u00f3 szalag \u00e9s kihord\u00f3 szalag<br \/>\n\u2022 \u00c1ll\u00edthat\u00f3 k\u00e9sr\u00e9s<br \/>\n\u2022 K\u00e9sbefog\u00f3 \u00e9s nyom\u00f3g\u00f6rg\u0151<br \/>\n\u2022 Speci\u00e1lis kialak\u00edt\u00e1s\u00fa henger kapar\u00f3f\u00e9s\u0171vel<br \/>\n\u2022 NOCK POWER PLATES\u00ae robusztus, szervizbar\u00e1t kialak\u00edt\u00e1s<br \/>\n\u2022 Biztons\u00e1gi fed\u00e9l<br \/>\n\u2022 Szersz\u00e1m n\u00e9lk\u00fcl elt\u00e1vol\u00edthat\u00f3 szalagok<br \/>\n\u2022 R\u00f6gz\u00edthet\u0151 g\u00f6rg\u0151k<br \/>\n\u2022 Rozsdamentes ac\u00e9l kivitel \u00e9s csap\u00e1gyaz\u00e1s<\/li>\n<li>NOCK EASY-FLOW biztons\u00e1gi burkolat<\/li>\n<\/ul>\n<p><strong>Zubeh\u00f6r und Sonderzubeh\u00f6r:<\/strong><\/p>\n<ul>\n<li>Oldals\u00f3 kihord\u00f3 szalag az elt\u00e1vol\u00edtott b\u0151rnek, k\u00fcl\u00f6n meghajt\u00e1ssal<\/li>\n<li>Kidob\u00f3 szalag az elt\u00e1vol\u00edtott b\u0151r sz\u00e1m\u00e1ra<\/li>\n<li>M\u0171anyag modul\u00e1ris szalagok<\/li>\n<li>Bord\u00e1s felf\u00fajhat\u00f3 nyom\u00f3henger<\/li>\n<li>Tiszt\u00edt\u00f3kocsi a leszerelhet\u0151 alkatr\u00e9szekhez<\/li>\n<\/ul>","protected":false},"excerpt":{"rendered":"<p><strong>A NOCK CBP sz\u00e9ri\u00e1s b\u0151r\u00f6z\u0151g\u00e9pek<\/strong> a h\u00fasfeldolgoz\u00f3 ipar sz\u00e1m\u00e1ra megb\u00edzhat\u00f3 \u00e9s higi\u00e9nikus megold\u00e1st k\u00edn\u00e1lnak a b\u0151r elt\u00e1vol\u00edt\u00e1s\u00e1ra. A berendez\u00e9sek kialak\u00edt\u00e1sai lehet\u0151v\u00e9 teszik a pontos feldolgoz\u00e1st automatikus \u00e9s k\u00e9zi \u00fczemeltet\u00e9s eset\u00e9n is, mik\u00f6zben robusztus fel\u00e9p\u00edt\u00e9se hossz\u00fa t\u00e1von biztos\u00edtja a biztons\u00e1gos \u00e9s gazdas\u00e1gos m\u0171k\u00f6d\u00e9st.<\/p>\n<p><strong>Anwendungen:<\/strong><\/p>\n<ul>\n<li>Ide\u00e1lis eszk\u00f6z csirke, pulyka \u00e9s kacsa automatikus b\u0151r\u00f6z\u00e9s\u00e9re, csontos \u00e9s csont n\u00e9lk\u00fcli alapanyagok eset\u00e9ben az ipari baromfifeldolgoz\u00e1s sor\u00e1n.<\/li>\n<\/ul>","protected":false},"featured_media":4674,"template":"","meta":{"_acf_changed":false,"_kad_post_transparent":"default","_kad_post_title":"","_kad_post_layout":"default","_kad_post_sidebar_id":"","_kad_post_content_style":"default","_kad_post_vertical_padding":"default","_kad_post_feature":"","_kad_post_feature_position":"","_kad_post_header":false,"_kad_post_footer":false,"_kad_post_classname":""},"pwb-brand":[],"product_brand":[1698],"product_cat":[1780,1737],"product_tag":[1875],"class_list":{"0":"post-4672","1":"product","2":"type-product","3":"status-publish","4":"has-post-thumbnail","6":"product_brand-nock","7":"product_cat-trimmerek-borozo-hartyazogepek","8":"product_cat-vagas-darabolas","9":"product_tag-nock","11":"first","12":"instock","13":"shipping-taxable","14":"product-type-simple","15":"entry","16":"content-bg","17":"loop-entry"},"acf":[],"brands":[],"_links":{"self":[{"href":"https:\/\/kromiker.hu\/de\/wp-json\/wp\/v2\/product\/4672","targetHints":{"allow":["GET"]}}],"collection":[{"href":"https:\/\/kromiker.hu\/de\/wp-json\/wp\/v2\/product"}],"about":[{"href":"https:\/\/kromiker.hu\/de\/wp-json\/wp\/v2\/types\/product"}],"wp:featuredmedia":[{"embeddable":true,"href":"https:\/\/kromiker.hu\/de\/wp-json\/wp\/v2\/media\/4674"}],"wp:attachment":[{"href":"https:\/\/kromiker.hu\/de\/wp-json\/wp\/v2\/media?parent=4672"}],"wp:term":[{"taxonomy":"pwb-brand","embeddable":true,"href":"https:\/\/kromiker.hu\/de\/wp-json\/wp\/v2\/pwb-brand?post=4672"},{"taxonomy":"product_brand","embeddable":true,"href":"https:\/\/kromiker.hu\/de\/wp-json\/wp\/v2\/product_brand?post=4672"},{"taxonomy":"product_cat","embeddable":true,"href":"https:\/\/kromiker.hu\/de\/wp-json\/wp\/v2\/product_cat?post=4672"},{"taxonomy":"product_tag","embeddable":true,"href":"https:\/\/kromiker.hu\/de\/wp-json\/wp\/v2\/product_tag?post=4672"}],"curies":[{"name":"wp","href":"https:\/\/api.w.org\/{rel}","templated":true}]}}