{"id":4679,"date":"2025-12-29T15:02:25","date_gmt":"2025-12-29T14:02:25","guid":{"rendered":"https:\/\/halnoel1234-kmnuz.wpcomstaging.com\/?post_type=product&#038;p=4679"},"modified":"2026-03-30T21:00:59","modified_gmt":"2026-03-30T19:00:59","slug":"nock-vliesex-v460n-hartyazogep","status":"publish","type":"product","link":"https:\/\/kromiker.hu\/de\/product\/nock-vliesex-v460n-hartyazogep\/","title":{"rendered":"NOCK Vliesex V460N Membrane Maschine"},"content":{"rendered":"<p><strong>\u00a0Hauptmerkmale:<\/strong><\/p>\n<ul>\n<li><strong>Entwurf:<\/strong>\u00a0Robusztus trap\u00e9z alak\u00fa, ipari kivitel\u0171 h\u00e1rty\u00e1z\u00f3g\u00e9p, amelyek teljes eg\u00e9sz\u00e9ben rozsdamentes ac\u00e9lb\u00f3l k\u00e9sz\u00fclnek, biztos\u00edtva a magas szint\u0171 higi\u00e9ni\u00e1t, a korr\u00f3zi\u00f3\u00e1ll\u00f3s\u00e1got \u00e9s a k\u00f6nny\u0171 tiszt\u00edthat\u00f3s\u00e1got.<\/li>\n<li><strong>Hygiene und Sicherheit:<\/strong>\u00a0A g\u00e9pek kialak\u00edt\u00e1sa megfelel a szigor\u00fa higi\u00e9niai el\u0151\u00edr\u00e1soknak, \u00e9s biztons\u00e1gi funkci\u00f3kkal vannak ell\u00e1tva, p\u00e9ld\u00e1ul v\u00e9d\u0151burkolatokkal, biztons\u00e1gi kapcsol\u00f3kkal \u00e9s v\u00e9szle\u00e1ll\u00edt\u00f3 rendszerrel, amelyek m\u0171k\u00f6d\u00e9s k\u00f6zben azonnali le\u00e1ll\u00e1st biztos\u00edtanak.<\/li>\n<li><strong>Reinigung:<\/strong>\u00a0A g\u00e9pek k\u00f6nnyen sz\u00e9tszerelhet\u0151 elemekkel rendelkeznek, bele\u00e9rtve a szalagokat \u00e9s a nyom\u00f3hengert, ami egyszer\u0171 \u00e9s gyors tiszt\u00edt\u00e1st, valamint hat\u00e9kony karbantart\u00e1st tesz lehet\u0151v\u00e9.<\/li>\n<li><strong>Schneidsystem<\/strong>\u00a0Prec\u00edz v\u00e1g\u00f3k\u00e9sekkel \u00e9s \u00e1ll\u00edthat\u00f3 pengeny\u00edl\u00e1ssal m\u0171k\u00f6dnek, amely lehet\u0151v\u00e9 teszik a h\u00e1rtya pontos elt\u00e1vol\u00edt\u00e1s\u00e1t minim\u00e1lis h\u00fasvesztes\u00e9g mellett.<\/li>\n<li><strong>Funktionen:<\/strong>\u00a0Automatikus szalagos adagol\u00e1ssal, valamint nyitott fels\u0151 kialak\u00edt\u00e1s\u00e1nak k\u00f6sz\u00f6nhet\u0151en k\u00e9zi b\u0151r\u00f6z\u00e9si lehet\u0151s\u00e9ggel is rendelkeznek.<\/li>\n<\/ul>\n<p><strong>Das Basismodell verf\u00fcgt \u00fcber die folgenden Merkmale:<\/strong><\/p>\n<ul>\n<li>Trap\u00e9z alak\u00fa g\u00e9ph\u00e1z<br \/>\n\u2022 T\u00e1rol\u00f3 lemez E1\/E2-es l\u00e1d\u00e1khoz<br \/>\n\u2022 K\u00e9start\u00f3<\/li>\n<li>Tiszt\u00edt\u00f3henger + NOCK Air Jet<br \/>\n\u2022 Szersz\u00e1m n\u00e9lk\u00fcl elt\u00e1vol\u00edthat\u00f3 szalagok<br \/>\n\u2022 15 mm-es NOCK POWE PLATES g\u00e9pv\u00e1z<\/li>\n<li>Rozsdamentes ac\u00e9l kivitel \u00e9s csap\u00e1gyaz\u00e1s<\/li>\n<li>R\u00f6gz\u00edthet\u0151 g\u00f6rg\u0151k<\/li>\n<\/ul>\n<p><strong>Zubeh\u00f6r und Sonderzubeh\u00f6r:<\/strong><\/p>\n<ul>\n<li>F\u00e9kmotor<\/li>\n<li>NOCK IMMEDIATE CUT-OUT (ICO)biztons\u00e1gi rendszer<\/li>\n<\/ul>","protected":false},"excerpt":{"rendered":"<p><strong>A NOCK \u00a0Vliesex V460N h\u00e1rty\u00e1z\u00f3g\u00e9p <\/strong>a h\u00fasfeldolgoz\u00f3 ipar sz\u00e1m\u00e1ra megb\u00edzhat\u00f3 \u00e9s higi\u00e9nikus megold\u00e1st k\u00edn\u00e1lnak \u00a0a h\u00fas h\u00e1ty\u00e1inak elt\u00e1vol\u00edt\u00e1s\u00e1ra. A berendez\u00e9sek kialak\u00edt\u00e1sai lehet\u0151v\u00e9 teszik a pontos feldolgoz\u00e1st k\u00e9zi \u00fczemeltet\u00e9ssel, mik\u00f6zben robusztus fel\u00e9p\u00edt\u00e9se hossz\u00fa t\u00e1von biztos\u00edtja a biztons\u00e1gos \u00e9s gazdas\u00e1gos m\u0171k\u00f6d\u00e9st.<\/p>\n<p><strong>Anwendungen:<\/strong><\/p>\n<ul>\n<li>Ide\u00e1lis eszk\u00f6z h\u00e1rty\u00e1z\u00e1sra 430 mm v\u00e1g\u00e1ssz\u00e9less\u00e9ggel.<\/li>\n<li>Sokoldal\u00fa: sert\u00e9s-, marha-, borj\u00fa-, b\u00e1r\u00e1ny-, pulyka-, vad- \u00e9s baromfih\u00fas h\u00e1rty\u00e1j\u00e1nak elt\u00e1vol\u00edt\u00e1sa nagy mennyis\u00e9gben<\/li>\n<li><strong>Ott, ahol a h\u00fas min\u0151s\u00e9g\u00e9nek jav\u00edt\u00e1sa sz\u00fcks\u00e9ges, a h\u00e1rty\u00e1k elt\u00e1vol\u00edt\u00e1s\u00e1val eszt\u00e9tikus eladhat\u00f3 kin\u00e9zetett biztos\u00edt <\/strong><\/li>\n<\/ul>","protected":false},"featured_media":4681,"template":"","meta":{"_acf_changed":false,"_kad_post_transparent":"default","_kad_post_title":"","_kad_post_layout":"default","_kad_post_sidebar_id":"","_kad_post_content_style":"default","_kad_post_vertical_padding":"default","_kad_post_feature":"","_kad_post_feature_position":"","_kad_post_header":false,"_kad_post_footer":false,"_kad_post_classname":""},"pwb-brand":[],"product_brand":[1698],"product_cat":[1780,1737],"product_tag":[1875],"class_list":{"0":"post-4679","1":"product","2":"type-product","3":"status-publish","4":"has-post-thumbnail","6":"product_brand-nock","7":"product_cat-trimmerek-borozo-hartyazogepek","8":"product_cat-vagas-darabolas","9":"product_tag-nock","11":"first","12":"instock","13":"shipping-taxable","14":"product-type-simple","15":"entry","16":"content-bg","17":"loop-entry"},"acf":[],"brands":[],"_links":{"self":[{"href":"https:\/\/kromiker.hu\/de\/wp-json\/wp\/v2\/product\/4679","targetHints":{"allow":["GET"]}}],"collection":[{"href":"https:\/\/kromiker.hu\/de\/wp-json\/wp\/v2\/product"}],"about":[{"href":"https:\/\/kromiker.hu\/de\/wp-json\/wp\/v2\/types\/product"}],"wp:featuredmedia":[{"embeddable":true,"href":"https:\/\/kromiker.hu\/de\/wp-json\/wp\/v2\/media\/4681"}],"wp:attachment":[{"href":"https:\/\/kromiker.hu\/de\/wp-json\/wp\/v2\/media?parent=4679"}],"wp:term":[{"taxonomy":"pwb-brand","embeddable":true,"href":"https:\/\/kromiker.hu\/de\/wp-json\/wp\/v2\/pwb-brand?post=4679"},{"taxonomy":"product_brand","embeddable":true,"href":"https:\/\/kromiker.hu\/de\/wp-json\/wp\/v2\/product_brand?post=4679"},{"taxonomy":"product_cat","embeddable":true,"href":"https:\/\/kromiker.hu\/de\/wp-json\/wp\/v2\/product_cat?post=4679"},{"taxonomy":"product_tag","embeddable":true,"href":"https:\/\/kromiker.hu\/de\/wp-json\/wp\/v2\/product_tag?post=4679"}],"curies":[{"name":"wp","href":"https:\/\/api.w.org\/{rel}","templated":true}]}}