{"id":4755,"date":"2026-01-11T11:28:18","date_gmt":"2026-01-11T10:28:18","guid":{"rendered":"https:\/\/halnoel1234-kmnuz.wpcomstaging.com\/?post_type=product&#038;p=4755"},"modified":"2026-05-14T11:12:27","modified_gmt":"2026-05-14T09:12:27","slug":"kolbe-sw114i-sw114ii-husdaralo","status":"publish","type":"product","link":"https:\/\/kromiker.hu\/de\/product\/kolbe-sw114i-sw114ii-husdaralo\/","title":{"rendered":"Kolbe SW114I\/SW114II Fleischwolf"},"content":{"rendered":"<p><strong>Hauptmerkmale:<\/strong><\/p>\n<ul>\n<li><strong>Leistung: <\/strong>Bis zu\u00a0<strong>1300\u20132000 kg\/Stunde<\/strong>\u00a0Kapazit\u00e4t.<\/li>\n<li><strong>Konstruktion: <\/strong>Rahmen, Tablett, Umlenkrolle und Kontermutter sind komplett aus Edelstahl gefertigt und daher besonders langlebig.<\/li>\n<li><strong>Ausfuhr: <\/strong>Standfest, \u00e4u\u00dferste stabile Konstruktion, die Vibrationen widersteht.<\/li>\n<li><strong>Hygiene: <\/strong>Glatte Oberfl\u00e4chen und einfache (werkzeuglose) Demontage des Schleifkopfes zur schnellen Desinfektion.<\/li>\n<li><strong>Mobilit\u00e4t: <\/strong>Trotz ihres hohen Gewichts sind sie optional mit speziellen Rollen ausgestattet, die eine leichte Man\u00f6vrierbarkeit erm\u00f6glichen.<\/li>\n<\/ul>\n<p><strong>Das Basismodell verf\u00fcgt \u00fcber die folgenden Merkmale:<\/strong><\/p>\n<ul>\n<li><strong>Schneidsystem <\/strong><strong>Unger D114<\/strong>\u00a0professionelles System (grunds\u00e4tzlich 3-teilig: Vorschneider, Messer, Scheibe).<\/li>\n<li><strong>Fleischwolf <\/strong>Grunds\u00e4tzlich\u00a0<strong>60 Liter<\/strong>\u00a0(SW114 I-II) Edelstahldosierschale.<\/li>\n<li><strong>Grundlegendes Zubeh\u00f6r: <\/strong>Spezialschl\u00fcssel f\u00fcr das Schneidsystem, CEE-Phasenwechselstecker.<\/li>\n<\/ul>\n<p><strong>\u00a0 Zubeh\u00f6r und Sonderzubeh\u00f6r:<\/strong><\/p>\n<ul>\n<li><strong>Mobilit\u00e4t: <\/strong>Vollst\u00e4ndig mobile Ausf\u00fchrung (2 feste und 2 selbsteinstellende Rollen mit Bremsen).<\/li>\n<li><strong>Schutzabdeckung f\u00fcr den Ausgang:<\/strong> Mit sicherem Einbruchschutz.<\/li>\n<li><strong>5 unger Schleifer Kopf:<\/strong> F\u00fcr effizienteres und feineres Mahlen.<\/li>\n<li><strong>KDS-Schienentrenner-Set:<\/strong> Effektive Entfernung von Knorpel und Sehnen f\u00fcr ein qualitativ hochwertigeres Produkt.<\/li>\n<\/ul>","protected":false},"excerpt":{"rendered":"<p>Der Kolbe\u00a0<strong data-complete=\"true\">SW114I<\/strong>\u00a0und\u00a0<strong data-complete=\"true\">SW114II<\/strong>\u00a0Die Modelle kombinieren robustes Design mit herausragender Verarbeitungsgeschwindigkeit, speziell entwickelt f\u00fcr hohe Volumina und Dauerbelastung. W\u00e4hrend der SW114I ein \u00e4u\u00dferst robustes Einstiegsmodell mit einer Geschwindigkeit ist, verf\u00fcgt der SW114II \u00fcber eine noch h\u00f6here Motorleistung und zwei Geschwindigkeitsstufen.<\/p>\n<p><strong>Anwendungen:<\/strong><\/p>\n<ul>\n<li><strong>Industrielle Fleischverarbeitung:<\/strong>Produktion von Wurst, Salami und Hackfleisch in gro\u00dfem Ma\u00dfstab.<\/li>\n<li><strong>Gro\u00dfhandelseinheiten:<\/strong>Zentrale Fleischzubereitungsabteilungen in Superm\u00e4rkten.<\/li>\n<li><strong>Gro\u00dfk\u00fcchen:<\/strong>Zentrale Versorgungseinheiten ben\u00f6tigen t\u00e4glich mehrere Tonnen an Rohstoffen.<\/li>\n<\/ul>","protected":false},"featured_media":4757,"template":"","meta":{"_acf_changed":false,"_kad_post_transparent":"default","_kad_post_title":"","_kad_post_layout":"default","_kad_post_sidebar_id":"","_kad_post_content_style":"default","_kad_post_vertical_padding":"default","_kad_post_feature":"","_kad_post_feature_position":"","_kad_post_header":false,"_kad_post_footer":false,"_kad_post_classname":""},"pwb-brand":[1903],"product_brand":[1691],"product_cat":[1803,1739],"product_tag":[1858],"class_list":{"0":"post-4755","1":"product","2":"type-product","3":"status-publish","4":"has-post-thumbnail","6":"pwb-brand-kolbe","7":"product_brand-kolbe","8":"product_cat-husdaralo-keverodaralo-automata-daralo-gepek","9":"product_cat-tovabbfeldolgozas","10":"product_tag-kolbe","12":"first","13":"instock","14":"shipping-taxable","15":"product-type-simple","16":"entry","17":"content-bg","18":"loop-entry"},"acf":[],"brands":[{"id":1903,"name":"Kolbe","slug":"kolbe"}],"_links":{"self":[{"href":"https:\/\/kromiker.hu\/de\/wp-json\/wp\/v2\/product\/4755","targetHints":{"allow":["GET"]}}],"collection":[{"href":"https:\/\/kromiker.hu\/de\/wp-json\/wp\/v2\/product"}],"about":[{"href":"https:\/\/kromiker.hu\/de\/wp-json\/wp\/v2\/types\/product"}],"wp:featuredmedia":[{"embeddable":true,"href":"https:\/\/kromiker.hu\/de\/wp-json\/wp\/v2\/media\/4757"}],"wp:attachment":[{"href":"https:\/\/kromiker.hu\/de\/wp-json\/wp\/v2\/media?parent=4755"}],"wp:term":[{"taxonomy":"pwb-brand","embeddable":true,"href":"https:\/\/kromiker.hu\/de\/wp-json\/wp\/v2\/pwb-brand?post=4755"},{"taxonomy":"product_brand","embeddable":true,"href":"https:\/\/kromiker.hu\/de\/wp-json\/wp\/v2\/product_brand?post=4755"},{"taxonomy":"product_cat","embeddable":true,"href":"https:\/\/kromiker.hu\/de\/wp-json\/wp\/v2\/product_cat?post=4755"},{"taxonomy":"product_tag","embeddable":true,"href":"https:\/\/kromiker.hu\/de\/wp-json\/wp\/v2\/product_tag?post=4755"}],"curies":[{"name":"wp","href":"https:\/\/api.w.org\/{rel}","templated":true}]}}