{"id":4803,"date":"2026-01-22T17:55:28","date_gmt":"2026-01-22T16:55:28","guid":{"rendered":"https:\/\/halnoel1234-kmnuz.wpcomstaging.com\/?post_type=product&#038;p=4803"},"modified":"2026-03-30T21:01:23","modified_gmt":"2026-03-30T19:01:23","slug":"pss-sf820-fagyotthus-tombmaro-gep","status":"publish","type":"product","link":"https:\/\/kromiker.hu\/de\/product\/pss-sf820-fagyotthus-tombmaro-gep\/","title":{"rendered":"PSS SF820 Fr\u00e4smaschine f\u00fcr Gefrierfleischbl\u00f6cke"},"content":{"rendered":"<p><strong>Hauptmerkmale:<\/strong><\/p>\n<ul>\n<li>Robusztus ipari konstrukci\u00f3: massz\u00edv g\u00e9pfel\u00e9p\u00edt\u00e9s, amelyet kifejezetten nagy ig\u00e9nybev\u00e9tel\u0171, folyamatos \u00fczemeltet\u00e9sre terveztek.<\/li>\n<li>Nagy feldolgoz\u00e1si volumen: sz\u00e9les v\u00e1g\u00e1si fel\u00fclet \u00e9s nagy \u00e1tereszt\u0151k\u00e9pess\u00e9g, amely megfelel a nagy\u00fczemi h\u00fasipari termel\u00e9s k\u00f6vetelm\u00e9nyeinek.<\/li>\n<li>Magas precizit\u00e1s: pontos anyagpozicion\u00e1l\u00e1s \u00e9s egyenletes v\u00e1g\u00e1si min\u0151s\u00e9g, amely biztos\u00edtja a reproduk\u00e1lhat\u00f3 m\u00e9retet \u00e9s a k\u00edm\u00e9letes feldolgoz\u00e1st.<\/li>\n<\/ul>\n<p><strong>Das Basismodell verf\u00fcgt \u00fcber Folgendes.<\/strong><\/p>\n<ul>\n<li>G\u00e9pv\u00e1z \u00e9s hajt\u00e1s<\/li>\n<li>Billenthet\u0151 bet\u00f6lt\u0151asztal<\/li>\n<li>El\u0151tol\u00f3 \/ tol\u00f3szerkezet<\/li>\n<li>V\u00e1g\u00f3dob<\/li>\n<li>K\u00e9sk\u00e9szlet<\/li>\n<\/ul>","protected":false},"excerpt":{"rendered":"<p>A <strong>PSS SF 820<\/strong> a PSS SF sz\u00e9ria cs\u00facskateg\u00f3ri\u00e1s modellje, amely a legmagasabb ipari k\u00f6vetelm\u00e9nyekhez igazodva k\u00edn\u00e1l kiemelked\u0151 feldolgoz\u00e1si teljes\u00edtm\u00e9nyt. Konstrukci\u00f3ja a nagy volumen\u0171, folyamatos \u00fczemeltet\u00e9st szolg\u00e1lja, mik\u00f6zben a prec\u00edz \u00e9s k\u00edm\u00e9letes darabol\u00e1si min\u0151s\u00e9g v\u00e1ltozatlanul biztos\u00edtott.<\/p>\n<p><strong>Anwendungen:<\/strong><\/p>\n<ul>\n<li style=\"text-align: left\"><strong>PSS SF 820<\/strong> els\u0151sorban <strong>nagyobb h\u00fasipari \u00e9s \u00e9lelmiszeripari v\u00e1llalatokn\u00e1l<\/strong> alkalmazhat\u00f3, ahol a fagyasztott h\u00fasblokkok nagy volumen\u0171, folyamatos feldolgoz\u00e1sa alapk\u00f6vetelm\u00e9ny<\/li>\n<\/ul>","protected":false},"featured_media":4805,"template":"","meta":{"_acf_changed":false,"_kad_post_transparent":"default","_kad_post_title":"","_kad_post_layout":"default","_kad_post_sidebar_id":"","_kad_post_content_style":"default","_kad_post_vertical_padding":"default","_kad_post_feature":"","_kad_post_feature_position":"","_kad_post_header":false,"_kad_post_footer":false,"_kad_post_classname":""},"pwb-brand":[],"product_brand":[1706],"product_cat":[1789,1739],"product_tag":[1876],"class_list":{"0":"post-4803","1":"product","2":"type-product","3":"status-publish","4":"has-post-thumbnail","6":"product_brand-pss-svidnik-a-s","7":"product_cat-fagyotthustomb-darabolo-es-maro-gepek","8":"product_cat-tovabbfeldolgozas","9":"product_tag-pss-svidnik-as","11":"first","12":"instock","13":"shipping-taxable","14":"product-type-simple","15":"entry","16":"content-bg","17":"loop-entry"},"acf":[],"brands":[],"_links":{"self":[{"href":"https:\/\/kromiker.hu\/de\/wp-json\/wp\/v2\/product\/4803","targetHints":{"allow":["GET"]}}],"collection":[{"href":"https:\/\/kromiker.hu\/de\/wp-json\/wp\/v2\/product"}],"about":[{"href":"https:\/\/kromiker.hu\/de\/wp-json\/wp\/v2\/types\/product"}],"wp:featuredmedia":[{"embeddable":true,"href":"https:\/\/kromiker.hu\/de\/wp-json\/wp\/v2\/media\/4805"}],"wp:attachment":[{"href":"https:\/\/kromiker.hu\/de\/wp-json\/wp\/v2\/media?parent=4803"}],"wp:term":[{"taxonomy":"pwb-brand","embeddable":true,"href":"https:\/\/kromiker.hu\/de\/wp-json\/wp\/v2\/pwb-brand?post=4803"},{"taxonomy":"product_brand","embeddable":true,"href":"https:\/\/kromiker.hu\/de\/wp-json\/wp\/v2\/product_brand?post=4803"},{"taxonomy":"product_cat","embeddable":true,"href":"https:\/\/kromiker.hu\/de\/wp-json\/wp\/v2\/product_cat?post=4803"},{"taxonomy":"product_tag","embeddable":true,"href":"https:\/\/kromiker.hu\/de\/wp-json\/wp\/v2\/product_tag?post=4803"}],"curies":[{"name":"wp","href":"https:\/\/api.w.org\/{rel}","templated":true}]}}